{"id":14672,"date":"2024-12-17T10:45:08","date_gmt":"2024-12-17T02:45:08","guid":{"rendered":"https:\/\/shop.yipinqian.com\/apple-green-quality-translucent-drop-shape-cabochon-on-natural-type-a-jadeite-jade-set-on-s925-as-pendant-certificate-weighs-3-12-grams-measurement-16-3-9-2-4-mm-s925p3\/"},"modified":"2025-02-24T00:49:45","modified_gmt":"2025-02-23T16:49:45","slug":"apple-green-quality-translucent-drop-shape-cabochon-on-natural-type-a-jadeite-jade-set-on-s925-as-pendant-certificate-weighs-3-12-grams-measurement-16-3-9-2-4-mm-s925p3","status":"publish","type":"product","link":"https:\/\/shop.yipinqian.com\/fr\/produit\/apple-green-quality-translucent-drop-shape-cabochon-on-natural-type-a-jadeite-jade-set-on-s925-as-pendant-certificate-weighs-3-12-grams-measurement-16-3-9-2-4-mm-s925p3\/","title":{"rendered":"Cabochons vert pomme Cabochon en forme de goutte translucide de qualit\u00e9 sur jade jad\u00e9ite naturel de type A serti sur S925 en pendentif, certificat p\u00e8se 3,12 grammes, mesure 16,3 * 9,2 * 4 mm (s925p3)"},"content":{"rendered":"<p><iframe title=\"Apple Green Cabochons S925 Pendant\" src=\"https:\/\/youtube.com\/embed\/6XyrB2HJ0gs\" width=\"330\" height=\"300\"><\/iframe><\/p>\n<p>This exquisite pendant features a stunning <strong>apple green translucent drop shape cabochon<\/strong> crafted from natural Type A jadeite jade, elegantly set on S925 silver.<\/p>\n<p><\/p>\n<p>These two cabochons were sent to design as a pendant with S925 Silver &#8211; for interested buyer, these cabochons are good for future 18k gold settings<\/p>\n<p><\/p>\n<p>Certificate numbers: GD2201H010164<\/p>\n<p>Weight: 3.12 grams<\/p>\n<p>measurement: 16.3 * 9.2 * 4 mm and 4 * 3.6 * 1.8 mm<\/p>\n<p>S925 Weighs: 1.91 grams<\/p>\n<p><img fetchpriority=\"high\" decoding=\"async\" src=\"https:\/\/shop.yipinqian.com\/wp-content\/uploads\/2024\/12\/e6575401c1a04510a97bc430ba7c3fe6tplv-aphluv4xwc-origin-jpeg-1.jpeg?dr=15568&#038;nonce=27847&#038;refresh_token=d0d815d18eae9429484ea8e181fecddd&#038;from=476444299&#038;idc=my&#038;ps=933b5bde&#038;shcp=9b759fb9&#038;shp=1c65f68b&#038;t=555f072d\" width=\"1080\" height=\"1080\"><\/p>\n<ul>\n<li>\n<strong>Mat\u00e9riau de qualit\u00e9 :<\/strong> Made from natural Type A jadeite and S925 silver.<\/li>\n<li>\n<strong>Design \u00e9l\u00e9gant :<\/strong> Drop shape cabochon for a unique look.<\/li>\n<li>\n<strong>Occasion:<\/strong> Perfect for daily wear, suitable for casual styles.<\/li>\n<li>\n<strong>Certificat inclus :<\/strong> Livr\u00e9 avec un certificat d&#039;authenticit\u00e9.<\/li>\n<\/ul>\n<p><img decoding=\"async\" src=\"https:\/\/shop.yipinqian.com\/wp-content\/uploads\/2024\/12\/91e976bb947a4c528ba883f5a8c84375tplv-aphluv4xwc-origin-jpeg-1.jpeg?dr=15568&#038;nonce=8800&#038;refresh_token=14a0fc6bb3e35eb575719d5ac867ddce&#038;from=476444299&#038;idc=my&#038;ps=933b5bde&#038;shcp=9b759fb9&#038;shp=1c65f68b&#038;t=555f072d\" width=\"1080\" height=\"1080\"><img decoding=\"async\" src=\"https:\/\/shop.yipinqian.com\/wp-content\/uploads\/2024\/12\/c1f134be953d442186b8ffbd7d07edc5tplv-aphluv4xwc-origin-jpeg-1.jpeg?dr=15568&#038;nonce=28335&#038;refresh_token=5ea649460213e4cbbd746e15dd922dff&#038;from=476444299&#038;idc=my&#038;ps=933b5bde&#038;shcp=9b759fb9&#038;shp=1c65f68b&#038;t=555f072d\" width=\"1200\" height=\"1600\"><\/p>\n<p>This pendant is designed specifically for women and adds an elegant touch to any outfit without the need for warranty considerations.<\/p>\n<p><\/p>\n<p>Yi Pin Qian \u2013 N\u00e9gociant en pierres pr\u00e9cieuses et m\u00e9taux pr\u00e9cieux \u00e0 Singapour \u2013 Num\u00e9ro de licence PS20190000031<\/p>\n<p><\/p>\n<p>*Toutes les jad\u00e9ites achet\u00e9es chez Yi Pin Qian \u00e0 Singapour, les clients peuvent r\u00e9server des cr\u00e9neaux pour le polissage ou une r\u00e9paration mineure en cas de mauvaise manipulation - des frais s&#039;appliquent et uniquement pour les clients de Yi Pin Qian \u00e0 Singapour*<\/p>\n<p><\/p>\n<p><strong>**Types de certificats**<\/strong><\/p>\n<p><\/p>\n<p><strong>NGI (Nan Yang Gemmologie)<\/strong><\/p>\n<p>ou <strong>Certificats \u00e9trangers <\/strong>(Yi Pin Qian utilise uniquement des certificats authentiques provenant de laboratoires \u00e9trangers et contr\u00f4le \u00e9galement la qualit\u00e9 de chacun de nos produits avant de les mettre en vente \u00e0 Singapour)<\/p>\n<p><\/p>\n<p>Chaque produit aura le type de certificat fourni indiqu\u00e9 dans la description. Pour tout client souhaitant envoyer sa commande \u00e0 NGI Singapore, <strong>Les demandes de rapport NGI Gemstone doivent \u00eatre effectu\u00e9es en nous envoyant un message.<\/strong> Merci, <strong><u>des frais suppl\u00e9mentaires s&#039;appliquent<\/u><\/strong> \u2013 $90 pour la jad\u00e9ite \/ $150 pour la jad\u00e9ite avec de l\u2019or 18 carats \u2013 ce n\u2019est pas obligatoire car la plupart de nos produits sont d\u00e9j\u00e0 livr\u00e9s avec un certificat d\u2019outre-mer ou un rapport NGI.<\/p>\n<p><\/p>\n<p>(Pour plus de d\u00e9tails ou demande suppl\u00e9mentaire : <strong>Veuillez nous envoyer un message si vous souhaitez envoyer votre article achet\u00e9 au laboratoire de test NGI<\/strong>)<\/p>\n<p><\/p>\n<p><strong>La jad\u00e9ite naturelle n&#039;est pas parfaite, juste un petit rappel : notre jad\u00e9ite naturelle, comme toutes les belles choses de la nature, poss\u00e8de ses caract\u00e9ristiques et ses variations uniques. Nous invitons nos pr\u00e9cieux clients \u00e0 adopter ces variations naturelles. Bon shopping !<\/strong><\/p>\n<p><\/p>\n<p><strong><u>Aucune des photos et des s\u00e9quences vid\u00e9o n&#039;a \u00e9t\u00e9 filtr\u00e9e. Nous encourageons nos clients \u00e0 regarder \u00e9galement les vid\u00e9os d&#039;accompagnement pour une vue plus compl\u00e8te de nos produits<\/u><\/strong><\/p>\n<p><\/p>\n<ul>\n<li>Diff\u00e9rentes plates-formes ne peuvent visionner des vid\u00e9os que via le bureau<\/li>\n<\/ul>","protected":false},"excerpt":{"rendered":"<p>Ce superbe pendentif pr\u00e9sente un superbe cabochon translucide en forme de goutte vert pomme fabriqu\u00e9 \u00e0 partir de jade jad\u00e9ite naturel de type A, \u00e9l\u00e9gamment serti sur de l&#039;argent S925. Ces deux cabochons ont \u00e9t\u00e9 envoy\u00e9s pour \u00eatre con\u00e7us comme un pendentif avec de l&#039;argent S925 - pour les acheteurs int\u00e9ress\u00e9s, ces cabochons sont parfaits pour de futurs sertissages en or 18 carats Num\u00e9ros de certificat : GD2201H010164 Poids : 3,12 [\u2026]<\/p>","protected":false},"featured_media":14729,"comment_status":"open","ping_status":"closed","template":"","meta":[],"product_brand":[],"product_cat":[194],"product_tag":[179,64,52,65,55,82,56,58,73,59,60,62],"class_list":{"0":"post-14672","1":"product","2":"type-product","3":"status-publish","4":"has-post-thumbnail","6":"product_cat-value-picks","7":"product_tag-apple-green","8":"product_tag-cabochon","9":"product_tag-certified","10":"product_tag-high-quality","11":"product_tag-jadeite","12":"product_tag-light-green","13":"product_tag-limited-editions","14":"product_tag-new-arrivals","15":"product_tag-pendant","16":"product_tag-translucent","17":"product_tag-type-a-jadeite","18":"product_tag-yi-pin-qian-exclusive","20":"first","21":"instock","22":"sale","23":"shipping-taxable","24":"purchasable","25":"product-type-simple"},"_links":{"self":[{"href":"https:\/\/shop.yipinqian.com\/fr\/wp-json\/wp\/v2\/product\/14672","targetHints":{"allow":["GET"]}}],"collection":[{"href":"https:\/\/shop.yipinqian.com\/fr\/wp-json\/wp\/v2\/product"}],"about":[{"href":"https:\/\/shop.yipinqian.com\/fr\/wp-json\/wp\/v2\/types\/product"}],"replies":[{"embeddable":true,"href":"https:\/\/shop.yipinqian.com\/fr\/wp-json\/wp\/v2\/comments?post=14672"}],"version-history":[{"count":0,"href":"https:\/\/shop.yipinqian.com\/fr\/wp-json\/wp\/v2\/product\/14672\/revisions"}],"wp:featuredmedia":[{"embeddable":true,"href":"https:\/\/shop.yipinqian.com\/fr\/wp-json\/wp\/v2\/media\/14729"}],"wp:attachment":[{"href":"https:\/\/shop.yipinqian.com\/fr\/wp-json\/wp\/v2\/media?parent=14672"}],"wp:term":[{"taxonomy":"product_brand","embeddable":true,"href":"https:\/\/shop.yipinqian.com\/fr\/wp-json\/wp\/v2\/product_brand?post=14672"},{"taxonomy":"product_cat","embeddable":true,"href":"https:\/\/shop.yipinqian.com\/fr\/wp-json\/wp\/v2\/product_cat?post=14672"},{"taxonomy":"product_tag","embeddable":true,"href":"https:\/\/shop.yipinqian.com\/fr\/wp-json\/wp\/v2\/product_tag?post=14672"}],"curies":[{"name":"wp","href":"https:\/\/api.w.org\/{rel}","templated":true}]}}