{"id":14670,"date":"2024-12-17T10:45:04","date_gmt":"2024-12-17T02:45:04","guid":{"rendered":"https:\/\/shop.yipinqian.com\/58-6-mm-light-green-light-lavender-hue-peace-bangle-bracelet-natural-type-a-jadeite-jade-certificate-weighs-55-68-grams-width-13-8-mm-thickness-7-7-mm-bangle27\/"},"modified":"2025-02-24T00:49:45","modified_gmt":"2025-02-23T16:49:45","slug":"58-6-mm-light-green-light-lavender-hue-peace-bangle-bracelet-natural-type-a-jadeite-jade-certificate-weighs-55-68-grams-width-13-8-mm-thickness-7-7-mm-bangle27","status":"publish","type":"product","link":"https:\/\/shop.yipinqian.com\/fr\/produit\/58-6-mm-light-green-light-lavender-hue-peace-bangle-bracelet-natural-type-a-jadeite-jade-certificate-weighs-55-68-grams-width-13-8-mm-thickness-7-7-mm-bangle27\/","title":{"rendered":"Bracelet jonc Peace de 58,6 mm, vert clair, lavande clair. Le certificat de jade jad\u00e9ite de type A naturel p\u00e8se 55,68 grammes, largeur : 13,8 mm, \u00e9paisseur : 7,7 mm (bangle27)"},"content":{"rendered":"<p><iframe title=\"58.6 mm Peace Bangle\" src=\"https:\/\/youtube.com\/embed\/ZptFye6ACQA\" width=\"330\" height=\"300\"><\/iframe><\/p>\n<p>D\u00e9couvrez l&#039;\u00e9l\u00e9gance du bracelet jonc Peace de 58,6 mm de couleur vert clair lavande clair, fabriqu\u00e9 \u00e0 partir de jade jad\u00e9ite naturel de type A.<\/p>\n<p><\/p>\n<p>Num\u00e9ros de certificat : GD2111H006385<\/p>\n<p><img fetchpriority=\"high\" decoding=\"async\" src=\"https:\/\/shop.yipinqian.com\/wp-content\/uploads\/2024\/12\/7aef3a91f1a84675ac8aac9af86ad28atplv-aphluv4xwc-origin-jpeg.jpeg?dr=15568&#038;nonce=99390&#038;refresh_token=b079f63eb94bc515c6932e688bb57486&#038;from=476444299&#038;idc=my2&#038;ps=933b5bde&#038;shcp=9b759fb9&#038;shp=1c65f68b&#038;t=555f072d\" width=\"1080\" height=\"1080\"><\/p>\n<ul>\n<li>\n<strong>Poids et dimensions :<\/strong> P\u00e8se 55,68 grammes, avec une largeur de 13,8 mm et une \u00e9paisseur de 7,7 mm.<\/li>\n<li>\n<strong>Origine:<\/strong> Provenant du Myanmar.<\/li>\n<li>\n<strong>Qualit\u00e9 CERTIFI\u00c9E :<\/strong> Livr\u00e9 avec un certificat confirmant son authenticit\u00e9.<\/li>\n<li>\n<strong>Style diversifi\u00e9 :<\/strong> Un design unisexe parfait pour un usage quotidien.\u00a0<\/li>\n<\/ul>\n<p><img decoding=\"async\" src=\"https:\/\/shop.yipinqian.com\/wp-content\/uploads\/2024\/12\/b65a1a0bca1f4787aca53c1a2ec63011tplv-aphluv4xwc-origin-jpeg.jpeg?dr=15568&#038;nonce=93556&#038;refresh_token=91dad160eaeee293b270c1a8f1e73bee&#038;from=476444299&#038;idc=my2&#038;ps=933b5bde&#038;shcp=9b759fb9&#038;shp=1c65f68b&#038;t=555f072d\" width=\"1080\" height=\"1080\"><img decoding=\"async\" src=\"https:\/\/shop.yipinqian.com\/wp-content\/uploads\/2024\/12\/463ae8bd0cb04db582b000a1357323d9tplv-aphluv4xwc-origin-jpeg.jpeg?dr=15568&#038;nonce=90276&#038;refresh_token=98e71be6e405a5c08e6b7c329e71dd10&#038;from=476444299&#038;idc=my2&#038;ps=933b5bde&#038;shcp=9b759fb9&#038;shp=1c65f68b&#038;t=555f072d\" width=\"1536\" height=\"2048\"><\/p>\n<p>Ajoutez une touche de s\u00e9r\u00e9nit\u00e9 et de sophistication \u00e0 votre collection d&#039;accessoires avec ce superbe bracelet jonc !<\/p>\n<p><\/p>\n<p>Yi Pin Qian \u2013 N\u00e9gociant en pierres pr\u00e9cieuses et m\u00e9taux pr\u00e9cieux \u00e0 Singapour \u2013 Num\u00e9ro de licence PS20190000031<\/p>\n<p><\/p>\n<p>*Toutes les jad\u00e9ites achet\u00e9es chez Yi Pin Qian \u00e0 Singapour, les clients peuvent r\u00e9server des cr\u00e9neaux pour le polissage ou une r\u00e9paration mineure en cas de mauvaise manipulation - des frais s&#039;appliquent et uniquement pour les clients de Yi Pin Qian \u00e0 Singapour*<\/p>\n<p><\/p>\n<p><strong>**Types de certificats**<\/strong><\/p>\n<p><\/p>\n<p><strong>NGI (Nan Yang Gemmologie)<\/strong><\/p>\n<p>ou <strong>Certificats \u00e9trangers <\/strong>(Yi Pin Qian utilise uniquement des certificats authentiques provenant de laboratoires \u00e9trangers et contr\u00f4le \u00e9galement la qualit\u00e9 de chacun de nos produits avant de les mettre en vente \u00e0 Singapour)<\/p>\n<p><\/p>\n<p>Chaque produit aura le type de certificat fourni indiqu\u00e9 dans la description. Pour tout client souhaitant envoyer sa commande \u00e0 NGI Singapore, <strong>Les demandes de rapport NGI Gemstone doivent \u00eatre effectu\u00e9es en nous envoyant un message.<\/strong> Merci, <strong><u>des frais suppl\u00e9mentaires s&#039;appliquent<\/u><\/strong> \u2013 $90 pour la jad\u00e9ite \/ $150 pour la jad\u00e9ite avec de l\u2019or 18 carats \u2013 ce n\u2019est pas obligatoire car la plupart de nos produits sont d\u00e9j\u00e0 livr\u00e9s avec un certificat d\u2019outre-mer ou un rapport NGI.<\/p>\n<p><\/p>\n<p>(Pour plus de d\u00e9tails ou demande suppl\u00e9mentaire : <strong>Veuillez nous envoyer un message si vous souhaitez envoyer votre article achet\u00e9 au laboratoire de test NGI<\/strong>)<\/p>\n<p><\/p>\n<p><strong>La jad\u00e9ite naturelle n&#039;est pas parfaite, juste un petit rappel : notre jad\u00e9ite naturelle, comme toutes les belles choses de la nature, poss\u00e8de ses caract\u00e9ristiques et ses variations uniques. Nous invitons nos pr\u00e9cieux clients \u00e0 adopter ces variations naturelles. Bon shopping !<\/strong><\/p>\n<p><\/p>\n<p><strong><u>Aucune des photos et des s\u00e9quences vid\u00e9o n&#039;a \u00e9t\u00e9 filtr\u00e9e. Nous encourageons nos clients \u00e0 regarder \u00e9galement les vid\u00e9os d&#039;accompagnement pour une vue plus compl\u00e8te de nos produits<\/u><\/strong><\/p>\n<p><\/p>\n<ul>\n<li>Diff\u00e9rentes plates-formes ne peuvent visionner des vid\u00e9os que via le bureau<\/li>\n<\/ul>","protected":false},"excerpt":{"rendered":"<p>D\u00e9couvrez l&#039;\u00e9l\u00e9gance du bracelet jonc Peace de 58,6 mm de couleur vert clair lavande clair, fabriqu\u00e9 en jade jad\u00e9ite naturel de type A. Num\u00e9ros de certificat : GD2111H006385 Poids et dimensions : p\u00e8se 55,68 grammes, avec une largeur de 13,8 mm et une \u00e9paisseur de 7,7 mm. Origine : en provenance du Myanmar. Qualit\u00e9 certifi\u00e9e : livr\u00e9 avec un certificat confirmant son authenticit\u00e9. [\u2026]<\/p>","protected":false},"featured_media":14710,"comment_status":"open","ping_status":"closed","template":"","meta":[],"product_brand":[],"product_cat":[194],"product_tag":[86,102,52,55,82,108,113,60,61],"class_list":{"0":"post-14670","1":"product","2":"type-product","3":"status-publish","4":"has-post-thumbnail","6":"product_cat-value-picks","7":"product_tag-bangle","8":"product_tag-bracelet","9":"product_tag-certified","10":"product_tag-jadeite","11":"product_tag-light-green","12":"product_tag-light-lavender","13":"product_tag-peace-bangle","14":"product_tag-type-a-jadeite","15":"product_tag-unisex","17":"first","18":"instock","19":"sale","20":"shipping-taxable","21":"purchasable","22":"product-type-simple"},"_links":{"self":[{"href":"https:\/\/shop.yipinqian.com\/fr\/wp-json\/wp\/v2\/product\/14670","targetHints":{"allow":["GET"]}}],"collection":[{"href":"https:\/\/shop.yipinqian.com\/fr\/wp-json\/wp\/v2\/product"}],"about":[{"href":"https:\/\/shop.yipinqian.com\/fr\/wp-json\/wp\/v2\/types\/product"}],"replies":[{"embeddable":true,"href":"https:\/\/shop.yipinqian.com\/fr\/wp-json\/wp\/v2\/comments?post=14670"}],"version-history":[{"count":0,"href":"https:\/\/shop.yipinqian.com\/fr\/wp-json\/wp\/v2\/product\/14670\/revisions"}],"wp:featuredmedia":[{"embeddable":true,"href":"https:\/\/shop.yipinqian.com\/fr\/wp-json\/wp\/v2\/media\/14710"}],"wp:attachment":[{"href":"https:\/\/shop.yipinqian.com\/fr\/wp-json\/wp\/v2\/media?parent=14670"}],"wp:term":[{"taxonomy":"product_brand","embeddable":true,"href":"https:\/\/shop.yipinqian.com\/fr\/wp-json\/wp\/v2\/product_brand?post=14670"},{"taxonomy":"product_cat","embeddable":true,"href":"https:\/\/shop.yipinqian.com\/fr\/wp-json\/wp\/v2\/product_cat?post=14670"},{"taxonomy":"product_tag","embeddable":true,"href":"https:\/\/shop.yipinqian.com\/fr\/wp-json\/wp\/v2\/product_tag?post=14670"}],"curies":[{"name":"wp","href":"https:\/\/api.w.org\/{rel}","templated":true}]}}