{"id":1466,"date":"2024-10-24T23:19:23","date_gmt":"2024-10-24T15:19:23","guid":{"rendered":"https:\/\/shop.yipinqian.com\/product\/highly-translucent-icy-variety-natural-type-a-jadeite-with-ngi-gemstone-report-18k-gold-jadeite-ring-with-diamonds-carved-as-pixiu-weighs-5-01-grams-15-23-11-57-5-60-mm-internal-diameter-finger-size-1\/"},"modified":"2025-07-17T11:25:57","modified_gmt":"2025-07-17T03:25:57","slug":"highly-translucent-icy-variety-natural-type-a-jadeite-with-ngi-gemstone-report-18k-gold-jadeite-ring-with-diamonds-carved-as-pixiu-weighs-5-01-grams-15-23-11-57-5-60-mm-internal-diameter-finger-size-1","status":"publish","type":"product","link":"https:\/\/shop.yipinqian.com\/fr\/produit\/highly-translucent-icy-variety-natural-type-a-jadeite-with-ngi-gemstone-report-18k-gold-jadeite-ring-with-diamonds-carved-as-pixiu-weighs-5-01-grams-15-23-11-57-5-60-mm-internal-diameter-finger-size-1\/","title":{"rendered":"Bague en jad\u00e9ite naturelle de type A de vari\u00e9t\u00e9 glac\u00e9e hautement translucide avec rapport de pierres pr\u00e9cieuses NGI Bague en jad\u00e9ite en or 18 carats avec diamants sculpt\u00e9s en pixiu p\u00e8se 5,01 grammes, 15,23 * 11,57 * 5,60 mm, diam\u00e8tre interne de la taille du doigt = 15,2 mm (18kring11)"},"content":{"rendered":"<h2>Highly Translucent Icy Variety Natural Type A Jadeite<\/h2>\n<p><iframe title=\"Highly Translucent Icy Variety Natural Type A Jadeite\" src=\"https:\/\/youtube.com\/embed\/sigJQywuKgg\/\" width=\"330\" height=\"300\"><\/iframe><br \/>\nOrnez votre doigt de la plus belle jad\u00e9ite naturelle de type A, dot\u00e9e d&#039;une vari\u00e9t\u00e9 glac\u00e9e hautement translucide, dans cette superbe bague en or 18 carats.<\/p>\n<p><strong>Num\u00e9ros de rapport NGI : 63837054<\/strong><\/p>\n<ul>\n<li>Le rapport NGI sur les pierres pr\u00e9cieuses garantit l&#039;authenticit\u00e9 et la qualit\u00e9 de cette pi\u00e8ce.<\/li>\n<li>Les diamants sculpt\u00e9s en forme de pixiu ajoutent une touche de luxe et d&#039;\u00e9l\u00e9gance au design.<\/li>\n<li>Pesant 5,01 grammes, avec des dimensions de 15,23 * 11,57 * 5,60 mm et un diam\u00e8tre de doigt interne de 15,2 mm, cette bague est parfaitement dimensionn\u00e9e pour un usage quotidien ou des occasions sp\u00e9ciales.<\/li>\n<\/ul>\n<p>Fabriqu\u00e9 \u00e0 la main par des artisans qualifi\u00e9s du Myanmar en utilisant uniquement des mat\u00e9riaux de premi\u00e8re qualit\u00e9 tels que des diamants et de l&#039;or pour un cadre combin\u00e9 qui am\u00e9liore \u00e0 la fois la beaut\u00e9 et la durabilit\u00e9.<\/p>\n<p><img fetchpriority=\"high\" decoding=\"async\" class=\"alignnone\" src=\"https:\/\/shop.yipinqian.com\/wp-content\/uploads\/2024\/10\/7cf63621f0747b3f76c15d0475592943.jpg?from=476444299\" alt=\"Highly Translucent Icy Variety Natural Type A Jadeite\" width=\"1080\" height=\"1080\" \/><\/p>\n<ul>\n<li>Accessoire parfait pour un anniversaire ou toute autre occasion sp\u00e9ciale qui m\u00e9rite d&#039;\u00eatre c\u00e9l\u00e9br\u00e9e avec style<\/li>\n<\/ul>\n<p>Certifi\u00e9 par le rapport de pierres pr\u00e9cieuses NGI avec Oui sur l&#039;attribut du certificat garantissant que vous n&#039;obtenez que des accessoires et d\u00e9riv\u00e9s de bijoux en jad\u00e9ite authentiques de notre magasin sans aucun souci concernant les produits contrefaits tout en profitant de nos prix comp\u00e9titifs sans sacrifier la qualit\u00e9.<\/p>\n<p>Cette pi\u00e8ce exquise est livr\u00e9e avec un attribut de type Aucune garantie, mais sa beaut\u00e9 intemporelle sera pr\u00e9cieuse pour les g\u00e9n\u00e9rations \u00e0 venir. Con\u00e7u sp\u00e9cifiquement pour les femmes qui appr\u00e9cient les accessoires et produits de haute joaillerie fabriqu\u00e9s \u00e0 partir de mat\u00e9riaux haut de gamme comme la jad\u00e9ite, l&#039;un des joyaux les plus pr\u00e9cieux de la nature !<\/p>\n<p>Yi Pin Qian \u2013 N\u00e9gociant en pierres pr\u00e9cieuses et m\u00e9taux pr\u00e9cieux \u00e0 Singapour \u2013 Num\u00e9ro de licence PS20190000031<\/p>\n<p>*Toutes les jad\u00e9ites achet\u00e9es chez Yi Pin Qian \u00e0 Singapour, les clients peuvent r\u00e9server des cr\u00e9neaux pour le polissage ou une r\u00e9paration mineure en cas de mauvaise manipulation - des frais s&#039;appliquent et uniquement pour les clients de Yi Pin Qian \u00e0 Singapour*<\/p>\n<p>NGI (Nan Yang Gemmologie)<\/p>\n<p>ou des certificats \u00e9trangers (Yi Pin Qian utilise uniquement des certificats authentiques provenant de laboratoires \u00e9trangers et contr\u00f4le \u00e9galement la qualit\u00e9 de chacun de nos produits avant de les mettre en vente \u00e0 Singapour)<\/p>\n<p>Chaque produit sur TikTok aura le type de certificat fourni indiqu\u00e9 dans la description. Pour tout client souhaitant envoyer sa commande \u00e0 NGI Singapore, il y aura un d\u00e9lai d&#039;attente pour la livraison de la commande estim\u00e9 \u00e0 environ 4 semaines pour recevoir votre commande. Les demandes de rapport sur les pierres pr\u00e9cieuses NGI doivent \u00eatre effectu\u00e9es en envoyant un message \u00e0 la boutique TikTok Yi Pin Qian. Merci, des frais suppl\u00e9mentaires s&#039;appliquent.<\/p>","protected":false},"excerpt":{"rendered":"<h2>Highly Translucent Icy Variety Natural Type A Jadeite<\/h2>\n<p><img decoding=\"async\" class=\"aligncenter size-medium wp-image-22233\" src=\"https:\/\/shop.yipinqian.com\/wp-content\/uploads\/2024\/10\/WhatsApp-Image-2024-05-09-at-16.43.32_510545c3-300x300.jpg\" alt=\"Highly Translucent Icy Variety Natural Type A Jadeite\" width=\"300\" height=\"300\" srcset=\"https:\/\/shop.yipinqian.com\/wp-content\/uploads\/2024\/10\/WhatsApp-Image-2024-05-09-at-16.43.32_510545c3-300x300.jpg 300w, https:\/\/shop.yipinqian.com\/wp-content\/uploads\/2024\/10\/WhatsApp-Image-2024-05-09-at-16.43.32_510545c3-1024x1024.jpg 1024w, https:\/\/shop.yipinqian.com\/wp-content\/uploads\/2024\/10\/WhatsApp-Image-2024-05-09-at-16.43.32_510545c3-150x150.jpg 150w, https:\/\/shop.yipinqian.com\/wp-content\/uploads\/2024\/10\/WhatsApp-Image-2024-05-09-at-16.43.32_510545c3-768x768.jpg 768w, https:\/\/shop.yipinqian.com\/wp-content\/uploads\/2024\/10\/WhatsApp-Image-2024-05-09-at-16.43.32_510545c3-12x12.jpg 12w, https:\/\/shop.yipinqian.com\/wp-content\/uploads\/2024\/10\/WhatsApp-Image-2024-05-09-at-16.43.32_510545c3-500x500.jpg 500w, https:\/\/shop.yipinqian.com\/wp-content\/uploads\/2024\/10\/WhatsApp-Image-2024-05-09-at-16.43.32_510545c3-100x100.jpg 100w, https:\/\/shop.yipinqian.com\/wp-content\/uploads\/2024\/10\/WhatsApp-Image-2024-05-09-at-16.43.32_510545c3.jpg 1080w\" sizes=\"(max-width: 300px) 100vw, 300px\" \/><\/p>","protected":false},"featured_media":5031,"comment_status":"open","ping_status":"closed","template":"","meta":[],"product_brand":[],"product_cat":[196],"product_tag":[],"class_list":{"0":"post-1466","1":"product","2":"type-product","3":"status-publish","4":"has-post-thumbnail","6":"product_cat-vault-collection","8":"first","9":"instock","10":"sale","11":"shipping-taxable","12":"purchasable","13":"product-type-simple"},"_links":{"self":[{"href":"https:\/\/shop.yipinqian.com\/fr\/wp-json\/wp\/v2\/product\/1466","targetHints":{"allow":["GET"]}}],"collection":[{"href":"https:\/\/shop.yipinqian.com\/fr\/wp-json\/wp\/v2\/product"}],"about":[{"href":"https:\/\/shop.yipinqian.com\/fr\/wp-json\/wp\/v2\/types\/product"}],"replies":[{"embeddable":true,"href":"https:\/\/shop.yipinqian.com\/fr\/wp-json\/wp\/v2\/comments?post=1466"}],"version-history":[{"count":0,"href":"https:\/\/shop.yipinqian.com\/fr\/wp-json\/wp\/v2\/product\/1466\/revisions"}],"wp:featuredmedia":[{"embeddable":true,"href":"https:\/\/shop.yipinqian.com\/fr\/wp-json\/wp\/v2\/media\/5031"}],"wp:attachment":[{"href":"https:\/\/shop.yipinqian.com\/fr\/wp-json\/wp\/v2\/media?parent=1466"}],"wp:term":[{"taxonomy":"product_brand","embeddable":true,"href":"https:\/\/shop.yipinqian.com\/fr\/wp-json\/wp\/v2\/product_brand?post=1466"},{"taxonomy":"product_cat","embeddable":true,"href":"https:\/\/shop.yipinqian.com\/fr\/wp-json\/wp\/v2\/product_cat?post=1466"},{"taxonomy":"product_tag","embeddable":true,"href":"https:\/\/shop.yipinqian.com\/fr\/wp-json\/wp\/v2\/product_tag?post=1466"}],"curies":[{"name":"wp","href":"https:\/\/api.w.org\/{rel}","templated":true}]}}