{"id":1461,"date":"2024-10-24T23:19:22","date_gmt":"2024-10-24T15:19:22","guid":{"rendered":"https:\/\/shop.yipinqian.com\/product\/highly-translucent-faint-green-old-mine-with-specific-gravity-3-34-carved-as-deer-with-very-fine-grain-and-good-translucency-natural-type-a-jadeite-pendant-collection-with-ngi-gemstone-report-weight-1\/"},"modified":"2025-06-27T05:23:14","modified_gmt":"2025-06-26T21:23:14","slug":"highly-translucent-faint-green-old-mine-with-specific-gravity-3-34-carved-as-deer-with-very-fine-grain-and-good-translucency-natural-type-a-jadeite-pendant-collection-with-ngi-gemstone-report-weight-1","status":"publish","type":"product","link":"https:\/\/shop.yipinqian.com\/fr\/produit\/highly-translucent-faint-green-old-mine-with-specific-gravity-3-34-carved-as-deer-with-very-fine-grain-and-good-translucency-natural-type-a-jadeite-pendant-collection-with-ngi-gemstone-report-weight-1\/","title":{"rendered":"Pendentif en jad\u00e9ite naturelle de type A, vert p\u00e2le, hautement translucide, avec une gravit\u00e9 sp\u00e9cifique de 3,34, sculpt\u00e9 en forme de cerf avec un grain tr\u00e8s fin et une bonne translucidit\u00e9. Poids du rapport de pierres pr\u00e9cieuses NGI : 140,16 grammes, 47,50 * 26,75 * 13,29 mm (pendentif131)"},"content":{"rendered":"<h2>Translucent faint green Old Mine<\/h2>\n<p><iframe title=\"Translucent faint green old mine\" src=\"https:\/\/youtube.com\/embed\/ZtDWQnCxjJ8\/\" width=\"330\" height=\"300\"><\/iframe><br \/>\nAm\u00e9liorez votre collection de bijoux avec ce superbe pendentif\/collection en jad\u00e9ite naturelle de type A qui respire l&#039;\u00e9l\u00e9gance et la sophistication. Extrait du Myanmar, ce pendentif est dot\u00e9 d&#039;une ancienne mine verte tr\u00e8s translucide d&#039;une gravit\u00e9 sp\u00e9cifique de 3,34, sculpt\u00e9e en forme de cerf qui pr\u00e9sente un grain fin et une bonne translucidit\u00e9.<\/p>\n<p><strong>Num\u00e9ros de rapport NGI : 63837039<\/strong><\/p>\n<ul>\n<li><strong>Rapport sur les pierres pr\u00e9cieuses de l&#039;IGN :<\/strong> Ce pendentif est livr\u00e9 avec un rapport de pierres pr\u00e9cieuses NGI qui garantit son authenticit\u00e9, ajoutant de la valeur \u00e0 votre collection.<\/li>\n<li><strong>Unisexe:<\/strong> Ce magnifique pendentif en jad\u00e9ite est un excellent choix pour les hommes et les femmes.<\/li>\n<li><strong>\u00c0 porter au quotidien :<\/strong> Le style de collier d\u00e9contract\u00e9 de cette pi\u00e8ce la rend parfaite pour un usage quotidien ou comme accessoire \u00e9l\u00e9gant pour compl\u00e9ter n&#039;importe quelle tenue que vous portez de jour comme de nuit.<\/li>\n<\/ul>\n<p>Pesant 140,16 grammes et mesurant 47,50 * 26,75 * 13,29 mm, le pendentif en jad\u00e9ite en forme de cerf est parfait comme pi\u00e8ce de d\u00e9claration ou comme \u00e9l\u00e9ment de votre collection de bijoux ch\u00e9rie que vous ch\u00e9rirez pour les ann\u00e9es \u00e0 venir.<\/p>\n<ul>\n<li><strong>Certificat inclus :<\/strong>Le pendentif\/collection en jad\u00e9ite naturelle de type A est accompagn\u00e9 d&#039;une certification pour que vous puissiez \u00eatre s\u00fbr qu&#039;il s&#039;agit de la v\u00e9ritable affaire<\/li>\n<\/ul>\n<p>Ajoutez-le \u00e0 votre collection d\u00e8s aujourd&#039;hui\u00a0!<\/p>\n<p><strong><em>Veuillez noter qu&#039;il n&#039;y a pas de per\u00e7age pour le trou du pendentif, car il est davantage destin\u00e9 \u00e0 la collecte<\/em> <\/strong><\/p>\n<p>Yi Pin Qian \u2013 N\u00e9gociant en pierres pr\u00e9cieuses et m\u00e9taux pr\u00e9cieux \u00e0 Singapour \u2013 Num\u00e9ro de licence PS20190000031<\/p>\n<p>*Toutes les jad\u00e9ites achet\u00e9es chez Yi Pin Qian \u00e0 Singapour, les clients peuvent r\u00e9server des cr\u00e9neaux pour le polissage ou une r\u00e9paration mineure en cas de mauvaise manipulation - des frais s&#039;appliquent et uniquement pour les clients de Yi Pin Qian \u00e0 Singapour*<\/p>","protected":false},"excerpt":{"rendered":"<h2>Translucent faint green Old Mine<\/h2>\n<p><img fetchpriority=\"high\" decoding=\"async\" class=\"aligncenter wp-image-22148 size-medium\" src=\"https:\/\/shop.yipinqian.com\/wp-content\/uploads\/2024\/10\/WhatsApp-Image-2024-05-19-at-13.51.29_888a6417-300x300.jpg\" alt=\"Translucent faint green Old Mine\" width=\"300\" height=\"300\" srcset=\"https:\/\/shop.yipinqian.com\/wp-content\/uploads\/2024\/10\/WhatsApp-Image-2024-05-19-at-13.51.29_888a6417-300x300.jpg 300w, https:\/\/shop.yipinqian.com\/wp-content\/uploads\/2024\/10\/WhatsApp-Image-2024-05-19-at-13.51.29_888a6417-150x150.jpg 150w, https:\/\/shop.yipinqian.com\/wp-content\/uploads\/2024\/10\/WhatsApp-Image-2024-05-19-at-13.51.29_888a6417-12x12.jpg 12w, https:\/\/shop.yipinqian.com\/wp-content\/uploads\/2024\/10\/WhatsApp-Image-2024-05-19-at-13.51.29_888a6417-500x500.jpg 500w, https:\/\/shop.yipinqian.com\/wp-content\/uploads\/2024\/10\/WhatsApp-Image-2024-05-19-at-13.51.29_888a6417-100x100.jpg 100w, https:\/\/shop.yipinqian.com\/wp-content\/uploads\/2024\/10\/WhatsApp-Image-2024-05-19-at-13.51.29_888a6417.jpg 656w\" sizes=\"(max-width: 300px) 100vw, 300px\" \/><\/p>","protected":false},"featured_media":4989,"comment_status":"open","ping_status":"closed","template":"","meta":[],"product_brand":[],"product_cat":[196],"product_tag":[],"class_list":{"0":"post-1461","1":"product","2":"type-product","3":"status-publish","4":"has-post-thumbnail","6":"product_cat-vault-collection","8":"first","9":"instock","10":"sale","11":"shipping-taxable","12":"purchasable","13":"product-type-simple"},"_links":{"self":[{"href":"https:\/\/shop.yipinqian.com\/fr\/wp-json\/wp\/v2\/product\/1461","targetHints":{"allow":["GET"]}}],"collection":[{"href":"https:\/\/shop.yipinqian.com\/fr\/wp-json\/wp\/v2\/product"}],"about":[{"href":"https:\/\/shop.yipinqian.com\/fr\/wp-json\/wp\/v2\/types\/product"}],"replies":[{"embeddable":true,"href":"https:\/\/shop.yipinqian.com\/fr\/wp-json\/wp\/v2\/comments?post=1461"}],"version-history":[{"count":0,"href":"https:\/\/shop.yipinqian.com\/fr\/wp-json\/wp\/v2\/product\/1461\/revisions"}],"wp:featuredmedia":[{"embeddable":true,"href":"https:\/\/shop.yipinqian.com\/fr\/wp-json\/wp\/v2\/media\/4989"}],"wp:attachment":[{"href":"https:\/\/shop.yipinqian.com\/fr\/wp-json\/wp\/v2\/media?parent=1461"}],"wp:term":[{"taxonomy":"product_brand","embeddable":true,"href":"https:\/\/shop.yipinqian.com\/fr\/wp-json\/wp\/v2\/product_brand?post=1461"},{"taxonomy":"product_cat","embeddable":true,"href":"https:\/\/shop.yipinqian.com\/fr\/wp-json\/wp\/v2\/product_cat?post=1461"},{"taxonomy":"product_tag","embeddable":true,"href":"https:\/\/shop.yipinqian.com\/fr\/wp-json\/wp\/v2\/product_tag?post=1461"}],"curies":[{"name":"wp","href":"https:\/\/api.w.org\/{rel}","templated":true}]}}