{"id":1460,"date":"2024-10-24T23:19:21","date_gmt":"2024-10-24T15:19:21","guid":{"rendered":"https:\/\/shop.yipinqian.com\/product\/high-quality-icy-translucent-with-light-green-natural-type-a-jadeite-jade-crafted-as-cabbage-pendant-certificate-weighs-24-55-grams-measurement-56-3-24-6-12-6-pendant272\/"},"modified":"2025-02-24T01:17:30","modified_gmt":"2025-02-23T17:17:30","slug":"high-quality-icy-translucent-with-light-green-natural-type-a-jadeite-jade-crafted-as-cabbage-pendant-certificate-weighs-24-55-grams-measurement-56-3-24-6-12-6-pendant272","status":"publish","type":"product","link":"https:\/\/shop.yipinqian.com\/fr\/produit\/high-quality-icy-translucent-with-light-green-natural-type-a-jadeite-jade-crafted-as-cabbage-pendant-certificate-weighs-24-55-grams-measurement-56-3-24-6-12-6-pendant272\/","title":{"rendered":"Jade jad\u00e9ite naturelle de type A vert clair de haute qualit\u00e9, translucide et glac\u00e9, fabriqu\u00e9 en chou, certificat de pendentif pesant 24,55 grammes, mesure 56,3 * 24,6 * 12,6 (pendentif272)"},"content":{"rendered":"<p>Ce pendentif exquis est compos\u00e9 de jade jad\u00e9ite de type A naturel vert clair translucide glac\u00e9 de haute qualit\u00e9, fabriqu\u00e9 en forme de chou, pesant 24,55 grammes.<\/p>\n<p>\u00a0<\/p>\n<p>Num\u00e9ros de certificat : GD2109H021063<\/p>\n<p><img fetchpriority=\"high\" decoding=\"async\" height=\"1080\" src=\"https:\/\/shop.yipinqian.com\/wp-content\/uploads\/2024\/10\/da8133d693a622d276de8fc8eeeae6d8.jpg?from=476444299\" width=\"1080\"><\/p>\n<ul>\n<li>\n<strong>Type de Jade :<\/strong> Jad\u00e9ite<\/li>\n<li>\n<strong>Style de collier :<\/strong> Occasionnel<\/li>\n<\/ul>\n<p>Le certificat du pendentif confirme l&#039;authenticit\u00e9 de cette superbe pi\u00e8ce, mesurant 56,3 x 24,6 x 12,6 (pendentif272).<\/p>\n<ul>\n<li>\n<strong>Certificat inclus :<\/strong> Oui<\/li>\n<li>\n<strong>Occasion:<\/strong> Tous les jours<\/li>\n<li>La conception complexe et la beaut\u00e9 naturelle de ce pendentif en jade en forme de chou en font un accessoire unique et polyvalent \u00e0 porter au quotidien.<\/li>\n<\/ul>\n<p>Yi Pin Qian \u2013 N\u00e9gociant en pierres pr\u00e9cieuses et m\u00e9taux pr\u00e9cieux \u00e0 Singapour \u2013 Num\u00e9ro de licence PS20190000031<\/p>\n<p>\u00a0<\/p>\n<p>*Toutes les jad\u00e9ites achet\u00e9es chez Yi Pin Qian \u00e0 Singapour, les clients peuvent r\u00e9server des cr\u00e9neaux pour le polissage ou une r\u00e9paration mineure en cas de mauvaise manipulation - des frais s&#039;appliquent et uniquement pour les clients de Yi Pin Qian \u00e0 Singapour*<\/p>\n<p>\u00a0<\/p>\n<p><strong>**Types de certificats**<\/strong><\/p>\n<p>\u00a0<\/p>\n<p><strong>NGI (Nan Yang Gemmologie)<\/strong><\/p>\n<p>ou <strong>Certificats \u00e9trangers <\/strong>(Yi Pin Qian utilise uniquement des certificats authentiques provenant de laboratoires \u00e9trangers et contr\u00f4le \u00e9galement la qualit\u00e9 de chacun de nos produits avant de les mettre en vente \u00e0 Singapour)<\/p>\n<p>\u00a0<\/p>\n<p>Chaque produit sur TikTok aura le type de certificat fourni indiqu\u00e9 dans la description. Pour tout client souhaitant envoyer sa commande \u00e0 NGI Singapore, il y aura un d\u00e9lai d&#039;attente pour la livraison de la commande estim\u00e9 \u00e0 environ 4 semaines pour recevoir votre commande. <strong>Les demandes de rapport sur les pierres pr\u00e9cieuses NGI doivent \u00eatre effectu\u00e9es en envoyant un message \u00e0 la boutique TikTok de Yi Pin Qian.<\/strong> Merci, <strong><u>des frais suppl\u00e9mentaires s&#039;appliquent<\/u><\/strong>.<\/p>\n<p>\u00a0<\/p>\n<p><strong>La jad\u00e9ite naturelle n&#039;est pas parfaite, juste un petit rappel : notre jad\u00e9ite naturelle, comme toutes les belles choses de la nature, poss\u00e8de ses caract\u00e9ristiques et ses variations uniques. Nous invitons nos pr\u00e9cieux clients \u00e0 adopter ces variations naturelles. Bon shopping !<\/strong><\/p>\n<p>\u00a0<\/p>\n<p><strong><u>Aucune des photos et des s\u00e9quences vid\u00e9o n&#039;a \u00e9t\u00e9 filtr\u00e9e. Nous encourageons nos clients \u00e0 regarder \u00e9galement les vid\u00e9os d&#039;accompagnement pour une vue plus compl\u00e8te de nos produits<\/u><\/strong><\/p>","protected":false},"excerpt":{"rendered":"<p>Ce pendentif exquis est compos\u00e9 de jade jad\u00e9ite de type A naturel vert clair translucide glac\u00e9 de haute qualit\u00e9, fabriqu\u00e9 en forme de chou, pesant 24,55 grammes. Num\u00e9ros de certificat : GD2109H021063 Type de jade : jad\u00e9ite Style de collier : D\u00e9contract\u00e9 Le certificat du pendentif confirme l&#039;authenticit\u00e9 de cette superbe pi\u00e8ce, mesurant 56,3 x 24,6 x 12,6 (pendentif272). Certificat inclus : Oui [\u2026]<\/p>","protected":false},"featured_media":4971,"comment_status":"open","ping_status":"closed","template":"","meta":[],"product_brand":[],"product_cat":[195],"product_tag":[],"class_list":{"0":"post-1460","1":"product","2":"type-product","3":"status-publish","4":"has-post-thumbnail","6":"product_cat-heirloom-grade","8":"first","9":"instock","10":"sale","11":"shipping-taxable","12":"purchasable","13":"product-type-simple"},"_links":{"self":[{"href":"https:\/\/shop.yipinqian.com\/fr\/wp-json\/wp\/v2\/product\/1460","targetHints":{"allow":["GET"]}}],"collection":[{"href":"https:\/\/shop.yipinqian.com\/fr\/wp-json\/wp\/v2\/product"}],"about":[{"href":"https:\/\/shop.yipinqian.com\/fr\/wp-json\/wp\/v2\/types\/product"}],"replies":[{"embeddable":true,"href":"https:\/\/shop.yipinqian.com\/fr\/wp-json\/wp\/v2\/comments?post=1460"}],"version-history":[{"count":0,"href":"https:\/\/shop.yipinqian.com\/fr\/wp-json\/wp\/v2\/product\/1460\/revisions"}],"wp:featuredmedia":[{"embeddable":true,"href":"https:\/\/shop.yipinqian.com\/fr\/wp-json\/wp\/v2\/media\/4971"}],"wp:attachment":[{"href":"https:\/\/shop.yipinqian.com\/fr\/wp-json\/wp\/v2\/media?parent=1460"}],"wp:term":[{"taxonomy":"product_brand","embeddable":true,"href":"https:\/\/shop.yipinqian.com\/fr\/wp-json\/wp\/v2\/product_brand?post=1460"},{"taxonomy":"product_cat","embeddable":true,"href":"https:\/\/shop.yipinqian.com\/fr\/wp-json\/wp\/v2\/product_cat?post=1460"},{"taxonomy":"product_tag","embeddable":true,"href":"https:\/\/shop.yipinqian.com\/fr\/wp-json\/wp\/v2\/product_tag?post=1460"}],"curies":[{"name":"wp","href":"https:\/\/api.w.org\/{rel}","templated":true}]}}