{"id":14567,"date":"2024-12-08T12:34:13","date_gmt":"2024-12-08T04:34:13","guid":{"rendered":"https:\/\/shop.yipinqian.com\/108-6mm-light-lavender-and-white-beads-bracelet-necklace-on-natural-type-a-jadeite-jade-certificate-weighs-41-5-grams-94-perfection-bracelet34\/"},"modified":"2025-02-24T00:49:45","modified_gmt":"2025-02-23T16:49:45","slug":"108-6mm-light-lavender-and-white-beads-bracelet-necklace-on-natural-type-a-jadeite-jade-certificate-weighs-41-5-grams-94-perfection-bracelet34","status":"publish","type":"product","link":"https:\/\/shop.yipinqian.com\/fr\/produit\/108-6mm-light-lavender-and-white-beads-bracelet-necklace-on-natural-type-a-jadeite-jade-certificate-weighs-41-5-grams-94-perfection-bracelet34\/","title":{"rendered":"Bracelet ou collier de 108 perles de 6 mm de couleur lavande claire et blanche sur certificat de jade jad\u00e9ite naturelle de type A pesant 41,5 grammes, perfection 94% (bracelet34)"},"content":{"rendered":"<p>D\u00e9couvrez l&#039;\u00e9l\u00e9gance de notre magnifique bracelet\/collier en perles lavande claire et blanches de 108 * 6 mm, fabriqu\u00e9 en jade jad\u00e9ite naturel de type A. Dot\u00e9e d&#039;un certificat attestant de sa qualit\u00e9, cette pi\u00e8ce p\u00e8se 41,5 grammes et b\u00e9n\u00e9ficie d&#039;un taux de perfection impressionnant de 94%.<\/p>\n<p><\/p>\n<p>Num\u00e9ros de certificat : GD2111H001270<\/p>\n<p><img fetchpriority=\"high\" decoding=\"async\" src=\"https:\/\/shop.yipinqian.com\/wp-content\/uploads\/2024\/12\/b3d91a41233c4b4ba12e034709b26845tplv-aphluv4xwc-origin-jpeg.jpeg?dr=15568&#038;nonce=23046&#038;refresh_token=504c2921167740998be5bd0e5350f040&#038;from=476444299&#038;idc=my&#038;ps=933b5bde&#038;shcp=9b759fb9&#038;shp=1c65f68b&#038;t=555f072d\" width=\"1080\" height=\"1080\"><\/p>\n<ul>\n<li>\n<strong>Qualit\u00e9 sup\u00e9rieure :<\/strong> Jad\u00e9ite naturelle de type A avec certification.<\/li>\n<li>\n<strong>Poids:<\/strong> L\u00e9ger avec seulement 41,5 grammes.<\/li>\n<li>\n<strong>Conception sophistiqu\u00e9e :<\/strong> Comprend de superbes perles lavande claires et blanches.<\/li>\n<li>\n<strong>Diversit\u00e9 des possibilit\u00e9s de port :<\/strong> Convient aussi bien aux styles de bracelets que de colliers ; parfait pour les occasions quotidiennes.<\/li>\n<li><strong>Style de bracelet \/ collier : La conception du bracelet en fait un accessoire \u00e9l\u00e9gant pour tout le monde, coupe unisexe !<\/strong><\/li>\n<\/ul>\n<p><img decoding=\"async\" src=\"https:\/\/shop.yipinqian.com\/wp-content\/uploads\/2024\/12\/5de176387b0a488c93cba36ec64f9e1ctplv-aphluv4xwc-origin-jpeg.jpeg?dr=15568&#038;nonce=3678&#038;refresh_token=aadbe61a2099101149fae7f49ef28223&#038;from=476444299&#038;idc=my&#038;ps=933b5bde&#038;shcp=9b759fb9&#038;shp=1c65f68b&#038;t=555f072d\" width=\"1080\" height=\"1080\"><\/p>\n<p><strong>Veuillez noter que ce produit n&#039;est pas accompagn\u00e9 d&#039;une garantie, mais sa beaut\u00e9 parle d&#039;elle-m\u00eame !<\/strong><\/p>\n<p><strong>Cette pi\u00e8ce exquise est originaire du Myanmar, mettant en valeur le riche h\u00e9ritage de l&#039;artisanat du jade dans chaque d\u00e9tail.<\/strong><\/p>\n<p><\/p>\n<p><strong>La jad\u00e9ite naturelle n&#039;est pas parfaite, juste un petit rappel : notre jad\u00e9ite naturelle, comme toutes les belles choses de la nature, poss\u00e8de ses caract\u00e9ristiques et ses variations uniques. Nous invitons nos pr\u00e9cieux clients \u00e0 adopter ces variations naturelles. Bon shopping !<\/strong><\/p>\n<p><\/p>\n<p><strong><u>Aucune des photos et des s\u00e9quences vid\u00e9o n&#039;a \u00e9t\u00e9 filtr\u00e9e. Nous encourageons nos clients \u00e0 regarder \u00e9galement les vid\u00e9os d&#039;accompagnement pour une vue plus compl\u00e8te de nos produits<\/u><\/strong><\/p>\n<p><\/p>\n<ul>\n<li>Diff\u00e9rentes plates-formes ne peuvent visionner des vid\u00e9os que via le bureau<\/li>\n<\/ul>","protected":false},"excerpt":{"rendered":"<p>D\u00e9couvrez l&#039;\u00e9l\u00e9gance de notre magnifique bracelet\/collier en perles lavande clair et blanches de 108 * 6 mm, fabriqu\u00e9 en jade jad\u00e9ite naturel de type A. Avec un certificat attestant de sa qualit\u00e9, cette pi\u00e8ce p\u00e8se 41,5 grammes et affiche un taux de perfection impressionnant de 94%. Num\u00e9ros de certificat : GD2111H001270 Qualit\u00e9 sup\u00e9rieure : jad\u00e9ite naturelle de type A avec certification. Poids : l\u00e9ger \u00e0 [\u2026]<\/p>","protected":false},"featured_media":14573,"comment_status":"open","ping_status":"closed","template":"","meta":[],"product_brand":[],"product_cat":[194],"product_tag":[102,55,108,98,58,60,61],"class_list":{"0":"post-14567","1":"product","2":"type-product","3":"status-publish","4":"has-post-thumbnail","6":"product_cat-value-picks","7":"product_tag-bracelet","8":"product_tag-jadeite","9":"product_tag-light-lavender","10":"product_tag-necklace","11":"product_tag-new-arrivals","12":"product_tag-type-a-jadeite","13":"product_tag-unisex","15":"first","16":"instock","17":"sale","18":"shipping-taxable","19":"purchasable","20":"product-type-simple"},"_links":{"self":[{"href":"https:\/\/shop.yipinqian.com\/fr\/wp-json\/wp\/v2\/product\/14567","targetHints":{"allow":["GET"]}}],"collection":[{"href":"https:\/\/shop.yipinqian.com\/fr\/wp-json\/wp\/v2\/product"}],"about":[{"href":"https:\/\/shop.yipinqian.com\/fr\/wp-json\/wp\/v2\/types\/product"}],"replies":[{"embeddable":true,"href":"https:\/\/shop.yipinqian.com\/fr\/wp-json\/wp\/v2\/comments?post=14567"}],"version-history":[{"count":0,"href":"https:\/\/shop.yipinqian.com\/fr\/wp-json\/wp\/v2\/product\/14567\/revisions"}],"wp:featuredmedia":[{"embeddable":true,"href":"https:\/\/shop.yipinqian.com\/fr\/wp-json\/wp\/v2\/media\/14573"}],"wp:attachment":[{"href":"https:\/\/shop.yipinqian.com\/fr\/wp-json\/wp\/v2\/media?parent=14567"}],"wp:term":[{"taxonomy":"product_brand","embeddable":true,"href":"https:\/\/shop.yipinqian.com\/fr\/wp-json\/wp\/v2\/product_brand?post=14567"},{"taxonomy":"product_cat","embeddable":true,"href":"https:\/\/shop.yipinqian.com\/fr\/wp-json\/wp\/v2\/product_cat?post=14567"},{"taxonomy":"product_tag","embeddable":true,"href":"https:\/\/shop.yipinqian.com\/fr\/wp-json\/wp\/v2\/product_tag?post=14567"}],"curies":[{"name":"wp","href":"https:\/\/api.w.org\/{rel}","templated":true}]}}