{"id":1456,"date":"2024-10-24T23:19:20","date_gmt":"2024-10-24T15:19:20","guid":{"rendered":"https:\/\/shop.yipinqian.com\/product\/high-quality-yellow-with-light-green-natural-type-a-jadeite-jade-crafted-with-buddha-and-monk-as-pendant-certificate-weigh-54-87-grams-measurement-71-6-35-6-9-5-mm-pendant262\/"},"modified":"2025-02-24T01:17:30","modified_gmt":"2025-02-23T17:17:30","slug":"high-quality-yellow-with-light-green-natural-type-a-jadeite-jade-crafted-with-buddha-and-monk-as-pendant-certificate-weigh-54-87-grams-measurement-71-6-35-6-9-5-mm-pendant262","status":"publish","type":"product","link":"https:\/\/shop.yipinqian.com\/fr\/produit\/high-quality-yellow-with-light-green-natural-type-a-jadeite-jade-crafted-with-buddha-and-monk-as-pendant-certificate-weigh-54-87-grams-measurement-71-6-35-6-9-5-mm-pendant262\/","title":{"rendered":"High Quality Yellow with Light Green Natural Type A Jadeite Jade crafted with Buddha and Monk as Pendant, certificate weigh 54.87 grams, measurement 71.6 * 35.6 * 9.5 mm (pendant262)"},"content":{"rendered":"<p><span><\/span><\/p>\n<p><span>This High Quality Yellow with Light Green Natural Type A Jadeite Jade necklace features a beautifully crafted pendant depicting Buddha and Monk, exuding a serene and spiritual aura.<\/span><\/p>\n<p><span><\/span><\/p>\n<p><span>Certificate numbers: ZSJ12205051934<\/span><\/p>\n<p><span><\/span><\/p>\n<p><img fetchpriority=\"high\" decoding=\"async\" height=\"1080\" src=\"https:\/\/shop.yipinqian.com\/wp-content\/uploads\/2024\/10\/5b9cd9c7725e6223040ffbb07f3d5f93.jpg?from=476444299\" width=\"1080\"><\/p>\n<ul>\n<li>Avec certificat : Oui<\/li>\n<li>Pays d&#039;origine : Myanmar<\/li>\n<li>Occasion : propice<\/li>\n<li>Type de garantie : Non<\/li>\n<li>Genre : Unisexe<\/li>\n<li>Type de jade : Jad\u00e9ite<\/li>\n<li>Style de collier : D\u00e9contract\u00e9<\/li>\n<\/ul>\n<p><span>The pendant weighs 54.87 grams and has dimensions of 71.6 * 35.6 * 9.5 mm (pendant262), making it a substantial yet elegant piece of jewelry.<\/span><\/p>\n<p><span>Add a touch of tranquility and style to your look with this exquisite jade necklace, perfect for both daily wear or special occasions.<\/span><\/p>\n<p><span><\/span><\/p>\n<p><span>Yi Pin Qian \u2013 N\u00e9gociant en pierres pr\u00e9cieuses et m\u00e9taux pr\u00e9cieux \u00e0 Singapour \u2013 Num\u00e9ro de licence PS20190000031<\/span><\/p>\n<p><span><\/span><\/p>\n<p><span>*Toutes les jad\u00e9ites achet\u00e9es chez Yi Pin Qian \u00e0 Singapour, les clients peuvent r\u00e9server des cr\u00e9neaux pour le polissage ou une r\u00e9paration mineure en cas de mauvaise manipulation - des frais s&#039;appliquent et uniquement pour les clients de Yi Pin Qian \u00e0 Singapour*<\/span><\/p>\n<p><span><\/span><\/p>\n<p><span><strong>**Types de certificats**<\/strong><\/span><\/p>\n<p><span><\/span><\/p>\n<p><span><strong>NGI (Nan Yang Gemmologie)<\/strong><\/span><\/p>\n<p><span>ou <strong>Certificats \u00e9trangers <\/strong>(Yi Pin Qian utilise uniquement des certificats authentiques provenant de laboratoires \u00e9trangers et contr\u00f4le \u00e9galement la qualit\u00e9 de chacun de nos produits avant de les mettre en vente \u00e0 Singapour)<\/span><\/p>\n<p><span><\/span><\/p>\n<p><span>Chaque produit sur TikTok aura le type de certificat fourni indiqu\u00e9 dans la description. Pour tout client souhaitant envoyer sa commande \u00e0 NGI Singapore, il y aura un d\u00e9lai d&#039;attente pour la livraison de la commande estim\u00e9 \u00e0 environ 4 semaines pour recevoir votre commande. <strong>Les demandes de rapport sur les pierres pr\u00e9cieuses NGI doivent \u00eatre effectu\u00e9es en envoyant un message \u00e0 la boutique TikTok de Yi Pin Qian.<\/strong> Merci, <strong><u>des frais suppl\u00e9mentaires s&#039;appliquent<\/u><\/strong>.<\/span><\/p>\n<p><span><\/span><\/p>\n<p><span><strong>La jad\u00e9ite naturelle n&#039;est pas parfaite, juste un petit rappel : notre jad\u00e9ite naturelle, comme toutes les belles choses de la nature, poss\u00e8de ses caract\u00e9ristiques et ses variations uniques. Nous invitons nos pr\u00e9cieux clients \u00e0 adopter ces variations naturelles. Bon shopping !<\/strong><\/span><\/p>\n<p><span><\/span><\/p>\n<p><span><strong><u>Aucune des photos et des s\u00e9quences vid\u00e9o n&#039;a \u00e9t\u00e9 filtr\u00e9e. Nous encourageons nos clients \u00e0 regarder \u00e9galement les vid\u00e9os d&#039;accompagnement pour une vue plus compl\u00e8te de nos produits<\/u><\/strong><\/span><\/p>\n<p><span><\/span><\/p>\n<p><span><\/span><\/p>","protected":false},"excerpt":{"rendered":"<p>This High Quality Yellow with Light Green Natural Type A Jadeite Jade necklace features a beautifully crafted pendant depicting Buddha and Monk, exuding a serene and spiritual aura. Certificate numbers: ZSJ12205051934 With Certificate: Yes Country of Origin: Myanmar Occasion: Auspicious Warranty Type: No Gender: Unisex Jade Type: Jadeite Necklace Style: Casual The pendant weighs 54.87 [&hellip;]<\/p>","protected":false},"featured_media":4931,"comment_status":"open","ping_status":"closed","template":"","meta":[],"product_brand":[],"product_cat":[195],"product_tag":[],"class_list":{"0":"post-1456","1":"product","2":"type-product","3":"status-publish","4":"has-post-thumbnail","6":"product_cat-heirloom-grade","8":"first","9":"instock","10":"sale","11":"shipping-taxable","12":"purchasable","13":"product-type-simple"},"_links":{"self":[{"href":"https:\/\/shop.yipinqian.com\/fr\/wp-json\/wp\/v2\/product\/1456","targetHints":{"allow":["GET"]}}],"collection":[{"href":"https:\/\/shop.yipinqian.com\/fr\/wp-json\/wp\/v2\/product"}],"about":[{"href":"https:\/\/shop.yipinqian.com\/fr\/wp-json\/wp\/v2\/types\/product"}],"replies":[{"embeddable":true,"href":"https:\/\/shop.yipinqian.com\/fr\/wp-json\/wp\/v2\/comments?post=1456"}],"version-history":[{"count":0,"href":"https:\/\/shop.yipinqian.com\/fr\/wp-json\/wp\/v2\/product\/1456\/revisions"}],"wp:featuredmedia":[{"embeddable":true,"href":"https:\/\/shop.yipinqian.com\/fr\/wp-json\/wp\/v2\/media\/4931"}],"wp:attachment":[{"href":"https:\/\/shop.yipinqian.com\/fr\/wp-json\/wp\/v2\/media?parent=1456"}],"wp:term":[{"taxonomy":"product_brand","embeddable":true,"href":"https:\/\/shop.yipinqian.com\/fr\/wp-json\/wp\/v2\/product_brand?post=1456"},{"taxonomy":"product_cat","embeddable":true,"href":"https:\/\/shop.yipinqian.com\/fr\/wp-json\/wp\/v2\/product_cat?post=1456"},{"taxonomy":"product_tag","embeddable":true,"href":"https:\/\/shop.yipinqian.com\/fr\/wp-json\/wp\/v2\/product_tag?post=1456"}],"curies":[{"name":"wp","href":"https:\/\/api.w.org\/{rel}","templated":true}]}}