{"id":1455,"date":"2024-10-24T23:19:19","date_gmt":"2024-10-24T15:19:19","guid":{"rendered":"https:\/\/shop.yipinqian.com\/product\/high-quality-yellow-natural-type-a-jadeite-jade-crafted-as-oval-cabochon-measurement-7-5-6-3-mm-set-on-quality-s925-silver-as-ring-with-certificate-weigh-2-84-grams-s925ring10\/"},"modified":"2025-02-17T00:02:46","modified_gmt":"2025-02-16T16:02:46","slug":"high-quality-yellow-natural-type-a-jadeite-jade-crafted-as-oval-cabochon-measurement-7-5-6-3-mm-set-on-quality-s925-silver-as-ring-with-certificate-weigh-2-84-grams-s925ring10","status":"publish","type":"product","link":"https:\/\/shop.yipinqian.com\/fr\/produit\/high-quality-yellow-natural-type-a-jadeite-jade-crafted-as-oval-cabochon-measurement-7-5-6-3-mm-set-on-quality-s925-silver-as-ring-with-certificate-weigh-2-84-grams-s925ring10\/","title":{"rendered":"Jade jad\u00e9ite naturelle jaune de type A de haute qualit\u00e9 fabriqu\u00e9 sous forme de cabochon ovale mesurant 7,5 * 6 * 3 mm serti sur argent S925 de qualit\u00e9 comme bague avec certificat pesant 2,84 grammes (s925ring10)"},"content":{"rendered":"<p>Cette bague en jade jad\u00e9ite naturelle jaune de type A de haute qualit\u00e9 est un ajout parfait \u00e0 votre collection de bijoux. Fabriqu\u00e9e avec un cabochon ovale mesurant 7,5 * 6 * 3 mm, la bague est fabriqu\u00e9e avec pr\u00e9cision pour cr\u00e9er un superbe bijou.<\/p>\n<p><\/p>\n<p><strong>La bague est r\u00e9glable Taille unique<\/strong><\/p>\n<p><\/p>\n<p>Num\u00e9ros de certificat : YJC2308343070<\/p>\n<ul>\n<li>\n<strong>Jade exquis :<\/strong> La bague est dot\u00e9e de jade jad\u00e9ite naturel jaune de type A de haute qualit\u00e9 qui compl\u00e8te votre look quotidien.<\/li>\n<li>\n<strong>Qualit\u00e9 sup\u00e9rieure :<\/strong> Le cabochon est serti d&#039;argent S925 de qualit\u00e9 qui non seulement est \u00e9l\u00e9gant mais garantit \u00e9galement une durabilit\u00e9, le rendant id\u00e9al pour un usage quotidien.<\/li>\n<li>\n<strong>Certificat d&#039;authenticit\u00e9 :<\/strong> Cette bague est livr\u00e9e avec un certificat d&#039;authenticit\u00e9, vous assurant que vous obtenez la vraie affaire.<\/li>\n<\/ul>\n<p>Pesant seulement 2,84 grammes et con\u00e7ue sp\u00e9cifiquement pour les femmes, cette magnifique bague en jade jad\u00e9ite du Myanmar peut \u00eatre port\u00e9e en toute occasion. Qu&#039;il s&#039;agisse d&#039;une sortie d\u00e9contract\u00e9e ou d&#039;un \u00e9v\u00e9nement important, cette superbe pi\u00e8ce ne vous d\u00e9cevra jamais !<\/p>\n<ul>\n<li>\n<strong>Con\u00e7u pour \u00eatre port\u00e9 au quotidien :<\/strong> Cette bague en jade jad\u00e9ite a \u00e9t\u00e9 con\u00e7ue pour s&#039;adapter \u00e0 l&#039;usure quotidienne tout en restant belle.<\/li>\n<\/ul>\n<p>Ajoutez cette incroyable bague en argent S925 cabochon ovale de type A naturel jaune de haute qualit\u00e9 \u00e0 votre collection d\u00e8s aujourd&#039;hui\u00a0!<\/p>","protected":false},"excerpt":{"rendered":"<p>Cette bague en jade jad\u00e9ite naturelle jaune de type A de haute qualit\u00e9 est un ajout parfait \u00e0 votre collection de bijoux. Fabriqu\u00e9e avec un cabochon ovale mesurant 7,5 * 6 * 3 mm, la bague est fabriqu\u00e9e avec pr\u00e9cision pour cr\u00e9er un superbe bijou. La bague est r\u00e9glable. Taille unique. Num\u00e9ros de certificat : YJC2308343070. Jade exquis : La bague [\u2026]<\/p>","protected":false},"featured_media":4912,"comment_status":"open","ping_status":"closed","template":"","meta":[],"product_brand":[],"product_cat":[49,149,125],"product_tag":[],"class_list":{"0":"post-1455","1":"product","2":"type-product","3":"status-publish","4":"has-post-thumbnail","6":"product_cat-rings","7":"product_cat-s925-rings","8":"product_cat-s925-settings-jadeites","10":"first","11":"instock","12":"sale","13":"shipping-taxable","14":"purchasable","15":"product-type-simple"},"_links":{"self":[{"href":"https:\/\/shop.yipinqian.com\/fr\/wp-json\/wp\/v2\/product\/1455","targetHints":{"allow":["GET"]}}],"collection":[{"href":"https:\/\/shop.yipinqian.com\/fr\/wp-json\/wp\/v2\/product"}],"about":[{"href":"https:\/\/shop.yipinqian.com\/fr\/wp-json\/wp\/v2\/types\/product"}],"replies":[{"embeddable":true,"href":"https:\/\/shop.yipinqian.com\/fr\/wp-json\/wp\/v2\/comments?post=1455"}],"version-history":[{"count":0,"href":"https:\/\/shop.yipinqian.com\/fr\/wp-json\/wp\/v2\/product\/1455\/revisions"}],"wp:featuredmedia":[{"embeddable":true,"href":"https:\/\/shop.yipinqian.com\/fr\/wp-json\/wp\/v2\/media\/4912"}],"wp:attachment":[{"href":"https:\/\/shop.yipinqian.com\/fr\/wp-json\/wp\/v2\/media?parent=1455"}],"wp:term":[{"taxonomy":"product_brand","embeddable":true,"href":"https:\/\/shop.yipinqian.com\/fr\/wp-json\/wp\/v2\/product_brand?post=1455"},{"taxonomy":"product_cat","embeddable":true,"href":"https:\/\/shop.yipinqian.com\/fr\/wp-json\/wp\/v2\/product_cat?post=1455"},{"taxonomy":"product_tag","embeddable":true,"href":"https:\/\/shop.yipinqian.com\/fr\/wp-json\/wp\/v2\/product_tag?post=1455"}],"curies":[{"name":"wp","href":"https:\/\/api.w.org\/{rel}","templated":true}]}}