{"id":1451,"date":"2024-10-24T23:19:17","date_gmt":"2024-10-24T15:19:17","guid":{"rendered":"https:\/\/shop.yipinqian.com\/product\/high-quality-semi-icy-cabochon-with-good-translucency-natural-type-a-jadeite-jade-set-with-s925-as-adjustable-ring-certificate-weighs-2-75-grams-measurement-12-9-11-4-8-s925ring16\/"},"modified":"2025-02-17T00:02:46","modified_gmt":"2025-02-16T16:02:46","slug":"high-quality-semi-icy-cabochon-with-good-translucency-natural-type-a-jadeite-jade-set-with-s925-as-adjustable-ring-certificate-weighs-2-75-grams-measurement-12-9-11-4-8-s925ring16","status":"publish","type":"product","link":"https:\/\/shop.yipinqian.com\/fr\/produit\/high-quality-semi-icy-cabochon-with-good-translucency-natural-type-a-jadeite-jade-set-with-s925-as-adjustable-ring-certificate-weighs-2-75-grams-measurement-12-9-11-4-8-s925ring16\/","title":{"rendered":"Cabochon semi-glac\u00e9 de haute qualit\u00e9 avec une bonne translucidit\u00e9 Jade jad\u00e9ite naturelle de type A serti de S925 comme bague r\u00e9glable, certificat p\u00e8se 2,75 grammes, mesure 12,9 * 11 * 4,8 (s925ring15)"},"content":{"rendered":"<p>Cette bague en jade jad\u00e9ite naturelle de type A \u00e0 cabochon semi-glac\u00e9 de haute qualit\u00e9 est un superbe bijou qui respire l&#039;\u00e9l\u00e9gance et le style.<\/p>\n<p><\/p>\n<p>Num\u00e9ros de certificat : GD2203H005243<\/p>\n<p><img fetchpriority=\"high\" decoding=\"async\" src=\"https:\/\/shop.yipinqian.com\/wp-content\/uploads\/2024\/10\/03ec94288b17478d9f8f7142aa60aea7tplv-aphluv4xwc-origin-jpeg.jpeg?from=476444299\" width=\"1080\" height=\"1080\"><\/p>\n<ul>\n<li>\n<strong>Mat\u00e9riel:<\/strong> Fabriqu\u00e9e avec du jade jad\u00e9ite naturel de type A et du S925 comme monture de bague r\u00e9glable (taille libre), cette pi\u00e8ce est \u00e0 la fois luxueuse et durable.<\/li>\n<li>\n<strong>Translucidit\u00e9 :<\/strong> B\u00e9n\u00e9ficiant d&#039;une bonne translucidit\u00e9, le cabochon de jade refl\u00e8te magnifiquement la lumi\u00e8re, ajoutant une touche de sophistication \u00e0 n&#039;importe quelle tenue.<\/li>\n<li>\n<strong>Certificat:<\/strong> Cette bague est accompagn\u00e9e d&#039;un certificat authentifiant la qualit\u00e9 du jade utilis\u00e9 dans sa cr\u00e9ation.<\/li>\n<\/ul>\n<p>Pes\u00e9e <strong>2,75 grammes<\/strong> et mesurer <strong>12,9 * 11 * 4,8 mm<\/strong>, cette bague S925 (s925ring16) est un accessoire polyvalent adapt\u00e9 au port quotidien par les femmes qui appr\u00e9cient l&#039;artisanat raffin\u00e9.<\/p>\n<ul>\n<li>\n<strong>Type de jade :<\/strong> Cette pi\u00e8ce exquise pr\u00e9sente du jade jad\u00e9ite naturel de type A, connu pour sa qualit\u00e9 et sa beaut\u00e9 exceptionnelles.<\/li>\n<li>Cadre luxueux : le mat\u00e9riau secondaire utilis\u00e9 dans cette cr\u00e9ation est le CZ compl\u00e9t\u00e9 par un mat\u00e9riau de monture S925 qui am\u00e9liore son attrait g\u00e9n\u00e9ral<\/li>\n<li>.<\/li>\n<\/ul>\n<p>Rehaussez votre collection de bijoux avec cette magnifique bague en jade du Myanmar, un choix parfait pour ceux qui recherchent une \u00e9l\u00e9gance intemporelle sans compromettre le style ou la qualit\u00e9 !<\/p>\n<p><\/p>\n<p><strong>La jad\u00e9ite naturelle n&#039;est pas parfaite, juste un petit rappel : notre jad\u00e9ite naturelle, comme toutes les belles choses de la nature, poss\u00e8de ses caract\u00e9ristiques et ses variations uniques. Nous invitons nos pr\u00e9cieux clients \u00e0 adopter ces variations naturelles. Bon shopping !<\/strong><\/p>\n<p><\/p>\n<p><strong><u>Aucune des photos et des s\u00e9quences vid\u00e9o n&#039;a \u00e9t\u00e9 filtr\u00e9e. Nous encourageons nos clients \u00e0 regarder \u00e9galement les vid\u00e9os d&#039;accompagnement pour une vue plus compl\u00e8te de nos produits<\/u><\/strong><\/p>\n<p><\/p>\n<ul>\n<li>Diff\u00e9rentes plates-formes ne peuvent visionner des vid\u00e9os que via le bureau<\/li>\n<\/ul>\n<p>.<\/p>","protected":false},"excerpt":{"rendered":"<p>Cette bague en jade jad\u00e9ite naturelle de type A de haute qualit\u00e9 est un superbe bijou qui respire l&#039;\u00e9l\u00e9gance et le style. Num\u00e9ros de certificat : GD2203H005243 Mat\u00e9riau : Fabriqu\u00e9e en jade jad\u00e9ite naturelle de type A et en S925 comme monture de bague r\u00e9glable (taille unique), cette pi\u00e8ce est \u00e0 la fois luxueuse et durable. Translucidit\u00e9 : B\u00e9n\u00e9ficiant d&#039;une bonne translucidit\u00e9, le jade [\u2026]<\/p>","protected":false},"featured_media":4867,"comment_status":"open","ping_status":"closed","template":"","meta":[],"product_brand":[],"product_cat":[80,149,125],"product_tag":[101,64,52,72,92,65,55,71,67,59,60],"class_list":{"0":"post-1451","1":"product","2":"type-product","3":"status-publish","4":"has-post-thumbnail","6":"product_cat-jade-rings","7":"product_cat-s925-rings","8":"product_cat-s925-settings-jadeites","9":"product_tag-adjustable","10":"product_tag-cabochon","11":"product_tag-certified","12":"product_tag-female","13":"product_tag-free-size","14":"product_tag-high-quality","15":"product_tag-jadeite","16":"product_tag-ring","17":"product_tag-s925","18":"product_tag-translucent","19":"product_tag-type-a-jadeite","21":"first","22":"instock","23":"sale","24":"shipping-taxable","25":"purchasable","26":"product-type-simple"},"_links":{"self":[{"href":"https:\/\/shop.yipinqian.com\/fr\/wp-json\/wp\/v2\/product\/1451","targetHints":{"allow":["GET"]}}],"collection":[{"href":"https:\/\/shop.yipinqian.com\/fr\/wp-json\/wp\/v2\/product"}],"about":[{"href":"https:\/\/shop.yipinqian.com\/fr\/wp-json\/wp\/v2\/types\/product"}],"replies":[{"embeddable":true,"href":"https:\/\/shop.yipinqian.com\/fr\/wp-json\/wp\/v2\/comments?post=1451"}],"version-history":[{"count":0,"href":"https:\/\/shop.yipinqian.com\/fr\/wp-json\/wp\/v2\/product\/1451\/revisions"}],"wp:featuredmedia":[{"embeddable":true,"href":"https:\/\/shop.yipinqian.com\/fr\/wp-json\/wp\/v2\/media\/4867"}],"wp:attachment":[{"href":"https:\/\/shop.yipinqian.com\/fr\/wp-json\/wp\/v2\/media?parent=1451"}],"wp:term":[{"taxonomy":"product_brand","embeddable":true,"href":"https:\/\/shop.yipinqian.com\/fr\/wp-json\/wp\/v2\/product_brand?post=1451"},{"taxonomy":"product_cat","embeddable":true,"href":"https:\/\/shop.yipinqian.com\/fr\/wp-json\/wp\/v2\/product_cat?post=1451"},{"taxonomy":"product_tag","embeddable":true,"href":"https:\/\/shop.yipinqian.com\/fr\/wp-json\/wp\/v2\/product_tag?post=1451"}],"curies":[{"name":"wp","href":"https:\/\/api.w.org\/{rel}","templated":true}]}}