{"id":1450,"date":"2024-10-24T23:19:17","date_gmt":"2024-10-24T15:19:17","guid":{"rendered":"https:\/\/shop.yipinqian.com\/product\/high-quality-premium-collectible-natural-type-a-jadeite-jade-pendant-necklace-crafted-as-dragon-with-certificate-included-weigh-59-65-grams-measurement-69-3-36-5-18-3-mm-pendant186\/"},"modified":"2025-02-24T01:34:19","modified_gmt":"2025-02-23T17:34:19","slug":"high-quality-premium-collectible-natural-type-a-jadeite-jade-pendant-necklace-crafted-as-dragon-with-certificate-included-weigh-59-65-grams-measurement-69-3-36-5-18-3-mm-pendant186","status":"publish","type":"product","link":"https:\/\/shop.yipinqian.com\/fr\/produit\/high-quality-premium-collectible-natural-type-a-jadeite-jade-pendant-necklace-crafted-as-dragon-with-certificate-included-weigh-59-65-grams-measurement-69-3-36-5-18-3-mm-pendant186\/","title":{"rendered":"High Quality Premium Collectible Natural Type A Jadeite Jade Pendant Necklace crafted as Dragon with certificate included weigh 59.65 grams, measurement 69.3 * 36.5 * 18.3 mm (pendant186)"},"content":{"rendered":"<p>Elevate your jewelry collection with this stunning High Quality Premium Collectible Natural Type A Jadeite Jade Pendant Necklace. Crafted in the shape of a dragon, this exquisite piece weighs 59.65 grams and measures 69.3 * 36.5 * 18.3 mm (pendant186), making it a true statement piece.<\/p>\n<p><\/p>\n<p><strong>Certificate numbers: SZ21253000<\/strong><\/p>\n<ul>\n<li>\n<strong>Jad\u00e9ite naturelle de type A :<\/strong> Made from natural type A jadeite, this pendant necklace is of the highest quality and sure to impress.<\/li>\n<li>\n<strong>Avec certificat :<\/strong> Comes with a certificate of authenticity to ensure its quality and value.<\/li>\n<li>\n<strong>Style de collier \u00e9l\u00e9gant :<\/strong> The elegant necklace style makes it perfect for daily wear or special occasions.<\/li>\n<\/ul>\n<p>Hailing from Myanmar, also known as Burma, this stunning pendant necklace is perfect for both men and women due to its unisex design &#8211; making it an ideal gift for anyone in your life who loves high-quality jewelry pieces that are sure to make an impression.<\/p>\n<ul>\n<li>\n<strong>OCCASION:<\/strong>\u00c0 porter au quotidien<\/li>\n<\/ul>\n<p>Please note that while there is no warranty associated with this product, you can rest assured knowing you are getting a high-quality piece that will stand the test of time thanks to its expert craftsmanship using only premium materials &#8211; like natural type A jadeite &#8211; throughout every step of production process!<\/p>\n<p><\/p>\n<p>Yi Pin Qian \u2013 N\u00e9gociant en pierres pr\u00e9cieuses et m\u00e9taux pr\u00e9cieux \u00e0 Singapour \u2013 Num\u00e9ro de licence PS20190000031<\/p>\n<p><\/p>\n<p>*Toutes les jad\u00e9ites achet\u00e9es chez Yi Pin Qian \u00e0 Singapour, les clients peuvent r\u00e9server des cr\u00e9neaux pour le polissage ou une r\u00e9paration mineure en cas de mauvaise manipulation - des frais s&#039;appliquent et uniquement pour les clients de Yi Pin Qian \u00e0 Singapour*<\/p>\n<p><\/p>\n<p><strong>**Types de certificats**<\/strong><\/p>\n<p><\/p>\n<p><strong>NGI (Nan Yang Gemmologie)<\/strong><\/p>\n<p>ou <strong>Certificats \u00e9trangers <\/strong>(Yi Pin Qian utilise uniquement des certificats authentiques provenant de laboratoires \u00e9trangers et contr\u00f4le \u00e9galement la qualit\u00e9 de chacun de nos produits avant de les mettre en vente \u00e0 Singapour)<\/p>\n<p><\/p>\n<p>Chaque produit sur TikTok aura le type de certificat fourni indiqu\u00e9 dans la description. Pour tout client souhaitant envoyer sa commande \u00e0 NGI Singapore, il y aura un d\u00e9lai d&#039;attente pour la livraison de la commande estim\u00e9 \u00e0 environ 4 semaines pour recevoir votre commande. <strong>Les demandes de rapport sur les pierres pr\u00e9cieuses NGI doivent \u00eatre effectu\u00e9es en envoyant un message \u00e0 la boutique TikTok de Yi Pin Qian.<\/strong> Merci, <strong><u>des frais suppl\u00e9mentaires s&#039;appliquent<\/u><\/strong>.<\/p>\n<p><\/p>\n<p><strong>La jad\u00e9ite naturelle n&#039;est pas parfaite, juste un petit rappel : notre jad\u00e9ite naturelle, comme toutes les belles choses de la nature, poss\u00e8de ses caract\u00e9ristiques et ses variations uniques. Nous invitons nos pr\u00e9cieux clients \u00e0 adopter ces variations naturelles. Bon shopping !<\/strong><\/p>\n<p><\/p>\n<p><strong><u>Aucune des photos et des s\u00e9quences vid\u00e9o n&#039;a \u00e9t\u00e9 filtr\u00e9e. Nous encourageons nos clients \u00e0 regarder \u00e9galement les vid\u00e9os d&#039;accompagnement pour une vue plus compl\u00e8te de nos produits<\/u><\/strong><\/p>","protected":false},"excerpt":{"rendered":"<p>Elevate your jewelry collection with this stunning High Quality Premium Collectible Natural Type A Jadeite Jade Pendant Necklace. Crafted in the shape of a dragon, this exquisite piece weighs 59.65 grams and measures 69.3 * 36.5 * 18.3 mm (pendant186), making it a true statement piece. Certificate numbers: SZ21253000 Natural Type A Jadeite: Made from [&hellip;]<\/p>","protected":false},"featured_media":4857,"comment_status":"open","ping_status":"closed","template":"","meta":[],"product_brand":[],"product_cat":[196],"product_tag":[],"class_list":{"0":"post-1450","1":"product","2":"type-product","3":"status-publish","4":"has-post-thumbnail","6":"product_cat-vault-collection","8":"first","9":"instock","10":"sale","11":"shipping-taxable","12":"purchasable","13":"product-type-simple"},"_links":{"self":[{"href":"https:\/\/shop.yipinqian.com\/fr\/wp-json\/wp\/v2\/product\/1450","targetHints":{"allow":["GET"]}}],"collection":[{"href":"https:\/\/shop.yipinqian.com\/fr\/wp-json\/wp\/v2\/product"}],"about":[{"href":"https:\/\/shop.yipinqian.com\/fr\/wp-json\/wp\/v2\/types\/product"}],"replies":[{"embeddable":true,"href":"https:\/\/shop.yipinqian.com\/fr\/wp-json\/wp\/v2\/comments?post=1450"}],"version-history":[{"count":0,"href":"https:\/\/shop.yipinqian.com\/fr\/wp-json\/wp\/v2\/product\/1450\/revisions"}],"wp:featuredmedia":[{"embeddable":true,"href":"https:\/\/shop.yipinqian.com\/fr\/wp-json\/wp\/v2\/media\/4857"}],"wp:attachment":[{"href":"https:\/\/shop.yipinqian.com\/fr\/wp-json\/wp\/v2\/media?parent=1450"}],"wp:term":[{"taxonomy":"product_brand","embeddable":true,"href":"https:\/\/shop.yipinqian.com\/fr\/wp-json\/wp\/v2\/product_brand?post=1450"},{"taxonomy":"product_cat","embeddable":true,"href":"https:\/\/shop.yipinqian.com\/fr\/wp-json\/wp\/v2\/product_cat?post=1450"},{"taxonomy":"product_tag","embeddable":true,"href":"https:\/\/shop.yipinqian.com\/fr\/wp-json\/wp\/v2\/product_tag?post=1450"}],"curies":[{"name":"wp","href":"https:\/\/api.w.org\/{rel}","templated":true}]}}