{"id":1448,"date":"2024-10-24T23:19:16","date_gmt":"2024-10-24T15:19:16","guid":{"rendered":"https:\/\/shop.yipinqian.com\/product\/high-quality-natural-type-a-jadeite-jade-crafted-as-ruyi-milo-buddha-as-pendant-certificate-weighs-47-74-grams-measurement-50-2-40-5-12-9-mm-pendant254\/"},"modified":"2025-02-17T00:02:45","modified_gmt":"2025-02-16T16:02:45","slug":"high-quality-natural-type-a-jadeite-jade-crafted-as-ruyi-milo-buddha-as-pendant-certificate-weighs-47-74-grams-measurement-50-2-40-5-12-9-mm-pendant254","status":"publish","type":"product","link":"https:\/\/shop.yipinqian.com\/fr\/produit\/high-quality-natural-type-a-jadeite-jade-crafted-as-ruyi-milo-buddha-as-pendant-certificate-weighs-47-74-grams-measurement-50-2-40-5-12-9-mm-pendant254\/","title":{"rendered":"High Quality Natural Type A Jadeite Jade crafted as Ruyi Milo Buddha as Pendant, certificate weighs 47.74 grams, measurement 50.2 * 40.5 * 12.9 mm (pendant254)"},"content":{"rendered":"<p>Adorn yourself with this exquisite High Quality Natural Type A Jadeite Jade pendant, finely crafted as Ruyi Milo Buddha. This unique piece weighs 47.74 grams and measures 50.2 * 40.5 * 12.9 mm.<\/p>\n<p>\u00a0<\/p>\n<p>Certificate numbers: SZ21367107<\/p>\n<p><img fetchpriority=\"high\" decoding=\"async\" height=\"1080\" src=\"https:\/\/shop.yipinqian.com\/wp-content\/uploads\/2024\/10\/7e8836810cfe10364cd5b2807486e847.jpg?from=476444299\" width=\"1080\"><\/p>\n<ul>\n<li>\n<strong>Mat\u00e9riel:<\/strong> Jade jad\u00e9ite de type A<\/li>\n<li>\n<strong>Pendant Design:<\/strong> Ruyi Milo Buddha<\/li>\n<li>\n<strong>Certificat:<\/strong> Oui<\/li>\n<li><strong>Pays d&#039;origine : Myanmar<\/strong><\/li>\n<li><strong>Ooccasion: Auspicious<\/strong><\/li>\n<li><strong>\u00a0Jade Style: Jadeiter<\/strong><\/li>\n<li><strong>This stunning pendant exudes elegance and charm, making it a perfect accessory for any occasion. Elevate your style with this symbolic piece of jewelry that embodies beauty and positivity.<\/strong><\/li>\n<\/ul>\n<p><strong>La jad\u00e9ite naturelle n&#039;est pas parfaite, juste un petit rappel : notre jad\u00e9ite naturelle, comme toutes les belles choses de la nature, poss\u00e8de ses caract\u00e9ristiques et ses variations uniques. Nous invitons nos pr\u00e9cieux clients \u00e0 adopter ces variations naturelles. Bon shopping !<\/strong><\/p>\n<p>\u00a0<\/p>\n<p><strong><u>Aucune des photos et des s\u00e9quences vid\u00e9o n&#039;a \u00e9t\u00e9 filtr\u00e9e. Nous encourageons nos clients \u00e0 regarder \u00e9galement les vid\u00e9os d&#039;accompagnement pour une vue plus compl\u00e8te de nos produits<\/u><\/strong><\/p>","protected":false},"excerpt":{"rendered":"<p>Adorn yourself with this exquisite High Quality Natural Type A Jadeite Jade pendant, finely crafted as Ruyi Milo Buddha. This unique piece weighs 47.74 grams and measures 50.2 * 40.5 * 12.9 mm. \u00a0 Certificate numbers: SZ21367107 Material: Type A Jadeite Jade Pendant Design: Ruyi Milo Buddha Certificate: Yes Country of Origin: Myanmar Ooccasion: Auspicious [&hellip;]<\/p>","protected":false},"featured_media":4822,"comment_status":"open","ping_status":"closed","template":"","meta":[],"product_brand":[],"product_cat":[48],"product_tag":[],"class_list":{"0":"post-1448","1":"product","2":"type-product","3":"status-publish","4":"has-post-thumbnail","6":"product_cat-pendants","8":"first","9":"instock","10":"sale","11":"shipping-taxable","12":"purchasable","13":"product-type-simple"},"_links":{"self":[{"href":"https:\/\/shop.yipinqian.com\/fr\/wp-json\/wp\/v2\/product\/1448","targetHints":{"allow":["GET"]}}],"collection":[{"href":"https:\/\/shop.yipinqian.com\/fr\/wp-json\/wp\/v2\/product"}],"about":[{"href":"https:\/\/shop.yipinqian.com\/fr\/wp-json\/wp\/v2\/types\/product"}],"replies":[{"embeddable":true,"href":"https:\/\/shop.yipinqian.com\/fr\/wp-json\/wp\/v2\/comments?post=1448"}],"version-history":[{"count":0,"href":"https:\/\/shop.yipinqian.com\/fr\/wp-json\/wp\/v2\/product\/1448\/revisions"}],"wp:featuredmedia":[{"embeddable":true,"href":"https:\/\/shop.yipinqian.com\/fr\/wp-json\/wp\/v2\/media\/4822"}],"wp:attachment":[{"href":"https:\/\/shop.yipinqian.com\/fr\/wp-json\/wp\/v2\/media?parent=1448"}],"wp:term":[{"taxonomy":"product_brand","embeddable":true,"href":"https:\/\/shop.yipinqian.com\/fr\/wp-json\/wp\/v2\/product_brand?post=1448"},{"taxonomy":"product_cat","embeddable":true,"href":"https:\/\/shop.yipinqian.com\/fr\/wp-json\/wp\/v2\/product_cat?post=1448"},{"taxonomy":"product_tag","embeddable":true,"href":"https:\/\/shop.yipinqian.com\/fr\/wp-json\/wp\/v2\/product_tag?post=1448"}],"curies":[{"name":"wp","href":"https:\/\/api.w.org\/{rel}","templated":true}]}}