{"id":1446,"date":"2024-10-24T23:19:15","date_gmt":"2024-10-24T15:19:15","guid":{"rendered":"https:\/\/shop.yipinqian.com\/product\/high-quality-natural-type-a-jadeite-jade-crafted-as-pixiu-set-with-18k-gold-as-ring-finger-size-16mm-certificate-weighs-3-13-grams-measurement-14-1-10-4-5-5-mm-18kring30\/"},"modified":"2025-02-17T00:02:45","modified_gmt":"2025-02-16T16:02:45","slug":"high-quality-natural-type-a-jadeite-jade-crafted-as-pixiu-set-with-18k-gold-as-ring-finger-size-16mm-certificate-weighs-3-13-grams-measurement-14-1-10-4-5-5-mm-18kring30","status":"publish","type":"product","link":"https:\/\/shop.yipinqian.com\/fr\/produit\/high-quality-natural-type-a-jadeite-jade-crafted-as-pixiu-set-with-18k-gold-as-ring-finger-size-16mm-certificate-weighs-3-13-grams-measurement-14-1-10-4-5-5-mm-18kring30\/","title":{"rendered":"Jade jad\u00e9ite naturelle de type A de haute qualit\u00e9 fabriqu\u00e9e en Pixiu sertie d&#039;or 18 carats comme bague, taille de doigt 16 mm, certificat p\u00e8se 3,13 grammes, mesure 14,1 * 10,4 * 5,5 mm (18kring30)"},"content":{"rendered":"<p>This exquisite ring features High Quality Natural Type A Jadeite Jade crafted as a Pixiu design, set with 18k Gold. A stunning piece of jewelry suitable for daily wear.<\/p>\n<p>\u00a0<\/p>\n<p>Certificate numbers: GD2111H005841<\/p>\n<p>Cabochon Measurement: 14.1 * 10.4 * 5.5 mm<\/p>\n<p>Finger Size: 16mm<\/p>\n<p>18k Gold: 1.69 grams<\/p>\n<p><img fetchpriority=\"high\" decoding=\"async\" height=\"1080\" src=\"https:\/\/shop.yipinqian.com\/wp-content\/uploads\/2024\/10\/0e763d1b70fc09fc8458bfd1e8c0fe98.jpg?from=476444299\" width=\"1080\"><\/p>\n<ul>\n<li>\n<strong>Mat\u00e9riel:<\/strong> The setting material is PT\/Carat Gold, adding a touch of luxury to the design.<\/li>\n<li>\n<strong>Taille:<\/strong> The finger size is 16mm, ensuring a comfortable fit for the wearer.<\/li>\n<li>\n<strong>Certificat:<\/strong> This ring comes with a certificate verifying the authenticity of the jade and gold used in its creation.<\/li>\n<\/ul>\n<p>The jadeite jade in this ring originates from Myanmar, known for producing some of the finest quality jade in the world. The intricate Pixiu design adds an element of elegance and charm to this piece, making it an ideal accessory for any occasion.<\/p>\n<ul>\n<li>\n<strong>Type de jade :<\/strong> The type A Jadeite used ensures high quality and authenticity in this stunning piece<\/li>\n<\/ul>\n<p>Yi Pin Qian \u2013 N\u00e9gociant en pierres pr\u00e9cieuses et m\u00e9taux pr\u00e9cieux \u00e0 Singapour \u2013 Num\u00e9ro de licence PS20190000031<\/p>\n<p>\u00a0<\/p>\n<p>*Toutes les jad\u00e9ites achet\u00e9es chez Yi Pin Qian \u00e0 Singapour, les clients peuvent r\u00e9server des cr\u00e9neaux pour le polissage ou une r\u00e9paration mineure en cas de mauvaise manipulation - des frais s&#039;appliquent et uniquement pour les clients de Yi Pin Qian \u00e0 Singapour*<\/p>\n<p>\u00a0<\/p>\n<p><strong>**Types de certificats**<\/strong><\/p>\n<p>\u00a0<\/p>\n<p><strong>NGI (Nan Yang Gemmologie)<\/strong><\/p>\n<p>ou <strong>Certificats \u00e9trangers <\/strong>(Yi Pin Qian utilise uniquement des certificats authentiques provenant de laboratoires \u00e9trangers et contr\u00f4le \u00e9galement la qualit\u00e9 de chacun de nos produits avant de les mettre en vente \u00e0 Singapour)<\/p>\n<p>\u00a0<\/p>\n<p>Chaque produit sur TikTok aura le type de certificat fourni indiqu\u00e9 dans la description. Pour tout client souhaitant envoyer sa commande \u00e0 NGI Singapore, il y aura un d\u00e9lai d&#039;attente pour la livraison de la commande estim\u00e9 \u00e0 environ 4 semaines pour recevoir votre commande. <strong>Les demandes de rapport sur les pierres pr\u00e9cieuses NGI doivent \u00eatre effectu\u00e9es en envoyant un message \u00e0 la boutique TikTok de Yi Pin Qian.<\/strong> Merci, <strong><u>des frais suppl\u00e9mentaires s&#039;appliquent<\/u><\/strong>.<\/p>\n<p>\u00a0<\/p>\n<p><strong>La jad\u00e9ite naturelle n&#039;est pas parfaite, juste un petit rappel : notre jad\u00e9ite naturelle, comme toutes les belles choses de la nature, poss\u00e8de ses caract\u00e9ristiques et ses variations uniques. Nous invitons nos pr\u00e9cieux clients \u00e0 adopter ces variations naturelles. Bon shopping !<\/strong><\/p>\n<p>\u00a0<\/p>\n<p><strong><u>Aucune des photos et des s\u00e9quences vid\u00e9o n&#039;a \u00e9t\u00e9 filtr\u00e9e. Nous encourageons nos clients \u00e0 regarder \u00e9galement les vid\u00e9os d&#039;accompagnement pour une vue plus compl\u00e8te de nos produits<\/u><\/strong><\/p>","protected":false},"excerpt":{"rendered":"<p>Cette bague exquise est compos\u00e9e de jade jad\u00e9ite naturel de type A de haute qualit\u00e9, con\u00e7u selon un design Pixiu, serti d&#039;or 18 carats. Un superbe bijou adapt\u00e9 \u00e0 un usage quotidien. Num\u00e9ros de certificat : GD2111H005841 Dimensions du cabochon : 14,1 * 10,4 * 5,5 mm Taille du doigt : 16 mm Or 18 carats : 1,69 gramme Mat\u00e9riau : Le mat\u00e9riau de la monture est l&#039;or PT\/carat, [\u2026]<\/p>","protected":false},"featured_media":4802,"comment_status":"open","ping_status":"closed","template":"","meta":[],"product_brand":[],"product_cat":[119,49],"product_tag":[50,52,88,72,53,54,55,56,60,62],"class_list":{"0":"post-1446","1":"product","2":"type-product","3":"status-publish","4":"has-post-thumbnail","6":"product_cat-18k-gold-ring-setting","7":"product_cat-rings","8":"product_tag-18k-gold","9":"product_tag-certified","10":"product_tag-diamonds","11":"product_tag-female","12":"product_tag-fine-quality","13":"product_tag-icy","14":"product_tag-jadeite","15":"product_tag-limited-editions","16":"product_tag-type-a-jadeite","17":"product_tag-yi-pin-qian-exclusive","19":"first","20":"instock","21":"sale","22":"shipping-taxable","23":"purchasable","24":"product-type-simple"},"_links":{"self":[{"href":"https:\/\/shop.yipinqian.com\/fr\/wp-json\/wp\/v2\/product\/1446","targetHints":{"allow":["GET"]}}],"collection":[{"href":"https:\/\/shop.yipinqian.com\/fr\/wp-json\/wp\/v2\/product"}],"about":[{"href":"https:\/\/shop.yipinqian.com\/fr\/wp-json\/wp\/v2\/types\/product"}],"replies":[{"embeddable":true,"href":"https:\/\/shop.yipinqian.com\/fr\/wp-json\/wp\/v2\/comments?post=1446"}],"version-history":[{"count":0,"href":"https:\/\/shop.yipinqian.com\/fr\/wp-json\/wp\/v2\/product\/1446\/revisions"}],"wp:featuredmedia":[{"embeddable":true,"href":"https:\/\/shop.yipinqian.com\/fr\/wp-json\/wp\/v2\/media\/4802"}],"wp:attachment":[{"href":"https:\/\/shop.yipinqian.com\/fr\/wp-json\/wp\/v2\/media?parent=1446"}],"wp:term":[{"taxonomy":"product_brand","embeddable":true,"href":"https:\/\/shop.yipinqian.com\/fr\/wp-json\/wp\/v2\/product_brand?post=1446"},{"taxonomy":"product_cat","embeddable":true,"href":"https:\/\/shop.yipinqian.com\/fr\/wp-json\/wp\/v2\/product_cat?post=1446"},{"taxonomy":"product_tag","embeddable":true,"href":"https:\/\/shop.yipinqian.com\/fr\/wp-json\/wp\/v2\/product_tag?post=1446"}],"curies":[{"name":"wp","href":"https:\/\/api.w.org\/{rel}","templated":true}]}}