{"id":1445,"date":"2024-10-24T23:19:15","date_gmt":"2024-10-24T15:19:15","guid":{"rendered":"https:\/\/shop.yipinqian.com\/product\/high-quality-light-lavender-light-green-with-yellow-patches-natural-type-a-jadeite-jade-crafted-with-guanyin-as-pendant-certificate-weigh-27-22-grams-measurement-63-44-3-6-8-mm-pendant229\/"},"modified":"2025-02-24T01:17:30","modified_gmt":"2025-02-23T17:17:30","slug":"high-quality-light-lavender-light-green-with-yellow-patches-natural-type-a-jadeite-jade-crafted-with-guanyin-as-pendant-certificate-weigh-27-22-grams-measurement-63-44-3-6-8-mm-pendant229","status":"publish","type":"product","link":"https:\/\/shop.yipinqian.com\/fr\/produit\/high-quality-light-lavender-light-green-with-yellow-patches-natural-type-a-jadeite-jade-crafted-with-guanyin-as-pendant-certificate-weigh-27-22-grams-measurement-63-44-3-6-8-mm-pendant229\/","title":{"rendered":"High Quality Light Lavender, Light Green with Yellow patches Natural Type A Jadeite Jade crafted with Guanyin as Pendant, certificate weigh 27.22 grams, measurement 63 * 44.3 * 6.8 mm (pendant229)"},"content":{"rendered":"<p>Indulge in the beauty of this High Quality Light Lavender, Light Green with Yellow patches Natural Type A Jadeite Jade crafted with Guanyin as Pendant. The pendant, weighing 27.22 grams and measuring 63 * 44.3 * 6.8 mm (pendant229), is a perfect adornment for any casual occasion.<\/p>\n<p>\u00a0<\/p>\n<p>Certificate numbers: GD2110H012861<\/p>\n<ul>\n<li>\n<strong>Jade jad\u00e9ite naturelle de type A :<\/strong> Crafted from genuine and high-quality natural Type A jadeite jade from Myanmar, this pendant is sure to add elegance to your jewelry collection.<\/li>\n<li>\n<strong>Certificat inclus :<\/strong> This product comes with a certificate of authenticity for added peace of mind that you&#8217;re getting a genuine jade product.<\/li>\n<li>\n<strong>Occasion propice :<\/strong> Perfect for any auspicious occasion or just as an everyday accessory, this pendant is versatile and can be worn by both men and women alike.<\/li>\n<\/ul>\n<p>Add an extra touch of sophistication to your look by wearing this stunning necklace accessory that features Guanyin as Pendant &#8211; the bodhisattva associated with compassion in East Asian Buddhism. The light lavender, light green hues mixed with yellow patches make it stand out among other jewelry accessories &#038; derivatives available in stores today!<\/p>\n<ul>\n<li>\n<strong>Aucune garantie :<\/strong> Please note that there&#8217;s no warranty offered on this product but rest assured you&#8217;re getting quality!<\/li>\n<\/ul>\n<p>Elevate your personal style or gift someone special &#8211; either way it&#8217;s sure to make anyone happy! Shop now!<\/p>\n<p>\u00a0<\/p>\n<p>Yi Pin Qian \u2013 N\u00e9gociant en pierres pr\u00e9cieuses et m\u00e9taux pr\u00e9cieux \u00e0 Singapour \u2013 Num\u00e9ro de licence PS20190000031<\/p>\n<p>\u00a0<\/p>\n<p>*Toutes les jad\u00e9ites achet\u00e9es chez Yi Pin Qian \u00e0 Singapour, les clients peuvent r\u00e9server des cr\u00e9neaux pour le polissage ou une r\u00e9paration mineure en cas de mauvaise manipulation - des frais s&#039;appliquent et uniquement pour les clients de Yi Pin Qian \u00e0 Singapour*<\/p>\n<p>\u00a0<\/p>\n<p><strong>**Types de certificats**<\/strong><\/p>\n<p>\u00a0<\/p>\n<p><strong>NGI (Nan Yang Gemmologie)<\/strong><\/p>\n<p>ou <strong>Certificats \u00e9trangers <\/strong>(Yi Pin Qian utilise uniquement des certificats authentiques provenant de laboratoires \u00e9trangers et contr\u00f4le \u00e9galement la qualit\u00e9 de chacun de nos produits avant de les mettre en vente \u00e0 Singapour)<\/p>\n<p>\u00a0<\/p>\n<p>Chaque produit sur TikTok aura le type de certificat fourni indiqu\u00e9 dans la description. Pour tout client souhaitant envoyer sa commande \u00e0 NGI Singapore, il y aura un d\u00e9lai d&#039;attente pour la livraison de la commande estim\u00e9 \u00e0 environ 4 semaines pour recevoir votre commande. <strong>Les demandes de rapport sur les pierres pr\u00e9cieuses NGI doivent \u00eatre effectu\u00e9es en envoyant un message \u00e0 la boutique TikTok de Yi Pin Qian.<\/strong> Merci, <strong><u>des frais suppl\u00e9mentaires s&#039;appliquent<\/u><\/strong>.<\/p>\n<p>\u00a0<\/p>\n<p><strong>La jad\u00e9ite naturelle n&#039;est pas parfaite, juste un petit rappel : notre jad\u00e9ite naturelle, comme toutes les belles choses de la nature, poss\u00e8de ses caract\u00e9ristiques et ses variations uniques. Nous invitons nos pr\u00e9cieux clients \u00e0 adopter ces variations naturelles. Bon shopping !<\/strong><\/p>\n<p>\u00a0<\/p>\n<p><strong><u>Aucune des photos et des s\u00e9quences vid\u00e9o n&#039;a \u00e9t\u00e9 filtr\u00e9e. Nous encourageons nos clients \u00e0 regarder \u00e9galement les vid\u00e9os d&#039;accompagnement pour une vue plus compl\u00e8te de nos produits<\/u><\/strong><\/p>\n<p>\u00a0<\/p>\n<p>.<\/p>","protected":false},"excerpt":{"rendered":"<p>Indulge in the beauty of this High Quality Light Lavender, Light Green with Yellow patches Natural Type A Jadeite Jade crafted with Guanyin as Pendant. The pendant, weighing 27.22 grams and measuring 63 * 44.3 * 6.8 mm (pendant229), is a perfect adornment for any casual occasion. \u00a0 Certificate numbers: GD2110H012861 Natural Type A Jadeite [&hellip;]<\/p>","protected":false},"featured_media":4783,"comment_status":"open","ping_status":"closed","template":"","meta":[],"product_brand":[],"product_cat":[195],"product_tag":[],"class_list":{"0":"post-1445","1":"product","2":"type-product","3":"status-publish","4":"has-post-thumbnail","6":"product_cat-heirloom-grade","8":"first","9":"instock","10":"sale","11":"shipping-taxable","12":"purchasable","13":"product-type-simple"},"_links":{"self":[{"href":"https:\/\/shop.yipinqian.com\/fr\/wp-json\/wp\/v2\/product\/1445","targetHints":{"allow":["GET"]}}],"collection":[{"href":"https:\/\/shop.yipinqian.com\/fr\/wp-json\/wp\/v2\/product"}],"about":[{"href":"https:\/\/shop.yipinqian.com\/fr\/wp-json\/wp\/v2\/types\/product"}],"replies":[{"embeddable":true,"href":"https:\/\/shop.yipinqian.com\/fr\/wp-json\/wp\/v2\/comments?post=1445"}],"version-history":[{"count":0,"href":"https:\/\/shop.yipinqian.com\/fr\/wp-json\/wp\/v2\/product\/1445\/revisions"}],"wp:featuredmedia":[{"embeddable":true,"href":"https:\/\/shop.yipinqian.com\/fr\/wp-json\/wp\/v2\/media\/4783"}],"wp:attachment":[{"href":"https:\/\/shop.yipinqian.com\/fr\/wp-json\/wp\/v2\/media?parent=1445"}],"wp:term":[{"taxonomy":"product_brand","embeddable":true,"href":"https:\/\/shop.yipinqian.com\/fr\/wp-json\/wp\/v2\/product_brand?post=1445"},{"taxonomy":"product_cat","embeddable":true,"href":"https:\/\/shop.yipinqian.com\/fr\/wp-json\/wp\/v2\/product_cat?post=1445"},{"taxonomy":"product_tag","embeddable":true,"href":"https:\/\/shop.yipinqian.com\/fr\/wp-json\/wp\/v2\/product_tag?post=1445"}],"curies":[{"name":"wp","href":"https:\/\/api.w.org\/{rel}","templated":true}]}}