{"id":14440,"date":"2024-12-07T09:37:13","date_gmt":"2024-12-07T01:37:13","guid":{"rendered":"https:\/\/shop.yipinqian.com\/ring-size-15-5-mm-sg-seller-crafted-as-pixiu-cabochon-on-natural-type-a-jadeite-jade-set-with-18k-gold-certificate-weighs-3-65-grams-measurement-14-3-11-5-9-mm-18kring37\/"},"modified":"2025-01-07T00:49:34","modified_gmt":"2025-01-06T16:49:34","slug":"ring-size-15-5-mm-sg-seller-crafted-as-pixiu-cabochon-on-natural-type-a-jadeite-jade-set-with-18k-gold-certificate-weighs-3-65-grams-measurement-14-3-11-5-9-mm-18kring37","status":"publish","type":"product","link":"https:\/\/shop.yipinqian.com\/fr\/produit\/ring-size-15-5-mm-sg-seller-crafted-as-pixiu-cabochon-on-natural-type-a-jadeite-jade-set-with-18k-gold-certificate-weighs-3-65-grams-measurement-14-3-11-5-9-mm-18kring37\/","title":{"rendered":"Taille de bague 15,5 mm \u2013 Vendeur SG \u2013 Fabriqu\u00e9 en cabochon Pixiu sur jade jad\u00e9ite naturel de type A serti d&#039;or 18 carats, le certificat p\u00e8se 3,65 grammes, mesure 14,3 * 11 * 5,9 mm (18kring37)"},"content":{"rendered":"<p>Cette superbe bague pr\u00e9sente un cabochon Pixiu sur du jade jad\u00e9ite naturel de type A, \u00e9l\u00e9gamment serti d&#039;or 18 carats.<\/p>\n<p><\/p>\n<p>Num\u00e9ros de certificat : GD2111H004433<\/p>\n<p>Or 18 carats : 1,93 grammes<\/p>\n<p><img fetchpriority=\"high\" decoding=\"async\" src=\"https:\/\/shop.yipinqian.com\/wp-content\/uploads\/2024\/12\/842bfe499bc74a13b79451a1ad7dde15tplv-aphluv4xwc-origin-jpeg.jpeg?dr=15568&#038;nonce=30491&#038;refresh_token=34d296d1a5250cf21a0dfb0bf8b2fb9c&#038;from=476444299&#038;idc=my2&#038;ps=933b5bde&#038;shcp=9b759fb9&#038;shp=1c65f68b&#038;t=555f072d\" width=\"709\" height=\"598\"><\/p>\n<ul>\n<li><strong>Caract\u00e9ristiques principales :<\/strong><\/li>\n<li>Taille de la bague : 15,5 mm<\/li>\n<li>Certificat inclus<\/li>\n<li>P\u00e8se 3,65 grammes<\/li>\n<li>Mesure: 14,3 * 11 * 5,9 mm<\/li>\n<li>Originaire du Myanmar, cette pi\u00e8ce de bon augure est parfaite pour les femmes qui appr\u00e9cient la beaut\u00e9 de la jad\u00e9ite.<\/li>\n<li><strong>Attributs du produit :<\/strong><\/li>\n<li>Certificat inclus : Oui <\/li>\n<\/ul>\n<p><img decoding=\"async\" src=\"https:\/\/shop.yipinqian.com\/wp-content\/uploads\/2024\/12\/e6f43a2e5af04197aaab8edeff4ada30tplv-aphluv4xwc-origin-jpeg.jpeg?dr=15568&#038;nonce=66706&#038;refresh_token=93a8a9ec8e93f1705ceb2580c7dc63fc&#038;from=476444299&#038;idc=my2&#038;ps=933b5bde&#038;shcp=9b759fb9&#038;shp=1c65f68b&#038;t=555f072d\" width=\"1200\" height=\"1600\"><img decoding=\"async\" src=\"https:\/\/shop.yipinqian.com\/wp-content\/uploads\/2024\/12\/f23d5aee757c413eaa1e31f697ca6abftplv-aphluv4xwc-origin-jpeg.jpeg?dr=15568&#038;nonce=91542&#038;refresh_token=bfb525b218f633e6779f619cd9c9ffc2&#038;from=476444299&#038;idc=my2&#038;ps=933b5bde&#038;shcp=9b759fb9&#038;shp=1c65f68b&#038;t=555f072d\" width=\"1536\" height=\"2048\"><img loading=\"lazy\" decoding=\"async\" src=\"https:\/\/shop.yipinqian.com\/wp-content\/uploads\/2024\/12\/8fd81085fddf420cb280742c57779fd8tplv-aphluv4xwc-origin-jpeg.jpeg?dr=15568&#038;nonce=72920&#038;refresh_token=5a9c6fdf7625d7ec0f46cbdcc246e924&#038;from=476444299&#038;idc=my2&#038;ps=933b5bde&#038;shcp=9b759fb9&#038;shp=1c65f68b&#038;t=555f072d\" width=\"1536\" height=\"2048\"><\/p>\n<p>Yi Pin Qian \u2013 N\u00e9gociant en pierres pr\u00e9cieuses et m\u00e9taux pr\u00e9cieux \u00e0 Singapour \u2013 Num\u00e9ro de licence PS20190000031<\/p>\n<p><\/p>\n<p>*Toutes les jad\u00e9ites achet\u00e9es chez Yi Pin Qian \u00e0 Singapour, les clients peuvent r\u00e9server des cr\u00e9neaux pour le polissage ou une r\u00e9paration mineure en cas de mauvaise manipulation - des frais s&#039;appliquent et uniquement pour les clients de Yi Pin Qian \u00e0 Singapour*<\/p>\n<p><\/p>\n<p><strong>**Types de certificats**<\/strong><\/p>\n<p><\/p>\n<p><strong>NGI (Nan Yang Gemmologie)<\/strong><\/p>\n<p>ou <strong>Certificats \u00e9trangers <\/strong>(Yi Pin Qian utilise uniquement des certificats authentiques provenant de laboratoires \u00e9trangers et contr\u00f4le \u00e9galement la qualit\u00e9 de chacun de nos produits avant de les mettre en vente \u00e0 Singapour)<\/p>\n<p><\/p>\n<p>Chaque produit sur TikTok aura le type de certificat fourni indiqu\u00e9 dans la description. Pour tout client souhaitant envoyer sa commande \u00e0 NGI Singapore, <strong>Les demandes de rapport NGI Gemstone doivent \u00eatre effectu\u00e9es en nous envoyant un message.<\/strong> Merci, <strong><u>des frais suppl\u00e9mentaires s&#039;appliquent<\/u><\/strong> \u2013 $90 pour la jad\u00e9ite \/ $150 pour la jad\u00e9ite avec de l\u2019or 18 carats \u2013 ce n\u2019est pas obligatoire car la plupart de nos produits sont d\u00e9j\u00e0 livr\u00e9s avec un certificat d\u2019outre-mer ou un rapport NGI.<\/p>\n<p><\/p>\n<p>(Pour plus de d\u00e9tails ou demande suppl\u00e9mentaire : <strong>Veuillez nous envoyer un message sur TikTok si vous souhaitez envoyer votre article achet\u00e9 au laboratoire de tests NGI<\/strong>)<\/p>\n<p><\/p>\n<p><strong>La jad\u00e9ite naturelle n&#039;est pas parfaite, juste un petit rappel : notre jad\u00e9ite naturelle, comme toutes les belles choses de la nature, poss\u00e8de ses caract\u00e9ristiques et ses variations uniques. Nous invitons nos pr\u00e9cieux clients \u00e0 adopter ces variations naturelles. Bon shopping !<\/strong><\/p>\n<p><\/p>\n<p><strong><u>Aucune des photos et des s\u00e9quences vid\u00e9o n&#039;a \u00e9t\u00e9 filtr\u00e9e. Nous encourageons nos clients \u00e0 regarder \u00e9galement les vid\u00e9os d&#039;accompagnement pour une vue plus compl\u00e8te de nos produits<\/u><\/strong><\/p>\n<p><\/p>\n<ul>\n<li>Diff\u00e9rentes plates-formes ne peuvent visionner des vid\u00e9os que via le bureau<\/li>\n<\/ul>","protected":false},"excerpt":{"rendered":"<p>This stunning ring features a Pixiu Cabochon on Natural Type A Jadeite Jade, elegantly set with 18k gold. Certificate numbers: GD2111H004433 18k Gold: 1.93 grams Key Features: Ring size: 15.5 mm Certificate included Weighs 3.65 grams Measurement: 14.3 * 11 * 5.9 mm Hailing from Myanmar, this auspicious piece is perfect for females who appreciate [&hellip;]<\/p>","protected":false},"featured_media":14557,"comment_status":"open","ping_status":"closed","template":"","meta":[],"product_brand":[],"product_cat":[119,80,126],"product_tag":[50,64,52,72,65,66,55,56,58,85,71,75,59,60,62],"class_list":{"0":"post-14440","1":"product","2":"type-product","3":"status-publish","4":"has-post-thumbnail","6":"product_cat-18k-gold-ring-setting","7":"product_cat-jade-rings","8":"product_cat-new-arrivals","9":"product_tag-18k-gold","10":"product_tag-cabochon","11":"product_tag-certified","12":"product_tag-female","13":"product_tag-high-quality","14":"product_tag-jade-ring","15":"product_tag-jadeite","16":"product_tag-limited-editions","17":"product_tag-new-arrivals","18":"product_tag-pixiu","19":"product_tag-ring","20":"product_tag-traditional","21":"product_tag-translucent","22":"product_tag-type-a-jadeite","23":"product_tag-yi-pin-qian-exclusive","25":"first","26":"instock","27":"sale","28":"shipping-taxable","29":"purchasable","30":"product-type-simple"},"_links":{"self":[{"href":"https:\/\/shop.yipinqian.com\/fr\/wp-json\/wp\/v2\/product\/14440","targetHints":{"allow":["GET"]}}],"collection":[{"href":"https:\/\/shop.yipinqian.com\/fr\/wp-json\/wp\/v2\/product"}],"about":[{"href":"https:\/\/shop.yipinqian.com\/fr\/wp-json\/wp\/v2\/types\/product"}],"replies":[{"embeddable":true,"href":"https:\/\/shop.yipinqian.com\/fr\/wp-json\/wp\/v2\/comments?post=14440"}],"version-history":[{"count":0,"href":"https:\/\/shop.yipinqian.com\/fr\/wp-json\/wp\/v2\/product\/14440\/revisions"}],"wp:featuredmedia":[{"embeddable":true,"href":"https:\/\/shop.yipinqian.com\/fr\/wp-json\/wp\/v2\/media\/14557"}],"wp:attachment":[{"href":"https:\/\/shop.yipinqian.com\/fr\/wp-json\/wp\/v2\/media?parent=14440"}],"wp:term":[{"taxonomy":"product_brand","embeddable":true,"href":"https:\/\/shop.yipinqian.com\/fr\/wp-json\/wp\/v2\/product_brand?post=14440"},{"taxonomy":"product_cat","embeddable":true,"href":"https:\/\/shop.yipinqian.com\/fr\/wp-json\/wp\/v2\/product_cat?post=14440"},{"taxonomy":"product_tag","embeddable":true,"href":"https:\/\/shop.yipinqian.com\/fr\/wp-json\/wp\/v2\/product_tag?post=14440"}],"curies":[{"name":"wp","href":"https:\/\/api.w.org\/{rel}","templated":true}]}}