{"id":14429,"date":"2024-12-07T09:36:34","date_gmt":"2024-12-07T01:36:34","guid":{"rendered":"https:\/\/shop.yipinqian.com\/new-listing-sg-seller-crafted-as-pixiu-pendant-on-natural-type-a-jadeite-jade-certificate-weighs-7-1-grams-measurement-31-2-13-7-9-mm-pendant373\/"},"modified":"2025-01-07T00:52:39","modified_gmt":"2025-01-06T16:52:39","slug":"new-listing-sg-seller-crafted-as-pixiu-pendant-on-natural-type-a-jadeite-jade-certificate-weighs-7-1-grams-measurement-31-2-13-7-9-mm-pendant373","status":"publish","type":"product","link":"https:\/\/shop.yipinqian.com\/fr\/produit\/new-listing-sg-seller-crafted-as-pixiu-pendant-on-natural-type-a-jadeite-jade-certificate-weighs-7-1-grams-measurement-31-2-13-7-9-mm-pendant373\/","title":{"rendered":"Fabriqu\u00e9 comme pendentif Pixiu sur certificat de jade jad\u00e9ite naturelle de type A, p\u00e8se 7,1 grammes, mesure 31,2 * 13,7 * 9 mm (pendentif373)"},"content":{"rendered":"<p>Ce superbe pendentif Pixiu est fabriqu\u00e9 \u00e0 partir de jade jad\u00e9ite naturel de type A, originaire du Myanmar.<\/p>\n<p><\/p>\n<p>Num\u00e9ros de certificat : GD2109H021062<\/p>\n<p><img fetchpriority=\"high\" decoding=\"async\" src=\"https:\/\/shop.yipinqian.com\/wp-content\/uploads\/2024\/12\/bf4395bbbd21427ba9a0c927074d9b62tplv-aphluv4xwc-origin-jpeg.jpeg?dr=15568&#038;nonce=27016&#038;refresh_token=4b822d4b21454885fd10e53dc1140dd4&#038;from=476444299&#038;idc=my2&#038;ps=933b5bde&#038;shcp=9b759fb9&#038;shp=1c65f68b&#038;t=555f072d\" width=\"1080\" height=\"1080\"><\/p>\n<ul>\n<li>\n<strong>Poids:<\/strong> 7,1 grammes<\/li>\n<li>\n<strong>Mesures:<\/strong> 31,2 * 13,7 * 9 mm<\/li>\n<li>\n<strong>Certificat:<\/strong> Oui<\/li>\n<li>\n<strong>Type de jade :<\/strong> Jad\u00e9ite<\/li>\n<li>\n<strong>Origine naturelle :<\/strong> Birmanie<\/li>\n<li>\n<strong>Occasion: <\/strong>Propice<\/li>\n<li>Ce pendentif unisexe pr\u00e9sente un motif Pixiu, ce qui en fait un symbole de richesse et de protection dans la culture chinoise. Le style d\u00e9contract\u00e9 du collier ajoute une touche d&#039;\u00e9l\u00e9gance \u00e0 n&#039;importe quelle tenue. Veuillez noter que ce produit n&#039;est assorti d&#039;aucune garantie, ce qui vous permet de profiter de sa beaut\u00e9 et de son importance sans restrictions.<\/li>\n<\/ul>\n<p><img decoding=\"async\" src=\"https:\/\/shop.yipinqian.com\/wp-content\/uploads\/2024\/12\/a59dd3e94a8645e6972b46fdb0b36ad2tplv-aphluv4xwc-origin-jpeg.jpeg?dr=15568&#038;nonce=29154&#038;refresh_token=87c07213c0191e50e4c5f99fa5e0ea12&#038;from=476444299&#038;idc=my2&#038;ps=933b5bde&#038;shcp=9b759fb9&#038;shp=1c65f68b&#038;t=555f072d\" width=\"1536\" height=\"2048\"><\/p>\n<p><strong>La jad\u00e9ite naturelle n&#039;est pas parfaite, juste un petit rappel : notre jad\u00e9ite naturelle, comme toutes les belles choses de la nature, poss\u00e8de ses caract\u00e9ristiques et ses variations uniques. Nous invitons nos pr\u00e9cieux clients \u00e0 adopter ces variations naturelles. Bon shopping !<\/strong><\/p>\n<p><\/p>\n<p><strong><u>Aucune des photos et des s\u00e9quences vid\u00e9o n&#039;a \u00e9t\u00e9 filtr\u00e9e. Nous encourageons nos clients \u00e0 regarder \u00e9galement les vid\u00e9os d&#039;accompagnement pour une vue plus compl\u00e8te de nos produits<\/u><\/strong><\/p>\n<p><\/p>\n<ul>\n<li>Diff\u00e9rentes plates-formes ne peuvent visionner des vid\u00e9os que via le bureau<\/li>\n<\/ul>","protected":false},"excerpt":{"rendered":"<p>This exquisite Pixiu pendant is crafted from natural Type A Jadeite Jade, originating from Myanmar. Certificate numbers: GD2109H021062 Weight: 7.1 grams Measurements: 31.2 * 13.7 * 9 mm Certificate: Yes Jade Type: Jadeite Natural Origin: Myanmar Ocassion: Auspicious This unisex pendant features a Pixiu design, making it a symbol of wealth and protection in Chinese [&hellip;]<\/p>","protected":false},"featured_media":14518,"comment_status":"open","ping_status":"closed","template":"","meta":[],"product_brand":[],"product_cat":[83,126,48],"product_tag":[52,55,58,85,75,60,61,62],"class_list":{"0":"post-14429","1":"product","2":"type-product","3":"status-publish","4":"has-post-thumbnail","6":"product_cat-jade-necklaces-pendants","7":"product_cat-new-arrivals","8":"product_cat-pendants","9":"product_tag-certified","10":"product_tag-jadeite","11":"product_tag-new-arrivals","12":"product_tag-pixiu","13":"product_tag-traditional","14":"product_tag-type-a-jadeite","15":"product_tag-unisex","16":"product_tag-yi-pin-qian-exclusive","18":"first","19":"instock","20":"sale","21":"shipping-taxable","22":"purchasable","23":"product-type-simple"},"_links":{"self":[{"href":"https:\/\/shop.yipinqian.com\/fr\/wp-json\/wp\/v2\/product\/14429","targetHints":{"allow":["GET"]}}],"collection":[{"href":"https:\/\/shop.yipinqian.com\/fr\/wp-json\/wp\/v2\/product"}],"about":[{"href":"https:\/\/shop.yipinqian.com\/fr\/wp-json\/wp\/v2\/types\/product"}],"replies":[{"embeddable":true,"href":"https:\/\/shop.yipinqian.com\/fr\/wp-json\/wp\/v2\/comments?post=14429"}],"version-history":[{"count":0,"href":"https:\/\/shop.yipinqian.com\/fr\/wp-json\/wp\/v2\/product\/14429\/revisions"}],"wp:featuredmedia":[{"embeddable":true,"href":"https:\/\/shop.yipinqian.com\/fr\/wp-json\/wp\/v2\/media\/14518"}],"wp:attachment":[{"href":"https:\/\/shop.yipinqian.com\/fr\/wp-json\/wp\/v2\/media?parent=14429"}],"wp:term":[{"taxonomy":"product_brand","embeddable":true,"href":"https:\/\/shop.yipinqian.com\/fr\/wp-json\/wp\/v2\/product_brand?post=14429"},{"taxonomy":"product_cat","embeddable":true,"href":"https:\/\/shop.yipinqian.com\/fr\/wp-json\/wp\/v2\/product_cat?post=14429"},{"taxonomy":"product_tag","embeddable":true,"href":"https:\/\/shop.yipinqian.com\/fr\/wp-json\/wp\/v2\/product_tag?post=14429"}],"curies":[{"name":"wp","href":"https:\/\/api.w.org\/{rel}","templated":true}]}}