{"id":14409,"date":"2024-12-07T09:35:14","date_gmt":"2024-12-07T01:35:14","guid":{"rendered":"https:\/\/shop.yipinqian.com\/crafted-as-pixiu-on-light-green-hue-with-light-green-patches-natural-type-a-jadeite-jade-set-with-s925-as-adjustable-ring-certificate-weighs-2-01-grams-measurement-11-8-5-5-3-8-mm-s925ring27\/"},"modified":"2025-02-24T00:49:45","modified_gmt":"2025-02-23T16:49:45","slug":"crafted-as-pixiu-on-light-green-hue-with-light-green-patches-natural-type-a-jadeite-jade-set-with-s925-as-adjustable-ring-certificate-weighs-2-01-grams-measurement-11-8-5-5-3-8-mm-s925ring27","status":"publish","type":"product","link":"https:\/\/shop.yipinqian.com\/fr\/produit\/crafted-as-pixiu-on-light-green-hue-with-light-green-patches-natural-type-a-jadeite-jade-set-with-s925-as-adjustable-ring-certificate-weighs-2-01-grams-measurement-11-8-5-5-3-8-mm-s925ring27\/","title":{"rendered":"Fabriqu\u00e9 en Pixiu sur une teinte vert clair avec des taches vert clair Jade jad\u00e9ite naturelle de type A serti de S925 comme bague r\u00e9glable, le certificat p\u00e8se 2,01 grammes, mesure 11,8 * 5,5 * 3,8 mm (s925ring27)"},"content":{"rendered":"<p>Cette bague ajustable exquise pr\u00e9sente un superbe design Pixiu fabriqu\u00e9 \u00e0 partir de jade jad\u00e9ite naturel de type A dans une teinte vert clair avec de d\u00e9licates taches vert clair. Pesant 2,01 grammes et mesurant 11,8 * 5,5 * 3,8 mm, il est \u00e0 la fois \u00e9l\u00e9gant et significatif.<\/p>\n<p><\/p>\n<p>Num\u00e9ros de certificat : GD2204H002705<\/p>\n<p><img fetchpriority=\"high\" decoding=\"async\" src=\"https:\/\/shop.yipinqian.com\/wp-content\/uploads\/2024\/12\/419aa803d9334979b16dd86d10ad512ftplv-aphluv4xwc-origin-jpeg.jpeg?dr=15568&#038;nonce=49975&#038;refresh_token=5b4efc1ed72c8adc38436ec221d1a8df&#038;from=476444299&#038;idc=my&#038;ps=933b5bde&#038;shcp=9b759fb9&#038;shp=1c65f68b&#038;t=555f072d\" width=\"1080\" height=\"1080\"><\/p>\n<ul>\n<li>\n<strong>Mat\u00e9riel:<\/strong> Monture en argent S925<\/li>\n<li>\n<strong>Origine:<\/strong> Birmanie<\/li>\n<li>\n<strong>Occasion:<\/strong> Id\u00e9al pour un usage quotidien<\/li>\n<li>\n<strong>Genre:<\/strong> Con\u00e7u pour les femmes<\/li>\n<li>\n<strong>Certificat inclus :<\/strong> Oui<\/li>\n<\/ul>\n<p><img decoding=\"async\" src=\"https:\/\/shop.yipinqian.com\/wp-content\/uploads\/2024\/12\/8171bca281c243daa2441e7b3a7346fetplv-aphluv4xwc-origin-jpeg.jpeg?dr=15568&#038;nonce=52446&#038;refresh_token=00271f933fd938ec47b564e804c0e478&#038;from=476444299&#038;idc=my&#038;ps=933b5bde&#038;shcp=9b759fb9&#038;shp=1c65f68b&#038;t=555f072d\" width=\"1080\" height=\"1080\"><\/p>\n<p>Cette pi\u00e8ce n\u2019est pas seulement un bel accessoire, mais porte \u00e9galement un symbolisme culturel important, ce qui en fait un ajout parfait \u00e0 toute collection de bijoux.<\/p>\n<p><\/p>\n<p>Yi Pin Qian \u2013 N\u00e9gociant en pierres pr\u00e9cieuses et m\u00e9taux pr\u00e9cieux \u00e0 Singapour \u2013 Num\u00e9ro de licence PS20190000031<\/p>\n<p><\/p>\n<p>*Toutes les jad\u00e9ites achet\u00e9es chez Yi Pin Qian \u00e0 Singapour, les clients peuvent r\u00e9server des cr\u00e9neaux pour le polissage ou une r\u00e9paration mineure en cas de mauvaise manipulation - des frais s&#039;appliquent et uniquement pour les clients de Yi Pin Qian \u00e0 Singapour*<\/p>\n<p><\/p>\n<p><strong>**Types de certificats**<\/strong><\/p>\n<p><\/p>\n<p><strong>NGI (Nan Yang Gemmologie)<\/strong><\/p>\n<p>ou <strong>Certificats \u00e9trangers <\/strong>(Yi Pin Qian utilise uniquement des certificats authentiques provenant de laboratoires \u00e9trangers et contr\u00f4le \u00e9galement la qualit\u00e9 de chacun de nos produits avant de les mettre en vente \u00e0 Singapour)<\/p>\n<p><\/p>\n<p>Chaque produit sur TikTok aura le type de certificat fourni indiqu\u00e9 dans la description. Pour tout client souhaitant envoyer sa commande \u00e0 NGI Singapore, <strong>Les demandes de rapport NGI Gemstone doivent \u00eatre effectu\u00e9es en nous envoyant un message.<\/strong> Merci, <strong><u>des frais suppl\u00e9mentaires s&#039;appliquent<\/u><\/strong> \u2013 $90 pour la jad\u00e9ite \/ $150 pour la jad\u00e9ite avec de l\u2019or 18 carats \u2013 ce n\u2019est pas obligatoire car la plupart de nos produits sont d\u00e9j\u00e0 livr\u00e9s avec un certificat d\u2019outre-mer ou un rapport NGI.<\/p>\n<p><\/p>\n<p>(Pour plus de d\u00e9tails ou demande suppl\u00e9mentaire : <strong>Veuillez nous envoyer un message sur TikTok si vous souhaitez envoyer votre article achet\u00e9 au laboratoire de tests NGI<\/strong>)<\/p>\n<p><\/p>\n<p><strong>La jad\u00e9ite naturelle n&#039;est pas parfaite, juste un petit rappel : notre jad\u00e9ite naturelle, comme toutes les belles choses de la nature, poss\u00e8de ses caract\u00e9ristiques et ses variations uniques. Nous invitons nos pr\u00e9cieux clients \u00e0 adopter ces variations naturelles. Bon shopping !<\/strong><\/p>\n<p><\/p>\n<p><strong><u>Aucune des photos et des s\u00e9quences vid\u00e9o n&#039;a \u00e9t\u00e9 filtr\u00e9e. Nous encourageons nos clients \u00e0 regarder \u00e9galement les vid\u00e9os d&#039;accompagnement pour une vue plus compl\u00e8te de nos produits<\/u><\/strong><\/p>\n<p><\/p>\n<ul>\n<li>Diff\u00e9rentes plates-formes ne peuvent visionner des vid\u00e9os que via le bureau<\/li>\n<\/ul>","protected":false},"excerpt":{"rendered":"<p>Cette bague ajustable exquise pr\u00e9sente un superbe design Pixiu fabriqu\u00e9 \u00e0 partir de jade jad\u00e9ite naturel de type A dans une teinte vert clair avec de d\u00e9licates taches vert clair. Pesant 2,01 grammes et mesurant 11,8 * 5,5 * 3,8 mm, elle est \u00e0 la fois \u00e9l\u00e9gante et significative. Num\u00e9ros de certificat : GD2204H002705 Mat\u00e9riau : Monture en argent S925 Origine : Myanmar Occasion : Id\u00e9al pour [\u2026]<\/p>","protected":false},"featured_media":14477,"comment_status":"open","ping_status":"closed","template":"","meta":[],"product_brand":[],"product_cat":[194],"product_tag":[64,52,96,65,66,55,58,85,59,60],"class_list":{"0":"post-14409","1":"product","2":"type-product","3":"status-publish","4":"has-post-thumbnail","6":"product_cat-value-picks","7":"product_tag-cabochon","8":"product_tag-certified","9":"product_tag-green-patches","10":"product_tag-high-quality","11":"product_tag-jade-ring","12":"product_tag-jadeite","13":"product_tag-new-arrivals","14":"product_tag-pixiu","15":"product_tag-translucent","16":"product_tag-type-a-jadeite","18":"first","19":"instock","20":"sale","21":"shipping-taxable","22":"purchasable","23":"product-type-simple"},"_links":{"self":[{"href":"https:\/\/shop.yipinqian.com\/fr\/wp-json\/wp\/v2\/product\/14409","targetHints":{"allow":["GET"]}}],"collection":[{"href":"https:\/\/shop.yipinqian.com\/fr\/wp-json\/wp\/v2\/product"}],"about":[{"href":"https:\/\/shop.yipinqian.com\/fr\/wp-json\/wp\/v2\/types\/product"}],"replies":[{"embeddable":true,"href":"https:\/\/shop.yipinqian.com\/fr\/wp-json\/wp\/v2\/comments?post=14409"}],"version-history":[{"count":0,"href":"https:\/\/shop.yipinqian.com\/fr\/wp-json\/wp\/v2\/product\/14409\/revisions"}],"wp:featuredmedia":[{"embeddable":true,"href":"https:\/\/shop.yipinqian.com\/fr\/wp-json\/wp\/v2\/media\/14477"}],"wp:attachment":[{"href":"https:\/\/shop.yipinqian.com\/fr\/wp-json\/wp\/v2\/media?parent=14409"}],"wp:term":[{"taxonomy":"product_brand","embeddable":true,"href":"https:\/\/shop.yipinqian.com\/fr\/wp-json\/wp\/v2\/product_brand?post=14409"},{"taxonomy":"product_cat","embeddable":true,"href":"https:\/\/shop.yipinqian.com\/fr\/wp-json\/wp\/v2\/product_cat?post=14409"},{"taxonomy":"product_tag","embeddable":true,"href":"https:\/\/shop.yipinqian.com\/fr\/wp-json\/wp\/v2\/product_tag?post=14409"}],"curies":[{"name":"wp","href":"https:\/\/api.w.org\/{rel}","templated":true}]}}