{"id":14406,"date":"2024-12-07T09:35:05","date_gmt":"2024-12-07T01:35:05","guid":{"rendered":"https:\/\/shop.yipinqian.com\/crafted-as-dragon-ruyi-pendant-on-natural-type-a-jadeite-jade-certificate-weighs-5-47-grams-measurement-33-7-12-8-8-1-mm-pendant374\/"},"modified":"2025-02-24T00:49:45","modified_gmt":"2025-02-23T16:49:45","slug":"crafted-as-dragon-ruyi-pendant-on-natural-type-a-jadeite-jade-certificate-weighs-5-47-grams-measurement-33-7-12-8-8-1-mm-pendant374","status":"publish","type":"product","link":"https:\/\/shop.yipinqian.com\/fr\/produit\/crafted-as-dragon-ruyi-pendant-on-natural-type-a-jadeite-jade-certificate-weighs-5-47-grams-measurement-33-7-12-8-8-1-mm-pendant374\/","title":{"rendered":"Fabriqu\u00e9 comme pendentif Dragon Ruyi sur certificat de jade jad\u00e9ite naturelle de type A pesant 5,47 grammes, mesurant 33,7 * 12,8 * 8,1 mm (pendentif374)"},"content":{"rendered":"<p>Ce superbe pendentif Dragon Ruyi est fabriqu\u00e9 \u00e0 partir de jade jad\u00e9ite naturel de type A, ce qui en fait un ajout \u00e9tonnant \u00e0 toute collection de bijoux.<\/p>\n<p><\/p>\n<p>Num\u00e9ros de certificat : 920660016984<\/p>\n<p><img fetchpriority=\"high\" decoding=\"async\" src=\"https:\/\/shop.yipinqian.com\/wp-content\/uploads\/2024\/12\/923aaf585dfb405387ffb6eb55bc836dtplv-aphluv4xwc-origin-jpeg.jpeg?dr=15568&#038;nonce=55827&#038;refresh_token=6a49f260199abd38257f81b5fd6088dc&#038;from=476444299&#038;idc=my&#038;ps=933b5bde&#038;shcp=9b759fb9&#038;shp=1c65f68b&#038;t=555f072d\" width=\"1080\" height=\"1080\"><\/p>\n<ul>\n<li>\n<strong>Poids:<\/strong> 5,47 grammes<\/li>\n<li>\n<strong>Dimensions:<\/strong> 33,7 * 12,8 * 8,1 mm<\/li>\n<li>\n<strong>Origine:<\/strong> Birmanie<\/li>\n<li>\n<strong>Certification:<\/strong> Oui, avec certificat inclus<\/li>\n<li><strong>Occasion : parfait pour un usage quotidien. Ce pendentif unisexe pr\u00e9sente un style de collier d\u00e9contract\u00e9 qui allie \u00e9l\u00e9gance et polyvalence pour toutes les tenues.<\/strong><\/li>\n<\/ul>\n<p><img decoding=\"async\" src=\"https:\/\/shop.yipinqian.com\/wp-content\/uploads\/2024\/12\/a10c2e97b954446f8e2c63c8b60a07e7tplv-aphluv4xwc-origin-jpeg.jpeg?dr=15568&#038;nonce=4067&#038;refresh_token=3b1c25c04b79f776d170e702946c44dc&#038;from=476444299&#038;idc=my&#038;ps=933b5bde&#038;shcp=9b759fb9&#038;shp=1c65f68b&#038;t=555f072d\" width=\"1080\" height=\"1080\"><\/p>\n<p>Yi Pin Qian \u2013 N\u00e9gociant en pierres pr\u00e9cieuses et m\u00e9taux pr\u00e9cieux \u00e0 Singapour \u2013 Num\u00e9ro de licence PS20190000031<\/p>\n<p><\/p>\n<p>*Toutes les jad\u00e9ites achet\u00e9es chez Yi Pin Qian \u00e0 Singapour, les clients peuvent r\u00e9server des cr\u00e9neaux pour le polissage ou une r\u00e9paration mineure en cas de mauvaise manipulation - des frais s&#039;appliquent et uniquement pour les clients de Yi Pin Qian \u00e0 Singapour*<\/p>\n<p><\/p>\n<p><strong>**Types de certificats**<\/strong><\/p>\n<p><\/p>\n<p><strong>NGI (Nan Yang Gemmologie)<\/strong><\/p>\n<p>ou <strong>Certificats \u00e9trangers <\/strong>(Yi Pin Qian utilise uniquement des certificats authentiques provenant de laboratoires \u00e9trangers et contr\u00f4le \u00e9galement la qualit\u00e9 de chacun de nos produits avant de les mettre en vente \u00e0 Singapour)<\/p>\n<p><\/p>\n<p>Chaque produit sur TikTok aura le type de certificat fourni indiqu\u00e9 dans la description. Pour tout client souhaitant envoyer sa commande \u00e0 NGI Singapore, <strong>Les demandes de rapport NGI Gemstone doivent \u00eatre effectu\u00e9es en nous envoyant un message.<\/strong> Merci, <strong><u>des frais suppl\u00e9mentaires s&#039;appliquent<\/u><\/strong> \u2013 $90 pour la jad\u00e9ite \/ $150 pour la jad\u00e9ite avec de l\u2019or 18 carats \u2013 ce n\u2019est pas obligatoire car la plupart de nos produits sont d\u00e9j\u00e0 livr\u00e9s avec un certificat d\u2019outre-mer ou un rapport NGI.<\/p>\n<p><\/p>\n<p>(Pour plus de d\u00e9tails ou demande suppl\u00e9mentaire : <strong>Veuillez nous envoyer un message sur TikTok si vous souhaitez envoyer votre article achet\u00e9 au laboratoire de tests NGI<\/strong>)<\/p>\n<p><\/p>\n<p><strong>La jad\u00e9ite naturelle n&#039;est pas parfaite, juste un petit rappel : notre jad\u00e9ite naturelle, comme toutes les belles choses de la nature, poss\u00e8de ses caract\u00e9ristiques et ses variations uniques. Nous invitons nos pr\u00e9cieux clients \u00e0 adopter ces variations naturelles. Bon shopping !<\/strong><\/p>\n<p><\/p>\n<p><strong><u>Aucune des photos et des s\u00e9quences vid\u00e9o n&#039;a \u00e9t\u00e9 filtr\u00e9e. Nous encourageons nos clients \u00e0 regarder \u00e9galement les vid\u00e9os d&#039;accompagnement pour une vue plus compl\u00e8te de nos produits<\/u><\/strong><\/p>\n<p><\/p>\n<ul>\n<li>Diff\u00e9rentes plates-formes ne peuvent visionner des vid\u00e9os que via le bureau<\/li>\n<\/ul>","protected":false},"excerpt":{"rendered":"<p>This exquisite Dragon Ruyi Pendant is crafted from natural Type A jadeite jade, making it a stunning addition to any jewelry collection. Certificate numbers: 920660016984 Weight: 5.47 grams Dimensions: 33.7 * 12.8 * 8.1 mm Origin: Myanmar Certification: Yes, with certificate included Occasion: Perfect for daily wear. This unisex pendant features a casual necklace style [&hellip;]<\/p>","protected":false},"featured_media":14451,"comment_status":"open","ping_status":"closed","template":"","meta":[],"product_brand":[],"product_cat":[194],"product_tag":[52,65,55,56,58,73,59,60,61,62],"class_list":{"0":"post-14406","1":"product","2":"type-product","3":"status-publish","4":"has-post-thumbnail","6":"product_cat-value-picks","7":"product_tag-certified","8":"product_tag-high-quality","9":"product_tag-jadeite","10":"product_tag-limited-editions","11":"product_tag-new-arrivals","12":"product_tag-pendant","13":"product_tag-translucent","14":"product_tag-type-a-jadeite","15":"product_tag-unisex","16":"product_tag-yi-pin-qian-exclusive","18":"first","19":"instock","20":"sale","21":"shipping-taxable","22":"purchasable","23":"product-type-simple"},"_links":{"self":[{"href":"https:\/\/shop.yipinqian.com\/fr\/wp-json\/wp\/v2\/product\/14406","targetHints":{"allow":["GET"]}}],"collection":[{"href":"https:\/\/shop.yipinqian.com\/fr\/wp-json\/wp\/v2\/product"}],"about":[{"href":"https:\/\/shop.yipinqian.com\/fr\/wp-json\/wp\/v2\/types\/product"}],"replies":[{"embeddable":true,"href":"https:\/\/shop.yipinqian.com\/fr\/wp-json\/wp\/v2\/comments?post=14406"}],"version-history":[{"count":0,"href":"https:\/\/shop.yipinqian.com\/fr\/wp-json\/wp\/v2\/product\/14406\/revisions"}],"wp:featuredmedia":[{"embeddable":true,"href":"https:\/\/shop.yipinqian.com\/fr\/wp-json\/wp\/v2\/media\/14451"}],"wp:attachment":[{"href":"https:\/\/shop.yipinqian.com\/fr\/wp-json\/wp\/v2\/media?parent=14406"}],"wp:term":[{"taxonomy":"product_brand","embeddable":true,"href":"https:\/\/shop.yipinqian.com\/fr\/wp-json\/wp\/v2\/product_brand?post=14406"},{"taxonomy":"product_cat","embeddable":true,"href":"https:\/\/shop.yipinqian.com\/fr\/wp-json\/wp\/v2\/product_cat?post=14406"},{"taxonomy":"product_tag","embeddable":true,"href":"https:\/\/shop.yipinqian.com\/fr\/wp-json\/wp\/v2\/product_tag?post=14406"}],"curies":[{"name":"wp","href":"https:\/\/api.w.org\/{rel}","templated":true}]}}