{"id":1440,"date":"2024-10-24T23:19:13","date_gmt":"2024-10-24T15:19:13","guid":{"rendered":"https:\/\/shop.yipinqian.com\/product\/high-quality-light-green-with-yellow-natural-type-a-jadeite-jade-crafted-with-sceneries-as-pendant-certificate-weighs-78-02-grams-measurement-66-1-40-5-13-3-mm-pendant280\/"},"modified":"2025-02-24T01:17:30","modified_gmt":"2025-02-23T17:17:30","slug":"high-quality-light-green-with-yellow-natural-type-a-jadeite-jade-crafted-with-sceneries-as-pendant-certificate-weighs-78-02-grams-measurement-66-1-40-5-13-3-mm-pendant280","status":"publish","type":"product","link":"https:\/\/shop.yipinqian.com\/fr\/produit\/high-quality-light-green-with-yellow-natural-type-a-jadeite-jade-crafted-with-sceneries-as-pendant-certificate-weighs-78-02-grams-measurement-66-1-40-5-13-3-mm-pendant280\/","title":{"rendered":"High Quality Light Green with Yellow Natural Type A Jadeite Jade crafted with sceneries as Pendant, certificate weighs 78.02 grams, measurement 66.1 * 40.5 * 13.3 mm (pendant280)"},"content":{"rendered":"<p>This exquisite pendant features high-quality Light Green with Yellow Natural Type A Jadeite Jade, meticulously crafted with beautiful sceneries.<\/p>\n<p>\u00a0<\/p>\n<p>Certificate numbers: GD2110H008982<\/p>\n<p><img fetchpriority=\"high\" decoding=\"async\" height=\"1080\" src=\"https:\/\/shop.yipinqian.com\/wp-content\/uploads\/2024\/10\/97748fe60590583008bd83c756cb4338.jpg?from=476444299\" width=\"1080\"><\/p>\n<ul>\n<li>High-Quality Craftsmanship<\/li>\n<li>Natural Type A Jadeite Material<\/li>\n<li>Unique Scenery Design<\/li>\n<li>The pendant comes with a certificate verifying its authenticity and quality.<\/li>\n<\/ul>\n<p><img decoding=\"async\" height=\"1080\" src=\"https:\/\/shop.yipinqian.com\/wp-content\/uploads\/2024\/10\/dc6d2b8dcf2c114d9632be2fe74656c9.jpg?from=476444299\" width=\"1080\"><\/p>\n<p>Weighing 78.02 grams and measuring 66.1 * 40.5 * 13.3 mm, this pendant is a stunning piece of jewelry that is sure to stand out.<\/p>\n<ul>\n<li>The country of origin for this exquisite piece is Myanmar.<\/li>\n<li>Suitable for daily wear, this pendant is versatile and can complement any outfit effortlessly.<\/li>\n<li>The necklace style adds an element of casual elegance to any look, making it perfect for both men and women alike.<\/li>\n<\/ul>\n<p>Yi Pin Qian \u2013 N\u00e9gociant en pierres pr\u00e9cieuses et m\u00e9taux pr\u00e9cieux \u00e0 Singapour \u2013 Num\u00e9ro de licence PS20190000031<\/p>\n<p>\u00a0<\/p>\n<p>*Toutes les jad\u00e9ites achet\u00e9es chez Yi Pin Qian \u00e0 Singapour, les clients peuvent r\u00e9server des cr\u00e9neaux pour le polissage ou une r\u00e9paration mineure en cas de mauvaise manipulation - des frais s&#039;appliquent et uniquement pour les clients de Yi Pin Qian \u00e0 Singapour*<\/p>\n<p>\u00a0<\/p>\n<p><strong>**Types de certificats**<\/strong><\/p>\n<p>\u00a0<\/p>\n<p><strong>NGI (Nan Yang Gemmologie)<\/strong><\/p>\n<p>ou <strong>Certificats \u00e9trangers <\/strong>(Yi Pin Qian utilise uniquement des certificats authentiques provenant de laboratoires \u00e9trangers et contr\u00f4le \u00e9galement la qualit\u00e9 de chacun de nos produits avant de les mettre en vente \u00e0 Singapour)<\/p>\n<p>\u00a0<\/p>\n<p>Chaque produit sur TikTok aura le type de certificat fourni indiqu\u00e9 dans la description. Pour tout client souhaitant envoyer sa commande \u00e0 NGI Singapore, il y aura un d\u00e9lai d&#039;attente pour la livraison de la commande estim\u00e9 \u00e0 environ 4 semaines pour recevoir votre commande. <strong>Les demandes de rapport sur les pierres pr\u00e9cieuses NGI doivent \u00eatre effectu\u00e9es en envoyant un message \u00e0 la boutique TikTok de Yi Pin Qian.<\/strong> Merci, <strong><u>des frais suppl\u00e9mentaires s&#039;appliquent<\/u><\/strong>.<\/p>\n<p>\u00a0<\/p>\n<p><strong>La jad\u00e9ite naturelle n&#039;est pas parfaite, juste un petit rappel : notre jad\u00e9ite naturelle, comme toutes les belles choses de la nature, poss\u00e8de ses caract\u00e9ristiques et ses variations uniques. Nous invitons nos pr\u00e9cieux clients \u00e0 adopter ces variations naturelles. Bon shopping !<\/strong><\/p>\n<p>\u00a0<\/p>\n<p><strong><u>Aucune des photos et des s\u00e9quences vid\u00e9o n&#039;a \u00e9t\u00e9 filtr\u00e9e. Nous encourageons nos clients \u00e0 regarder \u00e9galement les vid\u00e9os d&#039;accompagnement pour une vue plus compl\u00e8te de nos produits<\/u><\/strong><\/p>\n<p>\u00a0<\/p>\n<ul>\n<li>Diff\u00e9rentes plates-formes ne peuvent visionner des vid\u00e9os que via le bureau<\/li>\n<\/ul>","protected":false},"excerpt":{"rendered":"<p>This exquisite pendant features high-quality Light Green with Yellow Natural Type A Jadeite Jade, meticulously crafted with beautiful sceneries. \u00a0 Certificate numbers: GD2110H008982 High-Quality Craftsmanship Natural Type A Jadeite Material Unique Scenery Design The pendant comes with a certificate verifying its authenticity and quality. Weighing 78.02 grams and measuring 66.1 * 40.5 * 13.3 mm, [&hellip;]<\/p>","protected":false},"featured_media":4714,"comment_status":"open","ping_status":"closed","template":"","meta":[],"product_brand":[],"product_cat":[195],"product_tag":[],"class_list":{"0":"post-1440","1":"product","2":"type-product","3":"status-publish","4":"has-post-thumbnail","6":"product_cat-heirloom-grade","8":"first","9":"instock","10":"sale","11":"shipping-taxable","12":"purchasable","13":"product-type-simple"},"_links":{"self":[{"href":"https:\/\/shop.yipinqian.com\/fr\/wp-json\/wp\/v2\/product\/1440","targetHints":{"allow":["GET"]}}],"collection":[{"href":"https:\/\/shop.yipinqian.com\/fr\/wp-json\/wp\/v2\/product"}],"about":[{"href":"https:\/\/shop.yipinqian.com\/fr\/wp-json\/wp\/v2\/types\/product"}],"replies":[{"embeddable":true,"href":"https:\/\/shop.yipinqian.com\/fr\/wp-json\/wp\/v2\/comments?post=1440"}],"version-history":[{"count":0,"href":"https:\/\/shop.yipinqian.com\/fr\/wp-json\/wp\/v2\/product\/1440\/revisions"}],"wp:featuredmedia":[{"embeddable":true,"href":"https:\/\/shop.yipinqian.com\/fr\/wp-json\/wp\/v2\/media\/4714"}],"wp:attachment":[{"href":"https:\/\/shop.yipinqian.com\/fr\/wp-json\/wp\/v2\/media?parent=1440"}],"wp:term":[{"taxonomy":"product_brand","embeddable":true,"href":"https:\/\/shop.yipinqian.com\/fr\/wp-json\/wp\/v2\/product_brand?post=1440"},{"taxonomy":"product_cat","embeddable":true,"href":"https:\/\/shop.yipinqian.com\/fr\/wp-json\/wp\/v2\/product_cat?post=1440"},{"taxonomy":"product_tag","embeddable":true,"href":"https:\/\/shop.yipinqian.com\/fr\/wp-json\/wp\/v2\/product_tag?post=1440"}],"curies":[{"name":"wp","href":"https:\/\/api.w.org\/{rel}","templated":true}]}}