{"id":14399,"date":"2024-12-07T09:34:45","date_gmt":"2024-12-07T01:34:45","guid":{"rendered":"https:\/\/shop.yipinqian.com\/187-beads-6-1-mm-natural-type-a-jadeite-green-bracelet-certificate-weighs-51-72-grams\/"},"modified":"2025-02-24T01:17:23","modified_gmt":"2025-02-23T17:17:23","slug":"187-beads-6-1-mm-natural-type-a-jadeite-green-bracelet-certificate-weighs-51-72-grams","status":"publish","type":"product","link":"https:\/\/shop.yipinqian.com\/fr\/produit\/187-beads-6-1-mm-natural-type-a-jadeite-green-bracelet-certificate-weighs-51-72-grams\/","title":{"rendered":"Collier ou bracelet 187 perles * 6,1 mm \u2013 Bracelet en jad\u00e9ite verte naturelle de type A \u2013 certificat p\u00e8se 51,72 grammes"},"content":{"rendered":"<p>Ce bracelet vert naturel de type A de 6,2 mm est un superbe bijou qui ajoutera une touche d&#039;\u00e9l\u00e9gance \u00e0 votre look quotidien. (&gt;85% perfection)<\/p>\n<p><\/p>\n<p>Num\u00e9ros de certificat : 920660041691<\/p>\n<p><img fetchpriority=\"high\" decoding=\"async\" src=\"https:\/\/shop.yipinqian.com\/wp-content\/uploads\/2024\/12\/d46f0ffb0b7e48209ad9201de89e070ftplv-aphluv4xwc-origin-jpeg.jpeg?dr=15568&#038;nonce=36998&#038;refresh_token=bfe10a29bb332406df13166af9b46937&#038;from=476444299&#038;idc=my&#038;ps=933b5bde&#038;shcp=9b759fb9&#038;shp=1c65f68b&#038;t=555f072d\" width=\"1200\" height=\"1600\"><\/p>\n<ul>\n<li>\n<strong>Mat\u00e9riel:<\/strong> Fabriqu\u00e9 avec des pierres semi-pr\u00e9cieuses vertes naturelles de type A et le mat\u00e9riau secondaire est le jade.<\/li>\n<li>\n<strong>Certificat:<\/strong> Livr\u00e9 avec un certificat d&#039;authenticit\u00e9 et d&#039;assurance qualit\u00e9.<\/li>\n<li>\n<strong>Occasion:<\/strong> Parfait pour un usage quotidien, ce bracelet compl\u00e9tera n&#039;importe quelle tenue, qu&#039;elle soit d\u00e9contract\u00e9e ou habill\u00e9e.<\/li>\n<li>\n<strong>Taper:<\/strong> Ce bracelet est con\u00e7u comme une pi\u00e8ce unisexe qui peut \u00eatre appr\u00e9ci\u00e9e par tous les sexes.<\/li>\n<\/ul>\n<p><img decoding=\"async\" src=\"https:\/\/shop.yipinqian.com\/wp-content\/uploads\/2024\/12\/67720a8f3d764389874a48132dcd89b8tplv-aphluv4xwc-origin-jpeg.jpeg?dr=15568&#038;nonce=38594&#038;refresh_token=e790b79f27155fcc0e1f313bdf06ca55&#038;from=476444299&#038;idc=my&#038;ps=933b5bde&#038;shcp=9b759fb9&#038;shp=1c65f68b&#038;t=555f072d\" width=\"1200\" height=\"1600\"><\/p>\n<p>Les pierres vertes naturelles ont \u00e9t\u00e9 soigneusement s\u00e9lectionn\u00e9es pour garantir la plus haute qualit\u00e9, cr\u00e9ant ainsi une pi\u00e8ce \u00e9l\u00e9gante que vous ch\u00e9rirez pendant des ann\u00e9es. La taille de 6,1 mm donne au bracelet un aspect discret tout en le rendant visible sur votre poignet.<\/p>\n<p><\/p>\n<p>Ce bracelet vert naturel de type A de 6,1 mm constitue \u00e9galement une excellente option de cadeau\u00a0!<\/p>\n<p>Yi Pin Qian \u2013 N\u00e9gociant en pierres pr\u00e9cieuses et m\u00e9taux pr\u00e9cieux \u00e0 Singapour \u2013 Num\u00e9ro de licence PS20190000031<\/p>\n<p><\/p>\n<p>*Toutes les jad\u00e9ites achet\u00e9es chez Yi Pin Qian \u00e0 Singapour, les clients peuvent r\u00e9server des cr\u00e9neaux pour le polissage ou une r\u00e9paration mineure en cas de mauvaise manipulation - des frais s&#039;appliquent et uniquement pour les clients de Yi Pin Qian \u00e0 Singapour*<\/p>\n<p><\/p>\n<p><strong>**Types de certificats**<\/strong><\/p>\n<p><\/p>\n<p><strong>NGI (Nan Yang Gemmologie)<\/strong><\/p>\n<p>ou <strong>Certificats \u00e9trangers <\/strong>(Yi Pin Qian utilise uniquement des certificats authentiques provenant de laboratoires \u00e9trangers et contr\u00f4le \u00e9galement la qualit\u00e9 de chacun de nos produits avant de les mettre en vente \u00e0 Singapour)<\/p>\n<p><\/p>\n<p>Chaque produit sur TikTok aura le type de certificat fourni indiqu\u00e9 dans la description. Pour tout client souhaitant envoyer sa commande \u00e0 NGI Singapore, <strong>Les demandes de rapport NGI Gemstone doivent \u00eatre effectu\u00e9es en nous envoyant un message.<\/strong> Merci, <strong><u>des frais suppl\u00e9mentaires s&#039;appliquent<\/u><\/strong> \u2013 $90 pour la jad\u00e9ite \/ $150 pour la jad\u00e9ite avec de l\u2019or 18 carats \u2013 ce n\u2019est pas obligatoire car la plupart de nos produits sont d\u00e9j\u00e0 livr\u00e9s avec un certificat d\u2019outre-mer ou un rapport NGI.<\/p>\n<p><\/p>\n<p>(Pour plus de d\u00e9tails ou demande suppl\u00e9mentaire : <strong>Veuillez nous envoyer un message si vous souhaitez envoyer votre article achet\u00e9 au laboratoire de test NGI<\/strong>)<\/p>\n<p><\/p>\n<p><strong>La jad\u00e9ite naturelle n&#039;est pas parfaite, juste un petit rappel : notre jad\u00e9ite naturelle, comme toutes les belles choses de la nature, poss\u00e8de ses caract\u00e9ristiques et ses variations uniques. Nous invitons nos pr\u00e9cieux clients \u00e0 adopter ces variations naturelles. Bon shopping !<\/strong><\/p>\n<p><\/p>\n<p><strong><u>Aucune des photos et des s\u00e9quences vid\u00e9o n&#039;a \u00e9t\u00e9 filtr\u00e9e. Nous encourageons nos clients \u00e0 regarder \u00e9galement les vid\u00e9os d&#039;accompagnement pour une vue plus compl\u00e8te de nos produits<\/u><\/strong><\/p>\n<p><\/p>\n<ul>\n<li>Diff\u00e9rentes plates-formes ne peuvent visionner des vid\u00e9os que via le bureau<\/li>\n<\/ul>","protected":false},"excerpt":{"rendered":"<p>Ce bracelet vert naturel de type A de 6,2 mm est un superbe bijou qui ajoutera une touche d&#039;\u00e9l\u00e9gance \u00e0 votre look quotidien. (&gt;85% perfection) Num\u00e9ros de certificat : 920660041691 Mat\u00e9riau : Fabriqu\u00e9 avec des pierres semi-pr\u00e9cieuses vertes naturelles de type A et le mat\u00e9riau secondaire est le jade. Certificat : Livr\u00e9 avec un certificat d&#039;authenticit\u00e9 et d&#039;assurance qualit\u00e9. Occasion : Parfait [\u2026]<\/p>","protected":false},"featured_media":14421,"comment_status":"open","ping_status":"closed","template":"","meta":[],"product_brand":[],"product_cat":[195],"product_tag":[102,70,79,65,55,98,58,60,61,62],"class_list":{"0":"post-14399","1":"product","2":"type-product","3":"status-publish","4":"has-post-thumbnail","6":"product_cat-heirloom-grade","7":"product_tag-bracelet","8":"product_tag-green","9":"product_tag-green-hue","10":"product_tag-high-quality","11":"product_tag-jadeite","12":"product_tag-necklace","13":"product_tag-new-arrivals","14":"product_tag-type-a-jadeite","15":"product_tag-unisex","16":"product_tag-yi-pin-qian-exclusive","18":"first","19":"instock","20":"sale","21":"shipping-taxable","22":"purchasable","23":"product-type-simple"},"_links":{"self":[{"href":"https:\/\/shop.yipinqian.com\/fr\/wp-json\/wp\/v2\/product\/14399","targetHints":{"allow":["GET"]}}],"collection":[{"href":"https:\/\/shop.yipinqian.com\/fr\/wp-json\/wp\/v2\/product"}],"about":[{"href":"https:\/\/shop.yipinqian.com\/fr\/wp-json\/wp\/v2\/types\/product"}],"replies":[{"embeddable":true,"href":"https:\/\/shop.yipinqian.com\/fr\/wp-json\/wp\/v2\/comments?post=14399"}],"version-history":[{"count":0,"href":"https:\/\/shop.yipinqian.com\/fr\/wp-json\/wp\/v2\/product\/14399\/revisions"}],"wp:featuredmedia":[{"embeddable":true,"href":"https:\/\/shop.yipinqian.com\/fr\/wp-json\/wp\/v2\/media\/14421"}],"wp:attachment":[{"href":"https:\/\/shop.yipinqian.com\/fr\/wp-json\/wp\/v2\/media?parent=14399"}],"wp:term":[{"taxonomy":"product_brand","embeddable":true,"href":"https:\/\/shop.yipinqian.com\/fr\/wp-json\/wp\/v2\/product_brand?post=14399"},{"taxonomy":"product_cat","embeddable":true,"href":"https:\/\/shop.yipinqian.com\/fr\/wp-json\/wp\/v2\/product_cat?post=14399"},{"taxonomy":"product_tag","embeddable":true,"href":"https:\/\/shop.yipinqian.com\/fr\/wp-json\/wp\/v2\/product_tag?post=14399"}],"curies":[{"name":"wp","href":"https:\/\/api.w.org\/{rel}","templated":true}]}}