{"id":1433,"date":"2024-10-24T23:19:10","date_gmt":"2024-10-24T15:19:10","guid":{"rendered":"https:\/\/shop.yipinqian.com\/product\/high-quality-light-green-hue-natural-type-a-jadeite-jade-crafted-as-milo-buddha-for-pendant-certificate-weighs-44-34-grams-measurement-52-6-29-6-17-5-mm-pendant289\/"},"modified":"2025-02-24T00:49:55","modified_gmt":"2025-02-23T16:49:55","slug":"high-quality-light-green-hue-natural-type-a-jadeite-jade-crafted-as-milo-buddha-for-pendant-certificate-weighs-44-34-grams-measurement-52-6-29-6-17-5-mm-pendant289","status":"publish","type":"product","link":"https:\/\/shop.yipinqian.com\/fr\/produit\/high-quality-light-green-hue-natural-type-a-jadeite-jade-crafted-as-milo-buddha-for-pendant-certificate-weighs-44-34-grams-measurement-52-6-29-6-17-5-mm-pendant289\/","title":{"rendered":"High Quality Light Green Hue Natural Type A Jadeite Jade crafted as Milo Buddha for Pendant, certificate weighs 44.34 grams, measurement 52.6 * 29.6 * 17.5 mm (pendant289)"},"content":{"rendered":"<p>This High-Quality Light Green Hue Natural Type A Jadeite Jade pendant is crafted in the form of Milo Buddha, exuding elegance and charm.<\/p>\n<p>\u00a0<\/p>\n<p>Certificate numbers: GD2112H004535<\/p>\n<p><img fetchpriority=\"high\" decoding=\"async\" height=\"1080\" src=\"https:\/\/shop.yipinqian.com\/wp-content\/uploads\/2024\/10\/b583b2617b10e544a3c2560b46bd2d65.jpg?from=476444299\" width=\"1080\"><\/p>\n<ul>\n<li>\n<strong>Mat\u00e9riel:<\/strong> Jade jad\u00e9ite naturelle de type A<\/li>\n<li>\n<strong>Poids:<\/strong> 44.34 grams<\/li>\n<li>\n<strong>Mesures:<\/strong> 52.6 * 29.6 * 17.5 mm<\/li>\n<li><strong>Certificat inclus :<\/strong><\/li>\n<\/ul>\n<p><strong>This exquisite pendant is accompanied by a certificate for authenticity, ensuring its quality and origin from Myanmar.<\/strong><\/p>\n<ul>\n<li><strong>The occasion for wearing this stunning piece is considered auspicious, adding a touch of spirituality to your ensemble.<\/strong><\/li>\n<\/ul>\n<p><strong>Ideal for both men and women, this unisex pendant showcases the beauty of natural jadeite in a casual necklace style that can be worn daily with any outfit.<\/strong><\/p>\n<p>\u00a0<\/p>\n<p><strong>La jad\u00e9ite naturelle n&#039;est pas parfaite, juste un petit rappel : notre jad\u00e9ite naturelle, comme toutes les belles choses de la nature, poss\u00e8de ses caract\u00e9ristiques et ses variations uniques. Nous invitons nos pr\u00e9cieux clients \u00e0 adopter ces variations naturelles. Bon shopping !<\/strong><\/p>\n<p>\u00a0<\/p>\n<p><strong><u>Aucune des photos et des s\u00e9quences vid\u00e9o n&#039;a \u00e9t\u00e9 filtr\u00e9e. Nous encourageons nos clients \u00e0 regarder \u00e9galement les vid\u00e9os d&#039;accompagnement pour une vue plus compl\u00e8te de nos produits<\/u><\/strong><\/p>","protected":false},"excerpt":{"rendered":"<p>This High-Quality Light Green Hue Natural Type A Jadeite Jade pendant is crafted in the form of Milo Buddha, exuding elegance and charm. \u00a0 Certificate numbers: GD2112H004535 Material: Natural Type A Jadeite Jade Weight: 44.34 grams Measurement: 52.6 * 29.6 * 17.5 mm Certificate Included: This exquisite pendant is accompanied by a certificate for authenticity, [&hellip;]<\/p>","protected":false},"featured_media":4617,"comment_status":"open","ping_status":"closed","template":"","meta":[],"product_brand":[],"product_cat":[194],"product_tag":[],"class_list":{"0":"post-1433","1":"product","2":"type-product","3":"status-publish","4":"has-post-thumbnail","6":"product_cat-value-picks","8":"first","9":"instock","10":"sale","11":"shipping-taxable","12":"purchasable","13":"product-type-simple"},"_links":{"self":[{"href":"https:\/\/shop.yipinqian.com\/fr\/wp-json\/wp\/v2\/product\/1433","targetHints":{"allow":["GET"]}}],"collection":[{"href":"https:\/\/shop.yipinqian.com\/fr\/wp-json\/wp\/v2\/product"}],"about":[{"href":"https:\/\/shop.yipinqian.com\/fr\/wp-json\/wp\/v2\/types\/product"}],"replies":[{"embeddable":true,"href":"https:\/\/shop.yipinqian.com\/fr\/wp-json\/wp\/v2\/comments?post=1433"}],"version-history":[{"count":0,"href":"https:\/\/shop.yipinqian.com\/fr\/wp-json\/wp\/v2\/product\/1433\/revisions"}],"wp:featuredmedia":[{"embeddable":true,"href":"https:\/\/shop.yipinqian.com\/fr\/wp-json\/wp\/v2\/media\/4617"}],"wp:attachment":[{"href":"https:\/\/shop.yipinqian.com\/fr\/wp-json\/wp\/v2\/media?parent=1433"}],"wp:term":[{"taxonomy":"product_brand","embeddable":true,"href":"https:\/\/shop.yipinqian.com\/fr\/wp-json\/wp\/v2\/product_brand?post=1433"},{"taxonomy":"product_cat","embeddable":true,"href":"https:\/\/shop.yipinqian.com\/fr\/wp-json\/wp\/v2\/product_cat?post=1433"},{"taxonomy":"product_tag","embeddable":true,"href":"https:\/\/shop.yipinqian.com\/fr\/wp-json\/wp\/v2\/product_tag?post=1433"}],"curies":[{"name":"wp","href":"https:\/\/api.w.org\/{rel}","templated":true}]}}