{"id":1427,"date":"2024-10-24T23:19:08","date_gmt":"2024-10-24T15:19:08","guid":{"rendered":"https:\/\/shop.yipinqian.com\/product\/high-quality-lavender-natural-type-a-jadeite-jade-crafted-as-cabochon-size-12-7-15-6-6-mm-set-on-18k-gold-with-diamonds-as-pendant-certificate-weighs-4-47-grams-measurement-21-2-24-1-9-mm-18kp45\/"},"modified":"2025-02-10T00:00:16","modified_gmt":"2025-02-09T16:00:16","slug":"high-quality-lavender-natural-type-a-jadeite-jade-crafted-as-cabochon-size-12-7-15-6-6-mm-set-on-18k-gold-with-diamonds-as-pendant-certificate-weighs-4-47-grams-measurement-21-2-24-1-9-mm-18kp45","status":"publish","type":"product","link":"https:\/\/shop.yipinqian.com\/fr\/produit\/high-quality-lavender-natural-type-a-jadeite-jade-crafted-as-cabochon-size-12-7-15-6-6-mm-set-on-18k-gold-with-diamonds-as-pendant-certificate-weighs-4-47-grams-measurement-21-2-24-1-9-mm-18kp45\/","title":{"rendered":"Jade jad\u00e9ite naturel de type A lavande de haute qualit\u00e9 fabriqu\u00e9 en cabochon de taille 12,7 * 15,6 * 6 mm serti sur or 18 carats avec diamants en pendentif, certificat p\u00e8se 4,47 grammes, mesure 21,2 * 24,1 * 9 mm (18kp45)"},"content":{"rendered":"<article>\n<p><span>Experience\u00a0luxury\u00a0and\u00a0elegance\u00a0with\u00a0this\u00a0stunning\u00a0Lavender\u00a0Natural\u00a0Type\u00a0A\u00a0Jadeite\u00a0Jade\u00a0pendant,\u00a0meticulously\u00a0crafted\u00a0with\u00a0care\u00a0and\u00a0precision.\u00a0(*\u00a0Chain\u00a0on\u00a0picture\u00a0is\u00a0for\u00a0holding\u00a0the\u00a0pendant\u00a0while\u00a0taking\u00a0pictures\u00a0&#8211;\u00a0not\u00a0included*)<\/span><\/p>\n<p>\u00a0<\/p>\n<p><span>Certificate\u00a0number:\u00a0GD2205H004651<\/span><\/p>\n<p><span>18k\u00a0gold\u00a0weighs\u00a02.29\u00a0grams<\/span><\/p>\n<p><span>Diamonds:\u00a00.06\u00a0*\u00a01,\u00a00.003\u00a0*\u00a015\u00a0&#8211;\u00a0Total\u00a00.105\u00a0Carats<\/span><\/p>\n<p>\u00a0<\/p>\n<div><img decoding=\"async\" src=\"https:\/\/shop.yipinqian.com\/wp-content\/uploads\/2024\/10\/fa807da8b77e91a98750b217b56718b2.jpg?v=1727173101\" alt=\"\"><\/div>\n<div><\/div>\n<p>\u00a0<\/p>\n<p>\u00a0<\/p>\n<ul>\n<li>\n<div>\n<span>Mat\u00e9riel:<\/span><span>\u00a0Set\u00a0on\u00a018k\u00a0gold\u00a0with\u00a0dazzling\u00a0diamonds,\u00a0this\u00a0pendant\u00a0exudes\u00a0sophistication.<\/span>\n<\/div>\n<\/li>\n<li>\n<div>\n<span>Certified:<\/span><span>\u00a0Weighing\u00a04.47\u00a0grams,\u00a0it\u00a0comes\u00a0with\u00a0a\u00a0certificate\u00a0for\u00a0authenticity.<\/span>\n<\/div>\n<\/li>\n<li>\n<div>\n<span>Jade\u00a0Type:<\/span><span>\u00a0Made\u00a0of\u00a0high-quality\u00a0Lavender\u00a0Natural\u00a0Type\u00a0A\u00a0Jadeite\u00a0Jade\u00a0for\u00a0a\u00a0touch\u00a0of\u00a0uniqueness.<\/span>\n<\/div>\n<\/li>\n<\/ul>\n<p><span>The\u00a0cabochon\u00a0measures\u00a0at\u00a0an\u00a0impressive\u00a0size\u00a0of\u00a012.7\u00a0*15.6\u00a0*6\u00a0mm,\u00a0set\u00a0in\u00a0a\u00a0gorgeous\u00a0design\u00a0that\u00a0measures\u00a0at\u00a021.2\u00a0*24.1\u00a0*9\u00a0mm\u00a0(18kp45).<\/span><\/p>\n<ul>\n<li>\n<div><span>Made\u00a0in\u00a0Myanmar,\u00a0this\u00a0piece\u00a0is\u00a0perfect\u00a0for\u00a0daily\u00a0wear\u00a0or\u00a0special\u00a0occasions\u00a0&#8211;\u00a0a\u00a0versatile\u00a0addition\u00a0to\u00a0any\u00a0jewelry\u00a0collection\u00a0suitable\u00a0for\u00a0both\u00a0men\u00a0and\u00a0women\u00a0alike.<\/span><\/div>\n<\/li>\n<\/ul>\n<p><span>Yi\u00a0Pin\u00a0Qian\u00a0&#8211;\u00a0A\u00a0Precious\u00a0Stone\u00a0and\u00a0Precious\u00a0Metal\u00a0Dealer\u00a0in\u00a0Singapore\u00a0&#8211;\u00a0License\u00a0number\u00a0PS20190000031<\/span><\/p>\n<p>\u00a0<\/p>\n<p><span>*All\u00a0Jadeites\u00a0purchased\u00a0from\u00a0Yi\u00a0Pin\u00a0Qian\u00a0in\u00a0Singapore,\u00a0customers\u00a0can\u00a0book\u00a0for\u00a0slots\u00a0for\u00a0polish\u00a0or\u00a0minor\u00a0repair\u00a0for\u00a0mishandling\u00a0&#8211;\u00a0fees\u00a0applies\u00a0and\u00a0only\u00a0for\u00a0Yi\u00a0Pin\u00a0Qian&#8217;s\u00a0customer\u00a0in\u00a0Singapore*<\/span><\/p>\n<p>\u00a0<\/p>\n<p><span>**Types\u00a0of\u00a0Certificates**<\/span><\/p>\n<p>\u00a0<\/p>\n<p><span>NGI\u00a0(Nan\u00a0Yang\u00a0Gemological)<\/span><\/p>\n<p><span>ou\u00a0<\/span><span>Overseas\u00a0certificates\u00a0<\/span><span>(Yi\u00a0Pin\u00a0Qian\u00a0only\u00a0uses\u00a0authentic\u00a0certificates\u00a0from\u00a0overseas\u00a0labs\u00a0and\u00a0also\u00a0quality\u00a0controls\u00a0every\u00a0one\u00a0of\u00a0our\u00a0products\u00a0before\u00a0putting\u00a0them\u00a0up\u00a0for\u00a0sale\u00a0in\u00a0SG)<\/span><\/p>\n<p>\u00a0<\/p>\n<p><span>Every\u00a0product\u00a0on\u00a0TikTok\u00a0will\u00a0have\u00a0the\u00a0type\u00a0of\u00a0certificate\u00a0provided\u00a0indicated\u00a0in\u00a0the\u00a0description.\u00a0For\u00a0any\u00a0customer\u00a0that\u00a0wishes\u00a0to\u00a0send\u00a0their\u00a0order\u00a0to\u00a0NGI\u00a0Singapore,\u00a0there\u00a0will\u00a0be\u00a0a\u00a0waiting\u00a0time\u00a0for\u00a0order\u00a0delivery\u00a0estimated\u00a0around\u00a04\u00a0weeks\u00a0to\u00a0receive\u00a0your\u00a0order.\u00a0<\/span><span>NGI\u00a0Gemstone\u00a0report\u00a0requests\u00a0need\u00a0to\u00a0be\u00a0done\u00a0by\u00a0messaging\u00a0Yi\u00a0Pin\u00a0Qian\u00a0TikTok\u00a0shop.<\/span><span>\u00a0Thank\u00a0you,\u00a0<\/span><span>extra\u00a0fees\u00a0apply<\/span><span>.<\/span><\/p>\n<p>\u00a0<\/p>\n<p><span>Natural\u00a0jadeite\u00a0is\u00a0not\u00a0flawless,\u00a0just\u00a0a\u00a0gentle\u00a0reminder,\u00a0our\u00a0natural\u00a0jadeite,\u00a0like\u00a0all\u00a0beautiful\u00a0things\u00a0in\u00a0nature,\u00a0comes\u00a0with\u00a0its\u00a0unique\u00a0characteristics\u00a0and\u00a0variations.\u00a0We\u00a0invite\u00a0our\u00a0valued\u00a0customers\u00a0to\u00a0embrace\u00a0these\u00a0natural\u00a0variations.\u00a0Happy\u00a0shopping!<\/span><\/p>\n<p>\u00a0<\/p>\n<p><span>None\u00a0of\u00a0the\u00a0photos\u00a0and\u00a0video\u00a0footage\u00a0have\u00a0been\u00a0filtered.\u00a0We\u00a0encourage\u00a0our\u00a0customers\u00a0to\u00a0also\u00a0watch\u00a0the\u00a0accompanying\u00a0videos\u00a0for\u00a0a\u00a0more\u00a0comprehensive\u00a0view\u00a0of\u00a0our\u00a0products<\/span><\/p>\n<\/article>","protected":false},"excerpt":{"rendered":"<p>Experience\u00a0luxury\u00a0and\u00a0elegance\u00a0with\u00a0this\u00a0stunning\u00a0Lavender\u00a0Natural\u00a0Type\u00a0A\u00a0Jadeite\u00a0Jade\u00a0pendant,\u00a0meticulously\u00a0crafted\u00a0with\u00a0care\u00a0and\u00a0precision.\u00a0(*\u00a0Chain\u00a0on\u00a0picture\u00a0is\u00a0for\u00a0holding\u00a0the\u00a0pendant\u00a0while\u00a0taking\u00a0pictures\u00a0&#8211;\u00a0not\u00a0included*) \u00a0 Certificate\u00a0number:\u00a0GD2205H004651 18k\u00a0gold\u00a0weighs\u00a02.29\u00a0grams Diamonds:\u00a00.06\u00a0*\u00a01,\u00a00.003\u00a0*\u00a015\u00a0&#8211;\u00a0Total\u00a00.105\u00a0Carats \u00a0 \u00a0 \u00a0 Material:\u00a0Set\u00a0on\u00a018k\u00a0gold\u00a0with\u00a0dazzling\u00a0diamonds,\u00a0this\u00a0pendant\u00a0exudes\u00a0sophistication. Certified:\u00a0Weighing\u00a04.47\u00a0grams,\u00a0it\u00a0comes\u00a0with\u00a0a\u00a0certificate\u00a0for\u00a0authenticity. Jade\u00a0Type:\u00a0Made\u00a0of\u00a0high-quality\u00a0Lavender\u00a0Natural\u00a0Type\u00a0A\u00a0Jadeite\u00a0Jade\u00a0for\u00a0a\u00a0touch\u00a0of\u00a0uniqueness. The\u00a0cabochon\u00a0measures\u00a0at\u00a0an\u00a0impressive\u00a0size\u00a0of\u00a012.7\u00a0*15.6\u00a0*6\u00a0mm,\u00a0set\u00a0in\u00a0a\u00a0gorgeous\u00a0design\u00a0that\u00a0measures\u00a0at\u00a021.2\u00a0*24.1\u00a0*9\u00a0mm\u00a0(18kp45). Made\u00a0in\u00a0Myanmar,\u00a0this\u00a0piece\u00a0is\u00a0perfect\u00a0for\u00a0daily\u00a0wear\u00a0or\u00a0special\u00a0occasions\u00a0&#8211;\u00a0a\u00a0versatile\u00a0addition\u00a0to\u00a0any\u00a0jewelry\u00a0collection\u00a0suitable\u00a0for\u00a0both\u00a0men\u00a0and\u00a0women\u00a0alike. Yi\u00a0Pin\u00a0Qian\u00a0&#8211;\u00a0A\u00a0Precious\u00a0Stone\u00a0and\u00a0Precious\u00a0Metal\u00a0Dealer\u00a0in\u00a0Singapore\u00a0&#8211;\u00a0License\u00a0number\u00a0PS20190000031 \u00a0 *All\u00a0Jadeites\u00a0purchased\u00a0from\u00a0Yi\u00a0Pin\u00a0Qian\u00a0in\u00a0Singapore,\u00a0customers\u00a0can\u00a0book\u00a0for\u00a0slots\u00a0for\u00a0polish\u00a0or\u00a0minor\u00a0repair\u00a0for\u00a0mishandling\u00a0&#8211;\u00a0fees\u00a0applies\u00a0and\u00a0only\u00a0for\u00a0Yi\u00a0Pin\u00a0Qian&#8217;s\u00a0customer\u00a0in\u00a0Singapore* \u00a0 **Types\u00a0of\u00a0Certificates** \u00a0 NGI\u00a0(Nan\u00a0Yang\u00a0Gemological) or\u00a0Overseas\u00a0certificates\u00a0(Yi\u00a0Pin\u00a0Qian\u00a0only\u00a0uses\u00a0authentic\u00a0certificates\u00a0from\u00a0overseas\u00a0labs\u00a0and\u00a0also\u00a0quality\u00a0controls\u00a0every\u00a0one\u00a0of\u00a0our\u00a0products\u00a0before\u00a0putting\u00a0them\u00a0up\u00a0for\u00a0sale\u00a0in\u00a0SG) \u00a0 Every\u00a0product\u00a0on\u00a0TikTok\u00a0will\u00a0have\u00a0the\u00a0type\u00a0of\u00a0certificate\u00a0provided\u00a0indicated\u00a0in\u00a0the\u00a0description.\u00a0For\u00a0any\u00a0customer\u00a0that\u00a0wishes\u00a0to\u00a0send\u00a0their\u00a0order\u00a0to\u00a0NGI\u00a0Singapore,\u00a0there\u00a0will\u00a0be\u00a0a\u00a0waiting\u00a0time\u00a0for\u00a0order\u00a0delivery\u00a0estimated\u00a0around\u00a04\u00a0weeks\u00a0to\u00a0receive\u00a0your\u00a0order.\u00a0NGI\u00a0Gemstone\u00a0report\u00a0requests\u00a0need\u00a0to\u00a0be\u00a0done\u00a0by\u00a0messaging\u00a0Yi\u00a0Pin\u00a0Qian\u00a0TikTok\u00a0shop.\u00a0Thank\u00a0you,\u00a0extra\u00a0fees\u00a0apply. \u00a0 Natural\u00a0jadeite\u00a0is\u00a0not\u00a0flawless,\u00a0just\u00a0a\u00a0gentle\u00a0reminder,\u00a0our\u00a0natural\u00a0jadeite,\u00a0like\u00a0all\u00a0beautiful\u00a0things\u00a0in\u00a0nature,\u00a0comes\u00a0with\u00a0its\u00a0unique\u00a0characteristics\u00a0and\u00a0variations.\u00a0We\u00a0invite\u00a0our\u00a0valued\u00a0customers\u00a0to\u00a0embrace\u00a0these\u00a0natural\u00a0variations.\u00a0Happy\u00a0shopping! \u00a0 None\u00a0of\u00a0the\u00a0photos\u00a0and\u00a0video\u00a0footage\u00a0have\u00a0been\u00a0filtered.\u00a0We\u00a0encourage\u00a0our\u00a0customers\u00a0to\u00a0also\u00a0watch\u00a0the\u00a0accompanying\u00a0videos\u00a0for\u00a0a\u00a0more\u00a0comprehensive\u00a0view\u00a0of\u00a0our\u00a0products<\/p>","protected":false},"featured_media":4521,"comment_status":"open","ping_status":"closed","template":"","meta":[],"product_brand":[],"product_cat":[120,48],"product_tag":[50,64,88,65,55,77,73,60,61,62],"class_list":{"0":"post-1427","1":"product","2":"type-product","3":"status-publish","4":"has-post-thumbnail","6":"product_cat-18k-gold-setting-pendants","7":"product_cat-pendants","8":"product_tag-18k-gold","9":"product_tag-cabochon","10":"product_tag-diamonds","11":"product_tag-high-quality","12":"product_tag-jadeite","13":"product_tag-lavender","14":"product_tag-pendant","15":"product_tag-type-a-jadeite","16":"product_tag-unisex","17":"product_tag-yi-pin-qian-exclusive","19":"first","20":"instock","21":"sale","22":"shipping-taxable","23":"purchasable","24":"product-type-simple"},"_links":{"self":[{"href":"https:\/\/shop.yipinqian.com\/fr\/wp-json\/wp\/v2\/product\/1427","targetHints":{"allow":["GET"]}}],"collection":[{"href":"https:\/\/shop.yipinqian.com\/fr\/wp-json\/wp\/v2\/product"}],"about":[{"href":"https:\/\/shop.yipinqian.com\/fr\/wp-json\/wp\/v2\/types\/product"}],"replies":[{"embeddable":true,"href":"https:\/\/shop.yipinqian.com\/fr\/wp-json\/wp\/v2\/comments?post=1427"}],"version-history":[{"count":0,"href":"https:\/\/shop.yipinqian.com\/fr\/wp-json\/wp\/v2\/product\/1427\/revisions"}],"wp:featuredmedia":[{"embeddable":true,"href":"https:\/\/shop.yipinqian.com\/fr\/wp-json\/wp\/v2\/media\/4521"}],"wp:attachment":[{"href":"https:\/\/shop.yipinqian.com\/fr\/wp-json\/wp\/v2\/media?parent=1427"}],"wp:term":[{"taxonomy":"product_brand","embeddable":true,"href":"https:\/\/shop.yipinqian.com\/fr\/wp-json\/wp\/v2\/product_brand?post=1427"},{"taxonomy":"product_cat","embeddable":true,"href":"https:\/\/shop.yipinqian.com\/fr\/wp-json\/wp\/v2\/product_cat?post=1427"},{"taxonomy":"product_tag","embeddable":true,"href":"https:\/\/shop.yipinqian.com\/fr\/wp-json\/wp\/v2\/product_tag?post=1427"}],"curies":[{"name":"wp","href":"https:\/\/api.w.org\/{rel}","templated":true}]}}