{"id":14235,"date":"2024-12-01T14:04:25","date_gmt":"2024-12-01T06:04:25","guid":{"rendered":"https:\/\/shop.yipinqian.com\/sg-seller-new-listing-crafted-on-natural-type-jadeite-jade-with-3-cabochons-on-18k-gold-as-ring-certificate-weighs-1-18-grams-18kring36\/"},"modified":"2025-01-26T00:00:49","modified_gmt":"2025-01-25T16:00:49","slug":"sg-seller-new-listing-crafted-on-natural-type-jadeite-jade-with-3-cabochons-on-18k-gold-as-ring-certificate-weighs-1-18-grams-18kring36","status":"publish","type":"product","link":"https:\/\/shop.yipinqian.com\/fr\/produit\/sg-seller-new-listing-crafted-on-natural-type-jadeite-jade-with-3-cabochons-on-18k-gold-as-ring-certificate-weighs-1-18-grams-18kring36\/","title":{"rendered":"Fabriqu\u00e9 en jade jad\u00e9ite de type naturel avec 3 cabochons sur or 18 carats comme certificat de bague p\u00e8se 1,18 gramme (18kring36)"},"content":{"rendered":"<p>This SG Seller New Listing features a stunning Jade Ring crafted on natural type jadeite with 3 cabochons on 18k gold. The ring certificate confirms a weight of 1.18 grams (18kring36).<\/p>\n<p><\/p>\n<p>Certificate numbers: GD2111H005842<\/p>\n<p><\/p>\n<p>18k gold: 0.8 grams<\/p>\n<p>Diamonds: 12 * 0.003 <\/p>\n<p>Finger size: 16.9 mm<\/p>\n<p><\/p>\n<p>Cabochons:<\/p>\n<p>3.7 * 3.8 * 2.4 mm<\/p>\n<p>4.1 * 4.1 * 2.5 mm<\/p>\n<p>3.6 * 3.7 * 2.1 mm<\/p>\n<p><img fetchpriority=\"high\" decoding=\"async\" src=\"https:\/\/shop.yipinqian.com\/wp-content\/uploads\/2024\/12\/ba088b348ab049df91c7813fb5bd65e5tplv-aphluv4xwc-origin-jpeg.jpeg?dr=15568&#038;nonce=25009&#038;refresh_token=418e13e04778bf7ff5eae46e3ea911db&#038;from=476444299&#038;idc=my2&#038;ps=933b5bde&#038;shcp=9b759fb9&#038;shp=1c65f68b&#038;t=555f072d\" width=\"1200\" height=\"1600\"><\/p>\n<ul>\n<li>\n<strong>Certificat:<\/strong> Oui<\/li>\n<li>\n<strong>Mat\u00e9riel secondaire :<\/strong> Diamant<\/li>\n<li>\n<strong>Mat\u00e9riau de r\u00e9glage :<\/strong> Or PT\/Carat<\/li>\n<li>\n<strong>Type de jade :<\/strong> Jad\u00e9ite<\/li>\n<li>The region of origin for this exquisite piece is Myanmar, suitable for daily wear and designed for both men and women.<\/li>\n<li>This unique jade ring is the perfect accessory to add a touch of elegance to any outfit.<\/li>\n<\/ul>\n<p><img decoding=\"async\" src=\"https:\/\/shop.yipinqian.com\/wp-content\/uploads\/2024\/12\/9aa1219f196745fba638c8ffd8aa903etplv-aphluv4xwc-origin-jpeg.jpeg?dr=15568&#038;nonce=29527&#038;refresh_token=1bee6401777e37389da887c3e8abde82&#038;from=476444299&#038;idc=my2&#038;ps=933b5bde&#038;shcp=9b759fb9&#038;shp=1c65f68b&#038;t=555f072d\" width=\"1200\" height=\"1600\"><\/p>","protected":false},"excerpt":{"rendered":"<p>Cette nouvelle annonce de vendeur SG pr\u00e9sente une superbe bague en jade fabriqu\u00e9e sur du jad\u00e9ite de type naturel avec 3 cabochons sur or 18 carats. Le certificat de la bague confirme un poids de 1,18 gramme (18kring36). Num\u00e9ros de certificat : GD2111H005842 Or 18 carats : 0,8 gramme Diamants : 12 * 0,003 Taille du doigt : 16,9 mm Cabochons : 3,7 * 3,8 * 2,4 mm 4,1 * [\u2026]<\/p>","protected":false},"featured_media":14378,"comment_status":"open","ping_status":"closed","template":"","meta":[],"product_brand":[],"product_cat":[119,80,126],"product_tag":[50,64,52,88,72,53,65,54,66,55,56,58,71,59,60,62],"class_list":{"0":"post-14235","1":"product","2":"type-product","3":"status-publish","4":"has-post-thumbnail","6":"product_cat-18k-gold-ring-setting","7":"product_cat-jade-rings","8":"product_cat-new-arrivals","9":"product_tag-18k-gold","10":"product_tag-cabochon","11":"product_tag-certified","12":"product_tag-diamonds","13":"product_tag-female","14":"product_tag-fine-quality","15":"product_tag-high-quality","16":"product_tag-icy","17":"product_tag-jade-ring","18":"product_tag-jadeite","19":"product_tag-limited-editions","20":"product_tag-new-arrivals","21":"product_tag-ring","22":"product_tag-translucent","23":"product_tag-type-a-jadeite","24":"product_tag-yi-pin-qian-exclusive","26":"first","27":"instock","28":"sale","29":"shipping-taxable","30":"purchasable","31":"product-type-simple"},"_links":{"self":[{"href":"https:\/\/shop.yipinqian.com\/fr\/wp-json\/wp\/v2\/product\/14235","targetHints":{"allow":["GET"]}}],"collection":[{"href":"https:\/\/shop.yipinqian.com\/fr\/wp-json\/wp\/v2\/product"}],"about":[{"href":"https:\/\/shop.yipinqian.com\/fr\/wp-json\/wp\/v2\/types\/product"}],"replies":[{"embeddable":true,"href":"https:\/\/shop.yipinqian.com\/fr\/wp-json\/wp\/v2\/comments?post=14235"}],"version-history":[{"count":0,"href":"https:\/\/shop.yipinqian.com\/fr\/wp-json\/wp\/v2\/product\/14235\/revisions"}],"wp:featuredmedia":[{"embeddable":true,"href":"https:\/\/shop.yipinqian.com\/fr\/wp-json\/wp\/v2\/media\/14378"}],"wp:attachment":[{"href":"https:\/\/shop.yipinqian.com\/fr\/wp-json\/wp\/v2\/media?parent=14235"}],"wp:term":[{"taxonomy":"product_brand","embeddable":true,"href":"https:\/\/shop.yipinqian.com\/fr\/wp-json\/wp\/v2\/product_brand?post=14235"},{"taxonomy":"product_cat","embeddable":true,"href":"https:\/\/shop.yipinqian.com\/fr\/wp-json\/wp\/v2\/product_cat?post=14235"},{"taxonomy":"product_tag","embeddable":true,"href":"https:\/\/shop.yipinqian.com\/fr\/wp-json\/wp\/v2\/product_tag?post=14235"}],"curies":[{"name":"wp","href":"https:\/\/api.w.org\/{rel}","templated":true}]}}