{"id":14221,"date":"2024-12-01T14:04:03","date_gmt":"2024-12-01T06:04:03","guid":{"rendered":"https:\/\/shop.yipinqian.com\/ngi-singapore-certification-for-one-item\/"},"modified":"2025-02-17T00:04:20","modified_gmt":"2025-02-16T16:04:20","slug":"ngi-singapore-certification-for-one-item","status":"publish","type":"product","link":"https:\/\/shop.yipinqian.com\/fr\/produit\/ngi-singapore-certification-for-one-item\/","title":{"rendered":"Certification NGI Singapour \u2013 Pour un seul article"},"content":{"rendered":"<p>NGI Singapore Certification ~ A reputable Singapore Lab &#8211; trusted by many in Singapore<\/p>\n<h4 class=\"elementor-heading-title elementor-size-default\">Institut de gemmologie Nan Yang<\/h4>\n<ul>\n<li>Pour la jad\u00e9ite avec de l&#039;or 18 carats, le client peut choisir de tester uniquement la jad\u00e9ite ou les deux - prix diff\u00e9rent<\/li>\n<\/ul>\n<p><strong>Remarque : cet article n\u00e9cessite un d\u00e9lai suppl\u00e9mentaire d&#039;un jour + 3 \u00e0 5 jours de livraison pour votre achat de jad\u00e9ite.<\/strong><\/p>\n<p>Si le client souhaite obtenir un rapport de laboratoire de NGI, veuillez ajouter ce produit \u00e0 l&#039;article achet\u00e9 et proc\u00e9der au paiement. Le produit sera envoy\u00e9 au laboratoire le jour m\u00eame ou au plus tard le lendemain pour des tests imm\u00e9diats.<\/p>\n<p><strong>Cette certification n&#039;est remboursable que si le produit achet\u00e9 a \u00e9t\u00e9 test\u00e9 comme trait\u00e9, toute autre annulation pour quelque raison que ce soit n&#039;est pas accept\u00e9e - veuillez noter qu&#039;il s&#039;agit d&#039;un service suppl\u00e9mentaire fourni par Yi Pin Qian pour \u00e9conomiser le temps de d\u00e9placement du client, merci pour votre compr\u00e9hension.<\/strong><\/p>\n<p>Suppl\u00e9mentaire : Cette certification de laboratoire de NGI n&#039;est pas obligatoire car 99% de nos produits sont soit avec un certificat de laboratoire \u00e0 l&#039;\u00e9tranger, soit avec NGI, veuillez \u00e9galement envoyer un message \u00e0 notre service client pour en savoir plus, merci.<\/p>\n<p>&nbsp;<\/p>","protected":false},"excerpt":{"rendered":"<p><img fetchpriority=\"high\" decoding=\"async\" class=\"alignnone wp-image-14387 size-medium\" src=\"https:\/\/shop.yipinqian.com\/wp-content\/uploads\/2024\/12\/WhatsApp-Image-2024-12-01-at-14.06.11_e00f250c-206x300.jpg\" alt=\"NGI Singapore Certification\" width=\"206\" height=\"300\" srcset=\"https:\/\/shop.yipinqian.com\/wp-content\/uploads\/2024\/12\/WhatsApp-Image-2024-12-01-at-14.06.11_e00f250c-206x300.jpg 206w, https:\/\/shop.yipinqian.com\/wp-content\/uploads\/2024\/12\/WhatsApp-Image-2024-12-01-at-14.06.11_e00f250c-704x1024.jpg 704w, https:\/\/shop.yipinqian.com\/wp-content\/uploads\/2024\/12\/WhatsApp-Image-2024-12-01-at-14.06.11_e00f250c-768x1116.jpg 768w, https:\/\/shop.yipinqian.com\/wp-content\/uploads\/2024\/12\/WhatsApp-Image-2024-12-01-at-14.06.11_e00f250c-1057x1536.jpg 1057w, https:\/\/shop.yipinqian.com\/wp-content\/uploads\/2024\/12\/WhatsApp-Image-2024-12-01-at-14.06.11_e00f250c-55x80.jpg 55w, https:\/\/shop.yipinqian.com\/wp-content\/uploads\/2024\/12\/WhatsApp-Image-2024-12-01-at-14.06.11_e00f250c-500x727.jpg 500w, https:\/\/shop.yipinqian.com\/wp-content\/uploads\/2024\/12\/WhatsApp-Image-2024-12-01-at-14.06.11_e00f250c.jpg 1109w\" sizes=\"(max-width: 206px) 100vw, 206px\" \/>NGI Singapore Certification<\/p>","protected":false},"featured_media":14387,"comment_status":"open","ping_status":"closed","template":"","meta":[],"product_brand":[],"product_cat":[178,177,126],"product_tag":[176,58],"class_list":{"0":"post-14221","1":"product","2":"type-product","3":"status-publish","4":"has-post-thumbnail","6":"product_cat-certification","7":"product_cat-lab-certificate","8":"product_cat-new-arrivals","9":"product_tag-lab-certificate","10":"product_tag-new-arrivals","12":"first","13":"instock","14":"sale","15":"shipping-taxable","16":"purchasable","17":"product-type-variable"},"_links":{"self":[{"href":"https:\/\/shop.yipinqian.com\/fr\/wp-json\/wp\/v2\/product\/14221","targetHints":{"allow":["GET"]}}],"collection":[{"href":"https:\/\/shop.yipinqian.com\/fr\/wp-json\/wp\/v2\/product"}],"about":[{"href":"https:\/\/shop.yipinqian.com\/fr\/wp-json\/wp\/v2\/types\/product"}],"replies":[{"embeddable":true,"href":"https:\/\/shop.yipinqian.com\/fr\/wp-json\/wp\/v2\/comments?post=14221"}],"version-history":[{"count":0,"href":"https:\/\/shop.yipinqian.com\/fr\/wp-json\/wp\/v2\/product\/14221\/revisions"}],"wp:featuredmedia":[{"embeddable":true,"href":"https:\/\/shop.yipinqian.com\/fr\/wp-json\/wp\/v2\/media\/14387"}],"wp:attachment":[{"href":"https:\/\/shop.yipinqian.com\/fr\/wp-json\/wp\/v2\/media?parent=14221"}],"wp:term":[{"taxonomy":"product_brand","embeddable":true,"href":"https:\/\/shop.yipinqian.com\/fr\/wp-json\/wp\/v2\/product_brand?post=14221"},{"taxonomy":"product_cat","embeddable":true,"href":"https:\/\/shop.yipinqian.com\/fr\/wp-json\/wp\/v2\/product_cat?post=14221"},{"taxonomy":"product_tag","embeddable":true,"href":"https:\/\/shop.yipinqian.com\/fr\/wp-json\/wp\/v2\/product_tag?post=14221"}],"curies":[{"name":"wp","href":"https:\/\/api.w.org\/{rel}","templated":true}]}}