{"id":1421,"date":"2024-10-24T23:19:05","date_gmt":"2024-10-24T15:19:05","guid":{"rendered":"https:\/\/shop.yipinqian.com\/product\/high-quality-icy-translucent-natural-type-a-jadeite-jade-crafted-with-flowers-added-apple-green-cabochon-set-on-18k-gold-as-pendant-certificate-weighs-8-53-grams-measurement-47-3-20-5-8-mm-18kp55\/"},"modified":"2025-01-10T05:59:50","modified_gmt":"2025-01-09T21:59:50","slug":"high-quality-icy-translucent-natural-type-a-jadeite-jade-crafted-with-flowers-added-apple-green-cabochon-set-on-18k-gold-as-pendant-certificate-weighs-8-53-grams-measurement-47-3-20-5-8-mm-18kp55","status":"publish","type":"product","link":"https:\/\/shop.yipinqian.com\/fr\/produit\/high-quality-icy-translucent-natural-type-a-jadeite-jade-crafted-with-flowers-added-apple-green-cabochon-set-on-18k-gold-as-pendant-certificate-weighs-8-53-grams-measurement-47-3-20-5-8-mm-18kp55\/","title":{"rendered":"High Quality Icy Translucent Natural Type A Jadeite Jade crafted with flowers added Apple green cabochon set on 18k gold as Pendant, certificate weighs 8.53 grams, measurement 47.3 * 20 * 5.8 mm (18kp55)"},"content":{"rendered":"<p>This exquisite Jade Necklace Pendant features a High Quality Icy Translucent Natural Type A Jadeite Jade in a stunning Apple green cabochon setting, crafted with intricate flower details. Symbols of Flowers bloom and wealth<\/p>\n<p>\u00a0<\/p>\n<p>Certificate numbers: GD2110H012006<\/p>\n<p>Or 18 carats : 1,5 gramme<\/p>\n<p>Diamonds: 19 *<em> 0.003 carats and 1 * <\/em>0.005 carats<\/p>\n<p>Jadeite measurement: 37.1 * 20 * 5.8 mm<\/p>\n<p><img fetchpriority=\"high\" decoding=\"async\" height=\"1080\" src=\"https:\/\/shop.yipinqian.com\/wp-content\/uploads\/2024\/10\/18b088a232aff2c29f39cb5cccdcc539.jpg?from=476444299\" width=\"1080\"><\/p>\n<ul>\n<li>\n<strong>Mat\u00e9riel:<\/strong> Or 18 carats<\/li>\n<li>\n<strong>Certificat:<\/strong> Oui<\/li>\n<li>\n<strong>P\u00e8se :<\/strong> 8.53 grams<\/li>\n<li>\n<strong>Overall Measurements:<\/strong> 47.3 * 20 * 5.8 mm (18kp55)<\/li>\n<li>This Unisex pendant is perfect for daily wear, adding an elegant touch to any outfit.<\/li>\n<\/ul>\n<p>The secondary material of this pendant is Diamond, complementing the lustrous beauty of the jade. The setting material is PT\/Carat Gold from Myanmar.<\/p>\n<ul>\n<li>\n<strong>Type de jade : <\/strong>Jad\u00e9ite<\/li>\n<li>\n<strong>Style de collier : <\/strong>Elegant.<\/li>\n<\/ul>\n<p>Yi Pin Qian \u2013 N\u00e9gociant en pierres pr\u00e9cieuses et m\u00e9taux pr\u00e9cieux \u00e0 Singapour \u2013 Num\u00e9ro de licence PS20190000031<\/p>\n<p>\u00a0<\/p>\n<p>*Toutes les jad\u00e9ites achet\u00e9es chez Yi Pin Qian \u00e0 Singapour, les clients peuvent r\u00e9server des cr\u00e9neaux pour le polissage ou une r\u00e9paration mineure en cas de mauvaise manipulation - des frais s&#039;appliquent et uniquement pour les clients de Yi Pin Qian \u00e0 Singapour*<\/p>\n<p>\u00a0<\/p>\n<p><strong>**Types de certificats**<\/strong><\/p>\n<p>\u00a0<\/p>\n<p><strong>NGI (Nan Yang Gemmologie)<\/strong><\/p>\n<p>ou <strong>Certificats \u00e9trangers <\/strong>(Yi Pin Qian utilise uniquement des certificats authentiques provenant de laboratoires \u00e9trangers et contr\u00f4le \u00e9galement la qualit\u00e9 de chacun de nos produits avant de les mettre en vente \u00e0 Singapour)<\/p>\n<p>\u00a0<\/p>\n<p>Chaque produit sur TikTok aura le type de certificat fourni indiqu\u00e9 dans la description. Pour tout client souhaitant envoyer sa commande \u00e0 NGI Singapore, il y aura un d\u00e9lai d&#039;attente pour la livraison de la commande estim\u00e9 \u00e0 environ 4 semaines pour recevoir votre commande. <strong>Les demandes de rapport sur les pierres pr\u00e9cieuses NGI doivent \u00eatre effectu\u00e9es en envoyant un message \u00e0 la boutique TikTok de Yi Pin Qian.<\/strong> Merci, <strong><u>des frais suppl\u00e9mentaires s&#039;appliquent<\/u><\/strong>.<\/p>\n<p>\u00a0<\/p>\n<p><strong>La jad\u00e9ite naturelle n&#039;est pas parfaite, juste un petit rappel : notre jad\u00e9ite naturelle, comme toutes les belles choses de la nature, poss\u00e8de ses caract\u00e9ristiques et ses variations uniques. Nous invitons nos pr\u00e9cieux clients \u00e0 adopter ces variations naturelles. Bon shopping !<\/strong><\/p>\n<p>\u00a0<\/p>\n<p><strong><u>Aucune des photos et des s\u00e9quences vid\u00e9o n&#039;a \u00e9t\u00e9 filtr\u00e9e. Nous encourageons nos clients \u00e0 regarder \u00e9galement les vid\u00e9os d&#039;accompagnement pour une vue plus compl\u00e8te de nos produits<\/u><\/strong><\/p>","protected":false},"excerpt":{"rendered":"<p>Ce magnifique pendentif en jade est compos\u00e9 d&#039;un jade jad\u00e9ite translucide de type A naturel de haute qualit\u00e9 dans un superbe sertissage cabochon vert pomme, confectionn\u00e9 avec des d\u00e9tails floraux complexes. Symboles de floraison et de richesse Num\u00e9ros de certificat : GD2110H012006 Or 18 carats : 1,5 gramme Diamants : 19 * 0,003 carats et 1 * 0,005 carats Mesure de la jad\u00e9ite : 37,1 [\u2026]<\/p>","protected":false},"featured_media":4439,"comment_status":"open","ping_status":"closed","template":"","meta":[],"product_brand":[],"product_cat":[120,48],"product_tag":[50,52,88,53,70,54,55,56,73,59,60,61,62],"class_list":{"0":"post-1421","1":"product","2":"type-product","3":"status-publish","4":"has-post-thumbnail","6":"product_cat-18k-gold-setting-pendants","7":"product_cat-pendants","8":"product_tag-18k-gold","9":"product_tag-certified","10":"product_tag-diamonds","11":"product_tag-fine-quality","12":"product_tag-green","13":"product_tag-icy","14":"product_tag-jadeite","15":"product_tag-limited-editions","16":"product_tag-pendant","17":"product_tag-translucent","18":"product_tag-type-a-jadeite","19":"product_tag-unisex","20":"product_tag-yi-pin-qian-exclusive","22":"first","23":"instock","24":"sale","25":"shipping-taxable","26":"purchasable","27":"product-type-simple"},"_links":{"self":[{"href":"https:\/\/shop.yipinqian.com\/fr\/wp-json\/wp\/v2\/product\/1421","targetHints":{"allow":["GET"]}}],"collection":[{"href":"https:\/\/shop.yipinqian.com\/fr\/wp-json\/wp\/v2\/product"}],"about":[{"href":"https:\/\/shop.yipinqian.com\/fr\/wp-json\/wp\/v2\/types\/product"}],"replies":[{"embeddable":true,"href":"https:\/\/shop.yipinqian.com\/fr\/wp-json\/wp\/v2\/comments?post=1421"}],"version-history":[{"count":0,"href":"https:\/\/shop.yipinqian.com\/fr\/wp-json\/wp\/v2\/product\/1421\/revisions"}],"wp:featuredmedia":[{"embeddable":true,"href":"https:\/\/shop.yipinqian.com\/fr\/wp-json\/wp\/v2\/media\/4439"}],"wp:attachment":[{"href":"https:\/\/shop.yipinqian.com\/fr\/wp-json\/wp\/v2\/media?parent=1421"}],"wp:term":[{"taxonomy":"product_brand","embeddable":true,"href":"https:\/\/shop.yipinqian.com\/fr\/wp-json\/wp\/v2\/product_brand?post=1421"},{"taxonomy":"product_cat","embeddable":true,"href":"https:\/\/shop.yipinqian.com\/fr\/wp-json\/wp\/v2\/product_cat?post=1421"},{"taxonomy":"product_tag","embeddable":true,"href":"https:\/\/shop.yipinqian.com\/fr\/wp-json\/wp\/v2\/product_tag?post=1421"}],"curies":[{"name":"wp","href":"https:\/\/api.w.org\/{rel}","templated":true}]}}