{"id":14200,"date":"2024-12-01T14:03:34","date_gmt":"2024-12-01T06:03:34","guid":{"rendered":"https:\/\/shop.yipinqian.com\/hugh-dragon-2-crafted-on-natural-type-a-jadeite-jade-as-pendant-certificate-weighs-88-3-grams-measurement-74-44-2-17-mm-pendant365\/"},"modified":"2025-02-24T01:17:23","modified_gmt":"2025-02-23T17:17:23","slug":"hugh-dragon-2-crafted-on-natural-type-a-jadeite-jade-as-pendant-certificate-weighs-88-3-grams-measurement-74-44-2-17-mm-pendant365","status":"publish","type":"product","link":"https:\/\/shop.yipinqian.com\/fr\/produit\/hugh-dragon-2-crafted-on-natural-type-a-jadeite-jade-as-pendant-certificate-weighs-88-3-grams-measurement-74-44-2-17-mm-pendant365\/","title":{"rendered":"Pendentif Hugh Dragon #2 Fabriqu\u00e9 en jade jad\u00e9ite naturel de type A comme pendentif, le certificat p\u00e8se 88,3 grammes, mesure 74 * 44,2 * 17 mm (pendentif365)"},"content":{"rendered":"<p>This Hugh Dragon #2 necklace pendant is crafted on natural Type A Jadeite Jade, originating from Myanmar. It weighs 88.3 grams and measures 74 * 44.2 * 17 mm, making it a stunning accessory for any auspicious occasion.<\/p>\n<p><\/p>\n<p>Certificate numbers: 920250003675<\/p>\n<p><img fetchpriority=\"high\" decoding=\"async\" src=\"https:\/\/shop.yipinqian.com\/wp-content\/uploads\/2024\/12\/f06b33edca3d4871844f8e70a870cf78tplv-aphluv4xwc-origin-jpeg.jpeg?dr=15568&#038;nonce=70706&#038;refresh_token=185d887384cf7835c09d6b5627bb5b86&#038;from=476444299&#038;idc=my2&#038;ps=933b5bde&#038;shcp=9b759fb9&#038;shp=1c65f68b&#038;t=555f072d\" width=\"1080\" height=\"1080\"><\/p>\n<ul>\n<li>\n<strong>Mat\u00e9riel:<\/strong> Jade jad\u00e9ite naturelle de type A<\/li>\n<li>\n<strong>Poids:<\/strong> 88.3 grams<\/li>\n<li>\n<strong>Mesures:<\/strong> 74 * 44.2 *17 mm<\/li>\n<li>\n<strong>Certificat inclus :<\/strong> Oui<\/li>\n<li><strong>Type de jade :<\/strong><\/li>\n<\/ul>\n<p><img decoding=\"async\" src=\"https:\/\/shop.yipinqian.com\/wp-content\/uploads\/2024\/12\/06aa81b46b46462ab102a80451e6d335tplv-aphluv4xwc-origin-jpeg.jpeg?dr=15568&#038;nonce=70771&#038;refresh_token=d367c5df14d4c0ed8565165dec654ab5&#038;from=476444299&#038;idc=my2&#038;ps=933b5bde&#038;shcp=9b759fb9&#038;shp=1c65f68b&#038;t=555f072d\" width=\"1080\" height=\"1080\"><img decoding=\"async\" src=\"https:\/\/shop.yipinqian.com\/wp-content\/uploads\/2024\/12\/8fafa78a3781488083e7ff8a166de663tplv-aphluv4xwc-origin-jpeg.jpeg?dr=15568&#038;nonce=19693&#038;refresh_token=5f2f896c4c59a097a9ca1cae816eaba0&#038;from=476444299&#038;idc=my2&#038;ps=933b5bde&#038;shcp=9b759fb9&#038;shp=1c65f68b&#038;t=555f072d\" width=\"1080\" height=\"1080\"><\/p>\n<p><strong>This exquisite pendant features intricate detailing of a dragon design, symbolizing power and strength while exuding elegance.<\/strong><\/p>\n<ul>\n<li><strong>The dragon symbolizes power and strength.<\/strong><\/li>\n<\/ul>\n<p><strong>Suitable for both men and women, this unisex necklace style is perfect for casual wear or special occasions where you want to make a statement with unique jewelry.<\/strong><\/p>\n<ul>\n<li><strong>Suitable for both men and women (Unisex)<\/strong><\/li>\n<\/ul>\n<p>Yi Pin Qian \u2013 N\u00e9gociant en pierres pr\u00e9cieuses et m\u00e9taux pr\u00e9cieux \u00e0 Singapour \u2013 Num\u00e9ro de licence PS20190000031<\/p>\n<p><\/p>\n<p>*Toutes les jad\u00e9ites achet\u00e9es chez Yi Pin Qian \u00e0 Singapour, les clients peuvent r\u00e9server des cr\u00e9neaux pour le polissage ou une r\u00e9paration mineure en cas de mauvaise manipulation - des frais s&#039;appliquent et uniquement pour les clients de Yi Pin Qian \u00e0 Singapour*<\/p>\n<p><\/p>\n<p><strong>**Types de certificats**<\/strong><\/p>\n<p><\/p>\n<p><strong>NGI (Nan Yang Gemmologie)<\/strong><\/p>\n<p>ou <strong>Certificats \u00e9trangers <\/strong>(Yi Pin Qian utilise uniquement des certificats authentiques provenant de laboratoires \u00e9trangers et contr\u00f4le \u00e9galement la qualit\u00e9 de chacun de nos produits avant de les mettre en vente \u00e0 Singapour)<\/p>\n<p><\/p>\n<p>Chaque produit sur TikTok aura le type de certificat fourni indiqu\u00e9 dans la description. Pour tout client souhaitant envoyer sa commande \u00e0 NGI Singapore, il y aura un d\u00e9lai d&#039;attente pour la livraison de la commande estim\u00e9 \u00e0 environ 4 semaines pour recevoir votre commande. <strong>Les demandes de rapport NGI Gemstone doivent \u00eatre effectu\u00e9es en nous envoyant un message.<\/strong> Merci, <strong><u>des frais suppl\u00e9mentaires s&#039;appliquent<\/u><\/strong>.<\/p>\n<p><\/p>\n<p><strong>La jad\u00e9ite naturelle n&#039;est pas parfaite, juste un petit rappel : notre jad\u00e9ite naturelle, comme toutes les belles choses de la nature, poss\u00e8de ses caract\u00e9ristiques et ses variations uniques. Nous invitons nos pr\u00e9cieux clients \u00e0 adopter ces variations naturelles. Bon shopping !<\/strong><\/p>\n<p><\/p>\n<p><strong><u>Aucune des photos et des s\u00e9quences vid\u00e9o n&#039;a \u00e9t\u00e9 filtr\u00e9e. Nous encourageons nos clients \u00e0 regarder \u00e9galement les vid\u00e9os d&#039;accompagnement pour une vue plus compl\u00e8te de nos produits<\/u><\/strong><\/p>\n<p><\/p>\n<ul>\n<li>Diff\u00e9rentes plates-formes ne peuvent visionner des vid\u00e9os que via le bureau<\/li>\n<\/ul>","protected":false},"excerpt":{"rendered":"<p>This Hugh Dragon #2 necklace pendant is crafted on natural Type A Jadeite Jade, originating from Myanmar. It weighs 88.3 grams and measures 74 * 44.2 * 17 mm, making it a stunning accessory for any auspicious occasion. Certificate numbers: 920250003675 Material: Natural Type A Jadeite Jade Weight: 88.3 grams Measurement: 74 * 44.2 *17 [&hellip;]<\/p>","protected":false},"featured_media":14263,"comment_status":"open","ping_status":"closed","template":"","meta":[],"product_brand":[],"product_cat":[195],"product_tag":[52,78,65,56,58,73,75,60,61,62],"class_list":{"0":"post-14200","1":"product","2":"type-product","3":"status-publish","4":"has-post-thumbnail","6":"product_cat-heirloom-grade","7":"product_tag-certified","8":"product_tag-dragon","9":"product_tag-high-quality","10":"product_tag-limited-editions","11":"product_tag-new-arrivals","12":"product_tag-pendant","13":"product_tag-traditional","14":"product_tag-type-a-jadeite","15":"product_tag-unisex","16":"product_tag-yi-pin-qian-exclusive","18":"first","19":"instock","20":"sale","21":"shipping-taxable","22":"purchasable","23":"product-type-simple"},"_links":{"self":[{"href":"https:\/\/shop.yipinqian.com\/fr\/wp-json\/wp\/v2\/product\/14200","targetHints":{"allow":["GET"]}}],"collection":[{"href":"https:\/\/shop.yipinqian.com\/fr\/wp-json\/wp\/v2\/product"}],"about":[{"href":"https:\/\/shop.yipinqian.com\/fr\/wp-json\/wp\/v2\/types\/product"}],"replies":[{"embeddable":true,"href":"https:\/\/shop.yipinqian.com\/fr\/wp-json\/wp\/v2\/comments?post=14200"}],"version-history":[{"count":0,"href":"https:\/\/shop.yipinqian.com\/fr\/wp-json\/wp\/v2\/product\/14200\/revisions"}],"wp:featuredmedia":[{"embeddable":true,"href":"https:\/\/shop.yipinqian.com\/fr\/wp-json\/wp\/v2\/media\/14263"}],"wp:attachment":[{"href":"https:\/\/shop.yipinqian.com\/fr\/wp-json\/wp\/v2\/media?parent=14200"}],"wp:term":[{"taxonomy":"product_brand","embeddable":true,"href":"https:\/\/shop.yipinqian.com\/fr\/wp-json\/wp\/v2\/product_brand?post=14200"},{"taxonomy":"product_cat","embeddable":true,"href":"https:\/\/shop.yipinqian.com\/fr\/wp-json\/wp\/v2\/product_cat?post=14200"},{"taxonomy":"product_tag","embeddable":true,"href":"https:\/\/shop.yipinqian.com\/fr\/wp-json\/wp\/v2\/product_tag?post=14200"}],"curies":[{"name":"wp","href":"https:\/\/api.w.org\/{rel}","templated":true}]}}