{"id":1420,"date":"2024-10-24T23:19:05","date_gmt":"2024-10-24T15:19:05","guid":{"rendered":"https:\/\/shop.yipinqian.com\/product\/high-quality-icy-translucent-natural-type-a-jadeite-jade-crafted-as-standing-guanyin-s925-clasp-added-as-pendant-certificate-weighs-7-79-grams-measurement-45-7-14-8-6-3-mm-pendant269\/"},"modified":"2025-02-17T00:01:38","modified_gmt":"2025-02-16T16:01:38","slug":"high-quality-icy-translucent-natural-type-a-jadeite-jade-crafted-as-standing-guanyin-s925-clasp-added-as-pendant-certificate-weighs-7-79-grams-measurement-45-7-14-8-6-3-mm-pendant269","status":"publish","type":"product","link":"https:\/\/shop.yipinqian.com\/fr\/produit\/high-quality-icy-translucent-natural-type-a-jadeite-jade-crafted-as-standing-guanyin-s925-clasp-added-as-pendant-certificate-weighs-7-79-grams-measurement-45-7-14-8-6-3-mm-pendant269\/","title":{"rendered":"Jade jad\u00e9ite naturel translucide de type A de haute qualit\u00e9 fabriqu\u00e9 en Guanyin debout, fermoir S925 ajout\u00e9 comme pendentif, certificat pesant 7,79 grammes, mesure 45,7 * 14,8 * 6,3 mm (pendentif269)"},"content":{"rendered":"<p>Ce pendentif exquis pr\u00e9sente un jade jad\u00e9ite naturel translucide glac\u00e9 de type A de haute qualit\u00e9, fabriqu\u00e9 en Guanyin debout, respirant l&#039;\u00e9l\u00e9gance et la spiritualit\u00e9.<\/p>\n<p>\u00a0<\/p>\n<p>*Fermoir en argent S925 ajout\u00e9 avec un peu de bricolage sur l&#039;emballage dans le trou de la jad\u00e9ite*<\/p>\n<p>\u00a0<\/p>\n<p>Num\u00e9ros de certificat : GD2109H018434<\/p>\n<p><img fetchpriority=\"high\" decoding=\"async\" height=\"1080\" src=\"https:\/\/shop.yipinqian.com\/wp-content\/uploads\/2024\/10\/c4ff0c3fe0f6c324f7eec5c77c4f5cb2.jpg?from=476444299\" width=\"1080\"><\/p>\n<ul>\n<li>\n<strong>Mat\u00e9riel:<\/strong> Fabriqu\u00e9 avec un fermoir S925 pour plus de durabilit\u00e9 et de brillance.<\/li>\n<li>\n<strong>Poids:<\/strong> Pesant 7,79 grammes, il est l\u00e9ger et confortable \u00e0 porter.<\/li>\n<li>\n<strong>Mesures:<\/strong> Avec des dimensions de 45,7 * 14,8 * 6,3 mm (pendentif269), c&#039;est une pi\u00e8ce de d\u00e9claration qui capte l&#039;attention.<\/li>\n<\/ul>\n<p>Le jade jad\u00e9ite translucide glac\u00e9 ajoute une touche de sophistication au design, le rendant parfait pour toutes les occasions, en particulier celles qui sont propices.<\/p>\n<ul>\n<li>\n<strong>Certificat:<\/strong> Livr\u00e9 avec un certificat assurant l&#039;authenticit\u00e9 du jade jad\u00e9ite utilis\u00e9 dans le pendentif.<\/li>\n<li>\n<strong>Type de jade :<\/strong>Jad\u00e9ite de type A<\/li>\n<\/ul>\n<p>.<\/p>\n<p>Ce style de collier unisexe est polyvalent et peut \u00eatre port\u00e9 de mani\u00e8re d\u00e9contract\u00e9e ou habill\u00e9 pour un \u00e9v\u00e9nement sp\u00e9cial, ce qui en fait un ajout id\u00e9al \u00e0 toute collection de bijoux d&#039;origine birmane.<\/p>\n<p>\u00a0<\/p>\n<p>Yi Pin Qian \u2013 N\u00e9gociant en pierres pr\u00e9cieuses et m\u00e9taux pr\u00e9cieux \u00e0 Singapour \u2013 Num\u00e9ro de licence PS20190000031<\/p>\n<p>\u00a0<\/p>\n<p>*Toutes les jad\u00e9ites achet\u00e9es chez Yi Pin Qian \u00e0 Singapour, les clients peuvent r\u00e9server des cr\u00e9neaux pour le polissage ou une r\u00e9paration mineure en cas de mauvaise manipulation - des frais s&#039;appliquent et uniquement pour les clients de Yi Pin Qian \u00e0 Singapour*<\/p>\n<p>\u00a0<\/p>\n<p><strong>**Types de certificats**<\/strong><\/p>\n<p>\u00a0<\/p>\n<p><strong>NGI (Nan Yang Gemmologie)<\/strong><\/p>\n<p>ou <strong>Certificats \u00e9trangers <\/strong>(Yi Pin Qian utilise uniquement des certificats authentiques provenant de laboratoires \u00e9trangers et contr\u00f4le \u00e9galement la qualit\u00e9 de chacun de nos produits avant de les mettre en vente \u00e0 Singapour)<\/p>\n<p>\u00a0<\/p>\n<p>Chaque produit sur TikTok aura le type de certificat fourni indiqu\u00e9 dans la description. Pour tout client souhaitant envoyer sa commande \u00e0 NGI Singapore, il y aura un d\u00e9lai d&#039;attente pour la livraison de la commande estim\u00e9 \u00e0 environ 4 semaines pour recevoir votre commande. <strong>Les demandes de rapport sur les pierres pr\u00e9cieuses NGI doivent \u00eatre effectu\u00e9es en envoyant un message \u00e0 la boutique TikTok de Yi Pin Qian.<\/strong> Merci, <strong><u>des frais suppl\u00e9mentaires s&#039;appliquent<\/u><\/strong>.<\/p>\n<p>\u00a0<\/p>\n<p><strong>La jad\u00e9ite naturelle n&#039;est pas parfaite, juste un petit rappel : notre jad\u00e9ite naturelle, comme toutes les belles choses de la nature, poss\u00e8de ses caract\u00e9ristiques et ses variations uniques. Nous invitons nos pr\u00e9cieux clients \u00e0 adopter ces variations naturelles. Bon shopping !<\/strong><\/p>\n<p>\u00a0<\/p>\n<p><strong><u>Aucune des photos et des s\u00e9quences vid\u00e9o n&#039;a \u00e9t\u00e9 filtr\u00e9e. Nous encourageons nos clients \u00e0 regarder \u00e9galement les vid\u00e9os d&#039;accompagnement pour une vue plus compl\u00e8te de nos produits<\/u><\/strong><\/p>\n<p>\u00a0<\/p>\n<p>.<\/p>","protected":false},"excerpt":{"rendered":"<p>Ce pendentif exquis est compos\u00e9 d&#039;un jade jad\u00e9ite translucide de type A naturel de haute qualit\u00e9, fabriqu\u00e9 en Guanyin debout, d\u00e9gageant \u00e9l\u00e9gance et spiritualit\u00e9. * Fermoir en argent S925 ajout\u00e9 avec un peu de bricolage sur l&#039;emballage dans le trou de la jad\u00e9ite * Num\u00e9ros de certificat : GD2109H018434 Mat\u00e9riau : Fabriqu\u00e9 avec un fermoir S925 pour plus de durabilit\u00e9 et de brillance. Poids : Pesant 7,79 grammes, [\u2026]<\/p>","protected":false},"featured_media":4419,"comment_status":"open","ping_status":"closed","template":"","meta":[],"product_brand":[],"product_cat":[48,125],"product_tag":[],"class_list":{"0":"post-1420","1":"product","2":"type-product","3":"status-publish","4":"has-post-thumbnail","6":"product_cat-pendants","7":"product_cat-s925-settings-jadeites","9":"first","10":"instock","11":"sale","12":"shipping-taxable","13":"purchasable","14":"product-type-simple"},"_links":{"self":[{"href":"https:\/\/shop.yipinqian.com\/fr\/wp-json\/wp\/v2\/product\/1420","targetHints":{"allow":["GET"]}}],"collection":[{"href":"https:\/\/shop.yipinqian.com\/fr\/wp-json\/wp\/v2\/product"}],"about":[{"href":"https:\/\/shop.yipinqian.com\/fr\/wp-json\/wp\/v2\/types\/product"}],"replies":[{"embeddable":true,"href":"https:\/\/shop.yipinqian.com\/fr\/wp-json\/wp\/v2\/comments?post=1420"}],"version-history":[{"count":0,"href":"https:\/\/shop.yipinqian.com\/fr\/wp-json\/wp\/v2\/product\/1420\/revisions"}],"wp:featuredmedia":[{"embeddable":true,"href":"https:\/\/shop.yipinqian.com\/fr\/wp-json\/wp\/v2\/media\/4419"}],"wp:attachment":[{"href":"https:\/\/shop.yipinqian.com\/fr\/wp-json\/wp\/v2\/media?parent=1420"}],"wp:term":[{"taxonomy":"product_brand","embeddable":true,"href":"https:\/\/shop.yipinqian.com\/fr\/wp-json\/wp\/v2\/product_brand?post=1420"},{"taxonomy":"product_cat","embeddable":true,"href":"https:\/\/shop.yipinqian.com\/fr\/wp-json\/wp\/v2\/product_cat?post=1420"},{"taxonomy":"product_tag","embeddable":true,"href":"https:\/\/shop.yipinqian.com\/fr\/wp-json\/wp\/v2\/product_tag?post=1420"}],"curies":[{"name":"wp","href":"https:\/\/api.w.org\/{rel}","templated":true}]}}