{"id":14191,"date":"2024-12-01T14:03:15","date_gmt":"2024-12-01T06:03:15","guid":{"rendered":"https:\/\/shop.yipinqian.com\/crafted-as-bean-6-pendant-on-high-quality-natural-type-a-jadeite-jade-certificate-weighs-8-5-grams-measurement-43-8-17-6-9-mm-pendant368\/"},"modified":"2025-02-24T01:17:23","modified_gmt":"2025-02-23T17:17:23","slug":"crafted-as-bean-6-pendant-on-high-quality-natural-type-a-jadeite-jade-certificate-weighs-8-5-grams-measurement-43-8-17-6-9-mm-pendant368","status":"publish","type":"product","link":"https:\/\/shop.yipinqian.com\/fr\/produit\/crafted-as-bean-6-pendant-on-high-quality-natural-type-a-jadeite-jade-certificate-weighs-8-5-grams-measurement-43-8-17-6-9-mm-pendant368\/","title":{"rendered":"Fabriqu\u00e9 en haricot #6 Pendentif sur pendentif haricot de haute qualit\u00e9 Le certificat de jade jad\u00e9ite naturelle de type A p\u00e8se 8,5 grammes, mesure 43,8 * 17 * 6,9 mm (pendentif368)"},"content":{"rendered":"<p>Ce collier pendentif en forme de haricot est fabriqu\u00e9 \u00e0 partir de jade jad\u00e9ite de type A naturel de haute qualit\u00e9, originaire du Myanmar. Il pr\u00e9sente un design unique en forme de haricot, ce qui en fait un accessoire parfait \u00e0 porter au quotidien.<\/p>\n<p><\/p>\n<p>Num\u00e9ros de certificat : GD2204H002694<\/p>\n<p><img fetchpriority=\"high\" decoding=\"async\" src=\"https:\/\/shop.yipinqian.com\/wp-content\/uploads\/2024\/12\/5ec3f1c8ebea4b3c9a1e9a006c0c52d2tplv-aphluv4xwc-origin-jpeg.jpeg?dr=15568&#038;nonce=41197&#038;refresh_token=6e6bb9fb40c10c0bb3576841c1298218&#038;from=476444299&#038;idc=my2&#038;ps=933b5bde&#038;shcp=9b759fb9&#038;shp=1c65f68b&#038;t=555f072d\" width=\"1080\" height=\"1080\"><\/p>\n<ul>\n<li>Pesant 8,5 grammes<\/li>\n<li>Dimensions : 43,8 * 17 * 6,9 mm<\/li>\n<li>Type de jade : Jad\u00e9ite<\/li>\n<li>Style de collier : D\u00e9contract\u00e9<\/li>\n<li>Genre : Unisexe<\/li>\n<li>Certificat inclus : Oui (avec certificat)<\/li>\n<li>Type de garantie : Aucune garantie<\/li>\n<li>Ajoutez une touche d&#039;\u00e9l\u00e9gance \u00e0 votre tenue avec ce superbe pendentif en jade, mettant en valeur la beaut\u00e9 de la jad\u00e9ite naturelle dans un design polyvalent et \u00e9l\u00e9gant.<\/li>\n<\/ul>\n<p><img decoding=\"async\" src=\"https:\/\/shop.yipinqian.com\/wp-content\/uploads\/2024\/12\/01a497e798864ef6881ed211e3623b9btplv-aphluv4xwc-origin-jpeg.jpeg?dr=15568&#038;nonce=44428&#038;refresh_token=dc710f9a1a4b6794366b6372516af1e3&#038;from=476444299&#038;idc=my2&#038;ps=933b5bde&#038;shcp=9b759fb9&#038;shp=1c65f68b&#038;t=555f072d\" width=\"1080\" height=\"1080\"><img decoding=\"async\" src=\"https:\/\/shop.yipinqian.com\/wp-content\/uploads\/2024\/12\/dac1ec74d4004256ae4336d01909882btplv-aphluv4xwc-origin-jpeg.jpeg?dr=15568&#038;nonce=99871&#038;refresh_token=8f501db9a513230bbd2b17e4fc5e7922&#038;from=476444299&#038;idc=my2&#038;ps=933b5bde&#038;shcp=9b759fb9&#038;shp=1c65f68b&#038;t=555f072d\" width=\"1080\" height=\"1080\"><\/p>\n<p>Yi Pin Qian \u2013 N\u00e9gociant en pierres pr\u00e9cieuses et m\u00e9taux pr\u00e9cieux \u00e0 Singapour \u2013 Num\u00e9ro de licence PS20190000031<\/p>\n<p><\/p>\n<p>*Toutes les jad\u00e9ites achet\u00e9es chez Yi Pin Qian \u00e0 Singapour, les clients peuvent r\u00e9server des cr\u00e9neaux pour le polissage ou une r\u00e9paration mineure en cas de mauvaise manipulation - des frais s&#039;appliquent et uniquement pour les clients de Yi Pin Qian \u00e0 Singapour*<\/p>\n<p><\/p>\n<p><strong>**Types de certificats**<\/strong><\/p>\n<p><\/p>\n<p><strong>NGI (Nan Yang Gemmologie)<\/strong><\/p>\n<p>ou <strong>Certificats \u00e9trangers <\/strong>(Yi Pin Qian utilise uniquement des certificats authentiques provenant de laboratoires \u00e9trangers et contr\u00f4le \u00e9galement la qualit\u00e9 de chacun de nos produits avant de les mettre en vente \u00e0 Singapour)<\/p>\n<p><\/p>\n<p>Chaque produit sur TikTok aura le type de certificat fourni indiqu\u00e9 dans la description. Pour tout client souhaitant envoyer sa commande \u00e0 NGI Singapore, il y aura un d\u00e9lai d&#039;attente pour la livraison de la commande estim\u00e9 \u00e0 environ 4 semaines pour recevoir votre commande. <strong>Les demandes de rapport NGI Gemstone doivent \u00eatre effectu\u00e9es en nous envoyant un message.<\/strong> Merci, <strong><u>des frais suppl\u00e9mentaires s&#039;appliquent<\/u><\/strong>.<\/p>\n<p><\/p>\n<p><strong>La jad\u00e9ite naturelle n&#039;est pas parfaite, juste un petit rappel : notre jad\u00e9ite naturelle, comme toutes les belles choses de la nature, poss\u00e8de ses caract\u00e9ristiques et ses variations uniques. Nous invitons nos pr\u00e9cieux clients \u00e0 adopter ces variations naturelles. Bon shopping !<\/strong><\/p>\n<p><\/p>\n<p><strong><u>Aucune des photos et des s\u00e9quences vid\u00e9o n&#039;a \u00e9t\u00e9 filtr\u00e9e. Nous encourageons nos clients \u00e0 regarder \u00e9galement les vid\u00e9os d&#039;accompagnement pour une vue plus compl\u00e8te de nos produits<\/u><\/strong><\/p>\n<p><\/p>\n<ul>\n<li>Diff\u00e9rentes plates-formes ne peuvent visionner des vid\u00e9os que via le bureau<\/li>\n<\/ul>","protected":false},"excerpt":{"rendered":"<p>This Bean Pendant necklace is crafted from high-quality natural Type A Jadeite Jade, originating from Myanmar. It features a unique bean design, making it a perfect accessory for daily wear. Certificate numbers: GD2204H002694 Weighing 8.5 grams Measurements: 43.8 * 17 * 6.9 mm Jade Type: Jadeite Necklace Style: Casual Gender: Unisex Certificate Included: Yes (With [&hellip;]<\/p>","protected":false},"featured_media":14233,"comment_status":"open","ping_status":"closed","template":"","meta":[],"product_brand":[],"product_cat":[195],"product_tag":[52,65,56,58,73,75,59,60,61,62],"class_list":{"0":"post-14191","1":"product","2":"type-product","3":"status-publish","4":"has-post-thumbnail","6":"product_cat-heirloom-grade","7":"product_tag-certified","8":"product_tag-high-quality","9":"product_tag-limited-editions","10":"product_tag-new-arrivals","11":"product_tag-pendant","12":"product_tag-traditional","13":"product_tag-translucent","14":"product_tag-type-a-jadeite","15":"product_tag-unisex","16":"product_tag-yi-pin-qian-exclusive","18":"first","19":"instock","20":"sale","21":"shipping-taxable","22":"purchasable","23":"product-type-simple"},"_links":{"self":[{"href":"https:\/\/shop.yipinqian.com\/fr\/wp-json\/wp\/v2\/product\/14191","targetHints":{"allow":["GET"]}}],"collection":[{"href":"https:\/\/shop.yipinqian.com\/fr\/wp-json\/wp\/v2\/product"}],"about":[{"href":"https:\/\/shop.yipinqian.com\/fr\/wp-json\/wp\/v2\/types\/product"}],"replies":[{"embeddable":true,"href":"https:\/\/shop.yipinqian.com\/fr\/wp-json\/wp\/v2\/comments?post=14191"}],"version-history":[{"count":0,"href":"https:\/\/shop.yipinqian.com\/fr\/wp-json\/wp\/v2\/product\/14191\/revisions"}],"wp:featuredmedia":[{"embeddable":true,"href":"https:\/\/shop.yipinqian.com\/fr\/wp-json\/wp\/v2\/media\/14233"}],"wp:attachment":[{"href":"https:\/\/shop.yipinqian.com\/fr\/wp-json\/wp\/v2\/media?parent=14191"}],"wp:term":[{"taxonomy":"product_brand","embeddable":true,"href":"https:\/\/shop.yipinqian.com\/fr\/wp-json\/wp\/v2\/product_brand?post=14191"},{"taxonomy":"product_cat","embeddable":true,"href":"https:\/\/shop.yipinqian.com\/fr\/wp-json\/wp\/v2\/product_cat?post=14191"},{"taxonomy":"product_tag","embeddable":true,"href":"https:\/\/shop.yipinqian.com\/fr\/wp-json\/wp\/v2\/product_tag?post=14191"}],"curies":[{"name":"wp","href":"https:\/\/api.w.org\/{rel}","templated":true}]}}