{"id":1417,"date":"2024-10-24T23:19:04","date_gmt":"2024-10-24T15:19:04","guid":{"rendered":"https:\/\/shop.yipinqian.com\/product\/high-quality-icy-translucent-natural-type-a-jadeite-jade-crafted-as-goat-set-with-18k-gold-as-pendant-certificate-weighs-2-99-grams-measurement-23-20-5-7-6-mm-18kp56\/"},"modified":"2025-01-10T06:00:05","modified_gmt":"2025-01-09T22:00:05","slug":"high-quality-icy-translucent-natural-type-a-jadeite-jade-crafted-as-goat-set-with-18k-gold-as-pendant-certificate-weighs-2-99-grams-measurement-23-20-5-7-6-mm-18kp56","status":"publish","type":"product","link":"https:\/\/shop.yipinqian.com\/fr\/produit\/high-quality-icy-translucent-natural-type-a-jadeite-jade-crafted-as-goat-set-with-18k-gold-as-pendant-certificate-weighs-2-99-grams-measurement-23-20-5-7-6-mm-18kp56\/","title":{"rendered":"Jade jad\u00e9ite naturelle translucide de type A de haute qualit\u00e9, fabriqu\u00e9 en forme de ch\u00e8vre, serti d&#039;or 18 carats comme pendentif, le certificat p\u00e8se 2,99 grammes, mesure 23 * 20,5 * 7,6 mm (18kp56)"},"content":{"rendered":"<p>This High Quality Icy Translucent Natural Type A Jadeite Jade pendant features a Goat design crafted with 18k Gold, exuding elegance and sophistication.<\/p>\n<p>\u00a0<\/p>\n<p>Num\u00e9ros de certificat : <strong>GD2110H010556<\/strong><\/p>\n<p>Mesure de la jad\u00e9ite : <strong>12.1 * 18.7 * 3.7 mm<\/strong><\/p>\n<p>Or 18 carats : <strong>1.73 grams<\/strong><\/p>\n<p>Diamants : <strong>35 * 0.003 Carats<\/strong><\/p>\n<p>\u00a0<\/p>\n<ul>\n<li>\n<strong>Mat\u00e9riel:<\/strong> Made of stunning Type A Jadeite Jade and 18k Gold<\/li>\n<li>\n<strong>Weight &#038; Overall Measurement:<\/strong> P\u00e8se <strong>2.99 grams<\/strong> with dimensions of <strong>23 * 20.5 * 7.6 mm<\/strong>\n<\/li>\n<li>\n<strong>Certificat:<\/strong> Livr\u00e9 avec un certificat garantissant l&#039;authenticit\u00e9<\/li>\n<li>\n<strong>Style de bijoux :<\/strong> Elegant necklace style suitable for daily wear<\/li>\n<li>The pendant is designed for both men and women, making it a versatile accessory to add to your collection.<\/li>\n<\/ul>\n<p>Elevate your style with this exquisite piece that combines the beauty of jadeite jade and the luxury of gold, perfect for any occasion.<\/p>\n<p>\u00a0<\/p>\n<p>Yi Pin Qian \u2013 N\u00e9gociant en pierres pr\u00e9cieuses et m\u00e9taux pr\u00e9cieux \u00e0 Singapour \u2013 Num\u00e9ro de licence PS20190000031<\/p>\n<p>\u00a0<\/p>\n<p>*Toutes les jad\u00e9ites achet\u00e9es chez Yi Pin Qian \u00e0 Singapour, les clients peuvent r\u00e9server des cr\u00e9neaux pour le polissage ou une r\u00e9paration mineure en cas de mauvaise manipulation - des frais s&#039;appliquent et uniquement pour les clients de Yi Pin Qian \u00e0 Singapour*<\/p>\n<p>\u00a0<\/p>\n<p><strong>**Types de certificats**<\/strong><\/p>\n<p>\u00a0<\/p>\n<p><strong>NGI (Nan Yang Gemmologie)<\/strong><\/p>\n<p>ou <strong>Certificats \u00e9trangers <\/strong>(Yi Pin Qian utilise uniquement des certificats authentiques provenant de laboratoires \u00e9trangers et contr\u00f4le \u00e9galement la qualit\u00e9 de chacun de nos produits avant de les mettre en vente \u00e0 Singapour)<\/p>\n<p>\u00a0<\/p>\n<p>Chaque produit sur TikTok aura le type de certificat fourni indiqu\u00e9 dans la description. Pour tout client souhaitant envoyer sa commande \u00e0 NGI Singapore, il y aura un d\u00e9lai d&#039;attente pour la livraison de la commande estim\u00e9 \u00e0 environ 4 semaines pour recevoir votre commande. <strong>Les demandes de rapport sur les pierres pr\u00e9cieuses NGI doivent \u00eatre effectu\u00e9es en envoyant un message \u00e0 la boutique TikTok de Yi Pin Qian.<\/strong> Merci, <strong><u>des frais suppl\u00e9mentaires s&#039;appliquent<\/u><\/strong>.<\/p>\n<p>\u00a0<\/p>\n<p><strong>La jad\u00e9ite naturelle n&#039;est pas parfaite, juste un petit rappel : notre jad\u00e9ite naturelle, comme toutes les belles choses de la nature, poss\u00e8de ses caract\u00e9ristiques et ses variations uniques. Nous invitons nos pr\u00e9cieux clients \u00e0 adopter ces variations naturelles. Bon shopping !<\/strong><\/p>\n<p>\u00a0<\/p>\n<p><strong><u>Aucune des photos et des s\u00e9quences vid\u00e9o n&#039;a \u00e9t\u00e9 filtr\u00e9e. Nous encourageons nos clients \u00e0 regarder \u00e9galement les vid\u00e9os d&#039;accompagnement pour une vue plus compl\u00e8te de nos produits<\/u><\/strong><\/p>","protected":false},"excerpt":{"rendered":"<p>Ce pendentif en jade jad\u00e9ite de type A naturel translucide glac\u00e9 de haute qualit\u00e9 pr\u00e9sente un motif de ch\u00e8vre fabriqu\u00e9 en or 18 carats, refl\u00e9tant l&#039;\u00e9l\u00e9gance et la sophistication. Num\u00e9ros de certificat : GD2110H010556 Mesure de la jad\u00e9ite : 12,1 * 18,7 * 3,7 mm Or 18 carats : 1,73 gramme Diamants : 35 * 0,003 carats Mat\u00e9riau : Fabriqu\u00e9 en superbe jade jad\u00e9ite de type A et en or 18 carats [\u2026]<\/p>","protected":false},"featured_media":4383,"comment_status":"open","ping_status":"closed","template":"","meta":[],"product_brand":[],"product_cat":[120,48],"product_tag":[50,52,88,53,70,54,55,73,59,60,61,62],"class_list":{"0":"post-1417","1":"product","2":"type-product","3":"status-publish","4":"has-post-thumbnail","6":"product_cat-18k-gold-setting-pendants","7":"product_cat-pendants","8":"product_tag-18k-gold","9":"product_tag-certified","10":"product_tag-diamonds","11":"product_tag-fine-quality","12":"product_tag-green","13":"product_tag-icy","14":"product_tag-jadeite","15":"product_tag-pendant","16":"product_tag-translucent","17":"product_tag-type-a-jadeite","18":"product_tag-unisex","19":"product_tag-yi-pin-qian-exclusive","21":"first","22":"instock","23":"sale","24":"shipping-taxable","25":"purchasable","26":"product-type-simple"},"_links":{"self":[{"href":"https:\/\/shop.yipinqian.com\/fr\/wp-json\/wp\/v2\/product\/1417","targetHints":{"allow":["GET"]}}],"collection":[{"href":"https:\/\/shop.yipinqian.com\/fr\/wp-json\/wp\/v2\/product"}],"about":[{"href":"https:\/\/shop.yipinqian.com\/fr\/wp-json\/wp\/v2\/types\/product"}],"replies":[{"embeddable":true,"href":"https:\/\/shop.yipinqian.com\/fr\/wp-json\/wp\/v2\/comments?post=1417"}],"version-history":[{"count":0,"href":"https:\/\/shop.yipinqian.com\/fr\/wp-json\/wp\/v2\/product\/1417\/revisions"}],"wp:featuredmedia":[{"embeddable":true,"href":"https:\/\/shop.yipinqian.com\/fr\/wp-json\/wp\/v2\/media\/4383"}],"wp:attachment":[{"href":"https:\/\/shop.yipinqian.com\/fr\/wp-json\/wp\/v2\/media?parent=1417"}],"wp:term":[{"taxonomy":"product_brand","embeddable":true,"href":"https:\/\/shop.yipinqian.com\/fr\/wp-json\/wp\/v2\/product_brand?post=1417"},{"taxonomy":"product_cat","embeddable":true,"href":"https:\/\/shop.yipinqian.com\/fr\/wp-json\/wp\/v2\/product_cat?post=1417"},{"taxonomy":"product_tag","embeddable":true,"href":"https:\/\/shop.yipinqian.com\/fr\/wp-json\/wp\/v2\/product_tag?post=1417"}],"curies":[{"name":"wp","href":"https:\/\/api.w.org\/{rel}","templated":true}]}}