{"id":1414,"date":"2024-10-24T23:19:02","date_gmt":"2024-10-24T15:19:02","guid":{"rendered":"https:\/\/shop.yipinqian.com\/product\/high-quality-icy-light-green-hue-natural-type-a-jadeite-jade-crafted-as-leaf-with-18k-gold-clasp-certificate-weigh-3-85-grams-measurement-27-2-14-9-4-8-mm-18kp35\/"},"modified":"2025-02-24T00:49:55","modified_gmt":"2025-02-23T16:49:55","slug":"high-quality-icy-light-green-hue-natural-type-a-jadeite-jade-crafted-as-leaf-with-18k-gold-clasp-certificate-weigh-3-85-grams-measurement-27-2-14-9-4-8-mm-18kp35","status":"publish","type":"product","link":"https:\/\/shop.yipinqian.com\/fr\/produit\/high-quality-icy-light-green-hue-natural-type-a-jadeite-jade-crafted-as-leaf-with-18k-gold-clasp-certificate-weigh-3-85-grams-measurement-27-2-14-9-4-8-mm-18kp35\/","title":{"rendered":"Jade jad\u00e9ite naturel de type A de teinte vert clair glac\u00e9 de haute qualit\u00e9 fabriqu\u00e9 en feuille avec fermoir en or 18 carats, certificat pesant 3,85 grammes, mesure 27,2 * 14,9 * 4,8 mm (18kp35)"},"content":{"rendered":"<p>Ce collier exquis pr\u00e9sente un pendentif en feuille de jade jad\u00e9ite naturelle de type A de teinte vert clair glac\u00e9 de haute qualit\u00e9, \u00e9l\u00e9gamment con\u00e7u avec un luxueux fermoir en or 18 carats.<\/p>\n<p><\/p>\n<p>Num\u00e9ros de certificat : GD2111H006110<\/p>\n<p>Fermoir en or 18 carats pesant 0,323 gramme<\/p>\n<ul>\n<li>\n<strong>Mat\u00e9riels:<\/strong> Fabriqu\u00e9 avec du jade jad\u00e9ite de type A et de l&#039;or 18 carats<\/li>\n<li>\n<strong>Poids:<\/strong> P\u00e8se <strong>3,85 grammes<\/strong>\n<\/li>\n<li>\n<strong>Mesures:<\/strong> La taille du pendentif est <strong>27,2 * 14,9 * 4,8 mm<\/strong>\n<\/li>\n<li>\n<strong>Certificat:<\/strong> Livr\u00e9 avec un certificat d&#039;authenticit\u00e9<\/li>\n<\/ul>\n<p>Cette superbe pi\u00e8ce est parfaite pour un usage quotidien, ajoutant une touche d&#039;\u00e9l\u00e9gance \u00e0 n&#039;importe quelle tenue.<\/p>\n<ul>\n<li><strong>Type de jade : jad\u00e9ite Type : d\u00e9contract\u00e9. Le style du collier le rend polyvalent pour toutes les occasions et convient aussi bien aux hommes qu&#039;aux femmes. Le pays d&#039;origine, le Myanmar, ajoute \u00e0 l&#039;attrait de cet accessoire unique.<\/strong><\/li>\n<\/ul>\n<p><\/p>\n<p><strong>La jad\u00e9ite naturelle n&#039;est pas parfaite, juste un petit rappel : notre jad\u00e9ite naturelle, comme toutes les belles choses de la nature, poss\u00e8de ses caract\u00e9ristiques et ses variations uniques. Nous invitons nos pr\u00e9cieux clients \u00e0 adopter ces variations naturelles. Bon shopping !<\/strong><\/p>\n<p><\/p>\n<p><strong><u>Aucune des photos et des s\u00e9quences vid\u00e9o n&#039;a \u00e9t\u00e9 filtr\u00e9e. Nous encourageons nos clients \u00e0 regarder \u00e9galement les vid\u00e9os d&#039;accompagnement pour une vue plus compl\u00e8te de nos produits<\/u><\/strong><\/p>","protected":false},"excerpt":{"rendered":"<p>Ce collier exquis est dot\u00e9 d&#039;un pendentif en forme de feuille de jade jad\u00e9ite de type A naturel de haute qualit\u00e9, de teinte vert clair glac\u00e9, \u00e9l\u00e9gamment con\u00e7u avec un luxueux fermoir en or 18 carats. Num\u00e9ros de certificat : GD2111H006110 Fermoir en or 18 carats Poids : 0,323 gramme Mat\u00e9riaux : Fabriqu\u00e9 en jade jad\u00e9ite de type A et en or 18 carats Poids : P\u00e8se 3,85 grammes Dimensions : La taille du pendentif est de 27,2 * [\u2026]<\/p>","protected":false},"featured_media":4325,"comment_status":"open","ping_status":"closed","template":"","meta":[],"product_brand":[],"product_cat":[194],"product_tag":[50,52,69,53,55,59,60,61,62],"class_list":{"0":"post-1414","1":"product","2":"type-product","3":"status-publish","4":"has-post-thumbnail","6":"product_cat-value-picks","7":"product_tag-18k-gold","8":"product_tag-certified","9":"product_tag-clasp","10":"product_tag-fine-quality","11":"product_tag-jadeite","12":"product_tag-translucent","13":"product_tag-type-a-jadeite","14":"product_tag-unisex","15":"product_tag-yi-pin-qian-exclusive","17":"first","18":"instock","19":"sale","20":"shipping-taxable","21":"purchasable","22":"product-type-simple"},"_links":{"self":[{"href":"https:\/\/shop.yipinqian.com\/fr\/wp-json\/wp\/v2\/product\/1414","targetHints":{"allow":["GET"]}}],"collection":[{"href":"https:\/\/shop.yipinqian.com\/fr\/wp-json\/wp\/v2\/product"}],"about":[{"href":"https:\/\/shop.yipinqian.com\/fr\/wp-json\/wp\/v2\/types\/product"}],"replies":[{"embeddable":true,"href":"https:\/\/shop.yipinqian.com\/fr\/wp-json\/wp\/v2\/comments?post=1414"}],"version-history":[{"count":0,"href":"https:\/\/shop.yipinqian.com\/fr\/wp-json\/wp\/v2\/product\/1414\/revisions"}],"wp:featuredmedia":[{"embeddable":true,"href":"https:\/\/shop.yipinqian.com\/fr\/wp-json\/wp\/v2\/media\/4325"}],"wp:attachment":[{"href":"https:\/\/shop.yipinqian.com\/fr\/wp-json\/wp\/v2\/media?parent=1414"}],"wp:term":[{"taxonomy":"product_brand","embeddable":true,"href":"https:\/\/shop.yipinqian.com\/fr\/wp-json\/wp\/v2\/product_brand?post=1414"},{"taxonomy":"product_cat","embeddable":true,"href":"https:\/\/shop.yipinqian.com\/fr\/wp-json\/wp\/v2\/product_cat?post=1414"},{"taxonomy":"product_tag","embeddable":true,"href":"https:\/\/shop.yipinqian.com\/fr\/wp-json\/wp\/v2\/product_tag?post=1414"}],"curies":[{"name":"wp","href":"https:\/\/api.w.org\/{rel}","templated":true}]}}