{"id":14127,"date":"2024-11-28T09:34:55","date_gmt":"2024-11-28T01:34:55","guid":{"rendered":"https:\/\/shop.yipinqian.com\/crafted-as-coin-pendant-on-natural-type-a-jadeite-jade-certificate-weighs-10-22-grams-measurement-26-8-26-4-6-5-pendant362\/"},"modified":"2025-01-09T00:42:30","modified_gmt":"2025-01-08T16:42:30","slug":"crafted-as-coin-pendant-on-natural-type-a-jadeite-jade-certificate-weighs-10-22-grams-measurement-26-8-26-4-6-5-pendant362","status":"publish","type":"product","link":"https:\/\/shop.yipinqian.com\/fr\/produit\/crafted-as-coin-pendant-on-natural-type-a-jadeite-jade-certificate-weighs-10-22-grams-measurement-26-8-26-4-6-5-pendant362\/","title":{"rendered":"Fabriqu\u00e9 comme pendentif en pi\u00e8ce de monnaie sur un certificat de jade jad\u00e9ite naturel de type A, p\u00e8se 10,22 grammes, mesure 26,8 * 26,4 * 6,5 (pendentif362)"},"content":{"rendered":"<p>Ce collier exquis comprend un pendentif en forme de pi\u00e8ce fabriqu\u00e9 \u00e0 partir de jade jad\u00e9ite naturel de type A, pesant 10,22 grammes et mesurant 26,8 * 26,4 * 6,5 (pendentif362).<\/p>\n<p><\/p>\n<p>Num\u00e9ros de certificat : 911089016100<\/p>\n<p><img fetchpriority=\"high\" decoding=\"async\" src=\"https:\/\/shop.yipinqian.com\/wp-content\/uploads\/2024\/11\/3d0b2a3276ed4aea99b6bd790220b543tplv-aphluv4xwc-origin-jpeg.jpeg?dr=15568&#038;nonce=18591&#038;refresh_token=4e29d5af2d3b39b9216759d8dc48f72f&#038;from=476444299&#038;idc=my2&#038;ps=933b5bde&#038;shcp=9b759fb9&#038;shp=1c65f68b&#038;t=555f072d\" width=\"1200\" height=\"1600\"><\/p>\n<ul>\n<li>\n<strong>Avec certificat :<\/strong> Oui<\/li>\n<li>\n<strong>R\u00e9gion d&#039;origine :<\/strong> Birmanie<\/li>\n<li>\n<strong>Occasion:<\/strong> Propice<\/li>\n<li>\n<strong>Type de jade :<\/strong> Jad\u00e9ite<\/li>\n<li><strong>Style de collier : D\u00e9contract\u00e9<\/strong><\/li>\n<\/ul>\n<p><img decoding=\"async\" src=\"https:\/\/shop.yipinqian.com\/wp-content\/uploads\/2024\/11\/8e611c2104f44532905f00163fa4d651tplv-aphluv4xwc-origin-jpeg.jpeg?dr=15568&#038;nonce=72730&#038;refresh_token=e14847b73c2f788bb18036788399c92d&#038;from=476444299&#038;idc=my2&#038;ps=933b5bde&#038;shcp=9b759fb9&#038;shp=1c65f68b&#038;t=555f072d\" width=\"1080\" height=\"1080\"><\/p>\n<p><strong>Ce collier unisexe est une pi\u00e8ce \u00e9poustouflante qui allie la beaut\u00e9 du jade au savoir-faire du design du pendentif en forme de pi\u00e8ce.<\/strong><\/p>\n<ul>\n<li><strong>Un accessoire parfait pour une tenue d\u00e9contract\u00e9e ou pour des occasions sp\u00e9ciales.<\/strong><\/li>\n<\/ul>\n<p><strong>La jad\u00e9ite naturelle n&#039;est pas parfaite, juste un petit rappel : notre jad\u00e9ite naturelle, comme toutes les belles choses de la nature, poss\u00e8de ses caract\u00e9ristiques et ses variations uniques. Nous invitons nos pr\u00e9cieux clients \u00e0 adopter ces variations naturelles. Bon shopping !<\/strong><\/p>\n<p><\/p>\n<p><strong><u>Aucune des photos et des s\u00e9quences vid\u00e9o n&#039;a \u00e9t\u00e9 filtr\u00e9e. Nous encourageons nos clients \u00e0 regarder \u00e9galement les vid\u00e9os d&#039;accompagnement pour une vue plus compl\u00e8te de nos produits<\/u><\/strong><\/p>\n<p><\/p>\n<ul>\n<li>Diff\u00e9rentes plates-formes ne peuvent visionner des vid\u00e9os que via le bureau<\/li>\n<\/ul>","protected":false},"excerpt":{"rendered":"<p>This exquisite necklace features a coin pendant crafted from Natural Type A Jadeite Jade, weighing 10.22 grams and measuring 26.8 * 26.4 * 6.5 (pendant362). Certificate numbers: 911089016100 With Certificate: Yes Region of Origin: Myanmar Occasion: Auspicious Jade Type: Jadeite Necklace Style: Casual This Unisex necklace is a stunning piece that combines the beauty of [&hellip;]<\/p>","protected":false},"featured_media":14148,"comment_status":"open","ping_status":"closed","template":"","meta":[],"product_brand":[],"product_cat":[83,126,48],"product_tag":[52,65,55,58,73,75,60,61],"class_list":{"0":"post-14127","1":"product","2":"type-product","3":"status-publish","4":"has-post-thumbnail","6":"product_cat-jade-necklaces-pendants","7":"product_cat-new-arrivals","8":"product_cat-pendants","9":"product_tag-certified","10":"product_tag-high-quality","11":"product_tag-jadeite","12":"product_tag-new-arrivals","13":"product_tag-pendant","14":"product_tag-traditional","15":"product_tag-type-a-jadeite","16":"product_tag-unisex","18":"first","19":"instock","20":"sale","21":"shipping-taxable","22":"purchasable","23":"product-type-simple"},"_links":{"self":[{"href":"https:\/\/shop.yipinqian.com\/fr\/wp-json\/wp\/v2\/product\/14127","targetHints":{"allow":["GET"]}}],"collection":[{"href":"https:\/\/shop.yipinqian.com\/fr\/wp-json\/wp\/v2\/product"}],"about":[{"href":"https:\/\/shop.yipinqian.com\/fr\/wp-json\/wp\/v2\/types\/product"}],"replies":[{"embeddable":true,"href":"https:\/\/shop.yipinqian.com\/fr\/wp-json\/wp\/v2\/comments?post=14127"}],"version-history":[{"count":0,"href":"https:\/\/shop.yipinqian.com\/fr\/wp-json\/wp\/v2\/product\/14127\/revisions"}],"wp:featuredmedia":[{"embeddable":true,"href":"https:\/\/shop.yipinqian.com\/fr\/wp-json\/wp\/v2\/media\/14148"}],"wp:attachment":[{"href":"https:\/\/shop.yipinqian.com\/fr\/wp-json\/wp\/v2\/media?parent=14127"}],"wp:term":[{"taxonomy":"product_brand","embeddable":true,"href":"https:\/\/shop.yipinqian.com\/fr\/wp-json\/wp\/v2\/product_brand?post=14127"},{"taxonomy":"product_cat","embeddable":true,"href":"https:\/\/shop.yipinqian.com\/fr\/wp-json\/wp\/v2\/product_cat?post=14127"},{"taxonomy":"product_tag","embeddable":true,"href":"https:\/\/shop.yipinqian.com\/fr\/wp-json\/wp\/v2\/product_tag?post=14127"}],"curies":[{"name":"wp","href":"https:\/\/api.w.org\/{rel}","templated":true}]}}