{"id":14124,"date":"2024-11-28T09:34:53","date_gmt":"2024-11-28T01:34:53","guid":{"rendered":"https:\/\/shop.yipinqian.com\/crafted-as-179-5-8-mm-beads-on-light-lavender-yellow-green-and-white-natural-type-a-jadeite-jade-as-bracelet-certificate-weighs-42-43-grams-bracelet31\/"},"modified":"2025-02-24T00:49:47","modified_gmt":"2025-02-23T16:49:47","slug":"crafted-as-179-5-8-mm-beads-on-light-lavender-yellow-green-and-white-natural-type-a-jadeite-jade-as-bracelet-certificate-weighs-42-43-grams-bracelet31","status":"publish","type":"product","link":"https:\/\/shop.yipinqian.com\/fr\/produit\/crafted-as-179-5-8-mm-beads-on-light-lavender-yellow-green-and-white-natural-type-a-jadeite-jade-as-bracelet-certificate-weighs-42-43-grams-bracelet31\/","title":{"rendered":"Fabriqu\u00e9 en perles de 179 * 5,8 mm sur du jade jad\u00e9ite naturel de type A lavande clair, jaune, vert et blanc comme bracelet, le certificat p\u00e8se 42,43 grammes (bracelet31)"},"content":{"rendered":"<p>Ce bracelet exquis est compos\u00e9 de 179 perles mesurant 5,8 mm chacune, fabriqu\u00e9es \u00e0 partir de jade jad\u00e9ite naturel de type A lavande clair, jaune, vert et blanc. Une pi\u00e8ce \u00e9poustouflante qui respire l&#039;\u00e9l\u00e9gance et le charme.<\/p>\n<p><\/p>\n<p><strong>*Peut \u00eatre utilis\u00e9 comme bracelet au poignet ou comme collier pour pendentifs*<\/strong><\/p>\n<p><\/p>\n<p><strong>Num\u00e9ros de certificat : 920660041692<\/strong><\/p>\n<ul>\n<li>\n<strong>Avec certificat :<\/strong> Oui<\/li>\n<li>\n<strong>R\u00e9gion d&#039;origine :<\/strong> Birmanie<\/li>\n<li>\n<strong>Occasion:<\/strong> Tous les jours<\/li>\n<li><strong>Type de garantie : Aucune garantie<\/strong><\/li>\n<li><strong>Ce bracelet p\u00e8se 42,43 grammes et est un symbole de beaut\u00e9 intemporelle et de sophistication. Parfait pour un usage quotidien ou pour des occasions sp\u00e9ciales.<\/strong><\/li>\n<\/ul>\n<p><strong>La jad\u00e9ite naturelle n&#039;est pas parfaite, juste un petit rappel : notre jad\u00e9ite naturelle, comme toutes les belles choses de la nature, poss\u00e8de ses caract\u00e9ristiques et ses variations uniques. Nous invitons nos pr\u00e9cieux clients \u00e0 adopter ces variations naturelles. Bon shopping !<\/strong><\/p>\n<p><\/p>\n<p><strong><u>Aucune des photos et des s\u00e9quences vid\u00e9o n&#039;a \u00e9t\u00e9 filtr\u00e9e. Nous encourageons nos clients \u00e0 regarder \u00e9galement les vid\u00e9os d&#039;accompagnement pour une vue plus compl\u00e8te de nos produits<\/u><\/strong><\/p>\n<p><\/p>\n<ul>\n<li>Diff\u00e9rentes plates-formes ne peuvent visionner des vid\u00e9os que via le bureau<\/li>\n<\/ul>","protected":false},"excerpt":{"rendered":"<p>Ce bracelet exquis est fabriqu\u00e9 avec 179 perles mesurant 5,8 mm chacune, fabriqu\u00e9es \u00e0 partir de jade jad\u00e9ite naturel de type A lavande clair, jaune, vert et blanc. Une pi\u00e8ce \u00e9poustouflante qui respire l&#039;\u00e9l\u00e9gance et le charme. *Peut \u00eatre utilis\u00e9 comme bracelet au poignet ou comme collier pour pendentifs * Num\u00e9ros de certificat : 920660041692 Avec certificat : Oui R\u00e9gion de [\u2026]<\/p>","protected":false},"featured_media":14136,"comment_status":"open","ping_status":"closed","template":"","meta":[],"product_brand":[],"product_cat":[194],"product_tag":[102,52,65,55,108,98,58,60,61],"class_list":{"0":"post-14124","1":"product","2":"type-product","3":"status-publish","4":"has-post-thumbnail","6":"product_cat-value-picks","7":"product_tag-bracelet","8":"product_tag-certified","9":"product_tag-high-quality","10":"product_tag-jadeite","11":"product_tag-light-lavender","12":"product_tag-necklace","13":"product_tag-new-arrivals","14":"product_tag-type-a-jadeite","15":"product_tag-unisex","17":"first","18":"instock","19":"sale","20":"shipping-taxable","21":"purchasable","22":"product-type-simple"},"_links":{"self":[{"href":"https:\/\/shop.yipinqian.com\/fr\/wp-json\/wp\/v2\/product\/14124","targetHints":{"allow":["GET"]}}],"collection":[{"href":"https:\/\/shop.yipinqian.com\/fr\/wp-json\/wp\/v2\/product"}],"about":[{"href":"https:\/\/shop.yipinqian.com\/fr\/wp-json\/wp\/v2\/types\/product"}],"replies":[{"embeddable":true,"href":"https:\/\/shop.yipinqian.com\/fr\/wp-json\/wp\/v2\/comments?post=14124"}],"version-history":[{"count":0,"href":"https:\/\/shop.yipinqian.com\/fr\/wp-json\/wp\/v2\/product\/14124\/revisions"}],"wp:featuredmedia":[{"embeddable":true,"href":"https:\/\/shop.yipinqian.com\/fr\/wp-json\/wp\/v2\/media\/14136"}],"wp:attachment":[{"href":"https:\/\/shop.yipinqian.com\/fr\/wp-json\/wp\/v2\/media?parent=14124"}],"wp:term":[{"taxonomy":"product_brand","embeddable":true,"href":"https:\/\/shop.yipinqian.com\/fr\/wp-json\/wp\/v2\/product_brand?post=14124"},{"taxonomy":"product_cat","embeddable":true,"href":"https:\/\/shop.yipinqian.com\/fr\/wp-json\/wp\/v2\/product_cat?post=14124"},{"taxonomy":"product_tag","embeddable":true,"href":"https:\/\/shop.yipinqian.com\/fr\/wp-json\/wp\/v2\/product_tag?post=14124"}],"curies":[{"name":"wp","href":"https:\/\/api.w.org\/{rel}","templated":true}]}}