{"id":14120,"date":"2024-11-28T09:34:47","date_gmt":"2024-11-28T01:34:47","guid":{"rendered":"https:\/\/shop.yipinqian.com\/an-old-collection-crafted-with-milo-buddha-on-natural-type-a-jadeite-jade-as-pendant-certificate-weighs-5-6-grams-measurement-36-5-18-2-4-7-mm-pendant361\/"},"modified":"2025-01-26T00:00:49","modified_gmt":"2025-01-25T16:00:49","slug":"an-old-collection-crafted-with-milo-buddha-on-natural-type-a-jadeite-jade-as-pendant-certificate-weighs-5-6-grams-measurement-36-5-18-2-4-7-mm-pendant361","status":"publish","type":"product","link":"https:\/\/shop.yipinqian.com\/fr\/produit\/an-old-collection-crafted-with-milo-buddha-on-natural-type-a-jadeite-jade-as-pendant-certificate-weighs-5-6-grams-measurement-36-5-18-2-4-7-mm-pendant361\/","title":{"rendered":"Une ancienne collection r\u00e9alis\u00e9e avec le Bouddha Milo sur du jade jad\u00e9ite naturel de type A comme pendentif, le certificat p\u00e8se 5,6 grammes, mesure 36,5 * 18,2 * 4,7 mm (pendentif361)"},"content":{"rendered":"<p>This exquisite necklace features an old collection crafted with Milo Buddha on natural Type A Jadeite Jade, creating a stunning and unique pendant.<\/p>\n<p><\/p>\n<p>Certificate numbers: 920460037789<\/p>\n<p><img fetchpriority=\"high\" decoding=\"async\" src=\"https:\/\/shop.yipinqian.com\/wp-content\/uploads\/2024\/11\/88426a9ddf134e9cad2223997df7ee6etplv-aphluv4xwc-origin-jpeg.jpeg?dr=15568&#038;nonce=1003&#038;refresh_token=5c9edb0bcac3f25d12920c19dc51d87e&#038;from=476444299&#038;idc=my2&#038;ps=933b5bde&#038;shcp=9b759fb9&#038;shp=1c65f68b&#038;t=555f072d\" width=\"1080\" height=\"1080\"><\/p>\n<ul>\n<li>\n<strong>Poids:<\/strong> 5.6 grams<\/li>\n<li>\n<strong>Mesures:<\/strong> 36.5 * 18.2 * 4.7 mm (pendant361)<\/li>\n<\/ul>\n<p><img decoding=\"async\" src=\"https:\/\/shop.yipinqian.com\/wp-content\/uploads\/2024\/11\/32fcc31678d946d3be29faeda4a37f0btplv-aphluv4xwc-origin-jpeg.jpeg?dr=15568&#038;nonce=5984&#038;refresh_token=b58297fb3aa113efd8d60bb55299a88e&#038;from=476444299&#038;idc=my2&#038;ps=933b5bde&#038;shcp=9b759fb9&#038;shp=1c65f68b&#038;t=555f072d\" width=\"1080\" height=\"1080\"><\/p>\n<p>The pendant comes with a certificate, ensuring its authenticity and quality.<\/p>\n<ul>\n<li>\n<strong>Certificat inclus :<\/strong> Oui<\/li>\n<li>\n<strong>R\u00e9gion d&#039;origine :<\/strong> Birmanie<\/li>\n<li>The necklace is suitable for both men and women, making it a versatile accessory for any occasion.<\/li>\n<\/ul>\n<ul>\n<li>The natural Type A Jadeite Jade adds an auspicious touch to the piece, making it a meaningful addition to your jewelry collection.<\/li>\n<\/ul>\n<p>This casual necklace combines traditional craftsmanship with timeless style, perfect for adding a touch of elegance to any outfit.<\/p>\n<p><\/p>\n<p>Yi Pin Qian \u2013 N\u00e9gociant en pierres pr\u00e9cieuses et m\u00e9taux pr\u00e9cieux \u00e0 Singapour \u2013 Num\u00e9ro de licence PS20190000031<\/p>\n<p><\/p>\n<p>*Toutes les jad\u00e9ites achet\u00e9es chez Yi Pin Qian \u00e0 Singapour, les clients peuvent r\u00e9server des cr\u00e9neaux pour le polissage ou une r\u00e9paration mineure en cas de mauvaise manipulation - des frais s&#039;appliquent et uniquement pour les clients de Yi Pin Qian \u00e0 Singapour*<\/p>\n<p><\/p>\n<p><strong>**Types de certificats**<\/strong><\/p>\n<p><\/p>\n<p><strong>NGI (Nan Yang Gemmologie)<\/strong><\/p>\n<p>ou <strong>Certificats \u00e9trangers <\/strong>(Yi Pin Qian utilise uniquement des certificats authentiques provenant de laboratoires \u00e9trangers et contr\u00f4le \u00e9galement la qualit\u00e9 de chacun de nos produits avant de les mettre en vente \u00e0 Singapour)<\/p>\n<p><\/p>\n<p>Chaque produit sur TikTok aura le type de certificat fourni indiqu\u00e9 dans la description. Pour tout client souhaitant envoyer sa commande \u00e0 NGI Singapore, il y aura un d\u00e9lai d&#039;attente pour la livraison de la commande estim\u00e9 \u00e0 environ 4 semaines pour recevoir votre commande. <strong>Les demandes de rapport NGI Gemstone doivent \u00eatre effectu\u00e9es en nous envoyant un message.<\/strong> Merci, <strong><u>des frais suppl\u00e9mentaires s&#039;appliquent<\/u><\/strong>.<\/p>\n<p><\/p>\n<p><strong>La jad\u00e9ite naturelle n&#039;est pas parfaite, juste un petit rappel : notre jad\u00e9ite naturelle, comme toutes les belles choses de la nature, poss\u00e8de ses caract\u00e9ristiques et ses variations uniques. Nous invitons nos pr\u00e9cieux clients \u00e0 adopter ces variations naturelles. Bon shopping !<\/strong><\/p>\n<p><\/p>\n<p><strong><u>Aucune des photos et des s\u00e9quences vid\u00e9o n&#039;a \u00e9t\u00e9 filtr\u00e9e. Nous encourageons nos clients \u00e0 regarder \u00e9galement les vid\u00e9os d&#039;accompagnement pour une vue plus compl\u00e8te de nos produits<\/u><\/strong><\/p>\n<p><\/p>\n<ul>\n<li>Diff\u00e9rentes plates-formes ne peuvent visionner des vid\u00e9os que via le bureau<\/li>\n<\/ul>","protected":false},"excerpt":{"rendered":"<p>This exquisite necklace features an old collection crafted with Milo Buddha on natural Type A Jadeite Jade, creating a stunning and unique pendant. Certificate numbers: 920460037789 Weight: 5.6 grams Measurement: 36.5 * 18.2 * 4.7 mm (pendant361) The pendant comes with a certificate, ensuring its authenticity and quality. Certificate Included: Yes Region of Origin: Myanmar [&hellip;]<\/p>","protected":false},"featured_media":14126,"comment_status":"open","ping_status":"closed","template":"","meta":[],"product_brand":[],"product_cat":[83,126,48],"product_tag":[52,70,96,65,55,56,57,58,75,59,60,61,62],"class_list":{"0":"post-14120","1":"product","2":"type-product","3":"status-publish","4":"has-post-thumbnail","6":"product_cat-jade-necklaces-pendants","7":"product_cat-new-arrivals","8":"product_cat-pendants","9":"product_tag-certified","10":"product_tag-green","11":"product_tag-green-patches","12":"product_tag-high-quality","13":"product_tag-jadeite","14":"product_tag-limited-editions","15":"product_tag-milo-buddha","16":"product_tag-new-arrivals","17":"product_tag-traditional","18":"product_tag-translucent","19":"product_tag-type-a-jadeite","20":"product_tag-unisex","21":"product_tag-yi-pin-qian-exclusive","23":"first","24":"instock","25":"sale","26":"shipping-taxable","27":"purchasable","28":"product-type-simple"},"_links":{"self":[{"href":"https:\/\/shop.yipinqian.com\/fr\/wp-json\/wp\/v2\/product\/14120","targetHints":{"allow":["GET"]}}],"collection":[{"href":"https:\/\/shop.yipinqian.com\/fr\/wp-json\/wp\/v2\/product"}],"about":[{"href":"https:\/\/shop.yipinqian.com\/fr\/wp-json\/wp\/v2\/types\/product"}],"replies":[{"embeddable":true,"href":"https:\/\/shop.yipinqian.com\/fr\/wp-json\/wp\/v2\/comments?post=14120"}],"version-history":[{"count":0,"href":"https:\/\/shop.yipinqian.com\/fr\/wp-json\/wp\/v2\/product\/14120\/revisions"}],"wp:featuredmedia":[{"embeddable":true,"href":"https:\/\/shop.yipinqian.com\/fr\/wp-json\/wp\/v2\/media\/14126"}],"wp:attachment":[{"href":"https:\/\/shop.yipinqian.com\/fr\/wp-json\/wp\/v2\/media?parent=14120"}],"wp:term":[{"taxonomy":"product_brand","embeddable":true,"href":"https:\/\/shop.yipinqian.com\/fr\/wp-json\/wp\/v2\/product_brand?post=14120"},{"taxonomy":"product_cat","embeddable":true,"href":"https:\/\/shop.yipinqian.com\/fr\/wp-json\/wp\/v2\/product_cat?post=14120"},{"taxonomy":"product_tag","embeddable":true,"href":"https:\/\/shop.yipinqian.com\/fr\/wp-json\/wp\/v2\/product_tag?post=14120"}],"curies":[{"name":"wp","href":"https:\/\/api.w.org\/{rel}","templated":true}]}}