{"id":1410,"date":"2024-10-24T23:19:01","date_gmt":"2024-10-24T15:19:01","guid":{"rendered":"https:\/\/shop.yipinqian.com\/product\/high-quality-brownish-yellow-natural-type-a-jadeite-jade-crafted-as-nothing-set-on-18k-gold-as-pendant-certificate-weighs-4-49-grams-measurement-35-10-2-6-2-mm-18kp59\/"},"modified":"2025-02-24T01:17:31","modified_gmt":"2025-02-23T17:17:31","slug":"high-quality-brownish-yellow-natural-type-a-jadeite-jade-crafted-as-nothing-set-on-18k-gold-as-pendant-certificate-weighs-4-49-grams-measurement-35-10-2-6-2-mm-18kp59","status":"publish","type":"product","link":"https:\/\/shop.yipinqian.com\/fr\/produit\/high-quality-brownish-yellow-natural-type-a-jadeite-jade-crafted-as-nothing-set-on-18k-gold-as-pendant-certificate-weighs-4-49-grams-measurement-35-10-2-6-2-mm-18kp59\/","title":{"rendered":"Jade jad\u00e9ite naturelle de type A jaune brun\u00e2tre de haute qualit\u00e9 fabriqu\u00e9 comme rien sur or 18 carats comme pendentif, certificat p\u00e8se 4,49 grammes, mesure 35 * 10,2 * 6,2 mm (18kp59)"},"content":{"rendered":"<p>This high-quality pendant features a beautiful brownish yellow natural Type A Jadeite Jade, delicately crafted as a centerpiece on 18k gold.<\/p>\n<p>\u00a0<\/p>\n<p>Certificate numbers: GD2203H014492<\/p>\n<p>18k Gold: 1.49 grams<\/p>\n<p>Diamonds: 13 * 0.003 Carats<\/p>\n<p>Jadeite Measurement: 26.7 * 10.2 * 6.2 mm<\/p>\n<p><img fetchpriority=\"high\" decoding=\"async\" height=\"1080\" src=\"https:\/\/shop.yipinqian.com\/wp-content\/uploads\/2024\/10\/13eafd2b7bcf0e2af3dad1685e3547af.jpg?from=476444299\" width=\"1080\"><\/p>\n<ul>\n<li>\n<strong>Mat\u00e9riel:<\/strong> The secondary material of this pendant is diamond, adding a touch of elegance.<\/li>\n<li>\n<strong>Conception:<\/strong> The unique design showcases the jade as the focal point, <strong>overall measuring<\/strong> 35 * 10.2 * 6.2 mm for a striking look.<\/li>\n<li>\n<strong>Certificat:<\/strong> This pendant comes with certification weighing at 4.49 grams for authenticity assurance.<\/li>\n<\/ul>\n<p>The necklace style is elegant and suitable for daily wear, making it versatile for any occasion. Originating from Myanmar and featuring Type A Jadeite Jade, this piece is perfect for both men and women looking to add sophistication to their outfit.<\/p>\n<p>\u00a0<\/p>\n<p>Yi Pin Qian \u2013 N\u00e9gociant en pierres pr\u00e9cieuses et m\u00e9taux pr\u00e9cieux \u00e0 Singapour \u2013 Num\u00e9ro de licence PS20190000031<\/p>\n<p>\u00a0<\/p>\n<p>*Toutes les jad\u00e9ites achet\u00e9es chez Yi Pin Qian \u00e0 Singapour, les clients peuvent r\u00e9server des cr\u00e9neaux pour le polissage ou une r\u00e9paration mineure en cas de mauvaise manipulation - des frais s&#039;appliquent et uniquement pour les clients de Yi Pin Qian \u00e0 Singapour*<\/p>\n<p>\u00a0<\/p>\n<p><strong>**Types de certificats**<\/strong><\/p>\n<p>\u00a0<\/p>\n<p><strong>NGI (Nan Yang Gemmologie)<\/strong><\/p>\n<p>ou <strong>Certificats \u00e9trangers <\/strong>(Yi Pin Qian utilise uniquement des certificats authentiques provenant de laboratoires \u00e9trangers et contr\u00f4le \u00e9galement la qualit\u00e9 de chacun de nos produits avant de les mettre en vente \u00e0 Singapour)<\/p>\n<p>\u00a0<\/p>\n<p>Chaque produit sur TikTok aura le type de certificat fourni indiqu\u00e9 dans la description. Pour tout client souhaitant envoyer sa commande \u00e0 NGI Singapore, il y aura un d\u00e9lai d&#039;attente pour la livraison de la commande estim\u00e9 \u00e0 environ 4 semaines pour recevoir votre commande. <strong>Les demandes de rapport sur les pierres pr\u00e9cieuses NGI doivent \u00eatre effectu\u00e9es en envoyant un message \u00e0 la boutique TikTok de Yi Pin Qian.<\/strong> Merci, <strong><u>des frais suppl\u00e9mentaires s&#039;appliquent<\/u><\/strong>.<\/p>\n<p>\u00a0<\/p>\n<p><strong>La jad\u00e9ite naturelle n&#039;est pas parfaite, juste un petit rappel : notre jad\u00e9ite naturelle, comme toutes les belles choses de la nature, poss\u00e8de ses caract\u00e9ristiques et ses variations uniques. Nous invitons nos pr\u00e9cieux clients \u00e0 adopter ces variations naturelles. Bon shopping !<\/strong><\/p>\n<p>\u00a0<\/p>\n<p><strong><u>Aucune des photos et des s\u00e9quences vid\u00e9o n&#039;a \u00e9t\u00e9 filtr\u00e9e. Nous encourageons nos clients \u00e0 regarder \u00e9galement les vid\u00e9os d&#039;accompagnement pour une vue plus compl\u00e8te de nos produits<\/u><\/strong><\/p>\n<p>\u00a0<\/p>\n<ul>\n<li>Diff\u00e9rentes plates-formes ne peuvent visionner des vid\u00e9os que via le bureau<\/li>\n<\/ul>","protected":false},"excerpt":{"rendered":"<p>Ce pendentif de haute qualit\u00e9 est orn\u00e9 d&#039;un magnifique jade jad\u00e9ite de type A naturel jaune brun\u00e2tre, d\u00e9licatement travaill\u00e9 comme pi\u00e8ce ma\u00eetresse sur de l&#039;or 18 carats. Num\u00e9ros de certificat : GD2203H014492 Or 18 carats : 1,49 gramme Diamants : 13 * 0,003 carats Mesure de la jad\u00e9ite : 26,7 * 10,2 * 6,2 mm Mat\u00e9riau : Le mat\u00e9riau secondaire de ce pendentif est le diamant, ajoutant une touche de [\u2026]<\/p>","protected":false},"featured_media":4259,"comment_status":"open","ping_status":"closed","template":"","meta":[],"product_brand":[],"product_cat":[195],"product_tag":[50,52,88,53,65,55,56,73,60,61,68,62],"class_list":{"0":"post-1410","1":"product","2":"type-product","3":"status-publish","4":"has-post-thumbnail","6":"product_cat-heirloom-grade","7":"product_tag-18k-gold","8":"product_tag-certified","9":"product_tag-diamonds","10":"product_tag-fine-quality","11":"product_tag-high-quality","12":"product_tag-jadeite","13":"product_tag-limited-editions","14":"product_tag-pendant","15":"product_tag-type-a-jadeite","16":"product_tag-unisex","17":"product_tag-yellow","18":"product_tag-yi-pin-qian-exclusive","20":"first","21":"instock","22":"sale","23":"shipping-taxable","24":"purchasable","25":"product-type-simple"},"_links":{"self":[{"href":"https:\/\/shop.yipinqian.com\/fr\/wp-json\/wp\/v2\/product\/1410","targetHints":{"allow":["GET"]}}],"collection":[{"href":"https:\/\/shop.yipinqian.com\/fr\/wp-json\/wp\/v2\/product"}],"about":[{"href":"https:\/\/shop.yipinqian.com\/fr\/wp-json\/wp\/v2\/types\/product"}],"replies":[{"embeddable":true,"href":"https:\/\/shop.yipinqian.com\/fr\/wp-json\/wp\/v2\/comments?post=1410"}],"version-history":[{"count":0,"href":"https:\/\/shop.yipinqian.com\/fr\/wp-json\/wp\/v2\/product\/1410\/revisions"}],"wp:featuredmedia":[{"embeddable":true,"href":"https:\/\/shop.yipinqian.com\/fr\/wp-json\/wp\/v2\/media\/4259"}],"wp:attachment":[{"href":"https:\/\/shop.yipinqian.com\/fr\/wp-json\/wp\/v2\/media?parent=1410"}],"wp:term":[{"taxonomy":"product_brand","embeddable":true,"href":"https:\/\/shop.yipinqian.com\/fr\/wp-json\/wp\/v2\/product_brand?post=1410"},{"taxonomy":"product_cat","embeddable":true,"href":"https:\/\/shop.yipinqian.com\/fr\/wp-json\/wp\/v2\/product_cat?post=1410"},{"taxonomy":"product_tag","embeddable":true,"href":"https:\/\/shop.yipinqian.com\/fr\/wp-json\/wp\/v2\/product_tag?post=1410"}],"curies":[{"name":"wp","href":"https:\/\/api.w.org\/{rel}","templated":true}]}}