{"id":1408,"date":"2024-10-24T23:19:00","date_gmt":"2024-10-24T15:19:00","guid":{"rendered":"https:\/\/shop.yipinqian.com\/product\/high-quality-bluish-green-hue-natural-type-a-jadeite-jade-crafted-with-sceneries-as-pendant-certificatependant294\/"},"modified":"2025-02-17T00:01:37","modified_gmt":"2025-02-16T16:01:37","slug":"high-quality-bluish-green-hue-natural-type-a-jadeite-jade-crafted-with-sceneries-as-pendant-certificatependant294","status":"publish","type":"product","link":"https:\/\/shop.yipinqian.com\/fr\/produit\/high-quality-bluish-green-hue-natural-type-a-jadeite-jade-crafted-with-sceneries-as-pendant-certificatependant294\/","title":{"rendered":"Jade jad\u00e9ite naturel de type A de teinte vert bleut\u00e9 de haute qualit\u00e9 fabriqu\u00e9 avec des paysages comme pendentif, certificat (pendentif294)"},"content":{"rendered":"<p>This high-quality bluish green hue natural Type A Jadeite Jade pendant is a stunning piece crafted with beautiful sceneries.<\/p>\n<p>Certificate numbers: GD2201H013236<\/p>\n<p>\u2022 Material: Natural Type A Jadeite Jade <br \/>\u2022 Weight: 40.34 grams <br \/>\u2022 Measurement: 59.5 * 35 * 11.6 mm <br \/>\u2022 Certificate: Yes<\/p>\n<p>The pendant features exquisite craftsmanship and a unique design that makes it perfect for daily wear.<br \/>\u2022 .<br \/>Yi Pin Qian \u2013 N\u00e9gociant en pierres pr\u00e9cieuses et m\u00e9taux pr\u00e9cieux \u00e0 Singapour \u2013 Num\u00e9ro de licence PS20190000031<br \/>*Toutes les jad\u00e9ites achet\u00e9es chez Yi Pin Qian \u00e0 Singapour, les clients peuvent r\u00e9server des cr\u00e9neaux pour le polissage ou une r\u00e9paration mineure en cas de mauvaise manipulation - des frais s&#039;appliquent et uniquement pour les clients de Yi Pin Qian \u00e0 Singapour*<\/p>\n<p>**Types de certificats**<br \/>NGI (Nan Yang Gemmologie)<br \/>ou des certificats \u00e9trangers (Yi Pin Qian utilise uniquement des certificats authentiques provenant de laboratoires \u00e9trangers et contr\u00f4le \u00e9galement la qualit\u00e9 de chacun de nos produits avant de les mettre en vente \u00e0 Singapour)<\/p>\n<p>Every product on TikTok will have the type of certificate provided indicated in the description. For any customer that wishes to send their order to NGI Singapore, there will be a waiting time for order delivery estimated around 4 weeks to receive your order. NGI Gemstone report requests need to be done by messaging us. <\/p>\n<p>Merci, des frais suppl\u00e9mentaires s&#039;appliquent.<\/p>\n<p>La jad\u00e9ite naturelle n&#039;est pas parfaite, juste un petit rappel : notre jad\u00e9ite naturelle, comme toutes les belles choses de la nature, poss\u00e8de ses caract\u00e9ristiques et ses variations uniques. Nous invitons nos pr\u00e9cieux clients \u00e0 adopter ces variations naturelles. Bon shopping !<\/p>\n<p>Aucune des photos et des s\u00e9quences vid\u00e9o n&#039;a \u00e9t\u00e9 filtr\u00e9e. Nous encourageons nos clients \u00e0 regarder \u00e9galement les vid\u00e9os d&#039;accompagnement pour une vue plus compl\u00e8te de nos produits<\/p>\n<p>Diff\u00e9rentes plates-formes ne peuvent visionner des vid\u00e9os que via le bureau<\/p>","protected":false},"excerpt":{"rendered":"<p>This high-quality bluish green hue natural Type A Jadeite Jade pendant is a stunning piece crafted with beautiful sceneries. Certificate numbers: GD2201H013236 \u2022 Material: Natural Type A Jadeite Jade \u2022 Weight: 40.34 grams \u2022 Measurement: 59.5 * 35 * 11.6 mm \u2022 Certificate: Yes The pendant features exquisite craftsmanship and a unique design that makes [&hellip;]<\/p>","protected":false},"featured_media":4237,"comment_status":"open","ping_status":"closed","template":"","meta":[],"product_brand":[],"product_cat":[63,48],"product_tag":[],"class_list":{"0":"post-1408","1":"product","2":"type-product","3":"status-publish","4":"has-post-thumbnail","6":"product_cat-charms-pendants-ornaments","7":"product_cat-pendants","9":"first","10":"instock","11":"sale","12":"shipping-taxable","13":"purchasable","14":"product-type-simple"},"_links":{"self":[{"href":"https:\/\/shop.yipinqian.com\/fr\/wp-json\/wp\/v2\/product\/1408","targetHints":{"allow":["GET"]}}],"collection":[{"href":"https:\/\/shop.yipinqian.com\/fr\/wp-json\/wp\/v2\/product"}],"about":[{"href":"https:\/\/shop.yipinqian.com\/fr\/wp-json\/wp\/v2\/types\/product"}],"replies":[{"embeddable":true,"href":"https:\/\/shop.yipinqian.com\/fr\/wp-json\/wp\/v2\/comments?post=1408"}],"version-history":[{"count":0,"href":"https:\/\/shop.yipinqian.com\/fr\/wp-json\/wp\/v2\/product\/1408\/revisions"}],"wp:featuredmedia":[{"embeddable":true,"href":"https:\/\/shop.yipinqian.com\/fr\/wp-json\/wp\/v2\/media\/4237"}],"wp:attachment":[{"href":"https:\/\/shop.yipinqian.com\/fr\/wp-json\/wp\/v2\/media?parent=1408"}],"wp:term":[{"taxonomy":"product_brand","embeddable":true,"href":"https:\/\/shop.yipinqian.com\/fr\/wp-json\/wp\/v2\/product_brand?post=1408"},{"taxonomy":"product_cat","embeddable":true,"href":"https:\/\/shop.yipinqian.com\/fr\/wp-json\/wp\/v2\/product_cat?post=1408"},{"taxonomy":"product_tag","embeddable":true,"href":"https:\/\/shop.yipinqian.com\/fr\/wp-json\/wp\/v2\/product_tag?post=1408"}],"curies":[{"name":"wp","href":"https:\/\/api.w.org\/{rel}","templated":true}]}}