{"id":1404,"date":"2024-10-24T23:18:58","date_gmt":"2024-10-24T15:18:58","guid":{"rendered":"https:\/\/shop.yipinqian.com\/product\/high-premium-quality-natural-type-a-jadeite-jade-with-3-cabochons-set-on-18k-gold-with-diamonds-as-wrist-bracelet-or-pendant-certificate-weigh-4-39-grams-18kpw4\/"},"modified":"2025-02-24T01:17:31","modified_gmt":"2025-02-23T17:17:31","slug":"high-premium-quality-natural-type-a-jadeite-jade-with-3-cabochons-set-on-18k-gold-with-diamonds-as-wrist-bracelet-or-pendant-certificate-weigh-4-39-grams-18kpw4","status":"publish","type":"product","link":"https:\/\/shop.yipinqian.com\/fr\/produit\/high-premium-quality-natural-type-a-jadeite-jade-with-3-cabochons-set-on-18k-gold-with-diamonds-as-wrist-bracelet-or-pendant-certificate-weigh-4-39-grams-18kpw4\/","title":{"rendered":"Jade jad\u00e9ite naturelle de type A de haute qualit\u00e9 avec 3 cabochons sertis sur or 18 carats avec diamants comme bracelet ou pendentif, certificat pesant 4,39 grammes (18kpw4)"},"content":{"rendered":"<p>This High Premium Quality Natural Type A Jadeite Jade bracelet or pendant is an exquisite addition to any jewelry collection. The 3 cabochons set on 18k gold with diamonds showcase the beauty of the natural jade and add an elegant touch to your everyday look.<\/p>\n<p>\u00a0<\/p>\n<p><strong><u>This piece of jewellery can be used as a pendant by adding your own gold chain<\/u><\/strong><\/p>\n<p>\u00a0<\/p>\n<p>Num\u00e9ros de certificat : <strong>GD2201H013003<\/strong><\/p>\n<p>\u00a0<\/p>\n<p><strong>18k Gold Weigh: 2.22 grams<\/strong><\/p>\n<p><strong>Diamonds 58 * 0.003 = 0.174 carats<\/strong><\/p>\n<p><strong>Light Green Hue Icy Translucent Cabochon: 20.5 *<em> 10 *<\/em> 4.5 mm<\/strong><\/p>\n<p><strong>Icy Green cabochons: 4.3 * 3.3 * 2 mm, 4.3 * 3.2 * 2 mm<\/strong><\/p>\n<p>\u00a0<\/p>\n<p><strong>*<em>Please note that the set come with PU Leather as our company is dedicated to cruelty-free and vegan-friendly practices and it&#8217;s a compassionate fashion<\/em>*<\/strong><\/p>\n<p>\u00a0<\/p>\n<ul>\n<li>\n<strong>Jade jad\u00e9ite naturelle de type A :<\/strong> This bracelet or pendant features natural Type A jadeite jade from Myanmar, known for its vibrant green color and high quality.<\/li>\n<li>\n<strong>18k Gold with Diamonds:<\/strong> The cabochons are set on 18k gold with diamonds, adding a luxurious element to this piece of jewelry.<\/li>\n<li>\n<strong>Dual Use:<\/strong> This piece can be worn as a wrist bracelet or as a pendant on your favorite necklace. Versatile for any occasion!<\/li>\n<\/ul>\n<p>The certificate that comes with this product ensures that you are receiving genuine, high-quality materials. While this product does not come with a warranty, you can trust in the expert craftsmanship and durability of this beautiful piece.<\/p>\n<ul>\n<li>\n<strong>Gorgeous Gift Idea:<\/strong> Looking for the perfect gift? This stunning bracelet\/pendant is perfect as a special occasion gift for someone you love!<\/li>\n<li>\n<strong>Feminine and Dainty Design:<\/strong>This beautiful accessory has been designed keeping in mind feminine traits like delicacy,daintiness etc Add this High Premium Quality Natural Type A Jadeite Jade Bracelet\/Pendant to your accessory collection today!<\/li>\n<\/ul>\n<p>Yi Pin Qian \u2013 N\u00e9gociant en pierres pr\u00e9cieuses et m\u00e9taux pr\u00e9cieux \u00e0 Singapour \u2013 Num\u00e9ro de licence PS20190000031<\/p>\n<p>\u00a0<\/p>\n<p>*Toutes les jad\u00e9ites achet\u00e9es chez Yi Pin Qian \u00e0 Singapour, les clients peuvent r\u00e9server des cr\u00e9neaux pour le polissage ou une r\u00e9paration mineure en cas de mauvaise manipulation - des frais s&#039;appliquent et uniquement pour les clients de Yi Pin Qian \u00e0 Singapour*<\/p>\n<p>\u00a0<\/p>\n<p><strong>**Types de certificats**<\/strong><\/p>\n<p>\u00a0<\/p>\n<p><strong>NGI (Nan Yang Gemmologie)<\/strong><\/p>\n<p>ou <strong>Certificats \u00e9trangers <\/strong>(Yi Pin Qian utilise uniquement des certificats authentiques provenant de laboratoires \u00e9trangers et contr\u00f4le \u00e9galement la qualit\u00e9 de chacun de nos produits avant de les mettre en vente \u00e0 Singapour)<\/p>\n<p>\u00a0<\/p>\n<p>Chaque produit sur TikTok aura le type de certificat fourni indiqu\u00e9 dans la description. Pour tout client souhaitant envoyer sa commande \u00e0 NGI Singapore, il y aura un d\u00e9lai d&#039;attente pour la livraison de la commande estim\u00e9 \u00e0 environ 4 semaines pour recevoir votre commande. <strong>Les demandes de rapport sur les pierres pr\u00e9cieuses NGI doivent \u00eatre effectu\u00e9es en envoyant un message \u00e0 la boutique TikTok de Yi Pin Qian.<\/strong> Merci, <strong><u>des frais suppl\u00e9mentaires s&#039;appliquent<\/u><\/strong>.<\/p>\n<p>\u00a0<\/p>\n<p><strong>La jad\u00e9ite naturelle n&#039;est pas parfaite, juste un petit rappel : notre jad\u00e9ite naturelle, comme toutes les belles choses de la nature, poss\u00e8de ses caract\u00e9ristiques et ses variations uniques. Nous invitons nos pr\u00e9cieux clients \u00e0 adopter ces variations naturelles. Bon shopping !<\/strong><\/p>\n<p>\u00a0<\/p>\n<p><strong><u>Aucune des photos et des s\u00e9quences vid\u00e9o n&#039;a \u00e9t\u00e9 filtr\u00e9e. Nous encourageons nos clients \u00e0 regarder \u00e9galement les vid\u00e9os d&#039;accompagnement pour une vue plus compl\u00e8te de nos produits<\/u><\/strong><\/p>","protected":false},"excerpt":{"rendered":"<p>Ce bracelet ou pendentif en jade jad\u00e9ite naturelle de type A de qualit\u00e9 sup\u00e9rieure est un ajout exquis \u00e0 toute collection de bijoux. Les 3 cabochons sertis sur or 18 carats avec diamants mettent en valeur la beaut\u00e9 du jade naturel et ajoutent une touche \u00e9l\u00e9gante \u00e0 votre look quotidien. Ce bijou peut \u00eatre utilis\u00e9 comme [\u2026]<\/p>","protected":false},"featured_media":4180,"comment_status":"open","ping_status":"closed","template":"","meta":[],"product_brand":[],"product_cat":[195],"product_tag":[50,101,102,52,88,72,53,70,54,55,59,60,62],"class_list":{"0":"post-1404","1":"product","2":"type-product","3":"status-publish","4":"has-post-thumbnail","6":"product_cat-heirloom-grade","7":"product_tag-18k-gold","8":"product_tag-adjustable","9":"product_tag-bracelet","10":"product_tag-certified","11":"product_tag-diamonds","12":"product_tag-female","13":"product_tag-fine-quality","14":"product_tag-green","15":"product_tag-icy","16":"product_tag-jadeite","17":"product_tag-translucent","18":"product_tag-type-a-jadeite","19":"product_tag-yi-pin-qian-exclusive","21":"first","22":"instock","23":"sale","24":"shipping-taxable","25":"purchasable","26":"product-type-simple"},"_links":{"self":[{"href":"https:\/\/shop.yipinqian.com\/fr\/wp-json\/wp\/v2\/product\/1404","targetHints":{"allow":["GET"]}}],"collection":[{"href":"https:\/\/shop.yipinqian.com\/fr\/wp-json\/wp\/v2\/product"}],"about":[{"href":"https:\/\/shop.yipinqian.com\/fr\/wp-json\/wp\/v2\/types\/product"}],"replies":[{"embeddable":true,"href":"https:\/\/shop.yipinqian.com\/fr\/wp-json\/wp\/v2\/comments?post=1404"}],"version-history":[{"count":0,"href":"https:\/\/shop.yipinqian.com\/fr\/wp-json\/wp\/v2\/product\/1404\/revisions"}],"wp:featuredmedia":[{"embeddable":true,"href":"https:\/\/shop.yipinqian.com\/fr\/wp-json\/wp\/v2\/media\/4180"}],"wp:attachment":[{"href":"https:\/\/shop.yipinqian.com\/fr\/wp-json\/wp\/v2\/media?parent=1404"}],"wp:term":[{"taxonomy":"product_brand","embeddable":true,"href":"https:\/\/shop.yipinqian.com\/fr\/wp-json\/wp\/v2\/product_brand?post=1404"},{"taxonomy":"product_cat","embeddable":true,"href":"https:\/\/shop.yipinqian.com\/fr\/wp-json\/wp\/v2\/product_cat?post=1404"},{"taxonomy":"product_tag","embeddable":true,"href":"https:\/\/shop.yipinqian.com\/fr\/wp-json\/wp\/v2\/product_tag?post=1404"}],"curies":[{"name":"wp","href":"https:\/\/api.w.org\/{rel}","templated":true}]}}