{"id":1403,"date":"2024-10-24T23:18:58","date_gmt":"2024-10-24T15:18:58","guid":{"rendered":"https:\/\/shop.yipinqian.com\/product\/high-premium-quality-icy-green-natural-type-a-jadeite-jade-pendant-necklace-crafted-with-bird-flower-and-tree-trunk-certificate-included-weigh-11-70-grams-measurement-40-23-6-3-mm-pendant187\/"},"modified":"2025-02-24T01:17:31","modified_gmt":"2025-02-23T17:17:31","slug":"high-premium-quality-icy-green-natural-type-a-jadeite-jade-pendant-necklace-crafted-with-bird-flower-and-tree-trunk-certificate-included-weigh-11-70-grams-measurement-40-23-6-3-mm-pendant187","status":"publish","type":"product","link":"https:\/\/shop.yipinqian.com\/fr\/produit\/high-premium-quality-icy-green-natural-type-a-jadeite-jade-pendant-necklace-crafted-with-bird-flower-and-tree-trunk-certificate-included-weigh-11-70-grams-measurement-40-23-6-3-mm-pendant187\/","title":{"rendered":"Collier pendentif en jade jad\u00e9ite naturelle de type A vert glac\u00e9 de haute qualit\u00e9 fabriqu\u00e9 avec un oiseau, une fleur et un tronc d&#039;arbre, certificat inclus p\u00e8se 11,70 grammes, mesure 40 * 23 * 6,3 mm (pendentif187)"},"content":{"rendered":"<p>Ce collier pendentif en jade jad\u00e9ite naturelle de type A de couleur vert glac\u00e9 de qualit\u00e9 sup\u00e9rieure est un superbe accessoire de bijouterie et produit d\u00e9riv\u00e9 qui vous laissera fascin\u00e9. Fabriqu\u00e9 au Myanmar, ce collier p\u00e8se 11,70 grammes et mesure 40 * 23 * 6,3 mm (pendentif 187).<\/p>\n<p>\u00a0<\/p>\n<p><strong>Num\u00e9ros de certificat : GD2112H011122<\/strong><\/p>\n<ul>\n<li>\n<strong>Conception exquise :<\/strong> Ce collier pendentif est fabriqu\u00e9 avec un oiseau, une fleur et un tronc d&#039;arbre pour lui donner un look \u00e9l\u00e9gant qui vous permettra de vous d\u00e9marquer de la foule.<\/li>\n<li>\n<strong>Jad\u00e9ite naturelle de type A :<\/strong> Ce collier est fabriqu\u00e9 en jade jad\u00e9ite naturel de type A de haute qualit\u00e9, ce qui le rend durable et r\u00e9sistant.<\/li>\n<li>\n<strong>Certificat inclus :<\/strong> Le pendentif est accompagn\u00e9 d&#039;un certificat d&#039;authenticit\u00e9 pour vous assurer de sa qualit\u00e9.<\/li>\n<\/ul>\n<p>Le style \u00e9l\u00e9gant de ce collier unisexe le rend parfait pour un usage quotidien ou pour des occasions sp\u00e9ciales. Commandez le v\u00f4tre maintenant !<\/p>\n<p>\u00a0<\/p>\n<p>Yi Pin Qian \u2013 N\u00e9gociant en pierres pr\u00e9cieuses et m\u00e9taux pr\u00e9cieux \u00e0 Singapour \u2013 Num\u00e9ro de licence PS20190000031<\/p>\n<p>\u00a0<\/p>\n<p>*Toutes les jad\u00e9ites achet\u00e9es chez Yi Pin Qian \u00e0 Singapour, les clients peuvent r\u00e9server des cr\u00e9neaux pour le polissage ou une r\u00e9paration mineure en cas de mauvaise manipulation - des frais s&#039;appliquent et uniquement pour les clients de Yi Pin Qian \u00e0 Singapour*<\/p>\n<p>\u00a0<\/p>\n<p><strong>**Types de certificats**<\/strong><\/p>\n<p>\u00a0<\/p>\n<p><strong>NGI (Nan Yang Gemmologie)<\/strong><\/p>\n<p>ou <strong>Certificats \u00e9trangers <\/strong>(Yi Pin Qian utilise uniquement des certificats authentiques provenant de laboratoires \u00e9trangers et contr\u00f4le \u00e9galement la qualit\u00e9 de chacun de nos produits avant de les mettre en vente \u00e0 Singapour)<\/p>\n<p>\u00a0<\/p>\n<p>Chaque produit sur TikTok aura le type de certificat fourni indiqu\u00e9 dans la description. Pour tout client souhaitant envoyer sa commande \u00e0 NGI Singapore, il y aura un d\u00e9lai d&#039;attente pour la livraison de la commande estim\u00e9 \u00e0 environ 4 semaines pour recevoir votre commande. <strong>Les demandes de rapport sur les pierres pr\u00e9cieuses NGI doivent \u00eatre effectu\u00e9es en envoyant un message \u00e0 la boutique TikTok de Yi Pin Qian.<\/strong> Merci, <strong><u>des frais suppl\u00e9mentaires s&#039;appliquent<\/u><\/strong>.<\/p>\n<p>\u00a0<\/p>\n<p><strong>La jad\u00e9ite naturelle n&#039;est pas parfaite, juste un petit rappel : notre jad\u00e9ite naturelle, comme toutes les belles choses de la nature, poss\u00e8de ses caract\u00e9ristiques et ses variations uniques. Nous invitons nos pr\u00e9cieux clients \u00e0 adopter ces variations naturelles. Bon shopping !<\/strong><\/p>\n<p>\u00a0<\/p>\n<p><strong><u>Aucune des photos et des s\u00e9quences vid\u00e9o n&#039;a \u00e9t\u00e9 filtr\u00e9e. Nous encourageons nos clients \u00e0 regarder \u00e9galement les vid\u00e9os d&#039;accompagnement pour une vue plus compl\u00e8te de nos produits<\/u><\/strong><\/p>","protected":false},"excerpt":{"rendered":"<p>This High Premium Quality Icy Green Natural Type A Jadeite Jade Pendant Necklace is a stunning piece of Jewelry Accessories &#038; Derivatives that will leave you mesmerized. Made in Myanmar, this necklace weighs 11.70 grams and measures 40 * 23 * 6.3 mm (pendant187). \u00a0 Certificate numbers: GD2112H011122 Exquisite Design: This pendant necklace is crafted [&hellip;]<\/p>","protected":false},"featured_media":4172,"comment_status":"open","ping_status":"closed","template":"","meta":[],"product_brand":[],"product_cat":[195],"product_tag":[],"class_list":{"0":"post-1403","1":"product","2":"type-product","3":"status-publish","4":"has-post-thumbnail","6":"product_cat-heirloom-grade","8":"first","9":"instock","10":"sale","11":"shipping-taxable","12":"purchasable","13":"product-type-simple"},"_links":{"self":[{"href":"https:\/\/shop.yipinqian.com\/fr\/wp-json\/wp\/v2\/product\/1403","targetHints":{"allow":["GET"]}}],"collection":[{"href":"https:\/\/shop.yipinqian.com\/fr\/wp-json\/wp\/v2\/product"}],"about":[{"href":"https:\/\/shop.yipinqian.com\/fr\/wp-json\/wp\/v2\/types\/product"}],"replies":[{"embeddable":true,"href":"https:\/\/shop.yipinqian.com\/fr\/wp-json\/wp\/v2\/comments?post=1403"}],"version-history":[{"count":0,"href":"https:\/\/shop.yipinqian.com\/fr\/wp-json\/wp\/v2\/product\/1403\/revisions"}],"wp:featuredmedia":[{"embeddable":true,"href":"https:\/\/shop.yipinqian.com\/fr\/wp-json\/wp\/v2\/media\/4172"}],"wp:attachment":[{"href":"https:\/\/shop.yipinqian.com\/fr\/wp-json\/wp\/v2\/media?parent=1403"}],"wp:term":[{"taxonomy":"product_brand","embeddable":true,"href":"https:\/\/shop.yipinqian.com\/fr\/wp-json\/wp\/v2\/product_brand?post=1403"},{"taxonomy":"product_cat","embeddable":true,"href":"https:\/\/shop.yipinqian.com\/fr\/wp-json\/wp\/v2\/product_cat?post=1403"},{"taxonomy":"product_tag","embeddable":true,"href":"https:\/\/shop.yipinqian.com\/fr\/wp-json\/wp\/v2\/product_tag?post=1403"}],"curies":[{"name":"wp","href":"https:\/\/api.w.org\/{rel}","templated":true}]}}