{"id":1401,"date":"2024-10-24T23:18:57","date_gmt":"2024-10-24T15:18:57","guid":{"rendered":"https:\/\/shop.yipinqian.com\/product\/high-premium-icy-variety-quality-natural-type-a-jadeite-jade-pendant-necklace-crafted-as-deer-meaning-all-the-way-with-you-with-certificate-weigh-21-24-grams-measurement-46-9-47-4-8-mm-18kp10\/"},"modified":"2025-02-24T01:34:20","modified_gmt":"2025-02-23T17:34:20","slug":"high-premium-icy-variety-quality-natural-type-a-jadeite-jade-pendant-necklace-crafted-as-deer-meaning-all-the-way-with-you-with-certificate-weigh-21-24-grams-measurement-46-9-47-4-8-mm-18kp10","status":"publish","type":"product","link":"https:\/\/shop.yipinqian.com\/fr\/produit\/high-premium-icy-variety-quality-natural-type-a-jadeite-jade-pendant-necklace-crafted-as-deer-meaning-all-the-way-with-you-with-certificate-weigh-21-24-grams-measurement-46-9-47-4-8-mm-18kp10\/","title":{"rendered":"Collier pendentif en jade jad\u00e9ite naturelle de type A de qualit\u00e9 sup\u00e9rieure de vari\u00e9t\u00e9 glac\u00e9e, fabriqu\u00e9 en forme de cerf, ce qui signifie que vous \u00eates toujours avec vous, avec certificat, pesant 21,24 grammes, mesurant 46,9 * 47 * 4,8 mm (18kp10)"},"content":{"rendered":"<p>This High Premium Icy Variety Quality Natural Type A Jadeite Jade Pendant Necklace is a stunning piece of jewelry that you won&#8217;t want to miss. The pendant is crafted in the shape of a deer, which symbolizes &#8220;all the way with you,&#8221; making it a perfect gift for someone special or even for yourself. with 18k gold clasp<\/p>\n<p>\u00a0<\/p>\n<p><strong>Certificate numbers: SZ21367109<\/strong><\/p>\n<p><img fetchpriority=\"high\" decoding=\"async\" height=\"1080\" src=\"https:\/\/shop.yipinqian.com\/wp-content\/uploads\/2024\/10\/11c111da3f2f76e8eef831268ef048c7.jpg?from=476444299\" width=\"1080\"><\/p>\n<ul>\n<li>The pendant weighs 21.24 grams and measures 46.9 * 47 * 4.8 mm<\/li>\n<li>The necklace style is elegant, adding to its overall beauty.<\/li>\n<li>Made from high-quality natural Type A jadeite jade, this necklace offers exceptional quality and durability.<\/li>\n<\/ul>\n<p>Whether you&#8217;re dressing up for a special occasion or simply want to add some elegance to your daily wardrobe, this pendant necklace is an excellent choice. It&#8217;s unisex in design and comes with certificate from Myanmar.<\/p>\n<ul>\n<li>The occasion of this product is daily wear, making it perfect for any outfit or situation you may encounter throughout your day-to-day routine<\/li>\n<\/ul>\n<p>Get ready to turn heads with this exquisite piece of jewelry that&#8217;s sure to become an instant classic in your collection!<\/p>\n<p>\u00a0<\/p>\n<p>Yi Pin Qian \u2013 N\u00e9gociant en pierres pr\u00e9cieuses et m\u00e9taux pr\u00e9cieux \u00e0 Singapour \u2013 Num\u00e9ro de licence PS20190000031<\/p>\n<p>\u00a0<\/p>\n<p>*Toutes les jad\u00e9ites achet\u00e9es chez Yi Pin Qian \u00e0 Singapour, les clients peuvent r\u00e9server des cr\u00e9neaux pour le polissage ou une r\u00e9paration mineure en cas de mauvaise manipulation - des frais s&#039;appliquent et uniquement pour les clients de Yi Pin Qian \u00e0 Singapour*<\/p>\n<p>\u00a0<\/p>\n<p><strong>**Types de certificats**<\/strong><\/p>\n<p>\u00a0<\/p>\n<p><strong>NGI (Nan Yang Gemmologie)<\/strong><\/p>\n<p>ou <strong>Certificats \u00e9trangers <\/strong>(Yi Pin Qian utilise uniquement des certificats authentiques provenant de laboratoires \u00e9trangers et contr\u00f4le \u00e9galement la qualit\u00e9 de chacun de nos produits avant de les mettre en vente \u00e0 Singapour)<\/p>\n<p>\u00a0<\/p>\n<p>Chaque produit sur TikTok aura le type de certificat fourni indiqu\u00e9 dans la description. Pour tout client souhaitant envoyer sa commande \u00e0 NGI Singapore, il y aura un d\u00e9lai d&#039;attente pour la livraison de la commande estim\u00e9 \u00e0 environ 4 semaines pour recevoir votre commande. <strong>Les demandes de rapport sur les pierres pr\u00e9cieuses NGI doivent \u00eatre effectu\u00e9es en envoyant un message \u00e0 la boutique TikTok de Yi Pin Qian.<\/strong> Merci, <strong><u>des frais suppl\u00e9mentaires s&#039;appliquent<\/u><\/strong>.<\/p>\n<p>\u00a0<\/p>\n<p><strong>La jad\u00e9ite naturelle n&#039;est pas parfaite, juste un petit rappel : notre jad\u00e9ite naturelle, comme toutes les belles choses de la nature, poss\u00e8de ses caract\u00e9ristiques et ses variations uniques. Nous invitons nos pr\u00e9cieux clients \u00e0 adopter ces variations naturelles. Bon shopping !<\/strong><\/p>\n<p>\u00a0<\/p>\n<p><strong><u>Aucune des photos et des s\u00e9quences vid\u00e9o n&#039;a \u00e9t\u00e9 filtr\u00e9e. Nous encourageons nos clients \u00e0 regarder \u00e9galement les vid\u00e9os d&#039;accompagnement pour une vue plus compl\u00e8te de nos produits<\/u><\/strong><\/p>","protected":false},"excerpt":{"rendered":"<p>This High Premium Icy Variety Quality Natural Type A Jadeite Jade Pendant Necklace is a stunning piece of jewelry that you won&#8217;t want to miss. The pendant is crafted in the shape of a deer, which symbolizes &#8220;all the way with you,&#8221; making it a perfect gift for someone special or even for yourself. with [&hellip;]<\/p>","protected":false},"featured_media":4144,"comment_status":"open","ping_status":"closed","template":"","meta":[],"product_brand":[],"product_cat":[196],"product_tag":[50,52,69,53,54,55,56,73,59,60,61,62],"class_list":{"0":"post-1401","1":"product","2":"type-product","3":"status-publish","4":"has-post-thumbnail","6":"product_cat-vault-collection","7":"product_tag-18k-gold","8":"product_tag-certified","9":"product_tag-clasp","10":"product_tag-fine-quality","11":"product_tag-icy","12":"product_tag-jadeite","13":"product_tag-limited-editions","14":"product_tag-pendant","15":"product_tag-translucent","16":"product_tag-type-a-jadeite","17":"product_tag-unisex","18":"product_tag-yi-pin-qian-exclusive","20":"first","21":"instock","22":"sale","23":"shipping-taxable","24":"purchasable","25":"product-type-simple"},"_links":{"self":[{"href":"https:\/\/shop.yipinqian.com\/fr\/wp-json\/wp\/v2\/product\/1401","targetHints":{"allow":["GET"]}}],"collection":[{"href":"https:\/\/shop.yipinqian.com\/fr\/wp-json\/wp\/v2\/product"}],"about":[{"href":"https:\/\/shop.yipinqian.com\/fr\/wp-json\/wp\/v2\/types\/product"}],"replies":[{"embeddable":true,"href":"https:\/\/shop.yipinqian.com\/fr\/wp-json\/wp\/v2\/comments?post=1401"}],"version-history":[{"count":0,"href":"https:\/\/shop.yipinqian.com\/fr\/wp-json\/wp\/v2\/product\/1401\/revisions"}],"wp:featuredmedia":[{"embeddable":true,"href":"https:\/\/shop.yipinqian.com\/fr\/wp-json\/wp\/v2\/media\/4144"}],"wp:attachment":[{"href":"https:\/\/shop.yipinqian.com\/fr\/wp-json\/wp\/v2\/media?parent=1401"}],"wp:term":[{"taxonomy":"product_brand","embeddable":true,"href":"https:\/\/shop.yipinqian.com\/fr\/wp-json\/wp\/v2\/product_brand?post=1401"},{"taxonomy":"product_cat","embeddable":true,"href":"https:\/\/shop.yipinqian.com\/fr\/wp-json\/wp\/v2\/product_cat?post=1401"},{"taxonomy":"product_tag","embeddable":true,"href":"https:\/\/shop.yipinqian.com\/fr\/wp-json\/wp\/v2\/product_tag?post=1401"}],"curies":[{"name":"wp","href":"https:\/\/api.w.org\/{rel}","templated":true}]}}