{"id":1396,"date":"2024-10-24T23:18:54","date_gmt":"2024-10-24T15:18:54","guid":{"rendered":"https:\/\/shop.yipinqian.com\/product\/green-with-yellow-patches-natural-type-a-jadeite-jade-crafted-as-bamboo-with-pixiu-as-pendant-certificate-weigh-35-85-grams-measurement-52-3-31-12-2-mm-pendant223\/"},"modified":"2025-02-24T00:49:55","modified_gmt":"2025-02-23T16:49:55","slug":"green-with-yellow-patches-natural-type-a-jadeite-jade-crafted-as-bamboo-with-pixiu-as-pendant-certificate-weigh-35-85-grams-measurement-52-3-31-12-2-mm-pendant223","status":"publish","type":"product","link":"https:\/\/shop.yipinqian.com\/fr\/produit\/green-with-yellow-patches-natural-type-a-jadeite-jade-crafted-as-bamboo-with-pixiu-as-pendant-certificate-weigh-35-85-grams-measurement-52-3-31-12-2-mm-pendant223\/","title":{"rendered":"Jade jad\u00e9ite naturel de type A vert avec des taches jaunes fabriqu\u00e9 en bambou avec Pixiu comme pendentif, certificat pesant 35,85 grammes, mesure 52,3 * 31 * 12,2 mm (pendentif223)"},"content":{"rendered":"<p>Rehaussez votre collection de bijoux avec ce superbe pendentif en jade jad\u00e9ite naturelle de type A vert et jaune, fabriqu\u00e9 de mani\u00e8re experte en forme de bambou avec Pixiu. Pesant 35,85 grammes et mesurant 52,3 * 31 * 12,2 mm, ce pendentif (pendentif223) est parfait pour un usage quotidien ou pour des occasions sp\u00e9ciales.<\/p>\n<p><\/p>\n<p>Num\u00e9ros de certificat : ZS23020101101<\/p>\n<ul>\n<li>\n<strong>Authenticit\u00e9 garantie :<\/strong> Ce pendentif en jade est accompagn\u00e9 d&#039;un certificat d&#039;authenticit\u00e9 pour garantir sa qualit\u00e9.<\/li>\n<li>\n<strong>Fabriqu\u00e9 au Myanmar :<\/strong> Cet accessoire de bijouterie exquis a \u00e9t\u00e9 fabriqu\u00e9 dans le magnifique pays du Myanmar.<\/li>\n<\/ul>\n<p>Le jade jad\u00e9ite naturel de type A utilis\u00e9 pour fabriquer cette pi\u00e8ce est connu pour sa superbe couleur verte et sa durabilit\u00e9, ce qui en fait un choix id\u00e9al pour une tenue d\u00e9contract\u00e9e ou pour habiller une tenue pour une soir\u00e9e en ville.<\/p>\n<ul>\n<li>\n<strong>Aucune garantie :<\/strong> Veuillez noter qu&#039;aucune garantie n&#039;est offerte sur ce produit.<\/li>\n<\/ul>\n<p>Ajoutez une touche d&#039;\u00e9l\u00e9gance \u00e0 votre garde-robe avec ce collier de style d\u00e9contract\u00e9 qui ne manquera pas de faire tourner les t\u00eates partout o\u00f9 vous irez !<\/p>\n<p><\/p>\n<p><strong>La jad\u00e9ite naturelle n&#039;est pas parfaite, juste un petit rappel : notre jad\u00e9ite naturelle, comme toutes les belles choses de la nature, poss\u00e8de ses caract\u00e9ristiques et ses variations uniques. Nous invitons nos pr\u00e9cieux clients \u00e0 adopter ces variations naturelles. Bon shopping !<\/strong><\/p>\n<p><\/p>\n<p><strong><u>Aucune des photos et des s\u00e9quences vid\u00e9o n&#039;a \u00e9t\u00e9 filtr\u00e9e. Nous encourageons nos clients \u00e0 regarder \u00e9galement les vid\u00e9os d&#039;accompagnement pour une vue plus compl\u00e8te de nos produits<\/u><\/strong><\/p>","protected":false},"excerpt":{"rendered":"<p>Rehaussez votre collection de bijoux avec ce superbe pendentif en jade jad\u00e9ite naturelle de type A vert et jaune, fabriqu\u00e9 de mani\u00e8re experte en forme de bambou avec Pixiu. Pesant 35,85 grammes et mesurant 52,3 * 31 * 12,2 mm, ce pendentif (pendentif223) est parfait pour un usage quotidien ou pour des occasions sp\u00e9ciales. Num\u00e9ros de certificat : ZS23020101101 Authenticit\u00e9 garantie : Ce pendentif en jade [\u2026]<\/p>","protected":false},"featured_media":4105,"comment_status":"open","ping_status":"closed","template":"","meta":[],"product_brand":[],"product_cat":[194],"product_tag":[],"class_list":{"0":"post-1396","1":"product","2":"type-product","3":"status-publish","4":"has-post-thumbnail","6":"product_cat-value-picks","8":"first","9":"instock","10":"sale","11":"shipping-taxable","12":"purchasable","13":"product-type-simple"},"_links":{"self":[{"href":"https:\/\/shop.yipinqian.com\/fr\/wp-json\/wp\/v2\/product\/1396","targetHints":{"allow":["GET"]}}],"collection":[{"href":"https:\/\/shop.yipinqian.com\/fr\/wp-json\/wp\/v2\/product"}],"about":[{"href":"https:\/\/shop.yipinqian.com\/fr\/wp-json\/wp\/v2\/types\/product"}],"replies":[{"embeddable":true,"href":"https:\/\/shop.yipinqian.com\/fr\/wp-json\/wp\/v2\/comments?post=1396"}],"version-history":[{"count":0,"href":"https:\/\/shop.yipinqian.com\/fr\/wp-json\/wp\/v2\/product\/1396\/revisions"}],"wp:featuredmedia":[{"embeddable":true,"href":"https:\/\/shop.yipinqian.com\/fr\/wp-json\/wp\/v2\/media\/4105"}],"wp:attachment":[{"href":"https:\/\/shop.yipinqian.com\/fr\/wp-json\/wp\/v2\/media?parent=1396"}],"wp:term":[{"taxonomy":"product_brand","embeddable":true,"href":"https:\/\/shop.yipinqian.com\/fr\/wp-json\/wp\/v2\/product_brand?post=1396"},{"taxonomy":"product_cat","embeddable":true,"href":"https:\/\/shop.yipinqian.com\/fr\/wp-json\/wp\/v2\/product_cat?post=1396"},{"taxonomy":"product_tag","embeddable":true,"href":"https:\/\/shop.yipinqian.com\/fr\/wp-json\/wp\/v2\/product_tag?post=1396"}],"curies":[{"name":"wp","href":"https:\/\/api.w.org\/{rel}","templated":true}]}}