{"id":1395,"date":"2024-10-24T23:18:54","date_gmt":"2024-10-24T15:18:54","guid":{"rendered":"https:\/\/shop.yipinqian.com\/product\/green-with-red-patches-natural-type-a-jadeite-pendant-necklae-crafted-with-old-school-phoenix-and-ruyi-with-certificate-weigh-50-24-grams-67-7-35-11-8-mm-symbols-of-good-luck-and-a-good-life-noble-aut\/"},"modified":"2025-02-24T00:49:55","modified_gmt":"2025-02-23T16:49:55","slug":"green-with-red-patches-natural-type-a-jadeite-pendant-necklae-crafted-with-old-school-phoenix-and-ruyi-with-certificate-weigh-50-24-grams-67-7-35-11-8-mm-symbols-of-good-luck-and-a-good-life-noble-aut","status":"publish","type":"product","link":"https:\/\/shop.yipinqian.com\/fr\/produit\/green-with-red-patches-natural-type-a-jadeite-pendant-necklae-crafted-with-old-school-phoenix-and-ruyi-with-certificate-weigh-50-24-grams-67-7-35-11-8-mm-symbols-of-good-luck-and-a-good-life-noble-aut\/","title":{"rendered":"Green with Red Patches Natural Type A Jadeite Pendant Necklae Crafted with Old School Phoenix and ruyi with certificate weigh 50.24 grams, 67.7 * 35 * 11.8 mm, symbols of Good luck and a good life noble authority (pendant23)"},"content":{"rendered":"<p>This Green with Red Patches Natural Type A Jadeite Pendant Necklace weighs 50.24 grams and measures 67.7 * 35 * 11.8 mm. It is adorned with Old School Phoenix and ruyi, which are symbols of good luck, a good life, and noble authority.<\/p>\n<ul>\n<li>\n<strong>Authentic Certificate:<\/strong> Ce pendentif est accompagn\u00e9 d&#039;un certificat d&#039;authenticit\u00e9.<\/li>\n<\/ul>\n<p><strong>Certificate numbers: 911189012131<\/strong><\/p>\n<p><img fetchpriority=\"high\" decoding=\"async\" height=\"1080\" src=\"https:\/\/shop.yipinqian.com\/wp-content\/uploads\/2024\/10\/15166b5a0b26e98f502c610180dd8076.jpg?from=476444299\" width=\"1080\"><\/p>\n<ul>\n<li>\n<strong>Conception unisexe :<\/strong> Convient aussi bien aux hommes qu&#039;aux femmes.<\/li>\n<li>\n<strong>Style d\u00e9contract\u00e9 :<\/strong> Perfect for daily wear or as an accessory to complement your outfit.<\/li>\n<\/ul>\n<p>This necklace is made from high-quality Jadeite, also known as Type A Jade &#8211; making it a valuable addition to your jewelry collection that can be worn every day without losing its luster or beauty.<\/p>\n<p>Add an elegant touch to your look while attracting positive energy into your life by wearing this Green with Red Patches Natural Type A Jadeite Pendant Necklace &#8211; truly a symbol of good fortune!<\/p>\n<p>\u00a0<\/p>\n<p>Yi Pin Qian \u2013 N\u00e9gociant en pierres pr\u00e9cieuses et m\u00e9taux pr\u00e9cieux \u00e0 Singapour \u2013 Num\u00e9ro de licence PS20190000031<\/p>\n<p>\u00a0<\/p>\n<p>*Toutes les jad\u00e9ites achet\u00e9es chez Yi Pin Qian \u00e0 Singapour, les clients peuvent r\u00e9server des cr\u00e9neaux pour le polissage ou une r\u00e9paration mineure en cas de mauvaise manipulation - des frais s&#039;appliquent et uniquement pour les clients de Yi Pin Qian \u00e0 Singapour*<\/p>\n<p>\u00a0<\/p>\n<p><strong>**Types de certificats**<\/strong><\/p>\n<p>\u00a0<\/p>\n<p><strong>NGI (Nan Yang Gemmologie)<\/strong><\/p>\n<p>ou <strong>Certificats \u00e9trangers <\/strong>(Yi Pin Qian utilise uniquement des certificats authentiques provenant de laboratoires \u00e9trangers et contr\u00f4le \u00e9galement la qualit\u00e9 de chacun de nos produits avant de les mettre en vente \u00e0 Singapour)<\/p>\n<p>\u00a0<\/p>\n<p>Chaque produit sur TikTok aura le type de certificat fourni indiqu\u00e9 dans la description. Pour tout client souhaitant envoyer sa commande \u00e0 NGI Singapore, il y aura un d\u00e9lai d&#039;attente pour la livraison de la commande estim\u00e9 \u00e0 environ 4 semaines pour recevoir votre commande. <strong>Les demandes de rapport sur les pierres pr\u00e9cieuses NGI doivent \u00eatre effectu\u00e9es en envoyant un message \u00e0 la boutique TikTok de Yi Pin Qian.<\/strong> Merci, <strong><u>des frais suppl\u00e9mentaires s&#039;appliquent<\/u><\/strong>.<\/p>\n<p>\u00a0<\/p>\n<p><strong>La jad\u00e9ite naturelle n&#039;est pas parfaite, juste un petit rappel : notre jad\u00e9ite naturelle, comme toutes les belles choses de la nature, poss\u00e8de ses caract\u00e9ristiques et ses variations uniques. Nous invitons nos pr\u00e9cieux clients \u00e0 adopter ces variations naturelles. Bon shopping !<\/strong><\/p>\n<p>\u00a0<\/p>\n<p><strong><u>Aucune des photos et des s\u00e9quences vid\u00e9o n&#039;a \u00e9t\u00e9 filtr\u00e9e. Nous encourageons nos clients \u00e0 regarder \u00e9galement les vid\u00e9os d&#039;accompagnement pour une vue plus compl\u00e8te de nos produits<\/u><\/strong><\/p>","protected":false},"excerpt":{"rendered":"<p>This Green with Red Patches Natural Type A Jadeite Pendant Necklace weighs 50.24 grams and measures 67.7 * 35 * 11.8 mm. It is adorned with Old School Phoenix and ruyi, which are symbols of good luck, a good life, and noble authority. Authentic Certificate: This pendant comes with a certificate of authenticity. Certificate numbers: [&hellip;]<\/p>","protected":false},"featured_media":4097,"comment_status":"open","ping_status":"closed","template":"","meta":[],"product_brand":[],"product_cat":[194],"product_tag":[],"class_list":{"0":"post-1395","1":"product","2":"type-product","3":"status-publish","4":"has-post-thumbnail","6":"product_cat-value-picks","8":"first","9":"instock","10":"sale","11":"shipping-taxable","12":"purchasable","13":"product-type-simple"},"_links":{"self":[{"href":"https:\/\/shop.yipinqian.com\/fr\/wp-json\/wp\/v2\/product\/1395","targetHints":{"allow":["GET"]}}],"collection":[{"href":"https:\/\/shop.yipinqian.com\/fr\/wp-json\/wp\/v2\/product"}],"about":[{"href":"https:\/\/shop.yipinqian.com\/fr\/wp-json\/wp\/v2\/types\/product"}],"replies":[{"embeddable":true,"href":"https:\/\/shop.yipinqian.com\/fr\/wp-json\/wp\/v2\/comments?post=1395"}],"version-history":[{"count":0,"href":"https:\/\/shop.yipinqian.com\/fr\/wp-json\/wp\/v2\/product\/1395\/revisions"}],"wp:featuredmedia":[{"embeddable":true,"href":"https:\/\/shop.yipinqian.com\/fr\/wp-json\/wp\/v2\/media\/4097"}],"wp:attachment":[{"href":"https:\/\/shop.yipinqian.com\/fr\/wp-json\/wp\/v2\/media?parent=1395"}],"wp:term":[{"taxonomy":"product_brand","embeddable":true,"href":"https:\/\/shop.yipinqian.com\/fr\/wp-json\/wp\/v2\/product_brand?post=1395"},{"taxonomy":"product_cat","embeddable":true,"href":"https:\/\/shop.yipinqian.com\/fr\/wp-json\/wp\/v2\/product_cat?post=1395"},{"taxonomy":"product_tag","embeddable":true,"href":"https:\/\/shop.yipinqian.com\/fr\/wp-json\/wp\/v2\/product_tag?post=1395"}],"curies":[{"name":"wp","href":"https:\/\/api.w.org\/{rel}","templated":true}]}}