{"id":1392,"date":"2024-10-24T23:18:53","date_gmt":"2024-10-24T15:18:53","guid":{"rendered":"https:\/\/shop.yipinqian.com\/product\/green-with-green-patches-natural-type-a-jadeite-pendant-carved-with-butterfly-and-flowers-represents-sweet-love-with-happy-marriage-wealthy-with-flowers-blooming-and-mutual-love-certificate-weigh-26-0\/"},"modified":"2025-02-24T01:17:31","modified_gmt":"2025-02-23T17:17:31","slug":"green-with-green-patches-natural-type-a-jadeite-pendant-carved-with-butterfly-and-flowers-represents-sweet-love-with-happy-marriage-wealthy-with-flowers-blooming-and-mutual-love-certificate-weigh-26-0","status":"publish","type":"product","link":"https:\/\/shop.yipinqian.com\/fr\/produit\/green-with-green-patches-natural-type-a-jadeite-pendant-carved-with-butterfly-and-flowers-represents-sweet-love-with-happy-marriage-wealthy-with-flowers-blooming-and-mutual-love-certificate-weigh-26-0\/","title":{"rendered":"Green with green patches Natural Type A Jadeite Pendant carved with Butterfly and flowers represents Sweet Love with happy marriage, wealthy with flowers blooming and mutual love, certificate weigh 26.02 g, 49.3 * 40.6 * 6.8 mm (pendant84)"},"content":{"rendered":"<p>This Green with green patches Natural Type A Jadeite Pendant is not only a beautiful piece of jewelry but also carries deep symbolism. Carved with a butterfly and flowers, it represents Sweet Love with happy marriage, wealthy with flowers blooming and mutual love. It&#8217;s perfect for daily wear or as part of a collection.<\/p>\n<ul>\n<li>\n<strong>Symbolisme:<\/strong> The butterfly and flower carving represents sweet love, happy marriage, wealth, blooming flowers and mutual love.<\/li>\n<li>\n<strong>Certificat:<\/strong> This pendant comes with a certificate to ensure the authenticity of the Natural Type A Jadeite used in its making.<\/li>\n<\/ul>\n<p><strong>Certificate numbers: 910569039397<\/strong><\/p>\n<p><img fetchpriority=\"high\" decoding=\"async\" height=\"1080\" src=\"https:\/\/shop.yipinqian.com\/wp-content\/uploads\/2024\/10\/967a88256e566ef6fa8e60cacd306e4b.jpg?from=476444299\" width=\"1080\"><\/p>\n<ul>\n<li>\n<strong>Pays d&#039;origine :<\/strong> This pendant comes from Myanmar which is known for producing high-quality natural jadeite.<\/li>\n<\/ul>\n<p>The pendant measures 49.3 * 40.6 * 6.8 mm in size and weighs 26.02 g which makes it lightweight yet substantial enough to make an impression on any occasion.<\/p>\n<ul>\n<li>\n<strong>Type de jade :<\/strong>This product features high-quality natural type A jadeite known for its vivid green coloration<\/li>\n<li>\n<strong>Style de bijoux : <\/strong>The necklace style is casual making it perfect for daily wear or special occasions<\/li>\n<li>.<\/li>\n<\/ul>\n<p>This piece would make an excellent addition to any jewelry collection or as a thoughtful gift for someone special who appreciates symbolism and the beauty of natural stones!<\/p>\n<p>\u00a0<\/p>\n<p>Yi Pin Qian \u2013 N\u00e9gociant en pierres pr\u00e9cieuses et m\u00e9taux pr\u00e9cieux \u00e0 Singapour \u2013 Num\u00e9ro de licence PS20190000031<\/p>\n<p>\u00a0<\/p>\n<p>*Toutes les jad\u00e9ites achet\u00e9es chez Yi Pin Qian \u00e0 Singapour, les clients peuvent r\u00e9server des cr\u00e9neaux pour le polissage ou une r\u00e9paration mineure en cas de mauvaise manipulation - des frais s&#039;appliquent et uniquement pour les clients de Yi Pin Qian \u00e0 Singapour*<\/p>\n<p>\u00a0<\/p>\n<p><strong>**Types de certificats**<\/strong><\/p>\n<p>\u00a0<\/p>\n<p><strong>NGI (Nan Yang Gemmologie)<\/strong><\/p>\n<p>ou <strong>Certificats \u00e9trangers <\/strong>(Yi Pin Qian utilise uniquement des certificats authentiques provenant de laboratoires \u00e9trangers et contr\u00f4le \u00e9galement la qualit\u00e9 de chacun de nos produits avant de les mettre en vente \u00e0 Singapour)<\/p>\n<p>\u00a0<\/p>\n<p>Chaque produit sur TikTok aura le type de certificat fourni indiqu\u00e9 dans la description. Pour tout client souhaitant envoyer sa commande \u00e0 NGI Singapore, il y aura un d\u00e9lai d&#039;attente pour la livraison de la commande estim\u00e9 \u00e0 environ 4 semaines pour recevoir votre commande. <strong>Les demandes de rapport sur les pierres pr\u00e9cieuses NGI doivent \u00eatre effectu\u00e9es en envoyant un message \u00e0 la boutique TikTok de Yi Pin Qian.<\/strong> Merci, <strong><u>des frais suppl\u00e9mentaires s&#039;appliquent<\/u><\/strong>.<\/p>\n<p>\u00a0<\/p>\n<p><strong>La jad\u00e9ite naturelle n&#039;est pas parfaite, juste un petit rappel : notre jad\u00e9ite naturelle, comme toutes les belles choses de la nature, poss\u00e8de ses caract\u00e9ristiques et ses variations uniques. Nous invitons nos pr\u00e9cieux clients \u00e0 adopter ces variations naturelles. Bon shopping !<\/strong><\/p>\n<p>\u00a0<\/p>\n<p><strong><u>Aucune des photos et des s\u00e9quences vid\u00e9o n&#039;a \u00e9t\u00e9 filtr\u00e9e. Nous encourageons nos clients \u00e0 regarder \u00e9galement les vid\u00e9os d&#039;accompagnement pour une vue plus compl\u00e8te de nos produits<\/u><\/strong><\/p>","protected":false},"excerpt":{"rendered":"<p>This Green with green patches Natural Type A Jadeite Pendant is not only a beautiful piece of jewelry but also carries deep symbolism. Carved with a butterfly and flowers, it represents Sweet Love with happy marriage, wealthy with flowers blooming and mutual love. It&#8217;s perfect for daily wear or as part of a collection. Symbolism: [&hellip;]<\/p>","protected":false},"featured_media":4077,"comment_status":"open","ping_status":"closed","template":"","meta":[],"product_brand":[],"product_cat":[195],"product_tag":[],"class_list":{"0":"post-1392","1":"product","2":"type-product","3":"status-publish","4":"has-post-thumbnail","6":"product_cat-heirloom-grade","8":"first","9":"instock","10":"sale","11":"shipping-taxable","12":"purchasable","13":"product-type-simple"},"_links":{"self":[{"href":"https:\/\/shop.yipinqian.com\/fr\/wp-json\/wp\/v2\/product\/1392","targetHints":{"allow":["GET"]}}],"collection":[{"href":"https:\/\/shop.yipinqian.com\/fr\/wp-json\/wp\/v2\/product"}],"about":[{"href":"https:\/\/shop.yipinqian.com\/fr\/wp-json\/wp\/v2\/types\/product"}],"replies":[{"embeddable":true,"href":"https:\/\/shop.yipinqian.com\/fr\/wp-json\/wp\/v2\/comments?post=1392"}],"version-history":[{"count":0,"href":"https:\/\/shop.yipinqian.com\/fr\/wp-json\/wp\/v2\/product\/1392\/revisions"}],"wp:featuredmedia":[{"embeddable":true,"href":"https:\/\/shop.yipinqian.com\/fr\/wp-json\/wp\/v2\/media\/4077"}],"wp:attachment":[{"href":"https:\/\/shop.yipinqian.com\/fr\/wp-json\/wp\/v2\/media?parent=1392"}],"wp:term":[{"taxonomy":"product_brand","embeddable":true,"href":"https:\/\/shop.yipinqian.com\/fr\/wp-json\/wp\/v2\/product_brand?post=1392"},{"taxonomy":"product_cat","embeddable":true,"href":"https:\/\/shop.yipinqian.com\/fr\/wp-json\/wp\/v2\/product_cat?post=1392"},{"taxonomy":"product_tag","embeddable":true,"href":"https:\/\/shop.yipinqian.com\/fr\/wp-json\/wp\/v2\/product_tag?post=1392"}],"curies":[{"name":"wp","href":"https:\/\/api.w.org\/{rel}","templated":true}]}}