{"id":13894,"date":"2024-11-26T21:07:20","date_gmt":"2024-11-26T13:07:20","guid":{"rendered":"https:\/\/shop.yipinqian.com\/new-arrival-normal-black-natural-type-a-jadeite-jade-as-pendant-certificate-weighs-28-6-grams-measurement-65-43-8-mm-pendant356\/"},"modified":"2025-01-09T00:44:11","modified_gmt":"2025-01-08T16:44:11","slug":"new-arrival-normal-black-natural-type-a-jadeite-jade-as-pendant-certificate-weighs-28-6-grams-measurement-65-43-8-mm-pendant356","status":"publish","type":"product","link":"https:\/\/shop.yipinqian.com\/fr\/produit\/new-arrival-normal-black-natural-type-a-jadeite-jade-as-pendant-certificate-weighs-28-6-grams-measurement-65-43-8-mm-pendant356\/","title":{"rendered":"Le certificat du pendentif en jade jad\u00e9ite naturelle de type A Black Dragon p\u00e8se 28,6 grammes et mesure 65 * 43 * 8 mm (pendentif356)"},"content":{"rendered":"<p>Pr\u00e9sentation du superbe pendentif en jade jad\u00e9ite naturelle de type A noir normal, un bijou intemporel.<\/p>\n<p><\/p>\n<p>Num\u00e9ro de certificat : ZGEWF004311 <\/p>\n<p><\/p>\n<p>Remarque\u00a0: il s&#039;agit d&#039;une jad\u00e9ite noire Mocui de qualit\u00e9 normale. Veuillez ne pas avoir de grandes attentes quant \u00e0 l&#039;utilisation de la lumi\u00e8re et vous attendre \u00e0 ce qu&#039;elle brille \u00e0 travers le vert ~ ce sont des prix diff\u00e9rents \ud83d\ude42<\/p>\n<p><img fetchpriority=\"high\" decoding=\"async\" src=\"https:\/\/shop.yipinqian.com\/wp-content\/uploads\/2024\/11\/0411a6face6a460f8f12a1bdcef45765tplv-aphluv4xwc-origin-jpeg.jpeg?dr=15568&#038;nonce=82150&#038;refresh_token=a95c9dc66f4f918f19e9b90e19dd4ff7&#038;from=476444299&#038;idc=my2&#038;ps=933b5bde&#038;shcp=9b759fb9&#038;shp=1c65f68b&#038;t=555f072d\" width=\"1200\" height=\"1600\"><\/p>\n<ul>\n<li>\n<strong>Poids:<\/strong> 28,6 grammes<\/li>\n<li>\n<strong>Mesures:<\/strong> 65 * 43 * 8 mm<\/li>\n<\/ul>\n<p><img decoding=\"async\" src=\"https:\/\/shop.yipinqian.com\/wp-content\/uploads\/2024\/11\/7bb3085bf83c499488a0aa648ee31b01tplv-aphluv4xwc-origin-jpeg.jpeg?dr=15568&#038;nonce=42535&#038;refresh_token=322d39a2d72914bf68128c387d27f2cd&#038;from=476444299&#038;idc=my2&#038;ps=933b5bde&#038;shcp=9b759fb9&#038;shp=1c65f68b&#038;t=555f072d\" width=\"1200\" height=\"1600\"><\/p>\n<p>Ce pendentif exquis, avec le certificat d&#039;authenticit\u00e9 inclus, provient du Myanmar, connu pour son jade de haute qualit\u00e9.<\/p>\n<ul>\n<li>\n<strong>Type de jade :<\/strong> Jad\u00e9ite<\/li>\n<li>\n<strong>Style de bijoux :<\/strong> Collier de style d\u00e9contract\u00e9 adapt\u00e9 \u00e0 un usage quotidien<\/li>\n<li><strong>Occasion : \u00c0 porter au quotidien<\/strong><\/li>\n<\/ul>\n<p><strong>Pi\u00e8ce id\u00e9ale pour les hommes et les femmes, ce pendentif unisexe est un ajout parfait \u00e0 toute collection de bijoux.<\/strong><\/p>\n<p><strong>Le nouveau pendentif en jad\u00e9ite naturelle noire de type A est un accessoire indispensable qui respire l&#039;\u00e9l\u00e9gance et la sophistication \u00e0 chaque tenue. Qu&#039;il s&#039;agisse d&#039;un plaisir personnel ou d&#039;un cadeau attentionn\u00e9, cette pi\u00e8ce de jade exquise ne manquera pas de captiver par sa beaut\u00e9 et son importance.<\/strong><\/p>\n<p><strong>La jad\u00e9ite naturelle n&#039;est pas parfaite, juste un petit rappel : notre jad\u00e9ite naturelle, comme toutes les belles choses de la nature, poss\u00e8de ses caract\u00e9ristiques et ses variations uniques. Nous invitons nos pr\u00e9cieux clients \u00e0 adopter ces variations naturelles. Bon shopping !<\/strong><\/p>\n<p><\/p>\n<p><strong><u>Aucune des photos et des s\u00e9quences vid\u00e9o n&#039;a \u00e9t\u00e9 filtr\u00e9e. Nous encourageons nos clients \u00e0 regarder \u00e9galement les vid\u00e9os d&#039;accompagnement pour une vue plus compl\u00e8te de nos produits<\/u><\/strong><\/p>\n<p><\/p>\n<ul>\n<li>Diff\u00e9rentes plates-formes ne peuvent visionner des vid\u00e9os que via le bureau<\/li>\n<\/ul>","protected":false},"excerpt":{"rendered":"<p>Introducing the stunning New Arrival Normal Black Natural Type A Jadeite Jade pendant, a timeless piece of jewelry. Certificate numbers: ZGEWF004311 Note: This is a normal quality Mocui Black Jadeite Customer please do not have high expectation to use light and expect it to shine through with Green ~ those are different pricing \ud83d\ude42 Weight: [&hellip;]<\/p>","protected":false},"featured_media":14086,"comment_status":"open","ping_status":"closed","template":"","meta":[],"product_brand":[],"product_cat":[83,126,48],"product_tag":[52,78,55,58,73,60],"class_list":{"0":"post-13894","1":"product","2":"type-product","3":"status-publish","4":"has-post-thumbnail","6":"product_cat-jade-necklaces-pendants","7":"product_cat-new-arrivals","8":"product_cat-pendants","9":"product_tag-certified","10":"product_tag-dragon","11":"product_tag-jadeite","12":"product_tag-new-arrivals","13":"product_tag-pendant","14":"product_tag-type-a-jadeite","16":"first","17":"instock","18":"sale","19":"shipping-taxable","20":"purchasable","21":"product-type-simple"},"_links":{"self":[{"href":"https:\/\/shop.yipinqian.com\/fr\/wp-json\/wp\/v2\/product\/13894","targetHints":{"allow":["GET"]}}],"collection":[{"href":"https:\/\/shop.yipinqian.com\/fr\/wp-json\/wp\/v2\/product"}],"about":[{"href":"https:\/\/shop.yipinqian.com\/fr\/wp-json\/wp\/v2\/types\/product"}],"replies":[{"embeddable":true,"href":"https:\/\/shop.yipinqian.com\/fr\/wp-json\/wp\/v2\/comments?post=13894"}],"version-history":[{"count":0,"href":"https:\/\/shop.yipinqian.com\/fr\/wp-json\/wp\/v2\/product\/13894\/revisions"}],"wp:featuredmedia":[{"embeddable":true,"href":"https:\/\/shop.yipinqian.com\/fr\/wp-json\/wp\/v2\/media\/14086"}],"wp:attachment":[{"href":"https:\/\/shop.yipinqian.com\/fr\/wp-json\/wp\/v2\/media?parent=13894"}],"wp:term":[{"taxonomy":"product_brand","embeddable":true,"href":"https:\/\/shop.yipinqian.com\/fr\/wp-json\/wp\/v2\/product_brand?post=13894"},{"taxonomy":"product_cat","embeddable":true,"href":"https:\/\/shop.yipinqian.com\/fr\/wp-json\/wp\/v2\/product_cat?post=13894"},{"taxonomy":"product_tag","embeddable":true,"href":"https:\/\/shop.yipinqian.com\/fr\/wp-json\/wp\/v2\/product_tag?post=13894"}],"curies":[{"name":"wp","href":"https:\/\/api.w.org\/{rel}","templated":true}]}}