{"id":13892,"date":"2024-11-26T21:07:18","date_gmt":"2024-11-26T13:07:18","guid":{"rendered":"https:\/\/shop.yipinqian.com\/new-arrival-crafted-as-pixiu-on-natural-type-a-jadeite-jade-as-s925-ring-certificate-weighs-3-55-grams-measurement-15-9-11-6-6-7-mm-s925ring25\/"},"modified":"2025-01-26T00:00:49","modified_gmt":"2025-01-25T16:00:49","slug":"new-arrival-crafted-as-pixiu-on-natural-type-a-jadeite-jade-as-s925-ring-certificate-weighs-3-55-grams-measurement-15-9-11-6-6-7-mm-s925ring25","status":"publish","type":"product","link":"https:\/\/shop.yipinqian.com\/fr\/produit\/new-arrival-crafted-as-pixiu-on-natural-type-a-jadeite-jade-as-s925-ring-certificate-weighs-3-55-grams-measurement-15-9-11-6-6-7-mm-s925ring25\/","title":{"rendered":"Nouvel arrivage Fabriqu\u00e9 en Pixiu sur du jade jad\u00e9ite naturel de type A en tant que certificat de bague S925 p\u00e8se 3,55 grammes, mesure 15,9 * 11,6 * 6,7 mm (s925ring25)"},"content":{"rendered":"<p>D\u00e9couvrez notre nouvelle arriv\u00e9e r\u00e9alis\u00e9e en Pixiu sur du jade jad\u00e9ite naturel de type A, pr\u00e9sent\u00e9e sous la forme d&#039;une \u00e9l\u00e9gante bague S925. Cette pi\u00e8ce exquise est accompagn\u00e9e d&#039;un certificat, garantissant son authenticit\u00e9 et sa qualit\u00e9.<\/p>\n<p><\/p>\n<p>Num\u00e9ros de certificat : GD2111H017523 <u>Taille libre r\u00e9glable<\/u><\/p>\n<p><img fetchpriority=\"high\" decoding=\"async\" src=\"https:\/\/shop.yipinqian.com\/wp-content\/uploads\/2024\/11\/31ab397e00af467bbbaadc822a72d562tplv-aphluv4xwc-origin-jpeg.jpeg?dr=15568&#038;nonce=39625&#038;refresh_token=9eedc2310cd3dc984297c3e9dcb8bec2&#038;from=476444299&#038;idc=my2&#038;ps=933b5bde&#038;shcp=9b759fb9&#038;shp=1c65f68b&#038;t=555f072d\" width=\"1080\" height=\"1080\"><\/p>\n<ul>\n<li>\n<strong>Poids et mesures :<\/strong> Pesant 3,55 grammes, cette superbe bague mesure 15,9 * 11,6 * 6,7 mm.<\/li>\n<li>\n<strong>Type de jade :<\/strong> Fabriqu\u00e9 \u00e0 partir de v\u00e9ritable jad\u00e9ite, connue pour sa beaut\u00e9 et sa durabilit\u00e9.<\/li>\n<li>\n<strong>Mat\u00e9riau de r\u00e9glage :<\/strong> La bague est fabriqu\u00e9e avec un mat\u00e9riau S925 pour un design \u00e9l\u00e9gant et moderne.<\/li>\n<li>\n<strong>Origine:<\/strong> Cette belle pi\u00e8ce est originaire du Myanmar, ajoutant une touche de richesse culturelle \u00e0 votre collection.<\/li>\n<\/ul>\n<p><img decoding=\"async\" src=\"https:\/\/shop.yipinqian.com\/wp-content\/uploads\/2024\/11\/d4214f52b28d45a087ef019f32c0f494tplv-aphluv4xwc-origin-jpeg.jpeg?dr=15568&#038;nonce=52771&#038;refresh_token=041ef7427163b3714e720bfc81d42bd2&#038;from=476444299&#038;idc=my2&#038;ps=933b5bde&#038;shcp=9b759fb9&#038;shp=1c65f68b&#038;t=555f072d\" width=\"1080\" height=\"1080\"><\/p>\n<p>Id\u00e9ale pour les hommes et les femmes, cette bague en jade Pixiu est parfaite pour les occasions propices ou comme accessoire quotidien unique pour compl\u00e9ter votre style individuel avec une touche d&#039;\u00e9l\u00e9gance.<\/p>\n<ul>\n<li><strong>Aucune garantie : Ce produit n&#039;est pas couvert par la garantie ; cependant, sa fabrication de qualit\u00e9 garantit une beaut\u00e9 durable dans le temps.<\/strong><\/li>\n<\/ul>\n<p><strong>.<\/strong><\/p>\n<p><strong>La jad\u00e9ite naturelle n&#039;est pas parfaite, juste un petit rappel : notre jad\u00e9ite naturelle, comme toutes les belles choses de la nature, poss\u00e8de ses caract\u00e9ristiques et ses variations uniques. Nous invitons nos pr\u00e9cieux clients \u00e0 adopter ces variations naturelles. Bon shopping !<\/strong><\/p>\n<p><\/p>\n<p><strong><u>Aucune des photos et des s\u00e9quences vid\u00e9o n&#039;a \u00e9t\u00e9 filtr\u00e9e. Nous encourageons nos clients \u00e0 regarder \u00e9galement les vid\u00e9os d&#039;accompagnement pour une vue plus compl\u00e8te de nos produits<\/u><\/strong><\/p>\n<p><\/p>\n<ul>\n<li>Diff\u00e9rentes plates-formes ne peuvent visionner des vid\u00e9os que via le bureau<\/li>\n<\/ul>","protected":false},"excerpt":{"rendered":"<p>D\u00e9couvrez notre nouvelle arriv\u00e9e r\u00e9alis\u00e9e en Pixiu sur du jade jad\u00e9ite naturel de type A, pr\u00e9sent\u00e9e sous la forme d&#039;une \u00e9l\u00e9gante bague S925. Cette pi\u00e8ce exquise est accompagn\u00e9e d&#039;un certificat, garantissant son authenticit\u00e9 et sa qualit\u00e9. Num\u00e9ros de certificat : GD2111H017523 Taille unique r\u00e9glable Poids et mesure : Pesant 3,55 grammes, cette superbe bague mesure 15,9 * 11,6 * 6,7 mm. Jade [\u2026]<\/p>","protected":false},"featured_media":14073,"comment_status":"open","ping_status":"closed","template":"","meta":[],"product_brand":[],"product_cat":[80,122,126,125],"product_tag":[64,92,66,55,58,85,60,61,62],"class_list":{"0":"post-13892","1":"product","2":"type-product","3":"status-publish","4":"has-post-thumbnail","6":"product_cat-jade-rings","7":"product_cat-jadeite-rings","8":"product_cat-new-arrivals","9":"product_cat-s925-settings-jadeites","10":"product_tag-cabochon","11":"product_tag-free-size","12":"product_tag-jade-ring","13":"product_tag-jadeite","14":"product_tag-new-arrivals","15":"product_tag-pixiu","16":"product_tag-type-a-jadeite","17":"product_tag-unisex","18":"product_tag-yi-pin-qian-exclusive","20":"first","21":"instock","22":"sale","23":"shipping-taxable","24":"purchasable","25":"product-type-simple"},"_links":{"self":[{"href":"https:\/\/shop.yipinqian.com\/fr\/wp-json\/wp\/v2\/product\/13892","targetHints":{"allow":["GET"]}}],"collection":[{"href":"https:\/\/shop.yipinqian.com\/fr\/wp-json\/wp\/v2\/product"}],"about":[{"href":"https:\/\/shop.yipinqian.com\/fr\/wp-json\/wp\/v2\/types\/product"}],"replies":[{"embeddable":true,"href":"https:\/\/shop.yipinqian.com\/fr\/wp-json\/wp\/v2\/comments?post=13892"}],"version-history":[{"count":0,"href":"https:\/\/shop.yipinqian.com\/fr\/wp-json\/wp\/v2\/product\/13892\/revisions"}],"wp:featuredmedia":[{"embeddable":true,"href":"https:\/\/shop.yipinqian.com\/fr\/wp-json\/wp\/v2\/media\/14073"}],"wp:attachment":[{"href":"https:\/\/shop.yipinqian.com\/fr\/wp-json\/wp\/v2\/media?parent=13892"}],"wp:term":[{"taxonomy":"product_brand","embeddable":true,"href":"https:\/\/shop.yipinqian.com\/fr\/wp-json\/wp\/v2\/product_brand?post=13892"},{"taxonomy":"product_cat","embeddable":true,"href":"https:\/\/shop.yipinqian.com\/fr\/wp-json\/wp\/v2\/product_cat?post=13892"},{"taxonomy":"product_tag","embeddable":true,"href":"https:\/\/shop.yipinqian.com\/fr\/wp-json\/wp\/v2\/product_tag?post=13892"}],"curies":[{"name":"wp","href":"https:\/\/api.w.org\/{rel}","templated":true}]}}