{"id":13887,"date":"2024-11-26T21:07:07","date_gmt":"2024-11-26T13:07:07","guid":{"rendered":"https:\/\/shop.yipinqian.com\/latest-arrival-crafted-as-dragon-pendant-on-natural-type-a-jadeite-jade-certificate-weighs-28-8-grams-measurement-56-1-33-6-7-8-mm-pendant358\/"},"modified":"2025-01-09T00:45:24","modified_gmt":"2025-01-08T16:45:24","slug":"latest-arrival-crafted-as-dragon-pendant-on-natural-type-a-jadeite-jade-certificate-weighs-28-8-grams-measurement-56-1-33-6-7-8-mm-pendant358","status":"publish","type":"product","link":"https:\/\/shop.yipinqian.com\/fr\/produit\/latest-arrival-crafted-as-dragon-pendant-on-natural-type-a-jadeite-jade-certificate-weighs-28-8-grams-measurement-56-1-33-6-7-8-mm-pendant358\/","title":{"rendered":"Dernier arrivage ~ Fabriqu\u00e9 en pendentif dragon sur un certificat de jade jad\u00e9ite naturel de type A p\u00e8se 28,8 grammes, mesure 56,1 * 33,6 * 7,8 mm (pendentif358)"},"content":{"rendered":"<p>Nous vous pr\u00e9sentons notre derni\u00e8re arriv\u00e9e : un superbe pendentif dragon fabriqu\u00e9 en jade jad\u00e9ite naturel de type A, accompagn\u00e9 d&#039;un certificat. Cette pi\u00e8ce exquise p\u00e8se 28,8 grammes et mesure 56,1 * 33,6 * 7,8 mm (pendentif358).<\/p>\n<p><\/p>\n<p>Num\u00e9ros de certificat : GD2202H004477<\/p>\n<p><img fetchpriority=\"high\" decoding=\"async\" src=\"https:\/\/shop.yipinqian.com\/wp-content\/uploads\/2024\/11\/dfd3f9b1dfd54ea6a51a92af0568594ftplv-aphluv4xwc-origin-jpeg.jpeg?dr=15568&#038;nonce=48799&#038;refresh_token=abd50eadb2709452057c1389a9de50c4&#038;from=476444299&#038;idc=my2&#038;ps=933b5bde&#038;shcp=9b759fb9&#038;shp=1c65f68b&#038;t=555f072d\" width=\"1080\" height=\"1080\"><\/p>\n<ul>\n<li>\n<strong>Avec certificat :<\/strong> Oui<\/li>\n<li>\n<strong>R\u00e9gion d&#039;origine :<\/strong> Birmanie<\/li>\n<li>\n<strong>Occasion:<\/strong> Propice<\/li>\n<li><strong>Type de jade : jad\u00e9ite<\/strong><\/li>\n<li><strong>Genger : unisexe Ce pendentif au design complexe pr\u00e9sente un motif de dragon f\u00e9roce, symbolisant la force et la puissance, ce qui le rend parfait pour les hommes et les femmes. Le style de collier d\u00e9contract\u00e9 de cette pi\u00e8ce assure une portabilit\u00e9 polyvalente, ajoutant une touche \u00e9l\u00e9gante \u00e0 n&#039;importe quelle tenue ou occasion.<\/strong><\/li>\n<\/ul>\n<p data-pm-slice=\"1 1 []\">Yi Pin Qian \u2013 N\u00e9gociant en pierres pr\u00e9cieuses et m\u00e9taux pr\u00e9cieux \u00e0 Singapour \u2013 Num\u00e9ro de licence PS20190000031<\/p>\n<p>\u00a0<\/p>\n<p>*Toutes les jad\u00e9ites achet\u00e9es chez Yi Pin Qian \u00e0 Singapour, les clients peuvent r\u00e9server des cr\u00e9neaux pour le polissage ou une r\u00e9paration mineure en cas de mauvaise manipulation - des frais s&#039;appliquent et uniquement pour les clients de Yi Pin Qian \u00e0 Singapour*<\/p>\n<p>\u00a0<\/p>\n<p><strong>**Types de certificats**<\/strong><\/p>\n<p>\u00a0<\/p>\n<p><strong>NGI (Nan Yang Gemmologie)<\/strong><\/p>\n<p>ou <strong>Certificats \u00e9trangers <\/strong>(Yi Pin Qian utilise uniquement des certificats authentiques provenant de laboratoires \u00e9trangers et contr\u00f4le \u00e9galement la qualit\u00e9 de chacun de nos produits avant de les mettre en vente \u00e0 Singapour)<\/p>\n<p>\u00a0<\/p>\n<p>Chaque produit sur TikTok aura le type de certificat fourni indiqu\u00e9 dans la description. Pour tout client souhaitant envoyer sa commande \u00e0 NGI Singapore, il y aura un d\u00e9lai d&#039;attente pour la livraison de la commande estim\u00e9 \u00e0 environ 4 semaines pour recevoir votre commande. <strong>Les demandes de rapport NGI Gemstone doivent \u00eatre effectu\u00e9es en nous envoyant un message.<\/strong> Merci, <strong><u>des frais suppl\u00e9mentaires s&#039;appliquent<\/u><\/strong>.<\/p>\n<p>\u00a0<\/p>\n<p><strong>La jad\u00e9ite naturelle n&#039;est pas parfaite, juste un petit rappel : notre jad\u00e9ite naturelle, comme toutes les belles choses de la nature, poss\u00e8de ses caract\u00e9ristiques et ses variations uniques. Nous invitons nos pr\u00e9cieux clients \u00e0 adopter ces variations naturelles. Bon shopping !<\/strong><\/p>\n<p>\u00a0<\/p>\n<p><strong><u>Aucune des photos et des s\u00e9quences vid\u00e9o n&#039;a \u00e9t\u00e9 filtr\u00e9e. Nous encourageons nos clients \u00e0 regarder \u00e9galement les vid\u00e9os d&#039;accompagnement pour une vue plus compl\u00e8te de nos produits<\/u><\/strong><\/p>\n<p>\u00a0<\/p>\n<ul>\n<li>Diff\u00e9rentes plates-formes ne peuvent visionner des vid\u00e9os que via le bureau<\/li>\n<\/ul>\n<p>\u00a0<\/p>\n<p><img decoding=\"async\" src=\"https:\/\/shop.yipinqian.com\/wp-content\/uploads\/2024\/11\/1f9aa9f9bf164264ac2671d331d24557tplv-aphluv4xwc-origin-jpeg.jpeg?dr=15568&#038;nonce=32423&#038;refresh_token=6bd8799f7a1bb6f6b420f56ad23fad5e&#038;from=476444299&#038;idc=my2&#038;ps=933b5bde&#038;shcp=9b759fb9&#038;shp=1c65f68b&#038;t=555f072d\" width=\"1080\" height=\"1080\"><\/p>","protected":false},"excerpt":{"rendered":"<p>Pr\u00e9sentation de notre derni\u00e8re arriv\u00e9e \u2013 un superbe pendentif dragon fabriqu\u00e9 en jade jad\u00e9ite naturel de type A, accompagn\u00e9 d&#039;un certificat. Cette pi\u00e8ce exquise p\u00e8se 28,8 grammes et mesure 56,1 * 33,6 * 7,8 mm (pendentif358). Num\u00e9ros de certificat : GD2202H004477 Avec certificat : Oui R\u00e9gion d&#039;origine : Myanmar Occasion : Jade de bon augure Type : Jad\u00e9ite Genre : Unisexe Ce pendentif au design complexe [\u2026]<\/p>","protected":false},"featured_media":14060,"comment_status":"open","ping_status":"closed","template":"","meta":[],"product_brand":[],"product_cat":[83,126,48],"product_tag":[52,78,82,58,73,60,61,62],"class_list":{"0":"post-13887","1":"product","2":"type-product","3":"status-publish","4":"has-post-thumbnail","6":"product_cat-jade-necklaces-pendants","7":"product_cat-new-arrivals","8":"product_cat-pendants","9":"product_tag-certified","10":"product_tag-dragon","11":"product_tag-light-green","12":"product_tag-new-arrivals","13":"product_tag-pendant","14":"product_tag-type-a-jadeite","15":"product_tag-unisex","16":"product_tag-yi-pin-qian-exclusive","18":"first","19":"instock","20":"sale","21":"shipping-taxable","22":"purchasable","23":"product-type-simple"},"_links":{"self":[{"href":"https:\/\/shop.yipinqian.com\/fr\/wp-json\/wp\/v2\/product\/13887","targetHints":{"allow":["GET"]}}],"collection":[{"href":"https:\/\/shop.yipinqian.com\/fr\/wp-json\/wp\/v2\/product"}],"about":[{"href":"https:\/\/shop.yipinqian.com\/fr\/wp-json\/wp\/v2\/types\/product"}],"replies":[{"embeddable":true,"href":"https:\/\/shop.yipinqian.com\/fr\/wp-json\/wp\/v2\/comments?post=13887"}],"version-history":[{"count":0,"href":"https:\/\/shop.yipinqian.com\/fr\/wp-json\/wp\/v2\/product\/13887\/revisions"}],"wp:featuredmedia":[{"embeddable":true,"href":"https:\/\/shop.yipinqian.com\/fr\/wp-json\/wp\/v2\/media\/14060"}],"wp:attachment":[{"href":"https:\/\/shop.yipinqian.com\/fr\/wp-json\/wp\/v2\/media?parent=13887"}],"wp:term":[{"taxonomy":"product_brand","embeddable":true,"href":"https:\/\/shop.yipinqian.com\/fr\/wp-json\/wp\/v2\/product_brand?post=13887"},{"taxonomy":"product_cat","embeddable":true,"href":"https:\/\/shop.yipinqian.com\/fr\/wp-json\/wp\/v2\/product_cat?post=13887"},{"taxonomy":"product_tag","embeddable":true,"href":"https:\/\/shop.yipinqian.com\/fr\/wp-json\/wp\/v2\/product_tag?post=13887"}],"curies":[{"name":"wp","href":"https:\/\/api.w.org\/{rel}","templated":true}]}}