{"id":13885,"date":"2024-11-26T21:07:05","date_gmt":"2024-11-26T13:07:05","guid":{"rendered":"https:\/\/shop.yipinqian.com\/latest-arrival-sg-local-seller-crafted-as-snake-pendant-natural-type-a-jadeite-jade-certificate-weighs-78-16-grams-measurement-51-2-31-3-33-mm-pendant-359\/"},"modified":"2025-02-24T00:49:47","modified_gmt":"2025-02-23T16:49:47","slug":"latest-arrival-sg-local-seller-crafted-as-snake-pendant-natural-type-a-jadeite-jade-certificate-weighs-78-16-grams-measurement-51-2-31-3-33-mm-pendant-359","status":"publish","type":"product","link":"https:\/\/shop.yipinqian.com\/fr\/produit\/latest-arrival-sg-local-seller-crafted-as-snake-pendant-natural-type-a-jadeite-jade-certificate-weighs-78-16-grams-measurement-51-2-31-3-33-mm-pendant-359\/","title":{"rendered":"Fabriqu\u00e9 comme pendentif serpent Le certificat de jade jad\u00e9ite naturelle de type A p\u00e8se 78,16 grammes, mesure 51,2 * 31,3 * 33 mm (pendentif 359)"},"content":{"rendered":"<p>Rehaussez votre style avec la derni\u00e8re arriv\u00e9e de SG, un pendentif serpent fabriqu\u00e9 localement en jade jad\u00e9ite naturel de type A. Cette pi\u00e8ce exquise est livr\u00e9e avec un certificat et p\u00e8se 78,16 grammes, mesurant 51,2 * 31,3 * 33 mm.<\/p>\n<p><\/p>\n<p>Num\u00e9ros de certificat : ZS12303063685<\/p>\n<p><img fetchpriority=\"high\" decoding=\"async\" src=\"https:\/\/shop.yipinqian.com\/wp-content\/uploads\/2024\/11\/fe269f5f25ee4461be2077b5bff122b8tplv-aphluv4xwc-origin-jpeg.jpeg?dr=15568&#038;nonce=5045&#038;refresh_token=12a9f1652b4b63870c9ae4e243755f0e&#038;from=476444299&#038;idc=my2&#038;ps=933b5bde&#038;shcp=9b759fb9&#038;shp=1c65f68b&#038;t=555f072d\" width=\"1080\" height=\"1080\"><\/p>\n<ul>\n<li>\n<strong>Jade jad\u00e9ite de type A :<\/strong> Fabriqu\u00e9 \u00e0 partir de jade jad\u00e9ite naturel de haute qualit\u00e9.<\/li>\n<li>\n<strong>Occasion propice :<\/strong> Parfait pour apporter chance et positivit\u00e9 \u00e0 tout \u00e9v\u00e9nement ou c\u00e9l\u00e9bration.<\/li>\n<li>\n<strong>Style de collier d\u00e9contract\u00e9 :<\/strong> Convient \u00e0 un usage quotidien, ajoutant une touche d&#039;\u00e9l\u00e9gance \u00e0 votre tenue.<\/li>\n<\/ul>\n<p><img decoding=\"async\" src=\"https:\/\/shop.yipinqian.com\/wp-content\/uploads\/2024\/11\/82a5309dd264466c9e74ce317a15ebdftplv-aphluv4xwc-origin-jpeg.jpeg?dr=15568&#038;nonce=98906&#038;refresh_token=1ca1dcff2bfae86323bc7b73386c136a&#038;from=476444299&#038;idc=my2&#038;ps=933b5bde&#038;shcp=9b759fb9&#038;shp=1c65f68b&#038;t=555f072d\" width=\"1080\" height=\"1080\"><\/p>\n<p>Ce pendentif unisexe provient du Myanmar et d\u00e9gage un charme intemporel avec son motif de serpent complexe. Faites une d\u00e9claration tout en profitant des avantages de cet accessoire de bon augure sans avoir \u00e0 vous soucier de la garantie.<\/p>\n<p><\/p>\n<p><strong>La jad\u00e9ite naturelle n&#039;est pas parfaite, juste un petit rappel : notre jad\u00e9ite naturelle, comme toutes les belles choses de la nature, poss\u00e8de ses caract\u00e9ristiques et ses variations uniques. Nous invitons nos pr\u00e9cieux clients \u00e0 adopter ces variations naturelles. Bon shopping !<\/strong><\/p>\n<p><\/p>\n<p><strong><u>Aucune des photos et des s\u00e9quences vid\u00e9o n&#039;a \u00e9t\u00e9 filtr\u00e9e. Nous encourageons nos clients \u00e0 regarder \u00e9galement les vid\u00e9os d&#039;accompagnement pour une vue plus compl\u00e8te de nos produits<\/u><\/strong><\/p>\n<p><\/p>\n<ul>\n<li>Diff\u00e9rentes plates-formes ne peuvent visionner des vid\u00e9os que via le bureau<\/li>\n<\/ul>","protected":false},"excerpt":{"rendered":"<p>Enhance your style with the latest arrival from SG, a locally crafted snake pendant made from natural Type A Jadeite Jade. This exquisite piece comes with a certificate and weighs 78.16 grams, measuring 51.2 * 31.3 * 33 mm. Certificate numbers: ZS12303063685 Type A Jadeite Jade: Crafted from high-quality natural jadeite jade. Auspicious Occasion: Perfect [&hellip;]<\/p>","protected":false},"featured_media":14049,"comment_status":"open","ping_status":"closed","template":"","meta":[],"product_brand":[],"product_cat":[194],"product_tag":[140,52,56,58,73,60,61],"class_list":{"0":"post-13885","1":"product","2":"type-product","3":"status-publish","4":"has-post-thumbnail","6":"product_cat-value-picks","7":"product_tag-black-wuji","8":"product_tag-certified","9":"product_tag-limited-editions","10":"product_tag-new-arrivals","11":"product_tag-pendant","12":"product_tag-type-a-jadeite","13":"product_tag-unisex","15":"first","16":"instock","17":"sale","18":"shipping-taxable","19":"purchasable","20":"product-type-simple"},"_links":{"self":[{"href":"https:\/\/shop.yipinqian.com\/fr\/wp-json\/wp\/v2\/product\/13885","targetHints":{"allow":["GET"]}}],"collection":[{"href":"https:\/\/shop.yipinqian.com\/fr\/wp-json\/wp\/v2\/product"}],"about":[{"href":"https:\/\/shop.yipinqian.com\/fr\/wp-json\/wp\/v2\/types\/product"}],"replies":[{"embeddable":true,"href":"https:\/\/shop.yipinqian.com\/fr\/wp-json\/wp\/v2\/comments?post=13885"}],"version-history":[{"count":0,"href":"https:\/\/shop.yipinqian.com\/fr\/wp-json\/wp\/v2\/product\/13885\/revisions"}],"wp:featuredmedia":[{"embeddable":true,"href":"https:\/\/shop.yipinqian.com\/fr\/wp-json\/wp\/v2\/media\/14049"}],"wp:attachment":[{"href":"https:\/\/shop.yipinqian.com\/fr\/wp-json\/wp\/v2\/media?parent=13885"}],"wp:term":[{"taxonomy":"product_brand","embeddable":true,"href":"https:\/\/shop.yipinqian.com\/fr\/wp-json\/wp\/v2\/product_brand?post=13885"},{"taxonomy":"product_cat","embeddable":true,"href":"https:\/\/shop.yipinqian.com\/fr\/wp-json\/wp\/v2\/product_cat?post=13885"},{"taxonomy":"product_tag","embeddable":true,"href":"https:\/\/shop.yipinqian.com\/fr\/wp-json\/wp\/v2\/product_tag?post=13885"}],"curies":[{"name":"wp","href":"https:\/\/api.w.org\/{rel}","templated":true}]}}