{"id":13883,"date":"2024-11-26T21:07:04","date_gmt":"2024-11-26T13:07:04","guid":{"rendered":"https:\/\/shop.yipinqian.com\/latest-arrival-sg-local-seller-crafted-as-sceneries-pendant-light-green-hue-green-and-white-natural-type-a-jadeite-jade-certificate-weighs-21-24-grams-measurement-47-26-9-7-5-mm-pendant353\/"},"modified":"2025-02-24T00:49:47","modified_gmt":"2025-02-23T16:49:47","slug":"latest-arrival-sg-local-seller-crafted-as-sceneries-pendant-light-green-hue-green-and-white-natural-type-a-jadeite-jade-certificate-weighs-21-24-grams-measurement-47-26-9-7-5-mm-pendant353","status":"publish","type":"product","link":"https:\/\/shop.yipinqian.com\/fr\/produit\/latest-arrival-sg-local-seller-crafted-as-sceneries-pendant-light-green-hue-green-and-white-natural-type-a-jadeite-jade-certificate-weighs-21-24-grams-measurement-47-26-9-7-5-mm-pendant353\/","title":{"rendered":"Dernier arrivage SG Local Seller fabriqu\u00e9 comme des d\u00e9cors Pendentif Lumi\u00e8re Teinte verte, Vert et blanc Naturel Type A Jadeite Jade, certificat p\u00e8se 21,24 grammes, mesure 47 * 26,9 * 7,5 mm (pendentif353)"},"content":{"rendered":"<p>Ce superbe pendentif pr\u00e9sente un design de paysages fabriqu\u00e9 \u00e0 partir de jade jad\u00e9ite naturel de type A dans une belle teinte vert clair avec des notes de vert et de blanc.<\/p>\n<p><\/p>\n<p>Num\u00e9ros de certificat : GD2110H011995<\/p>\n<p><img fetchpriority=\"high\" decoding=\"async\" src=\"https:\/\/shop.yipinqian.com\/wp-content\/uploads\/2024\/11\/3770a836f7b943d9abf9947f15a4f24etplv-aphluv4xwc-origin-jpeg.jpeg?dr=15568&#038;nonce=37052&#038;refresh_token=9c4edc514139f1851171ae24718fa2bb&#038;from=476444299&#038;idc=my2&#038;ps=933b5bde&#038;shcp=9b759fb9&#038;shp=1c65f68b&#038;t=555f072d\" width=\"1200\" height=\"1600\"><\/p>\n<ul>\n<li>\n<strong>Mat\u00e9riel:<\/strong> Jade jad\u00e9ite naturel de type A vert et blanc<\/li>\n<li>\n<strong>Poids:<\/strong> 21,24 grammes<\/li>\n<li>\n<strong>Mesures:<\/strong> 47 x 26,9 x 7,5 mm<\/li>\n<li>\n<strong>Certificat:<\/strong> Oui (inclus)<\/li>\n<li><strong>Type de jade : jad\u00e9ite<\/strong><\/li>\n<\/ul>\n<p><img decoding=\"async\" src=\"https:\/\/shop.yipinqian.com\/wp-content\/uploads\/2024\/11\/d30e73296a9b4946b2fdf3da9cc54cc6tplv-aphluv4xwc-origin-jpeg.jpeg?dr=15568&#038;nonce=83005&#038;refresh_token=6fee485d6534387dfecf1b76001dc9e8&#038;from=476444299&#038;idc=my2&#038;ps=933b5bde&#038;shcp=9b759fb9&#038;shp=1c65f68b&#038;t=555f072d\" width=\"1080\" height=\"1080\"><\/p>\n<p><strong>Ce pendentif exquis est la derni\u00e8re arriv\u00e9e d&#039;un vendeur local de SG, mettant en valeur un savoir-faire raffin\u00e9 et une attention aux d\u00e9tails.<\/strong><\/p>\n<ul>\n<li><strong>Occasion : propice (parfait pour toute occasion sp\u00e9ciale)<\/strong><\/li>\n<\/ul>\n<p><strong>La jad\u00e9ite naturelle n&#039;est pas parfaite, juste un petit rappel : notre jad\u00e9ite naturelle, comme toutes les belles choses de la nature, poss\u00e8de ses caract\u00e9ristiques et ses variations uniques. Nous invitons nos pr\u00e9cieux clients \u00e0 adopter ces variations naturelles. Bon shopping !<\/strong><\/p>\n<p><\/p>\n<p><strong><u>Aucune des photos et des s\u00e9quences vid\u00e9o n&#039;a \u00e9t\u00e9 filtr\u00e9e. Nous encourageons nos clients \u00e0 regarder \u00e9galement les vid\u00e9os d&#039;accompagnement pour une vue plus compl\u00e8te de nos produits<\/u><\/strong><\/p>\n<p><\/p>\n<ul>\n<li>Diff\u00e9rentes plates-formes ne peuvent visionner des vid\u00e9os que via le bureau<\/li>\n<\/ul>","protected":false},"excerpt":{"rendered":"<p>This stunning pendant features a sceneries design crafted from natural Type A Jadeite Jade in a beautiful light green hue with hints of green and white. Certificate numbers: GD2110H011995 Material: Green and white natural Type A Jadeite Jade Weight: 21.24 grams Measurement: 47 x 26.9 x 7.5 mm Certificate: Yes (included) Jade Type:Jadeite This exquisite [&hellip;]<\/p>","protected":false},"featured_media":14036,"comment_status":"open","ping_status":"closed","template":"","meta":[],"product_brand":[],"product_cat":[194],"product_tag":[52,70,65,55,82,58,73,75,60,61,62],"class_list":{"0":"post-13883","1":"product","2":"type-product","3":"status-publish","4":"has-post-thumbnail","6":"product_cat-value-picks","7":"product_tag-certified","8":"product_tag-green","9":"product_tag-high-quality","10":"product_tag-jadeite","11":"product_tag-light-green","12":"product_tag-new-arrivals","13":"product_tag-pendant","14":"product_tag-traditional","15":"product_tag-type-a-jadeite","16":"product_tag-unisex","17":"product_tag-yi-pin-qian-exclusive","19":"first","20":"instock","21":"sale","22":"shipping-taxable","23":"purchasable","24":"product-type-simple"},"_links":{"self":[{"href":"https:\/\/shop.yipinqian.com\/fr\/wp-json\/wp\/v2\/product\/13883","targetHints":{"allow":["GET"]}}],"collection":[{"href":"https:\/\/shop.yipinqian.com\/fr\/wp-json\/wp\/v2\/product"}],"about":[{"href":"https:\/\/shop.yipinqian.com\/fr\/wp-json\/wp\/v2\/types\/product"}],"replies":[{"embeddable":true,"href":"https:\/\/shop.yipinqian.com\/fr\/wp-json\/wp\/v2\/comments?post=13883"}],"version-history":[{"count":0,"href":"https:\/\/shop.yipinqian.com\/fr\/wp-json\/wp\/v2\/product\/13883\/revisions"}],"wp:featuredmedia":[{"embeddable":true,"href":"https:\/\/shop.yipinqian.com\/fr\/wp-json\/wp\/v2\/media\/14036"}],"wp:attachment":[{"href":"https:\/\/shop.yipinqian.com\/fr\/wp-json\/wp\/v2\/media?parent=13883"}],"wp:term":[{"taxonomy":"product_brand","embeddable":true,"href":"https:\/\/shop.yipinqian.com\/fr\/wp-json\/wp\/v2\/product_brand?post=13883"},{"taxonomy":"product_cat","embeddable":true,"href":"https:\/\/shop.yipinqian.com\/fr\/wp-json\/wp\/v2\/product_cat?post=13883"},{"taxonomy":"product_tag","embeddable":true,"href":"https:\/\/shop.yipinqian.com\/fr\/wp-json\/wp\/v2\/product_tag?post=13883"}],"curies":[{"name":"wp","href":"https:\/\/api.w.org\/{rel}","templated":true}]}}