{"id":13867,"date":"2024-11-26T21:06:34","date_gmt":"2024-11-26T13:06:34","guid":{"rendered":"https:\/\/shop.yipinqian.com\/crafted-as-oval-shape-bangle-size-56-mm-on-rare-high-quality-natural-type-a-jadeite-jade-certificate-weighs-46-53-grams-width-14-1-mm-thickness-6-5-mm-bangle23\/"},"modified":"2025-01-09T00:46:55","modified_gmt":"2025-01-08T16:46:55","slug":"crafted-as-oval-shape-bangle-size-56-mm-on-rare-high-quality-natural-type-a-jadeite-jade-certificate-weighs-46-53-grams-width-14-1-mm-thickness-6-5-mm-bangle23","status":"publish","type":"product","link":"https:\/\/shop.yipinqian.com\/fr\/produit\/crafted-as-oval-shape-bangle-size-56-mm-on-rare-high-quality-natural-type-a-jadeite-jade-certificate-weighs-46-53-grams-width-14-1-mm-thickness-6-5-mm-bangle23\/","title":{"rendered":"Fabriqu\u00e9 en forme de bracelet ovale de taille 56 mm sur un certificat de jade jad\u00e9ite naturel de type A rare de haute qualit\u00e9, p\u00e8se 46,53 grammes, largeur : 14,1 mm, \u00e9paisseur : 6,5 mm (bangle23)"},"content":{"rendered":"<p>Ce superbe bracelet jonc Chaise, fabriqu\u00e9 \u00e0 partir de jade jad\u00e9ite de type A naturel rare de haute qualit\u00e9, est un superbe bijou.<\/p>\n<p><\/p>\n<p>Num\u00e9ros de certificat : GD2110H008710<\/p>\n<p><\/p>\n<p>**<strong> Pour le bracelet Chaise \u2013 Forme ovale \u2013 Si vous pouvez porter un bracelet Peace de taille 56 mm, il ne conviendra pas car la taille sera plus petite. Le bracelet Chaise de taille 56 mm conviendra aux tailles 52 \u00e0 53,5 mm<\/strong> **<\/p>\n<p><img fetchpriority=\"high\" decoding=\"async\" src=\"https:\/\/shop.yipinqian.com\/wp-content\/uploads\/2024\/11\/0ebc2ac6b29046d4a9dac22411e2b17ctplv-aphluv4xwc-origin-jpeg.jpeg?dr=15568&#038;nonce=10707&#038;refresh_token=535411dc418cf83c9416071d4a12fed8&#038;from=476444299&#038;idc=my2&#038;ps=933b5bde&#038;shcp=9b759fb9&#038;shp=1c65f68b&#038;t=555f072d\" width=\"526\" height=\"362\"><br \/><img decoding=\"async\" src=\"https:\/\/shop.yipinqian.com\/wp-content\/uploads\/2024\/11\/e11c0eeb3ddf486f96998dc5c08d1d73tplv-aphluv4xwc-origin-jpeg.jpeg?dr=15568&#038;nonce=31756&#038;refresh_token=84d88fba6cd9fb0721edf760986f609d&#038;from=476444299&#038;idc=my2&#038;ps=933b5bde&#038;shcp=9b759fb9&#038;shp=1c65f68b&#038;t=555f072d\" width=\"1080\" height=\"1080\"><\/p>\n<ul>\n<li>\n<strong>Poids:<\/strong> 46,53 grammes<\/li>\n<li>\n<strong>Taille:<\/strong> 56 mm<\/li>\n<li>\n<strong>Largeur:<\/strong> 14,1 mm<\/li>\n<li>\n<strong>\u00c9paisseur:<\/strong>6,5 mm (bracelet 23)<\/li>\n<\/ul>\n<p><img decoding=\"async\" src=\"https:\/\/shop.yipinqian.com\/wp-content\/uploads\/2024\/11\/84dbc7bfdd0d410fbb51d1519fea3833tplv-aphluv4xwc-origin-jpeg.jpeg?dr=15568&#038;nonce=16923&#038;refresh_token=007b7c9b621767499837488886f28aea&#038;from=476444299&#038;idc=my2&#038;ps=933b5bde&#038;shcp=9b759fb9&#038;shp=1c65f68b&#038;t=555f072d\" width=\"1080\" height=\"1080\"><\/p>\n<p>Ce bracelet est accompagn\u00e9 d&#039;un certificat d&#039;authenticit\u00e9 et provient du Myanmar, ce qui ajoute \u00e0 son attrait.<\/p>\n<ul>\n<li>Le bracelet jonc Chaise est parfait pour un usage quotidien et constitue un excellent accessoire pour n&#039;importe quelle tenue.<\/li>\n<\/ul>\n<ul>\n<li>Le design \u00e9l\u00e9gant de ce bracelet le rend id\u00e9al pour les femmes qui appr\u00e9cient la beaut\u00e9 et l&#039;importance des bijoux en jade jad\u00e9ite.<\/li>\n<\/ul>\n<p>Yi Pin Qian \u2013 N\u00e9gociant en pierres pr\u00e9cieuses et m\u00e9taux pr\u00e9cieux \u00e0 Singapour \u2013 Num\u00e9ro de licence PS20190000031<\/p>\n<p><\/p>\n<p>*Toutes les jad\u00e9ites achet\u00e9es chez Yi Pin Qian \u00e0 Singapour, les clients peuvent r\u00e9server des cr\u00e9neaux pour le polissage ou une r\u00e9paration mineure en cas de mauvaise manipulation - des frais s&#039;appliquent et uniquement pour les clients de Yi Pin Qian \u00e0 Singapour*<\/p>\n<p><\/p>\n<p><strong>**Types de certificats**<\/strong><\/p>\n<p><\/p>\n<p><strong>NGI (Nan Yang Gemmologie)<\/strong><\/p>\n<p>ou <strong>Certificats \u00e9trangers <\/strong>(Yi Pin Qian utilise uniquement des certificats authentiques provenant de laboratoires \u00e9trangers et contr\u00f4le \u00e9galement la qualit\u00e9 de chacun de nos produits avant de les mettre en vente \u00e0 Singapour)<\/p>\n<p><\/p>\n<p>Chaque produit sur TikTok aura le type de certificat fourni indiqu\u00e9 dans la description. Pour tout client souhaitant envoyer sa commande \u00e0 NGI Singapore, il y aura un d\u00e9lai d&#039;attente pour la livraison de la commande estim\u00e9 \u00e0 environ 4 semaines pour recevoir votre commande. <strong>Les demandes de rapport NGI Gemstone doivent \u00eatre effectu\u00e9es en nous envoyant un message.<\/strong> Merci, <strong><u>des frais suppl\u00e9mentaires s&#039;appliquent<\/u><\/strong>.<\/p>\n<p><\/p>\n<p><strong>La jad\u00e9ite naturelle n&#039;est pas parfaite, juste un petit rappel : notre jad\u00e9ite naturelle, comme toutes les belles choses de la nature, poss\u00e8de ses caract\u00e9ristiques et ses variations uniques. Nous invitons nos pr\u00e9cieux clients \u00e0 adopter ces variations naturelles. Bon shopping !<\/strong><\/p>\n<p><\/p>\n<p><strong><u>Aucune des photos et des s\u00e9quences vid\u00e9o n&#039;a \u00e9t\u00e9 filtr\u00e9e. Nous encourageons nos clients \u00e0 regarder \u00e9galement les vid\u00e9os d&#039;accompagnement pour une vue plus compl\u00e8te de nos produits<\/u><\/strong><\/p>\n<p><\/p>\n<ul>\n<li>Diff\u00e9rentes plates-formes ne peuvent visionner des vid\u00e9os que via le bureau<\/li>\n<\/ul>","protected":false},"excerpt":{"rendered":"<p>Ce bracelet exquis Chaise, fabriqu\u00e9 \u00e0 partir de jade jad\u00e9ite de type A naturel rare de haute qualit\u00e9, est un superbe bijou. Num\u00e9ros de certificat : GD2110H008710 ** Pour le bracelet Chaise \u2013 Forme ovale \u2013 Si vous pouvez porter un bracelet de paix de taille 56 mm, il ne conviendra pas car la taille sera plus petite. Bracelet Chaise [\u2026]<\/p>","protected":false},"featured_media":13982,"comment_status":"open","ping_status":"closed","template":"","meta":[],"product_brand":[],"product_cat":[121,87,126],"product_tag":[86,102,52,90,72,65,55,58,75,60,62],"class_list":{"0":"post-13867","1":"product","2":"type-product","3":"status-publish","4":"has-post-thumbnail","6":"product_cat-bracelets-bangles","7":"product_cat-jade-bracelets-anklets","8":"product_cat-new-arrivals","9":"product_tag-bangle","10":"product_tag-bracelet","11":"product_tag-certified","12":"product_tag-chaise-oval-bracelet","13":"product_tag-female","14":"product_tag-high-quality","15":"product_tag-jadeite","16":"product_tag-new-arrivals","17":"product_tag-traditional","18":"product_tag-type-a-jadeite","19":"product_tag-yi-pin-qian-exclusive","21":"first","22":"instock","23":"sale","24":"shipping-taxable","25":"purchasable","26":"product-type-simple"},"_links":{"self":[{"href":"https:\/\/shop.yipinqian.com\/fr\/wp-json\/wp\/v2\/product\/13867","targetHints":{"allow":["GET"]}}],"collection":[{"href":"https:\/\/shop.yipinqian.com\/fr\/wp-json\/wp\/v2\/product"}],"about":[{"href":"https:\/\/shop.yipinqian.com\/fr\/wp-json\/wp\/v2\/types\/product"}],"replies":[{"embeddable":true,"href":"https:\/\/shop.yipinqian.com\/fr\/wp-json\/wp\/v2\/comments?post=13867"}],"version-history":[{"count":0,"href":"https:\/\/shop.yipinqian.com\/fr\/wp-json\/wp\/v2\/product\/13867\/revisions"}],"wp:featuredmedia":[{"embeddable":true,"href":"https:\/\/shop.yipinqian.com\/fr\/wp-json\/wp\/v2\/media\/13982"}],"wp:attachment":[{"href":"https:\/\/shop.yipinqian.com\/fr\/wp-json\/wp\/v2\/media?parent=13867"}],"wp:term":[{"taxonomy":"product_brand","embeddable":true,"href":"https:\/\/shop.yipinqian.com\/fr\/wp-json\/wp\/v2\/product_brand?post=13867"},{"taxonomy":"product_cat","embeddable":true,"href":"https:\/\/shop.yipinqian.com\/fr\/wp-json\/wp\/v2\/product_cat?post=13867"},{"taxonomy":"product_tag","embeddable":true,"href":"https:\/\/shop.yipinqian.com\/fr\/wp-json\/wp\/v2\/product_tag?post=13867"}],"curies":[{"name":"wp","href":"https:\/\/api.w.org\/{rel}","templated":true}]}}