{"id":13865,"date":"2024-11-26T21:06:33","date_gmt":"2024-11-26T13:06:33","guid":{"rendered":"https:\/\/shop.yipinqian.com\/crafted-as-octopus-pendant-on-natural-type-a-jadeite-jade-with-rough-skin-certificate-weighs-20-48-grams-measurement-38-6-20-3-17-mm-pendant354\/"},"modified":"2025-01-09T00:47:05","modified_gmt":"2025-01-08T16:47:05","slug":"crafted-as-octopus-pendant-on-natural-type-a-jadeite-jade-with-rough-skin-certificate-weighs-20-48-grams-measurement-38-6-20-3-17-mm-pendant354","status":"publish","type":"product","link":"https:\/\/shop.yipinqian.com\/fr\/produit\/crafted-as-octopus-pendant-on-natural-type-a-jadeite-jade-with-rough-skin-certificate-weighs-20-48-grams-measurement-38-6-20-3-17-mm-pendant354\/","title":{"rendered":"Fabriqu\u00e9 en pendentif pieuvre sur jade jad\u00e9ite naturel de type A avec certificat de peau rugueuse p\u00e8se 20,48 grammes, mesure 38,6 * 20,3 * 17 mm (pendentif354)"},"content":{"rendered":"<p>Ce pendentif exquis pr\u00e9sente un motif de pieuvre m\u00e9ticuleusement con\u00e7u sur du jade jad\u00e9ite naturel de type A, pr\u00e9sentant des d\u00e9tails complexes et un style unique.<\/p>\n<p><\/p>\n<p>Num\u00e9ros de certificat : 911289030038<\/p>\n<p><img fetchpriority=\"high\" decoding=\"async\" src=\"https:\/\/shop.yipinqian.com\/wp-content\/uploads\/2024\/11\/da41082761f04b929611ac64124baa42tplv-aphluv4xwc-origin-jpeg.jpeg?dr=15568&#038;nonce=43805&#038;refresh_token=a218d325d69cdab549314225b6bd515c&#038;from=476444299&#038;idc=my2&#038;ps=933b5bde&#038;shcp=9b759fb9&#038;shp=1c65f68b&#038;t=555f072d\" width=\"1080\" height=\"1080\"><\/p>\n<ul>\n<li>\n<strong>Poids:<\/strong> 20,48 grammes<\/li>\n<li>\n<strong>Mesures:<\/strong> 38,6 * 20,3 * 17 mm<\/li>\n<li>\n<strong>Certificat:<\/strong> Oui (certificat de peau rugueuse)<\/li>\n<li>\n<strong>Type de jade :<\/strong> Jad\u00e9ite<\/li>\n<li>Pays d&#039;origine : Myanmar<\/li>\n<\/ul>\n<p><img decoding=\"async\" src=\"https:\/\/shop.yipinqian.com\/wp-content\/uploads\/2024\/11\/c1c0de8470144d31b61dda78cfaad303tplv-aphluv4xwc-origin-jpeg.jpeg?dr=15568&#038;nonce=12696&#038;refresh_token=2587dcb0f402d85a0231e5be37e49907&#038;from=476444299&#038;idc=my2&#038;ps=933b5bde&#038;shcp=9b759fb9&#038;shp=1c65f68b&#038;t=555f072d\" width=\"1080\" height=\"1080\"><\/p>\n<p>Adapt\u00e9 \u00e0 un usage quotidien, ce pendentif est polyvalent et peut \u00eatre port\u00e9 \u00e0 diverses occasions, ajoutant une touche d&#039;\u00e9l\u00e9gance \u00e0 n&#039;importe quelle tenue.<\/p>\n<ul>\n<li><strong>Ce pendentif est id\u00e9al pour les hommes comme pour les femmes, ce qui en fait un accessoire unisexe parfait.<\/strong><\/li>\n<\/ul>\n<p><strong>Le style d\u00e9contract\u00e9 du collier permet de l&#039;associer facilement \u00e0 diff\u00e9rents looks, ajoutant une touche de sophistication \u00e0 votre ensemble tout en refl\u00e9tant votre personnalit\u00e9 unique.<\/strong><\/p>\n<p><strong>(Remarque\u00a0: ce produit n&#039;est couvert par aucune garantie.)<\/strong><\/p>\n<p><\/p>\n<p><strong>La jad\u00e9ite naturelle n&#039;est pas parfaite, juste un petit rappel : notre jad\u00e9ite naturelle, comme toutes les belles choses de la nature, poss\u00e8de ses caract\u00e9ristiques et ses variations uniques. Nous invitons nos pr\u00e9cieux clients \u00e0 adopter ces variations naturelles. Bon shopping !<\/strong><\/p>\n<p><\/p>\n<p><strong><u>Aucune des photos et des s\u00e9quences vid\u00e9o n&#039;a \u00e9t\u00e9 filtr\u00e9e. Nous encourageons nos clients \u00e0 regarder \u00e9galement les vid\u00e9os d&#039;accompagnement pour une vue plus compl\u00e8te de nos produits<\/u><\/strong><\/p>\n<p><\/p>\n<ul>\n<li>Diff\u00e9rentes plates-formes ne peuvent visionner des vid\u00e9os que via le bureau<\/li>\n<\/ul>","protected":false},"excerpt":{"rendered":"<p>This exquisite pendant features a meticulously crafted Octopus design on natural Type A Jadeite Jade, showcasing intricate details and a unique style. Certificate numbers: 911289030038 Weight: 20.48 grams Measurements: 38.6 * 20.3 * 17 mm Certificate: Yes (rough skin certificate) Jade Type: Jadeite Nation of Origin:: Myanmar Suitable for daily wear, this pendant is versatile [&hellip;]<\/p>","protected":false},"featured_media":13967,"comment_status":"open","ping_status":"closed","template":"","meta":[],"product_brand":[],"product_cat":[83,126,48],"product_tag":[52,55,58,73,60,61],"class_list":{"0":"post-13865","1":"product","2":"type-product","3":"status-publish","4":"has-post-thumbnail","6":"product_cat-jade-necklaces-pendants","7":"product_cat-new-arrivals","8":"product_cat-pendants","9":"product_tag-certified","10":"product_tag-jadeite","11":"product_tag-new-arrivals","12":"product_tag-pendant","13":"product_tag-type-a-jadeite","14":"product_tag-unisex","16":"first","17":"instock","18":"sale","19":"shipping-taxable","20":"purchasable","21":"product-type-simple"},"_links":{"self":[{"href":"https:\/\/shop.yipinqian.com\/fr\/wp-json\/wp\/v2\/product\/13865","targetHints":{"allow":["GET"]}}],"collection":[{"href":"https:\/\/shop.yipinqian.com\/fr\/wp-json\/wp\/v2\/product"}],"about":[{"href":"https:\/\/shop.yipinqian.com\/fr\/wp-json\/wp\/v2\/types\/product"}],"replies":[{"embeddable":true,"href":"https:\/\/shop.yipinqian.com\/fr\/wp-json\/wp\/v2\/comments?post=13865"}],"version-history":[{"count":0,"href":"https:\/\/shop.yipinqian.com\/fr\/wp-json\/wp\/v2\/product\/13865\/revisions"}],"wp:featuredmedia":[{"embeddable":true,"href":"https:\/\/shop.yipinqian.com\/fr\/wp-json\/wp\/v2\/media\/13967"}],"wp:attachment":[{"href":"https:\/\/shop.yipinqian.com\/fr\/wp-json\/wp\/v2\/media?parent=13865"}],"wp:term":[{"taxonomy":"product_brand","embeddable":true,"href":"https:\/\/shop.yipinqian.com\/fr\/wp-json\/wp\/v2\/product_brand?post=13865"},{"taxonomy":"product_cat","embeddable":true,"href":"https:\/\/shop.yipinqian.com\/fr\/wp-json\/wp\/v2\/product_cat?post=13865"},{"taxonomy":"product_tag","embeddable":true,"href":"https:\/\/shop.yipinqian.com\/fr\/wp-json\/wp\/v2\/product_tag?post=13865"}],"curies":[{"name":"wp","href":"https:\/\/api.w.org\/{rel}","templated":true}]}}