{"id":13864,"date":"2024-11-26T21:06:31","date_gmt":"2024-11-26T13:06:31","guid":{"rendered":"https:\/\/shop.yipinqian.com\/crafted-as-light-green-cabochon-on-natural-type-a-jadeite-jade-set-with-s925-as-adjustable-ring-certificate-weighs-2-22-grams-measurement-10-3-8-9-3-4-mm-s924ring24\/"},"modified":"2025-01-09T00:47:21","modified_gmt":"2025-01-08T16:47:21","slug":"crafted-as-light-green-cabochon-on-natural-type-a-jadeite-jade-set-with-s925-as-adjustable-ring-certificate-weighs-2-22-grams-measurement-10-3-8-9-3-4-mm-s924ring24","status":"publish","type":"product","link":"https:\/\/shop.yipinqian.com\/fr\/produit\/crafted-as-light-green-cabochon-on-natural-type-a-jadeite-jade-set-with-s925-as-adjustable-ring-certificate-weighs-2-22-grams-measurement-10-3-8-9-3-4-mm-s924ring24\/","title":{"rendered":"Fabriqu\u00e9 en cabochon vert clair sur jade jad\u00e9ite naturel de type A serti de S925 comme certificat de bague r\u00e9glable p\u00e8se 2,22 grammes, mesure 10,3 * 8,9 * 3,4 mm (s924ring24)"},"content":{"rendered":"<p>Cette bague exquise pr\u00e9sente un cabochon vert clair sur du jade jad\u00e9ite naturel de type A, serti de S925 comme bague r\u00e9glable.<\/p>\n<p><\/p>\n<p>Num\u00e9ros de certificat : GD2201H005301<\/p>\n<p><img fetchpriority=\"high\" decoding=\"async\" src=\"https:\/\/shop.yipinqian.com\/wp-content\/uploads\/2024\/11\/c0c414ea130d4690b08c9d4094a308b3tplv-aphluv4xwc-origin-jpeg.jpeg?dr=15568&#038;nonce=27287&#038;refresh_token=6585923c1461446f892b9e128cef8447&#038;from=476444299&#038;idc=my2&#038;ps=933b5bde&#038;shcp=9b759fb9&#038;shp=1c65f68b&#038;t=555f072d\" width=\"1080\" height=\"1080\"><\/p>\n<ul>\n<li><strong>Caract\u00e9ristiques principales :<\/strong><\/li>\n<li>P\u00e8se 2,22 grammes<\/li>\n<li>Mesure: 10,3 * 8,9 * 3,4 mm<\/li>\n<\/ul>\n<p><img decoding=\"async\" src=\"https:\/\/shop.yipinqian.com\/wp-content\/uploads\/2024\/11\/ed221ba832fa472e9d5ec24140a8eb9btplv-aphluv4xwc-origin-jpeg.jpeg?dr=15568&#038;nonce=24242&#038;refresh_token=84c3984883d34a4a7e2519823fc3879a&#038;from=476444299&#038;idc=my2&#038;ps=933b5bde&#038;shcp=9b759fb9&#038;shp=1c65f68b&#038;t=555f072d\" width=\"1080\" height=\"1080\"><\/p>\n<p>La bague en jade est accompagn\u00e9e d&#039;un certificat, garantissant son authenticit\u00e9 et sa qualit\u00e9.<\/p>\n<ul>\n<li><strong>Attributs du produit :<\/strong><\/li>\n<\/ul>\n<ul>\n<li>Certificat inclus : Oui<\/li>\n<li>Mat\u00e9riau de la monture : S925<\/li>\n<li>R\u00e9gion d&#039;origine : Myanmar, accessoire id\u00e9al \u00e0 porter au quotidien, cette superbe pi\u00e8ce est parfaite pour les personnes qui appr\u00e9cient la beaut\u00e9 et le symbolisme des bijoux en jad\u00e9ite. Con\u00e7u pour les femmes qui recherchent l&#039;\u00e9l\u00e9gance et le style dans leurs accessoires.<\/li>\n<\/ul>","protected":false},"excerpt":{"rendered":"<p>Cette bague exquise est orn\u00e9e d&#039;un cabochon vert clair sur un jade jad\u00e9ite naturel de type A, serti de S925 comme bague r\u00e9glable. Num\u00e9ros de certificat : GD2201H005301 Caract\u00e9ristiques principales : P\u00e8se 2,22 grammes Dimensions : 10,3 * 8,9 * 3,4 mm La bague en jade est accompagn\u00e9e d&#039;un certificat, garantissant son authenticit\u00e9 et sa qualit\u00e9. Attributs du produit : Certificat inclus : Oui Mat\u00e9riau de la monture : [\u2026]<\/p>","protected":false},"featured_media":13954,"comment_status":"open","ping_status":"closed","template":"","meta":[],"product_brand":[],"product_cat":[80,122,126,125],"product_tag":[64,52,72,92,65,66,82,58,60],"class_list":{"0":"post-13864","1":"product","2":"type-product","3":"status-publish","4":"has-post-thumbnail","6":"product_cat-jade-rings","7":"product_cat-jadeite-rings","8":"product_cat-new-arrivals","9":"product_cat-s925-settings-jadeites","10":"product_tag-cabochon","11":"product_tag-certified","12":"product_tag-female","13":"product_tag-free-size","14":"product_tag-high-quality","15":"product_tag-jade-ring","16":"product_tag-light-green","17":"product_tag-new-arrivals","18":"product_tag-type-a-jadeite","20":"first","21":"instock","22":"sale","23":"shipping-taxable","24":"purchasable","25":"product-type-simple"},"_links":{"self":[{"href":"https:\/\/shop.yipinqian.com\/fr\/wp-json\/wp\/v2\/product\/13864","targetHints":{"allow":["GET"]}}],"collection":[{"href":"https:\/\/shop.yipinqian.com\/fr\/wp-json\/wp\/v2\/product"}],"about":[{"href":"https:\/\/shop.yipinqian.com\/fr\/wp-json\/wp\/v2\/types\/product"}],"replies":[{"embeddable":true,"href":"https:\/\/shop.yipinqian.com\/fr\/wp-json\/wp\/v2\/comments?post=13864"}],"version-history":[{"count":0,"href":"https:\/\/shop.yipinqian.com\/fr\/wp-json\/wp\/v2\/product\/13864\/revisions"}],"wp:featuredmedia":[{"embeddable":true,"href":"https:\/\/shop.yipinqian.com\/fr\/wp-json\/wp\/v2\/media\/13954"}],"wp:attachment":[{"href":"https:\/\/shop.yipinqian.com\/fr\/wp-json\/wp\/v2\/media?parent=13864"}],"wp:term":[{"taxonomy":"product_brand","embeddable":true,"href":"https:\/\/shop.yipinqian.com\/fr\/wp-json\/wp\/v2\/product_brand?post=13864"},{"taxonomy":"product_cat","embeddable":true,"href":"https:\/\/shop.yipinqian.com\/fr\/wp-json\/wp\/v2\/product_cat?post=13864"},{"taxonomy":"product_tag","embeddable":true,"href":"https:\/\/shop.yipinqian.com\/fr\/wp-json\/wp\/v2\/product_tag?post=13864"}],"curies":[{"name":"wp","href":"https:\/\/api.w.org\/{rel}","templated":true}]}}