{"id":13863,"date":"2024-11-26T21:06:30","date_gmt":"2024-11-26T13:06:30","guid":{"rendered":"https:\/\/shop.yipinqian.com\/crafted-as-gourd-pendant-on-natural-type-a-jadeite-jade-set-with-18k-gold-certificate-weighs-1-17-grams-measurement-14-5-9-4-3-5-mm-18kp79\/"},"modified":"2025-02-24T00:49:47","modified_gmt":"2025-02-23T16:49:47","slug":"crafted-as-gourd-pendant-on-natural-type-a-jadeite-jade-set-with-18k-gold-certificate-weighs-1-17-grams-measurement-14-5-9-4-3-5-mm-18kp79","status":"publish","type":"product","link":"https:\/\/shop.yipinqian.com\/fr\/produit\/crafted-as-gourd-pendant-on-natural-type-a-jadeite-jade-set-with-18k-gold-certificate-weighs-1-17-grams-measurement-14-5-9-4-3-5-mm-18kp79\/","title":{"rendered":"Pendentif en forme de gourde fabriqu\u00e9 sur un jade jad\u00e9ite naturel de type A serti d&#039;un certificat en or 18 carats pesant 1,17 gramme, mesurant 14,5 * 9,4 * 3,5 mm (18kp79)"},"content":{"rendered":"<p>Ce pendentif exquis pr\u00e9sente un motif de calebasse m\u00e9ticuleusement con\u00e7u en jade jad\u00e9ite de type A naturel, orn\u00e9 d&#039;accents en or 18 carats. Il p\u00e8se 1,17 gramme et a des dimensions de 14,5 * 9,4 * 3,5 mm, ce qui en fait un superbe bijou.<\/p>\n<p><\/p>\n<p>Num\u00e9ros de certificat : GD2112H013348<\/p>\n<p>Or 18 carats : 0,39 gramme<\/p>\n<p><img fetchpriority=\"high\" decoding=\"async\" src=\"https:\/\/shop.yipinqian.com\/wp-content\/uploads\/2024\/11\/95ba585aa1f843f290a4259360970899tplv-aphluv4xwc-origin-jpeg.jpeg?dr=15568&#038;nonce=98888&#038;refresh_token=86cfcedb4575e4907014c4f863f8e281&#038;from=476444299&#038;idc=my2&#038;ps=933b5bde&#038;shcp=9b759fb9&#038;shp=1c65f68b&#038;t=555f072d\" width=\"1536\" height=\"2048\"><\/p>\n<ul>\n<li>\n<strong>Avec certificat :<\/strong> Oui<\/li>\n<li>\n<strong>Mat\u00e9riau de r\u00e9glage :<\/strong> Or PT\/Carat<\/li>\n<li>\n<strong>R\u00e9gion d&#039;origine :<\/strong> Birmanie<\/li>\n<li><strong>Occasion : propice<\/strong><\/li>\n<li><strong>Type de garantie : Non<\/strong><\/li>\n<\/ul>\n<p><img decoding=\"async\" src=\"https:\/\/shop.yipinqian.com\/wp-content\/uploads\/2024\/11\/d66b5b53c9e54c2da8359765c0a0b5f1tplv-aphluv4xwc-origin-jpeg.jpeg?dr=15568&#038;nonce=81523&#038;refresh_token=05d255455786a399c989f930d70ad13a&#038;from=476444299&#038;idc=my2&#038;ps=933b5bde&#038;shcp=9b759fb9&#038;shp=1c65f68b&#038;t=555f072d\" width=\"1080\" height=\"1080\"><\/p>\n<p><strong>Ce pendentif unisexe est parfait pour une tenue d\u00e9contract\u00e9e et ajoutera certainement une touche d&#039;\u00e9l\u00e9gance \u00e0 n&#039;importe quelle tenue.<\/strong><\/p>\n<p><\/p>\n<p><strong>La jad\u00e9ite naturelle n&#039;est pas parfaite, juste un petit rappel : notre jad\u00e9ite naturelle, comme toutes les belles choses de la nature, poss\u00e8de ses caract\u00e9ristiques et ses variations uniques. Nous invitons nos pr\u00e9cieux clients \u00e0 adopter ces variations naturelles. Bon shopping !<\/strong><\/p>\n<p><\/p>\n<p><strong><u>Aucune des photos et des s\u00e9quences vid\u00e9o n&#039;a \u00e9t\u00e9 filtr\u00e9e. Nous encourageons nos clients \u00e0 regarder \u00e9galement les vid\u00e9os d&#039;accompagnement pour une vue plus compl\u00e8te de nos produits<\/u><\/strong><\/p>\n<p><\/p>\n<ul>\n<li>Diff\u00e9rentes plates-formes ne peuvent visionner des vid\u00e9os que via le bureau<\/li>\n<\/ul>","protected":false},"excerpt":{"rendered":"<p>This exquisite pendant features a gourd design meticulously crafted on natural Type A Jadeite Jade, adorned with 18k gold accents. It weighs 1.17 grams and has dimensions of 14.5 * 9.4 * 3.5 mm, making it a stunning piece of jewelry. Certificate numbers: GD2112H013348 18k Gold: 0.39 grams With Certificate: Yes Setting Material: PT\/Carat Gold [&hellip;]<\/p>","protected":false},"featured_media":13941,"comment_status":"open","ping_status":"closed","template":"","meta":[],"product_brand":[],"product_cat":[194],"product_tag":[50,65,54,58,73,59,60,61],"class_list":{"0":"post-13863","1":"product","2":"type-product","3":"status-publish","4":"has-post-thumbnail","6":"product_cat-value-picks","7":"product_tag-18k-gold","8":"product_tag-high-quality","9":"product_tag-icy","10":"product_tag-new-arrivals","11":"product_tag-pendant","12":"product_tag-translucent","13":"product_tag-type-a-jadeite","14":"product_tag-unisex","16":"first","17":"instock","18":"sale","19":"shipping-taxable","20":"purchasable","21":"product-type-simple"},"_links":{"self":[{"href":"https:\/\/shop.yipinqian.com\/fr\/wp-json\/wp\/v2\/product\/13863","targetHints":{"allow":["GET"]}}],"collection":[{"href":"https:\/\/shop.yipinqian.com\/fr\/wp-json\/wp\/v2\/product"}],"about":[{"href":"https:\/\/shop.yipinqian.com\/fr\/wp-json\/wp\/v2\/types\/product"}],"replies":[{"embeddable":true,"href":"https:\/\/shop.yipinqian.com\/fr\/wp-json\/wp\/v2\/comments?post=13863"}],"version-history":[{"count":0,"href":"https:\/\/shop.yipinqian.com\/fr\/wp-json\/wp\/v2\/product\/13863\/revisions"}],"wp:featuredmedia":[{"embeddable":true,"href":"https:\/\/shop.yipinqian.com\/fr\/wp-json\/wp\/v2\/media\/13941"}],"wp:attachment":[{"href":"https:\/\/shop.yipinqian.com\/fr\/wp-json\/wp\/v2\/media?parent=13863"}],"wp:term":[{"taxonomy":"product_brand","embeddable":true,"href":"https:\/\/shop.yipinqian.com\/fr\/wp-json\/wp\/v2\/product_brand?post=13863"},{"taxonomy":"product_cat","embeddable":true,"href":"https:\/\/shop.yipinqian.com\/fr\/wp-json\/wp\/v2\/product_cat?post=13863"},{"taxonomy":"product_tag","embeddable":true,"href":"https:\/\/shop.yipinqian.com\/fr\/wp-json\/wp\/v2\/product_tag?post=13863"}],"curies":[{"name":"wp","href":"https:\/\/api.w.org\/{rel}","templated":true}]}}