{"id":13862,"date":"2024-11-26T21:06:28","date_gmt":"2024-11-26T13:06:28","guid":{"rendered":"https:\/\/shop.yipinqian.com\/crafted-as-crab-claws-pendant-on-premium-fine-quality-natural-type-a-jadeite-jade-certificate-weighs-14-16-grams-measurement-49-2-19-5-10-8-mm-pendant355\/"},"modified":"2025-02-24T01:34:16","modified_gmt":"2025-02-23T17:34:16","slug":"crafted-as-crab-claws-pendant-on-premium-fine-quality-natural-type-a-jadeite-jade-certificate-weighs-14-16-grams-measurement-49-2-19-5-10-8-mm-pendant355","status":"publish","type":"product","link":"https:\/\/shop.yipinqian.com\/fr\/produit\/crafted-as-crab-claws-pendant-on-premium-fine-quality-natural-type-a-jadeite-jade-certificate-weighs-14-16-grams-measurement-49-2-19-5-10-8-mm-pendant355\/","title":{"rendered":"Fabriqu\u00e9 en pendentif en forme de pinces de crabe sur un certificat de jade jad\u00e9ite naturel de type A de qualit\u00e9 sup\u00e9rieure pesant 14,16 grammes, mesurant 49,2 * 19,5 * 10,8 mm (pendentif355)"},"content":{"rendered":"<p>Ce superbe pendentif en forme de pinces de crabe est m\u00e9ticuleusement fabriqu\u00e9 \u00e0 partir de jade jad\u00e9ite de type A naturel de premi\u00e8re qualit\u00e9, originaire du Myanmar. Le pendentif p\u00e8se 14,16 grammes et mesure 49,2 * 19,5 * 10,8 mm, ce qui en fait une pi\u00e8ce unique et \u00e9l\u00e9gante.<\/p>\n<p><\/p>\n<p>Num\u00e9ros de certificat : GD2111H014911<\/p>\n<p>Taille de perle correspondante : 6,3 * 5,2 * 4,1 mm <\/p>\n<p><\/p>\n<ul>\n<li>\n<strong>Avec certificat :<\/strong> Oui<\/li>\n<li>\n<strong>R\u00e9gion d&#039;origine :<\/strong> Birmanie<\/li>\n<li>\n<strong>Occasion:<\/strong>Propice<\/li>\n<li>\n<strong>Type de garantie :<\/strong>Aucune garantie<\/li>\n<li>Genre : Unisexe Le type de jade : Collier en jad\u00e9ite Style : \u00c9l\u00e9gant<\/li>\n<\/ul>\n<p>Ce superbe pendentif est un symbole de sophistication et de style, parfait pour toutes les occasions avec ses vibrations propices.<\/p>\n<ul>\n<li>Une pi\u00e8ce parfaite pour les hommes et les femmes. Son design \u00e9l\u00e9gant en fait un accessoire id\u00e9al pour rehausser n&#039;importe quelle tenue ou pour \u00eatre port\u00e9 seul comme une pi\u00e8ce de d\u00e9claration.<\/li>\n<\/ul>\n<p>Yi Pin Qian \u2013 N\u00e9gociant en pierres pr\u00e9cieuses et m\u00e9taux pr\u00e9cieux \u00e0 Singapour \u2013 Num\u00e9ro de licence PS20190000031<\/p>\n<p><\/p>\n<p>*Toutes les jad\u00e9ites achet\u00e9es chez Yi Pin Qian \u00e0 Singapour, les clients peuvent r\u00e9server des cr\u00e9neaux pour le polissage ou une r\u00e9paration mineure en cas de mauvaise manipulation - des frais s&#039;appliquent et uniquement pour les clients de Yi Pin Qian \u00e0 Singapour*<\/p>\n<p><\/p>\n<p><strong>**Types de certificats**<\/strong><\/p>\n<p><\/p>\n<p><strong>NGI (Nan Yang Gemmologie)<\/strong><\/p>\n<p>ou <strong>Certificats \u00e9trangers <\/strong>(Yi Pin Qian utilise uniquement des certificats authentiques provenant de laboratoires \u00e9trangers et contr\u00f4le \u00e9galement la qualit\u00e9 de chacun de nos produits avant de les mettre en vente \u00e0 Singapour)<\/p>\n<p><\/p>\n<p>Chaque produit sur TikTok aura le type de certificat fourni indiqu\u00e9 dans la description. Pour tout client souhaitant envoyer sa commande \u00e0 NGI Singapore, il y aura un d\u00e9lai d&#039;attente pour la livraison de la commande estim\u00e9 \u00e0 environ 4 semaines pour recevoir votre commande. <strong>Les demandes de rapport NGI Gemstone doivent \u00eatre effectu\u00e9es en nous envoyant un message.<\/strong> Merci, <strong><u>des frais suppl\u00e9mentaires s&#039;appliquent<\/u><\/strong>.<\/p>\n<p><\/p>\n<p><strong>La jad\u00e9ite naturelle n&#039;est pas parfaite, juste un petit rappel : notre jad\u00e9ite naturelle, comme toutes les belles choses de la nature, poss\u00e8de ses caract\u00e9ristiques et ses variations uniques. Nous invitons nos pr\u00e9cieux clients \u00e0 adopter ces variations naturelles. Bon shopping !<\/strong><\/p>\n<p><\/p>\n<p><strong><u>Aucune des photos et des s\u00e9quences vid\u00e9o n&#039;a \u00e9t\u00e9 filtr\u00e9e. Nous encourageons nos clients \u00e0 regarder \u00e9galement les vid\u00e9os d&#039;accompagnement pour une vue plus compl\u00e8te de nos produits<\/u><\/strong><\/p>\n<p><\/p>\n<ul>\n<li>Diff\u00e9rentes plates-formes ne peuvent visionner des vid\u00e9os que via le bureau<\/li>\n<\/ul>","protected":false},"excerpt":{"rendered":"<p>This exquisite Crab Claws Pendant is meticulously crafted from premium fine quality natural Type A Jadeite Jade, originating from Myanmar. The pendant weighs 14.16 grams and measures 49.2 * 19.5 * 10.8 mm, making it a unique and elegant piece. Certificate numbers: GD2111H014911 Matching Bead Size: 6.3 * 5.2 * 4.1 mm With Certificate: Yes [&hellip;]<\/p>","protected":false},"featured_media":13928,"comment_status":"open","ping_status":"closed","template":"","meta":[],"product_brand":[],"product_cat":[196],"product_tag":[52,53,54,55,56,58,73,59,60,61,62],"class_list":{"0":"post-13862","1":"product","2":"type-product","3":"status-publish","4":"has-post-thumbnail","6":"product_cat-vault-collection","7":"product_tag-certified","8":"product_tag-fine-quality","9":"product_tag-icy","10":"product_tag-jadeite","11":"product_tag-limited-editions","12":"product_tag-new-arrivals","13":"product_tag-pendant","14":"product_tag-translucent","15":"product_tag-type-a-jadeite","16":"product_tag-unisex","17":"product_tag-yi-pin-qian-exclusive","19":"first","20":"instock","21":"sale","22":"shipping-taxable","23":"purchasable","24":"product-type-simple"},"_links":{"self":[{"href":"https:\/\/shop.yipinqian.com\/fr\/wp-json\/wp\/v2\/product\/13862","targetHints":{"allow":["GET"]}}],"collection":[{"href":"https:\/\/shop.yipinqian.com\/fr\/wp-json\/wp\/v2\/product"}],"about":[{"href":"https:\/\/shop.yipinqian.com\/fr\/wp-json\/wp\/v2\/types\/product"}],"replies":[{"embeddable":true,"href":"https:\/\/shop.yipinqian.com\/fr\/wp-json\/wp\/v2\/comments?post=13862"}],"version-history":[{"count":0,"href":"https:\/\/shop.yipinqian.com\/fr\/wp-json\/wp\/v2\/product\/13862\/revisions"}],"wp:featuredmedia":[{"embeddable":true,"href":"https:\/\/shop.yipinqian.com\/fr\/wp-json\/wp\/v2\/media\/13928"}],"wp:attachment":[{"href":"https:\/\/shop.yipinqian.com\/fr\/wp-json\/wp\/v2\/media?parent=13862"}],"wp:term":[{"taxonomy":"product_brand","embeddable":true,"href":"https:\/\/shop.yipinqian.com\/fr\/wp-json\/wp\/v2\/product_brand?post=13862"},{"taxonomy":"product_cat","embeddable":true,"href":"https:\/\/shop.yipinqian.com\/fr\/wp-json\/wp\/v2\/product_cat?post=13862"},{"taxonomy":"product_tag","embeddable":true,"href":"https:\/\/shop.yipinqian.com\/fr\/wp-json\/wp\/v2\/product_tag?post=13862"}],"curies":[{"name":"wp","href":"https:\/\/api.w.org\/{rel}","templated":true}]}}